{"id":3410,"date":"2024-11-03T03:16:05","date_gmt":"2024-11-03T03:16:05","guid":{"rendered":"https:\/\/nfc-readers.com\/?post_type=product&#038;p=3410"},"modified":"2024-11-04T03:17:59","modified_gmt":"2024-11-04T03:17:59","slug":"custom-logo-waterproof-polyester-woven-rfid-nfc-wristbands","status":"publish","type":"product","link":"https:\/\/nfc-readers.com\/tr\/ic-reader\/custom-logo-waterproof-polyester-woven-rfid-nfc-wristbands\/","title":{"rendered":"\u00d6zel logo Su ge\u00e7irmez polyester dokuma RFID NFC bileklikler"},"content":{"rendered":"<h1 style=\"text-align: center;\"><strong>\u00d6zel logo Su ge\u00e7irmez polyester dokuma RFID NFC bileklikler<\/strong><\/h1>\n<p>&nbsp;<\/p>\n<p>Rahatl\u0131\u011fa ve ba\u011flant\u0131ya giderek daha fazla de\u011fer verilen bir d\u00fcnyada, <strong>\u00d6zel Logo Su Ge\u00e7irmez Polyester Dokuma RFID NFC Bileklikler<\/strong>\u00a0i\u015fletmeler ve etkinlik organizat\u00f6rleri i\u00e7in \u00fcst\u00fcn bir se\u00e7im olarak \u00f6ne \u00e7\u0131k\u0131yor. Bu yenilik\u00e7i bileklikler en son teknolojiyi bir araya getiriyor\u00a0<strong>RFID teknolojisi<\/strong>\u00a0\u015f\u0131k tasar\u0131m ve sa\u011flam malzemelerle, festivallerden ve su parklar\u0131ndan kurumsal etkinliklere ve nakitsiz \u00f6deme \u00e7\u00f6z\u00fcmlerine kadar \u00e7e\u015fitli uygulamalar i\u00e7in idealdir.\u00a0<strong>su ge\u00e7irmez<\/strong>\u00a0\u00d6zellikleri ve \u00f6zelle\u015ftirilebilirli\u011fi ile bu bileklikler yaln\u0131zca marka g\u00f6r\u00fcn\u00fcrl\u00fc\u011f\u00fcn\u00fc art\u0131rmakla kalm\u0131yor, ayn\u0131 zamanda kullan\u0131c\u0131 deneyimini de geli\u015ftirerek yat\u0131r\u0131m\u0131n\u0131zdan en iyi de\u011feri elde etmenizi sa\u011fl\u0131yor.<\/p>\n<p>&nbsp;<\/p>\n<h2>Neden \u00d6zel Dokuma RFID NFC Bileklikleri Se\u00e7melisiniz?<\/h2>\n<p>Etkinlik organizat\u00f6rleri olarak, kusursuz eri\u015fim kontrol\u00fcn\u00fcn, etkili markala\u015fman\u0131n ve misafir deneyimini en \u00fcst d\u00fczeye \u00e7\u0131karman\u0131n \u00f6nemini anl\u0131yorsunuz. Bu bileklikler t\u00fcm bunlar\u0131 ve daha fazlas\u0131n\u0131 sa\u011flar.\u00a0<strong>RFID teknolojisi<\/strong>\u00a0frekans\u0131nda \u00e7al\u0131\u015fmak\u00a0<strong>13.56MHz<\/strong>, operasyonlar\u0131 kolayla\u015ft\u0131r\u0131r, bekleme s\u00fcrelerini azalt\u0131r ve her boyuttaki etkinlik i\u00e7in g\u00fcvenli\u011fi art\u0131r\u0131r. Ayr\u0131ca, geli\u015fmi\u015f\u00a0<strong>CMYK bask\u0131<\/strong>, bu bileklikler ayn\u0131 zamanda bir promosyon arac\u0131 olarak da kullan\u0131l\u0131yor. Sadece i\u015flevsel de\u011fil ayn\u0131 zamanda \u015f\u0131klar ve kat\u0131l\u0131mc\u0131lar aras\u0131nda ilgi g\u00f6r\u00fcyorlar!<\/p>\n<p>&nbsp;<\/p>\n<h2>RFID NFC Bilekliklerinin \u00d6zellikleri<\/h2>\n<h3>Geli\u015fmi\u015f Eri\u015fim Kontrol \u00c7\u00f6z\u00fcmleri<\/h3>\n<p>RFID NFC bileklikleri g\u00fc\u00e7l\u00fc bir ara\u00e7 olarak hizmet eder\u00a0<strong>eri\u015fim kontrol\u00fc<\/strong>, etkinlik organizat\u00f6rlerinin VIP alanlar\u0131 ve \u00f6zel eri\u015fimi kolayl\u0131kla sa\u011flamalar\u0131na olanak tan\u0131r.\u00a0<strong>MIFARE Klasik 1K \u00e7ip<\/strong>Bu bileklikler \u00f6nemli bilgileri saklayabilir ve g\u00fcvenli bir \u015fekilde iletebilir\u00a0<strong>NFC ileti\u015fim aray\u00fcz\u00fc<\/strong>Sonu\u00e7 olarak, konuklar i\u00e7in alan ay\u0131rmas\u0131 veya etkinlikler s\u0131ras\u0131nda kademeli eri\u015fim sa\u011flamas\u0131 gereken mekanlar i\u00e7in m\u00fckemmeldirler.<\/p>\n<h3>Nakitsiz \u00d6deme \u0130\u015flevi<\/h3>\n<p>Uzun kuyruklara ve gereksiz nakit i\u015flemlerine elveda deyin\u00a0<strong>nakitsiz \u00f6deme<\/strong>\u00a0sistemler. RFID bilekliklerimiz sorunsuz i\u015flemlere olanak tan\u0131r ve kullan\u0131c\u0131lar\u0131n stantlarda, barlarda ve cazibe merkezlerinde h\u0131zl\u0131 ve kolay bir \u015fekilde \u00f6deme yapmalar\u0131n\u0131 sa\u011flar. Bu yaln\u0131zca\u00a0<strong>konuk deneyimi<\/strong>\u00a0Ancak bekleme s\u00fcrelerini \u00f6nemli \u00f6l\u00e7\u00fcde azalt\u0131r ve kat\u0131l\u0131mc\u0131lar\u0131n nakit endi\u015fesi yerine etkinli\u011fin tad\u0131n\u0131 \u00e7\u0131karmaya odaklanmalar\u0131n\u0131 sa\u011flar.<\/p>\n<h2>Malzemeler ve Dayan\u0131kl\u0131l\u0131k<\/h2>\n<h3>Her Ortam \u0130\u00e7in Sa\u011flam Tasar\u0131m<\/h3>\n<p>Benzersiz bir kar\u0131\u015f\u0131mdan in\u015fa edilmi\u015ftir\u00a0<strong>dokuma polyester<\/strong>\u00a0Ve\u00a0<strong>PVC<\/strong>Bu bileklikler etkileyici bir dayan\u0131kl\u0131l\u0131\u011fa sahiptir ve\u00a0<strong>su ge\u00e7irmez<\/strong>\u00a0yetenekleri. \u0130ster bir festivalde g\u00fcne\u015fli bir g\u00fcn olsun, ister bir su park\u0131nda s\u0131\u00e7rayarak ge\u00e7irilen bir g\u00fcn olsun, bu bileklikler hava ko\u015fullar\u0131na dayanacak \u015fekilde tasarlanm\u0131\u015ft\u0131r. Hava ko\u015fullar\u0131na dayan\u0131kl\u0131 \u00f6zellikleri, ya\u011fmura veya suya maruz kald\u0131klar\u0131nda bozulmayacaklar\u0131n\u0131 garanti eder, b\u00f6ylece kullan\u0131labilirlik ve g\u00fcvenilirliklerini korurlar.\u00a0<strong>RFID teknolojisi<\/strong>\u00a0i\u00e7ine yerle\u015ftirilmi\u015f.<\/p>\n<h3>S\u0131cakl\u0131k Dayan\u0131kl\u0131l\u0131\u011f\u0131<\/h3>\n<p>The\u00a0<strong>\u00e7al\u0131\u015fma s\u0131cakl\u0131\u011f\u0131<\/strong>\u00a0Bilekliklerimizin \u00e7e\u015fitleri aras\u0131nda \u015funlar yer almaktad\u0131r:\u00a0<strong>-20\u00b0C ile +80\u00b0C aras\u0131<\/strong>, hem s\u0131cak yaz etkinliklerinde hem de so\u011fuk d\u0131\u015f mekan toplant\u0131lar\u0131nda i\u015flevselli\u011fini garanti eder. Bu s\u0131cakl\u0131k dayan\u0131kl\u0131l\u0131\u011f\u0131, performans\u0131n\u0131 korur\u00a0<strong>RFID \u00e7ipi<\/strong>\u00a0ve b\u00fct\u00fcnl\u00fc\u011f\u00fcn\u00fc korumaya yard\u0131mc\u0131 olur, b\u00f6ylece bilekli\u011finizin her ko\u015fulda etkili bir \u015fekilde \u00e7al\u0131\u015faca\u011f\u0131ndan emin olabilirsiniz.<\/p>\n<p>&nbsp;<\/p>\n<h2>Teknik \u00d6zellikler<\/h2>\n<table class=\"w-fit !mb-0 !max-w-none\" style=\"height: 303px;\" width=\"424\">\n<thead>\n<tr>\n<th><strong>\u015eartname<\/strong><\/th>\n<th><strong>Detaylar<\/strong><\/th>\n<\/tr>\n<\/thead>\n<tbody>\n<tr>\n<td><strong>Model numaras\u0131<\/strong><\/td>\n<td>SX-Kuzeybat\u0131<\/td>\n<\/tr>\n<tr>\n<td><strong>\u00c7ip T\u00fcr\u00fc<\/strong><\/td>\n<td>MIFARE Klasik 1K<\/td>\n<\/tr>\n<tr>\n<td><strong>S\u0131kl\u0131k<\/strong><\/td>\n<td>13,56 MHz<\/td>\n<\/tr>\n<tr>\n<td><strong>Okuma Aral\u0131\u011f\u0131<\/strong><\/td>\n<td>2-5cm<\/td>\n<\/tr>\n<tr>\n<td><strong>Malzeme<\/strong><\/td>\n<td>Dokuma + PVC<\/td>\n<\/tr>\n<tr>\n<td><strong>Boyut Se\u00e7enekleri<\/strong><\/td>\n<td>30<em>26mm, 40<\/em>25mm veya \u00d6zel<\/td>\n<\/tr>\n<tr>\n<td><strong>Bask\u0131 T\u00fcr\u00fc<\/strong><\/td>\n<td>CMYK 4C Bask\u0131, Serigrafi<\/td>\n<\/tr>\n<tr>\n<td><strong>Y\u00fczey<\/strong><\/td>\n<td>Parlak, Mat, Mat<\/td>\n<\/tr>\n<tr>\n<td><strong>S\u0131cakl\u0131k Aral\u0131\u011f\u0131<\/strong><\/td>\n<td>-20\u00b0C ile +80\u00b0C aras\u0131<\/td>\n<\/tr>\n<tr>\n<td><strong>Protokol<\/strong><\/td>\n<td>ISO 14443A<\/td>\n<\/tr>\n<\/tbody>\n<\/table>\n<h2><\/h2>\n<h2>S\u0131k\u00e7a Sorulan Sorular (SSS)<\/h2>\n<h3>1. RFID bileklikler nedir?<\/h3>\n<p><strong>RFID bileklikler<\/strong>\u00a0Radyo Frekans\u0131 Tan\u0131mlama (RFID) teknolojisi ile donat\u0131lm\u0131\u015f giyilebilir bantlard\u0131r. NFC (Yak\u0131n Alan \u0130leti\u015fimi) kullan\u0131larak kablosuz olarak iletilebilen verileri depolarlar ve etkinliklerde etkin eri\u015fim kontrol\u00fc, nakitsiz i\u015flemler ve veri toplama olana\u011f\u0131 sa\u011flarlar.<\/p>\n<h3>2. RFID bileklikler nas\u0131l \u00e7al\u0131\u015f\u0131r?<\/h3>\n<p>RFID bileklikler, radyo dalgalar\u0131 arac\u0131l\u0131\u011f\u0131yla okuyucuyla ileti\u015fim kuran k\u00fc\u00e7\u00fck bir RFID \u00e7ipi i\u00e7erir. Bir RFID okuyucu taraf\u0131ndan tarand\u0131\u011f\u0131nda, bileklik depolanan bilgileri iletir, fiziksel temasa gerek kalmadan eri\u015fim veya i\u015flem sa\u011flar.<\/p>\n<h3>3. Bu bileklikler su ge\u00e7irmez mi?<\/h3>\n<p>Evet! Bizim\u00a0<strong>\u00f6zel dokuma RFID bileklikler<\/strong>\u00a0tasarlanm\u0131\u015ft\u0131r\u00a0<strong>su ge\u00e7irmez<\/strong>, su parklar\u0131 ve a\u00e7\u0131k hava festivalleri gibi \u00e7e\u015fitli etkinlikler i\u00e7in uygun hale getirir. Dayan\u0131kl\u0131 malzemeleri, suya maruz kald\u0131klar\u0131nda bile i\u015flevselli\u011fini korumas\u0131n\u0131 sa\u011flar.<\/p>\n<h3>4. Bileklikler ki\u015fiselle\u015ftirilebilir mi?<\/h3>\n<p>Kesinlikle! RFID bilekliklerimiz marka ihtiya\u00e7lar\u0131n\u0131za uyacak \u015fekilde tamamen \u00f6zelle\u015ftirilebilir. Farkl\u0131 boyutlar, renkler ve bask\u0131 teknikleri se\u00e7ebilirsiniz, \u00f6rne\u011fin:\u00a0<strong>CMYK renkli bask\u0131<\/strong>,\u00a0<strong>UV nokta bask\u0131<\/strong>ve metalik y\u00fczeyler gibi\u00a0<strong>g\u00fcm\u00fc\u015f veya alt\u0131n folyo<\/strong>.<\/p>\n<h3>5. Bileklikler ne kadar dayan\u0131kl\u0131d\u0131r?<\/h3>\n<p>Bir kombinasyondan yap\u0131lm\u0131\u015ft\u0131r\u00a0<strong>dokuma polyester<\/strong>\u00a0Ve\u00a0<strong>PVC<\/strong>Bilekliklerimiz sa\u011flamd\u0131r ve s\u0131cakl\u0131k aral\u0131klar\u0131 da dahil olmak \u00fczere \u00e7e\u015fitli \u00e7evre ko\u015fullar\u0131na dayanacak \u015fekilde tasarlanm\u0131\u015ft\u0131r.\u00a0<strong>-20\u00b0C ile +80\u00b0C aras\u0131<\/strong>Ayr\u0131ca, etkinlikler s\u0131ras\u0131nda g\u00fcvenli kalmalar\u0131n\u0131 sa\u011flamak i\u00e7in kurcalamaya kar\u015f\u0131 dayan\u0131kl\u0131d\u0131rlar.<\/p>","protected":false},"excerpt":{"rendered":"<p>\u00d6zel logo su ge\u00e7irmez polyester dokuma RFID NFC bileklikler, dayan\u0131kl\u0131l\u0131\u011f\u0131 \u015f\u0131k markalamayla bir araya getirerek etkinlikler ve g\u00fcvenli eri\u015fim kontrol\u00fc i\u00e7in idealdir. Nakitsiz i\u015flemler i\u00e7in m\u00fckemmeldir, markan\u0131z\u0131 tan\u0131t\u0131rken kullan\u0131c\u0131 deneyimini geli\u015ftirir.<\/p>","protected":false},"featured_media":3411,"template":"","meta":[],"product_brand":[],"product_cat":[50],"product_tag":[],"class_list":{"0":"post-3410","1":"product","2":"type-product","3":"status-publish","4":"has-post-thumbnail","6":"product_cat-silicone-rfid-nfc-wristbands","8":"first","9":"instock","10":"shipping-taxable","11":"product-type-simple"},"_links":{"self":[{"href":"https:\/\/nfc-readers.com\/tr\/wp-json\/wp\/v2\/product\/3410","targetHints":{"allow":["GET"]}}],"collection":[{"href":"https:\/\/nfc-readers.com\/tr\/wp-json\/wp\/v2\/product"}],"about":[{"href":"https:\/\/nfc-readers.com\/tr\/wp-json\/wp\/v2\/types\/product"}],"wp:featuredmedia":[{"embeddable":true,"href":"https:\/\/nfc-readers.com\/tr\/wp-json\/wp\/v2\/media\/3411"}],"wp:attachment":[{"href":"https:\/\/nfc-readers.com\/tr\/wp-json\/wp\/v2\/media?parent=3410"}],"wp:term":[{"taxonomy":"product_brand","embeddable":true,"href":"https:\/\/nfc-readers.com\/tr\/wp-json\/wp\/v2\/product_brand?post=3410"},{"taxonomy":"product_cat","embeddable":true,"href":"https:\/\/nfc-readers.com\/tr\/wp-json\/wp\/v2\/product_cat?post=3410"},{"taxonomy":"product_tag","embeddable":true,"href":"https:\/\/nfc-readers.com\/tr\/wp-json\/wp\/v2\/product_tag?post=3410"}],"curies":[{"name":"wp","href":"https:\/\/api.w.org\/{rel}","templated":true}]}}