{"id":3417,"date":"2024-11-03T03:26:02","date_gmt":"2024-11-03T03:26:02","guid":{"rendered":"https:\/\/nfc-readers.com\/?post_type=product&#038;p=3417"},"modified":"2024-11-03T03:26:03","modified_gmt":"2024-11-03T03:26:03","slug":"fabric-wrist-band-13-56mhz-nfc-bracelet-dispose-wristbands","status":"publish","type":"product","link":"https:\/\/nfc-readers.com\/tr\/ic-reader\/fabric-wrist-band-13-56mhz-nfc-bracelet-dispose-wristbands\/","title":{"rendered":"Kuma\u015f Bileklik 13.56mhz NFC Bileklik At\u0131labilir Bileklikler"},"content":{"rendered":"<h1 style=\"text-align: center;\"><strong>Kuma\u015f Bileklik 13.56mhz NFC Bileklik At\u0131labilir Bileklikler<\/strong><\/h1>\n<p>&nbsp;<\/p>\n<p>G\u00fcn\u00fcm\u00fcz\u00fcn h\u0131zl\u0131 d\u00fcnyas\u0131nda, \u00f6zellikle etkili eri\u015fim kontrol\u00fcn\u00fcn hayati \u00f6nem ta\u015f\u0131d\u0131\u011f\u0131 etkinliklerde, festivallerde ve mekanlarda kusursuz y\u00f6netim ve geli\u015fmi\u015f kullan\u0131c\u0131 deneyimine duyulan ihtiya\u00e7 \u00e7ok \u00f6nemlidir. <strong>Kuma\u015f Bileklik 13.56MHz NFC Bileklik At\u0131labilir Bileklikler<\/strong>\u00a0benzersiz bir i\u015flevsellik ve estetik kar\u0131\u015f\u0131m\u0131 sunarak, operasyonlar\u0131n\u0131z\u0131n sorunsuz bir \u015fekilde y\u00fcr\u00fct\u00fclmesini sa\u011flarken misafirlerinize unutulmaz bir deneyim sunar. \u015eu gibi \u00f6zelliklerle:\u00a0<strong>tek kullan\u0131ml\u0131k<\/strong>,\u00a0<strong>renkli tasar\u0131mlar<\/strong>ve geli\u015fmi\u015f\u00a0<strong>NFC<\/strong>\u00a0Teknolojinin geli\u015fmesiyle birlikte bu bileklikler her t\u00fcrl\u00fc etkinlik organizat\u00f6r\u00fc i\u00e7in oyunun kurallar\u0131n\u0131 de\u011fi\u015ftiriyor.<\/p>\n<p>&nbsp;<\/p>\n<h2>Neden Kuma\u015f Bileklik NFC Bilekliklerini Se\u00e7melisiniz?<\/h2>\n<p>RFID ve NFC \u00fcr\u00fcnlerinin yelpazesinde gezinmeye gelince, Kuma\u015f Bileklik 13.56 MHz NFC Bileklik At\u0131labilir Bileklikler yenilik\u00e7i tasar\u0131m\u0131 ve sa\u011flam yetenekleri nedeniyle \u00f6ne \u00e7\u0131k\u0131yor.<\/p>\n<h3>\u00dcr\u00fcn\u00fcn \u00d6ne \u00c7\u0131kan \u00d6zellikleri:<\/h3>\n<ul>\n<li><strong>Kolayca \u00f6zelle\u015ftirilebilir<\/strong>\u00a0logo bask\u0131, barkod ve QR kod se\u00e7enekleriyle.<\/li>\n<li><strong>H\u0131zl\u0131 eri\u015fim kontrol\u00fc<\/strong>\u00a0ve misafir deneyimini ve g\u00fcvenli\u011fini art\u0131ran ak\u0131c\u0131 operasyonlar.<\/li>\n<li><strong>Dayan\u0131kl\u0131 ancak rahat kuma\u015f<\/strong>\u00a0M\u00fczik festivallerinde, su parklar\u0131nda veya \u015firket etkinliklerinde t\u00fcm g\u00fcn giyebilece\u011finiz m\u00fckemmel bir par\u00e7ad\u0131r.<\/li>\n<\/ul>\n<p>Bu bileklikler, bir\u00a0<strong>nakitsiz \u00f6deme<\/strong>\u00a0Etkinlik organizat\u00f6rlerinin eri\u015fim kontrol\u00fcn\u00fc etkin bir \u015fekilde y\u00f6netmek i\u00e7in g\u00fcvenilir ara\u00e7lara sahip olduklar\u0131n\u0131 bilerek g\u00f6n\u00fcl rahatl\u0131\u011f\u0131 i\u00e7inde olmalar\u0131n\u0131 sa\u011flarken \u00e7\u00f6z\u00fcm sunuyoruz.<\/p>\n<p>&nbsp;<\/p>\n<h2>Kuma\u015f NFC Bilekliklerinin \u00d6zel \u00d6zellikleri<\/h2>\n<p>D\u00fc\u015f\u00fcn\u00fcrken\u00a0<strong>etkinlikler i\u00e7in rfid bileklikler<\/strong>,\u00a0<em>Kuma\u015f Bileklik 13.56MHz NFC Bileklik<\/em>\u00a0verimlili\u011fi art\u0131rmak ve misafir deneyimlerini geli\u015ftirmek i\u00e7in tasarlanm\u0131\u015f \u00e7ok say\u0131da \u00f6zel \u00f6zellik sunar.<\/p>\n<h3>Renkli, Tek Kullan\u0131ml\u0131k Tasar\u0131m<\/h3>\n<p>Bu bileklikler, yaln\u0131zca i\u015flevsel bir amaca hizmet etmelerini de\u011fil, ayn\u0131 zamanda markan\u0131z\u0131n estetik gereksinimleriyle de uyumlu olmalar\u0131n\u0131 sa\u011flayan \u00e7e\u015fitli canl\u0131 renklerde gelir.\u00a0<strong>tek kullan\u0131ml\u0131k<\/strong>\u00a0Bu \u00f6zellik, her bileklik tek bir etkinlik i\u00e7in benzersiz bir \u015fekilde kodland\u0131\u011f\u0131ndan, yetkisiz eri\u015fim riskini en aza indirerek bir g\u00fcvenlik katman\u0131 ekler.<\/p>\n<h3>RFID ve NFC \u0130leti\u015fim Aray\u00fczleri<\/h3>\n<p>Son teknoloji ile tasarlanan bu bileklikler,\u00a0<strong>RFID<\/strong>\u00a0Ve\u00a0<strong>NFC<\/strong>\u00a0RFID okuyucularla h\u0131zl\u0131 ve g\u00fcvenilir etkile\u015fimler sa\u011flamak i\u00e7in ileti\u015fim aray\u00fczleri. Bu yetenek,\u00a0<strong>temass\u0131z \u00f6deme<\/strong>\u00a0ve eri\u015fim y\u00f6netimi, misafirler ve \u00e7al\u0131\u015fanlar i\u00e7in kabul s\u00fcrecini kolayla\u015ft\u0131r\u0131yor.<\/p>\n<p>&nbsp;<\/p>\n<h2>NFC Teknolojisi Hakk\u0131nda S\u0131k\u00e7a Sorulan Sorular<\/h2>\n<h3>NFC Teknolojisi Nedir?<\/h3>\n<p>NFC veya Yak\u0131n Alan \u0130leti\u015fimi, cihazlar\u0131n radyo dalgalar\u0131 arac\u0131l\u0131\u011f\u0131yla birbirleriyle ileti\u015fim kurmas\u0131n\u0131 sa\u011flar. Cihazlar\u0131 birbirine dokundurarak sorunsuz i\u015flemler ve bilgi payla\u015f\u0131m\u0131 sa\u011flar.<\/p>\n<h3>Bu bileklikler su ge\u00e7irmez mi?<\/h3>\n<p>NFC bilekliklerimiz su ge\u00e7irmez olacak \u015fekilde tasarlanm\u0131\u015ft\u0131r ve bu sayede su parklar\u0131ndaki etkinlikler veya a\u00e7\u0131k hava festivalleri i\u00e7in uygundur.<\/p>\n<h3>Bileklikleri ki\u015fiselle\u015ftirebilir miyim?<\/h3>\n<p>Evet, bileklik ve kart \u00fczerine logo bask\u0131s\u0131, barkod ve QR kodu bask\u0131s\u0131 gibi ki\u015fiselle\u015ftirme se\u00e7enekleri mevcuttur.<\/p>","protected":false},"excerpt":{"rendered":"<p>The\u00a0<strong>Kuma\u015f Bileklik 13.56MHz NFC Bileklik<\/strong>\u00a0Etkinlik y\u00f6netimi i\u00e7in \u015f\u0131k ve pratik bir \u00e7\u00f6z\u00fcmd\u00fcr, kusursuz eri\u015fim kontrol\u00fc ve nakitsiz \u00f6deme yetenekleri sunar. Tek seferlik kullan\u0131m i\u00e7in tasarlanan bu canl\u0131 bileklikler, herhangi bir etkinlikte g\u00fcvenlik ve verimlili\u011fi garanti alt\u0131na al\u0131rken misafir deneyimini de geli\u015ftirir.<\/p>","protected":false},"featured_media":3424,"template":"","meta":[],"product_brand":[],"product_cat":[50],"product_tag":[],"class_list":{"0":"post-3417","1":"product","2":"type-product","3":"status-publish","4":"has-post-thumbnail","6":"product_cat-silicone-rfid-nfc-wristbands","8":"first","9":"instock","10":"shipping-taxable","11":"product-type-simple"},"_links":{"self":[{"href":"https:\/\/nfc-readers.com\/tr\/wp-json\/wp\/v2\/product\/3417","targetHints":{"allow":["GET"]}}],"collection":[{"href":"https:\/\/nfc-readers.com\/tr\/wp-json\/wp\/v2\/product"}],"about":[{"href":"https:\/\/nfc-readers.com\/tr\/wp-json\/wp\/v2\/types\/product"}],"wp:featuredmedia":[{"embeddable":true,"href":"https:\/\/nfc-readers.com\/tr\/wp-json\/wp\/v2\/media\/3424"}],"wp:attachment":[{"href":"https:\/\/nfc-readers.com\/tr\/wp-json\/wp\/v2\/media?parent=3417"}],"wp:term":[{"taxonomy":"product_brand","embeddable":true,"href":"https:\/\/nfc-readers.com\/tr\/wp-json\/wp\/v2\/product_brand?post=3417"},{"taxonomy":"product_cat","embeddable":true,"href":"https:\/\/nfc-readers.com\/tr\/wp-json\/wp\/v2\/product_cat?post=3417"},{"taxonomy":"product_tag","embeddable":true,"href":"https:\/\/nfc-readers.com\/tr\/wp-json\/wp\/v2\/product_tag?post=3417"}],"curies":[{"name":"wp","href":"https:\/\/api.w.org\/{rel}","templated":true}]}}