{"id":3430,"date":"2024-11-03T03:39:41","date_gmt":"2024-11-03T03:39:41","guid":{"rendered":"https:\/\/nfc-readers.com\/?post_type=product&#038;p=3430"},"modified":"2024-11-03T03:39:42","modified_gmt":"2024-11-03T03:39:42","slug":"waterproof-passive-nfc-rfid-silicone-wristband","status":"publish","type":"product","link":"https:\/\/nfc-readers.com\/tr\/ic-reader\/waterproof-passive-nfc-rfid-silicone-wristband\/","title":{"rendered":"Su Ge\u00e7irmez Pasif NFC RFID Silikon Bileklik"},"content":{"rendered":"<h1 style=\"text-align: center;\"><strong>Su Ge\u00e7irmez Pasif NFC RFID Silikon Bileklik<\/strong><\/h1>\n<p>&nbsp;<\/p>\n<p>Teknolojinin ve pratikli\u011fin kusursuz bir \u015fekilde i\u00e7 i\u00e7e ge\u00e7ti\u011fi bir \u00e7a\u011fda, <strong>Su Ge\u00e7irmez Pasif NFC RFID Silikon Bileklik<\/strong>\u00a0ola\u011fan\u00fcst\u00fc bir aksesuar olarak \u00f6ne \u00e7\u0131k\u0131yor. Bu yenilik\u00e7i bileklik, kullan\u0131c\u0131lar\u0131n dinamik ihtiya\u00e7lar\u0131n\u0131 kar\u015f\u0131lamak, etkinlikler, eri\u015fim kontrol\u00fc ve nakitsiz i\u015flemler gibi \u00e7e\u015fitli uygulamalar i\u00e7in e\u015fsiz bir rahatl\u0131k ve g\u00fcvenlik sa\u011flamak \u00fczere tasarlanm\u0131\u015ft\u0131r. \u0130ster etkileyici bir festival d\u00fczenliyor olun, ister bir spor salonu i\u015fletiyor veya bir su park\u0131n\u0131 y\u00f6netiyor olun, bu bileklik i\u015flemleri kolayla\u015ft\u0131rmak ve kullan\u0131c\u0131 deneyimini geli\u015ftirmek i\u00e7in su ge\u00e7irmez bir \u00e7\u00f6z\u00fcm sunar.<\/p>\n<p>Peki Su Ge\u00e7irmez Pasif NFC RFID Silikon Bileklik&#039;e yat\u0131r\u0131m yapmaya de\u011fer k\u0131lan nedir? Asl\u0131nda, sadece su ge\u00e7irmezlik ve dayan\u0131kl\u0131l\u0131k gibi pratik avantajlar sunmakla kalmaz, ayn\u0131 zamanda markan\u0131z\u0131n \u00f6ne \u00e7\u0131kmas\u0131n\u0131 sa\u011flayan \u00f6zelle\u015ftirilebilir bir tasar\u0131ma da sahiptir. Nakitsiz \u00f6demeleri ve eri\u015fim kontrol\u00fcn\u00fc destekleme yetene\u011fiyle, etkinlik organizat\u00f6rleri ve i\u015fletmeler i\u00e7in etkili bir ara\u00e7t\u0131r. Bu ola\u011fan\u00fcst\u00fc \u00fcr\u00fcn\u00fcn \u00f6zelliklerine ve avantajlar\u0131na daha derinlemesine bakal\u0131m.<\/p>\n<p>&nbsp;<\/p>\n<h2>E\u015fsiz Dayan\u0131kl\u0131l\u0131k ve Su Ge\u00e7irmezlik \u00d6zellikleri<\/h2>\n<p>\u00d6ne \u00e7\u0131kan \u00f6zelliklerden biri\u00a0<strong>Su Ge\u00e7irmez Pasif NFC RFID Silikon Bileklik<\/strong>\u00a0ola\u011fan\u00fcst\u00fc dayan\u0131kl\u0131l\u0131\u011f\u0131d\u0131r. Y\u00fcksek kaliteli silikondan \u00fcretilen bu bileklik,\u00a0<strong>su ge\u00e7irmez<\/strong>,\u00a0<strong>hava ko\u015fullar\u0131na dayan\u0131kl\u0131<\/strong>, Ve\u00a0<strong>nem ge\u00e7irmez<\/strong>, \u00e7e\u015fitli ortamlar ve ko\u015fullar i\u00e7in uygun hale getirir. Ya\u011fmur veya g\u00fcne\u015f olsun, bu bileklik kolayca hasar g\u00f6rmez, b\u00f6ylece misafirlerinizin veya kat\u0131l\u0131mc\u0131lar\u0131n\u0131z\u0131n a\u015f\u0131nma ve y\u0131pranma konusunda endi\u015felenmeden deneyimlerinin tad\u0131n\u0131 \u00e7\u0131karmalar\u0131n\u0131 sa\u011flar.<\/p>\n<p>The\u00a0<strong>silikon<\/strong>\u00a0malzeme sadece uzun \u00f6m\u00fcrl\u00fc olmas\u0131n\u0131 sa\u011flamakla kalmaz, ayn\u0131 zamanda cilde kar\u015f\u0131 da rahatt\u0131r, bu da onu hem g\u00fcndelik giyim hem de festivaller veya spor etkinlikleri gibi aktif durumlar i\u00e7in m\u00fckemmel hale getirir. Bu dayan\u0131kl\u0131l\u0131k, bileklikleri s\u0131k s\u0131k de\u011fi\u015ftirmeniz gerekmeyece\u011fi anlam\u0131na gelir, bu da zamanla \u00f6nemli maliyet tasarruflar\u0131na d\u00f6n\u00fc\u015f\u00fcr.<\/p>\n<p>Ayr\u0131ca, silikonun \u00f6zellikleri onu sert hava ko\u015fullar\u0131na kar\u015f\u0131 dayan\u0131kl\u0131 hale getirir ve su parklar\u0131, spalar, spor salonlar\u0131 ve \u00e7e\u015fitli a\u00e7\u0131k hava etkinliklerine maruz kalmaya dayanmas\u0131n\u0131 sa\u011flar. Bu nedenle, kullan\u0131c\u0131lar i\u015flevsellikten \u00f6d\u00fcn vermeden zorlu aktiviteleri idare edebilece\u011fini bilerek bu bilek band\u0131n\u0131 g\u00fcvenle takabilirler.<\/p>\n<h2>\u00c7ok Y\u00f6nl\u00fc \u0130leti\u015fim Aray\u00fcz\u00fc<\/h2>\n<p>Kullanarak\u00a0<strong>NFC teknolojisi<\/strong>Su Ge\u00e7irmez Pasif NFC RFID Silikon Bileklik, kullan\u0131c\u0131 deneyimini geli\u015ftiren kusursuz bir ileti\u015fim aray\u00fcz\u00fcne sahiptir.\u00a0<strong>13,56 MHz<\/strong>Bu bileklik h\u0131zl\u0131 ve g\u00fcvenilir etkile\u015fimler i\u00e7in optimize edilmi\u015ftir.<\/p>\n<p>NFC teknolojisi,\u00a0<strong>temass\u0131z \u00f6demeler<\/strong>, s\u00fcre\u00e7leri kolayla\u015ft\u0131rmak isteyen etkinlik organizat\u00f6rleri i\u00e7in m\u00fckemmel bir \u00e7\u00f6z\u00fcm haline getirir. Konuklar, nakit veya kartlarla u\u011fra\u015fmaya gerek kalmadan sat\u0131\u015f noktalar\u0131nda bilekliklerini kolayca dokundurabilir, b\u00f6ylece bekleme s\u00fcreleri azal\u0131r ve etkinliklerdeki genel ak\u0131\u015f iyile\u015ftirilir. Bu\u00a0<strong>temass\u0131z \u00f6deme<\/strong>\u00a0Bu fonksiyon yaln\u0131zca kullan\u0131c\u0131lar i\u00e7in kolayl\u0131\u011f\u0131 art\u0131rmakla kalm\u0131yor, ayn\u0131 zamanda sat\u0131c\u0131lar ve etkinlik personeli i\u00e7in de verimlili\u011fi art\u0131r\u0131yor.<\/p>\n<p>Ayr\u0131ca, NFC \u00f6zellikli bileklikler eri\u015fim kontrol\u00fc i\u00e7in bir nimettir. Bilekli\u011fi bir RFID okuyucuyla tarayarak belirli alanlara eri\u015fimi onaylayabilir veya k\u0131s\u0131tlayabilirsiniz, b\u00f6ylece VIP alanlar\u0131, sahne arkas\u0131 veya herhangi bir k\u0131s\u0131tl\u0131 b\u00f6lge i\u00e7in sorunsuz ve g\u00fcvenli bir giri\u015f s\u00fcreci sa\u011flayabilirsiniz.<\/p>\n<h2>Yenilik\u00e7i \u00d6zelle\u015ftirme Se\u00e7enekleri<\/h2>\n<p>\u00d6zelle\u015ftirilebilirlik, Su Ge\u00e7irmez Pasif NFC RFID Silikon Bilekli\u011fin \u00f6nemli bir \u00f6zelli\u011fidir. Se\u00e7eneklerle\u00a0<strong>\u00f6zel logolar<\/strong>\u00a0ve \u00e7e\u015fitli bask\u0131 teknikleri gibi\u00a0<strong>serigrafi bask\u0131<\/strong>,\u00a0<strong>kabartma<\/strong>, Ve\u00a0<strong>lazer grav\u00fcr<\/strong>\u0130\u015fletmeler, markalar\u0131yla uyumlu, benzersiz bir kimlik yaratabilirler.<\/p>\n<p>Ki\u015fiselle\u015ftirme boyut, renkler ve tasar\u0131mlara kadar uzan\u0131r ve \u015firketlerin bileklikleri etkinlik temalar\u0131na veya marka esteti\u011fine uyacak \u015fekilde uyarlamalar\u0131na olanak tan\u0131r. Bu ki\u015fiselle\u015ftirilmi\u015f dokunu\u015f yaln\u0131zca marka g\u00f6r\u00fcn\u00fcrl\u00fc\u011f\u00fcn\u00fc art\u0131rmakla kalmaz, ayn\u0131 zamanda unutulmaz deneyimler arac\u0131l\u0131\u011f\u0131yla kat\u0131l\u0131mc\u0131 kat\u0131l\u0131m\u0131n\u0131 da art\u0131rabilir. Her bilekli\u011fin etkinlik temas\u0131n\u0131 temsil eden benzersiz bir logo veya tasar\u0131ma sahip oldu\u011fu bir festivale geldi\u011finizi hayal edin; bu y\u00f6n genel atmosfere ve e\u011flenceye \u00f6nemli \u00f6l\u00e7\u00fcde katk\u0131da bulunur.<\/p>\n<p>Ayr\u0131ca, QR kodlar\u0131n\u0131 dahil etme yetene\u011fi geli\u015fmi\u015f etkile\u015fim i\u00e7in de yollar a\u00e7abilir. Kat\u0131l\u0131mc\u0131lar, programlara eri\u015fmek, yar\u0131\u015fmalara kat\u0131lmak veya hatta ileti\u015fim bilgilerini almak i\u00e7in bilekliklerini tarayabilir ve b\u00f6ylece etkinlikteki genel deneyimlerini y\u00fckseltebilirler.<\/p>\n<h2>G\u00fcvenlik ve Eri\u015fim Kontrol Yetenekleri<\/h2>\n<p>G\u00fcvenlik, herhangi bir etkinlikte veya i\u015f operasyonunda en \u00f6nemli unsurdur ve Su Ge\u00e7irmez Pasif NFC RFID Silikon Bileklik bu ihtiyaca etkili bir \u015fekilde yan\u0131t verir. Geli\u015fmi\u015f\u00a0<strong>RFID teknolojisi<\/strong>, bu bileklikler bir\u00a0<strong>kurcalamaya dayan\u0131kl\u0131<\/strong>\u00a0Etkinliklerde g\u00fcvenlik seviyelerini \u00f6nemli \u00f6l\u00e7\u00fcde art\u0131ran eri\u015fim kontrol arac\u0131.<\/p>\n<p>Entegre ile\u00a0<strong>MIFARE DESfire EV3 \u00e7ip teknolojisi<\/strong>, kullan\u0131c\u0131lar g\u00fcvenli veri iletiminden faydalan\u0131r ve bileklikte bulunan bilgilerin korundu\u011fundan emin olur. Bu \u00e7ip yaln\u0131zca \u015fifreleme tekniklerini destekleyerek g\u00fcvenlik katmanlar\u0131 sa\u011flamakla kalmaz, ayn\u0131 zamanda h\u0131zl\u0131 veri aktar\u0131m\u0131n\u0131 garanti ederek kullan\u0131c\u0131 deneyimini iyile\u015ftirir ve gecikmeleri azalt\u0131r.<\/p>\n<p>Ayr\u0131ca, RFID bileklikler belirli eri\u015fim izinleri i\u00e7in programlanabilir ve yaln\u0131zca yetkili personelin belirli alanlara girebilmesini sa\u011flar. Bu \u00f6zellik, kalabal\u0131k y\u00f6netiminin hem g\u00fcvenlik hem de operasyonel verimlilik a\u00e7\u0131s\u0131ndan kritik oldu\u011fu b\u00fcy\u00fck etkinlikler i\u00e7in \u00f6zellikle yararl\u0131d\u0131r.<\/p>\n<p>&nbsp;<\/p>\n<h2>Teknik \u00d6zellikler ve Boyutlar<\/h2>\n<table class=\"w-fit !mb-0 !max-w-none\" style=\"height: 133px;\" width=\"407\">\n<thead>\n<tr>\n<th>\u015eartname<\/th>\n<th>Detaylar<\/th>\n<\/tr>\n<\/thead>\n<tbody>\n<tr>\n<td><strong>Malzeme<\/strong><\/td>\n<td>Silikon<\/td>\n<\/tr>\n<tr>\n<td><strong>Boyut<\/strong><\/td>\n<td>238x13 mm<\/td>\n<\/tr>\n<tr>\n<td><strong>Kal\u0131nl\u0131k<\/strong><\/td>\n<td>3 mm<\/td>\n<\/tr>\n<tr>\n<td><strong>\u00c7ip T\u00fcr\u00fc<\/strong><\/td>\n<td>MIFARE DESfire EV3<\/td>\n<\/tr>\n<\/tbody>\n<\/table>\n<p>&nbsp;<\/p>\n<h2>S\u0131k\u00e7a Sorulan Sorular (SSS)<\/h2>\n<p>\u0130\u015fte bu konuyla ilgili s\u0131k\u00e7a sorulan baz\u0131 sorular:\u00a0<strong>Su Ge\u00e7irmez Pasif NFC RFID Silikon Bileklik<\/strong>Bilin\u00e7li bir karar vermenize yard\u0131mc\u0131 olmak i\u00e7in cevaplar\u0131yla birlikte.<\/p>\n<h3>1.\u00a0<strong>NFC teknolojisi nedir ve bileklikle nas\u0131l \u00e7al\u0131\u015f\u0131r?<\/strong><\/h3>\n<p>NFC (Yak\u0131n Alan \u0130leti\u015fimi), iki elektronik cihaz\u0131n, genellikle bir ak\u0131ll\u0131 telefon ve bir okuyucunun, k\u0131sa mesafelerde (genellikle 4 in\u00e7ten az) ileti\u015fim kurmas\u0131n\u0131 sa\u011flayan bir ileti\u015fim protokolleri k\u00fcmesidir. Bileklik, bir NFC okuyucunun yak\u0131n\u0131na yerle\u015ftirildi\u011finde bilgi iletebilen g\u00f6m\u00fcl\u00fc bir NFC \u00e7ipi i\u00e7erir ve temass\u0131z \u00f6demeler, eri\u015fim kontrol\u00fc ve veri payla\u015f\u0131m\u0131 gibi i\u015flevleri etkinle\u015ftirir.<\/p>\n<h3>2.\u00a0<strong>Bileklik su aktiviteleri i\u00e7in uygun mudur?<\/strong><\/h3>\n<p>Kesinlikle! Su Ge\u00e7irmez Pasif NFC RFID Silikon Bileklik,\u00a0<strong>su ge\u00e7irmez<\/strong>\u00a0Ve\u00a0<strong>hava ko\u015fullar\u0131na dayan\u0131kl\u0131<\/strong>Bu, onu su parklar\u0131, havuzlar ve spalar gibi \u00e7e\u015fitli suyla ilgili ortamlarda kullan\u0131m i\u00e7in ideal hale getirir.<\/p>\n<h3>3.\u00a0<strong>Bileklikleri kendi logom veya tasar\u0131m\u0131mla \u00f6zelle\u015ftirebilir miyim?<\/strong><\/h3>\n<p>Evet, ki\u015fiselle\u015ftirme se\u00e7enekleri mevcuttur! \u015eirketinizin logosuyla bileklik sipari\u015fi verebilir ve marka kimli\u011finizi tamamlayan bir bileklik olu\u015fturmak i\u00e7in serigrafi bask\u0131, kabartma veya lazer kaz\u0131ma gibi \u00e7e\u015fitli bask\u0131 tekniklerinden birini se\u00e7ebilirsiniz.<\/p>\n<h3>4.\u00a0<strong>Bileklik ne kadar s\u00fcre dayan\u0131r?<\/strong><\/h3>\n<p>Bileklik, zorlu ortamlarda bile m\u00fckemmel dayan\u0131kl\u0131l\u0131k ve a\u015f\u0131nma ve y\u0131pranmaya kar\u015f\u0131 diren\u00e7 sa\u011flayan y\u00fcksek kaliteli silikondan yap\u0131lm\u0131\u015ft\u0131r. Uygun bak\u0131mla, \u00f6zellikle kontroll\u00fc ortamlarda kullan\u0131l\u0131rsa, birden fazla kullan\u0131m i\u00e7in dayanabilirler.<\/p>\n<h3>5.\u00a0<strong>Bileklik tekrar kullan\u0131labilir mi?<\/strong><\/h3>\n<p>Bileklik dayan\u0131kl\u0131 olsa da, ama\u00e7lanan kullan\u0131m\u0131 \u00f6ncelikle festivaller veya konserler gibi tek etkinlik uygulamalar\u0131 i\u00e7indir. Ancak, hasar g\u00f6rmedikleri veya kullan\u0131lm\u0131\u015f olduklar\u0131n\u0131 belirten bir \u015fekilde i\u015faretlenmedikleri s\u00fcrece farkl\u0131 senaryolarda yeniden kullan\u0131labilirler.<\/p>","protected":false},"excerpt":{"rendered":"<div class=\"chat-list relative custom-scrollbar-reset-margin custom-scrollbar custom-scrollbar-hidden custom-scrollbar-float pb-9 flex-1 overflow-y-auto\">\n<div class=\"mx-auto max-w-[790px]\">\n<div class=\"message-item-outer relative px-4 mb-2\" data-id=\"d5e57210-2b0a-4a51-8aa4-f3908258a790\">\n<div class=\"content-area pl-[0px]\">\n<div class=\"message-item select-text relative\">\n<div class=\"message-inner relative\">\n<div class=\"py-[2px]\">\n<div class=\"flex flex-col gap-2\">\n<div class=\"answer-markdown-box overflow-x-auto select-text custom-scrollbar\">\n<div class=\"markdown-body\"><\/div>\n<\/div>\n<\/div>\n<\/div>\n<\/div>\n<\/div>\n<\/div>\n<\/div>\n<\/div>\n<\/div>\n<div>\n<div class=\"input-box relative max-w-[790px] mx-auto\">\n<div class=\"chat-input-box relative bg-grey-layer2-normal px-3 max-w-[790px] mx-auto pb-1\">\n<div class=\"main-input-area\">\n<div class=\"chat-input-top-bar gap-2 py-2 flex justify-start items-center\">\n<div class=\"flex gap-[6px] min-w-[90px] max-w-[calc(100%-40px)]\">\n<div class=\"flex gap-0\">\n<div class=\"relative\">\n<div class=\"topbar-btn h-[30px] w-[30px] flex overflow-hidden text-text-primary-1 items-center justify-center text-xs leading-4 rounded-lg model-btn model-btn-no-bg\" role=\"button\">Su ge\u00e7irmez pasif NFC RFID silikon bileklik, her t\u00fcrl\u00fc etkinlikte g\u00fcvenli eri\u015fim kontrol\u00fc ve nakitsiz i\u015flemler i\u00e7in g\u00fcvenilir, dayan\u0131kl\u0131 bir \u00e7\u00f6z\u00fcm sunar. Festivaller, spor salonlar\u0131 ve su parklar\u0131 i\u00e7in idealdir, \u015f\u0131k bir tasar\u0131mla kolayl\u0131k ve ki\u015fiselle\u015ftirme sa\u011flar.<\/div>\n<\/div>\n<\/div>\n<\/div>\n<\/div>\n<\/div>\n<\/div>\n<\/div>\n<\/div>","protected":false},"featured_media":3431,"template":"","meta":[],"product_brand":[],"product_cat":[50],"product_tag":[],"class_list":{"0":"post-3430","1":"product","2":"type-product","3":"status-publish","4":"has-post-thumbnail","6":"product_cat-silicone-rfid-nfc-wristbands","8":"first","9":"instock","10":"shipping-taxable","11":"product-type-simple"},"_links":{"self":[{"href":"https:\/\/nfc-readers.com\/tr\/wp-json\/wp\/v2\/product\/3430","targetHints":{"allow":["GET"]}}],"collection":[{"href":"https:\/\/nfc-readers.com\/tr\/wp-json\/wp\/v2\/product"}],"about":[{"href":"https:\/\/nfc-readers.com\/tr\/wp-json\/wp\/v2\/types\/product"}],"wp:featuredmedia":[{"embeddable":true,"href":"https:\/\/nfc-readers.com\/tr\/wp-json\/wp\/v2\/media\/3431"}],"wp:attachment":[{"href":"https:\/\/nfc-readers.com\/tr\/wp-json\/wp\/v2\/media?parent=3430"}],"wp:term":[{"taxonomy":"product_brand","embeddable":true,"href":"https:\/\/nfc-readers.com\/tr\/wp-json\/wp\/v2\/product_brand?post=3430"},{"taxonomy":"product_cat","embeddable":true,"href":"https:\/\/nfc-readers.com\/tr\/wp-json\/wp\/v2\/product_cat?post=3430"},{"taxonomy":"product_tag","embeddable":true,"href":"https:\/\/nfc-readers.com\/tr\/wp-json\/wp\/v2\/product_tag?post=3430"}],"curies":[{"name":"wp","href":"https:\/\/api.w.org\/{rel}","templated":true}]}}