{"id":3437,"date":"2024-11-03T04:49:53","date_gmt":"2024-11-03T04:49:53","guid":{"rendered":"https:\/\/nfc-readers.com\/?post_type=product&#038;p=3437"},"modified":"2024-11-05T10:39:50","modified_gmt":"2024-11-05T10:39:50","slug":"disposable-hf-uhf-rfid-nfc-wristband-for-event-ticket","status":"publish","type":"product","link":"https:\/\/nfc-readers.com\/tr\/ic-reader\/disposable-hf-uhf-rfid-nfc-wristband-for-event-ticket\/","title":{"rendered":"Etkinlik bileti i\u00e7in tek kullan\u0131ml\u0131k HF rfid NFC Bileklik"},"content":{"rendered":"<h1 style=\"text-align: center;\"><strong>Etkinlik bileti i\u00e7in tek kullan\u0131ml\u0131k HF rfid NFC Bileklik<\/strong><\/h1>\n<p>&nbsp;<\/p>\n<p>G\u00fcn\u00fcm\u00fcz\u00fcn h\u0131zl\u0131 d\u00fcnyas\u0131nda, etkinlik organizat\u00f6rleri kat\u0131l\u0131mc\u0131lar\u0131na unutulmaz bir deneyim sunmak i\u00e7in en son teknolojilere ayak uydurmal\u0131d\u0131r. Bunu ba\u015farman\u0131n en etkili yollar\u0131ndan biri, <strong>Tek Kullan\u0131ml\u0131k HF RFID NFC Bileklikler<\/strong>. Bu yenilik\u00e7i bileklikler, etkinliklerin y\u00f6netilme bi\u00e7imini k\u00f6kten de\u011fi\u015ftirerek g\u00fcvenli\u011fi art\u0131r\u0131yor, eri\u015fim kontrol\u00fcn\u00fc basitle\u015ftiriyor ve nakitsiz \u00f6demeleri te\u015fvik ediyor. \u0130ster m\u00fczik festivalleri, ister su parklar\u0131 veya kurumsal etkinlikler olsun, bu bileklikler hem konuklar hem de organizat\u00f6rler i\u00e7in kusursuz bir deneyim sa\u011flar.<\/p>\n<p>&nbsp;<\/p>\n<h3><strong>Neden Tek Kullan\u0131ml\u0131k RFID\/NFC Bileklikleri Se\u00e7melisiniz?<\/strong><\/h3>\n<p>The\u00a0<strong>Tek Kullan\u0131ml\u0131k HF RFID NFC Bileklik<\/strong>\u00a0etkinlikler i\u00e7in \u00f6zel olarak tasarlanm\u0131\u015ft\u0131r ve rahatl\u0131\u011f\u0131 son teknolojiyle birle\u015ftirir. \u0130\u015fte bu bilekliklere yat\u0131r\u0131m yapman\u0131n her kuru\u015funa de\u011fer olmas\u0131n\u0131n nedeni:<\/p>\n<ol>\n<li><strong>Geli\u015fmi\u015f G\u00fcvenlik:<\/strong>\u00a0Bileklikler, g\u00fcvenli giri\u015f \u00e7\u00f6z\u00fcmleri sunmak i\u00e7in RFID teknolojisini kullan\u0131r ve yetkisiz eri\u015fim riskini \u00f6nemli \u00f6l\u00e7\u00fcde azalt\u0131r. Dayan\u0131kl\u0131 malzeme ve tasar\u0131m, bunlar\u0131n kurcalanmaya kar\u015f\u0131 dayan\u0131kl\u0131 olmas\u0131n\u0131 sa\u011flar.<\/li>\n<li><strong>Nakitsiz \u00c7\u00f6z\u00fcmler:<\/strong>\u00a0T\u00fcketicilerin nakitsiz \u00f6demelere olan artan tercihleriyle birlikte, bu bileklikler \u00f6deme i\u015fleme sistemleriyle entegre edilebilir ve kat\u0131l\u0131mc\u0131lar\u0131n h\u0131zl\u0131 ve zahmetsiz bir \u015fekilde al\u0131\u015fveri\u015f yapmalar\u0131na olanak tan\u0131r. Bu, etkinlikler s\u0131ras\u0131nda ticaret ak\u0131\u015f\u0131n\u0131 kolayla\u015ft\u0131r\u0131r ve konuk deneyimini iyile\u015ftirir.<\/li>\n<li><strong>Kolayl\u0131k ve Kullan\u0131c\u0131 Dostu:<\/strong>\u00a0Kat\u0131l\u0131mc\u0131lar, giri\u015f ve al\u0131\u015fveri\u015f i\u00e7in bilekliklerini kolayca okutabiliyor, b\u00f6ylece bekleme s\u00fcreleri azal\u0131yor ve deneyimleri daha keyifli hale geliyor.<\/li>\n<li><strong>\u00d6zelle\u015ftirme:<\/strong>\u00a0Markalar, her bilekli\u011fi logolar, etkinlik ayr\u0131nt\u0131lar\u0131 ve QR kodlar\u0131yla ki\u015fiselle\u015ftirme se\u00e7ene\u011fine sahip; bu sayede etkili bir markala\u015fma ve pazarlama m\u00fcmk\u00fcn oluyor.<\/li>\n<li><strong>Maliyet Etkin:<\/strong>\u00a0Tek kullan\u0131ml\u0131k bir se\u00e7enek olan bu bileklikler, kalite ve g\u00fcvenlikten \u00f6d\u00fcn vermeden ekonomik bir se\u00e7im sunuyor.<\/li>\n<\/ol>\n<p>\u015eimdi, \u00fcr\u00fcn\u00fcm\u00fcz\u00fcn \u00f6zelliklerine daha derinlemesine bakal\u0131m.\u00a0<strong>Etkinlik Biletleri i\u00e7in Tek Kullan\u0131ml\u0131k HF RFID NFC Bileklik<\/strong>.<\/p>\n<p>&nbsp;<\/p>\n<h3><strong>Teknik \u00d6zellikler<\/strong><\/h3>\n<table class=\"w-fit !mb-0 !max-w-none\">\n<thead>\n<tr>\n<th>\u00d6zellik<\/th>\n<th>\u015eartname<\/th>\n<\/tr>\n<\/thead>\n<tbody>\n<tr>\n<td>Marka ad\u0131<\/td>\n<td>SXNFC<\/td>\n<\/tr>\n<tr>\n<td>Anavatan<\/td>\n<td>Guangdong, \u00c7in<\/td>\n<\/tr>\n<tr>\n<td>S\u0131kl\u0131k<\/td>\n<td>13,56 MHz<\/td>\n<\/tr>\n<tr>\n<td>Protokol<\/td>\n<td>ISO14443A<\/td>\n<\/tr>\n<tr>\n<td>\u00c7ip T\u00fcr\u00fc<\/td>\n<td>NFC \u00c7ipi\/HF<\/td>\n<\/tr>\n<tr>\n<td>Kullan\u0131m<\/td>\n<td>Etkinlik Biletleme, Eri\u015fim Kontrol\u00fc, Nakitsiz \u00d6deme<\/td>\n<\/tr>\n<tr>\n<td>Malzeme<\/td>\n<td>Dupont Ka\u011f\u0131d\u0131<\/td>\n<\/tr>\n<tr>\n<td>Boyut<\/td>\n<td>250*19,5 mm<\/td>\n<\/tr>\n<tr>\n<td>Bask\u0131<\/td>\n<td>Tam Renkli Ofset Bask\u0131<\/td>\n<\/tr>\n<\/tbody>\n<\/table>\n<p>&nbsp;<\/p>\n<h3><strong>S\u0131k\u00e7a Sorulan Sorular (SSS)<\/strong><\/h3>\n<p><strong>S1: Bileklikleri nas\u0131l ki\u015fiselle\u015ftirebilirim?<\/strong><br \/>\nA: Sipari\u015f s\u00fcreci s\u0131ras\u0131nda \u00f6zelle\u015ftirmeler talep edilebilir. Tasar\u0131m\u0131n\u0131z\u0131, logonuzu, QR kodlar\u0131n\u0131z\u0131 veya seri numaralar\u0131n\u0131z\u0131 belirtebilirsiniz.<\/p>\n<p><strong>S2: Bileklikler su ge\u00e7irmez mi?<\/strong><br \/>\nA: Evet,\u00a0<strong>Dupont Ka\u011f\u0131d\u0131<\/strong>\u00a0\u00dcretimde kullan\u0131lan malzemeler suya dayan\u0131kl\u0131d\u0131r ve bu sayede \u00e7e\u015fitli etkinlik ko\u015fullar\u0131na dayan\u0131kl\u0131d\u0131r.<\/p>\n<p><strong>S3: Bileklikler tekrar kullan\u0131labilir mi?<\/strong><br \/>\nC: Bu bileklikler tek kullan\u0131ml\u0131k olarak tasarlanm\u0131\u015ft\u0131r; etkinlik boyunca maksimum g\u00fcvenlik ve bozulmaya kar\u015f\u0131 dayan\u0131kl\u0131l\u0131k sa\u011flar.<\/p>\n<p>&nbsp;<\/p>\n<h3><strong>At\u0131klar\u0131 Azalt\u0131rken: \u00c7evresel Olarak Sorumlu \u00c7\u00f6z\u00fcmler<\/strong><\/h3>\n<p>Yenilik\u00e7i \u00e7\u00f6z\u00fcmler aray\u0131\u015f\u0131m\u0131zda \u00e7evresel etkimizin de bilincindeyiz.\u00a0<strong>Tek Kullan\u0131ml\u0131k HF UHF RFID NFC Bileklik<\/strong>\u00a0Ekolojik s\u00fcrd\u00fcr\u00fclebilirli\u011fi \u015fu \u015fekillerde destekler:<\/p>\n<ul>\n<li><strong>Tek Kullan\u0131ml\u0131k Tasar\u0131m:<\/strong>\u00a0Bir olarak\u00a0<strong>tek kullan\u0131ml\u0131k bileklik<\/strong>, iade i\u015flemlerine ve y\u0131kamaya olan ihtiyac\u0131 ortadan kald\u0131rarak kaynak ve enerji tasarrufu sa\u011flars\u0131n\u0131z.<\/li>\n<li><strong>Maddi Hususlar:<\/strong>\u00a0Kullanarak\u00a0<strong>Dupont Ka\u011f\u0131d\u0131<\/strong>Geri d\u00f6n\u00fc\u015ft\u00fcr\u00fclebilir olmas\u0131yla bilinen , etkinlik malzemeleriyle ili\u015fkili genel karbon ayak izinin azalt\u0131lmas\u0131na katk\u0131da bulunur.<\/li>\n<\/ul>","protected":false},"excerpt":{"rendered":"<p>Etkinlik biletleri i\u00e7in Tek Kullan\u0131ml\u0131k HF RFID NFC Bileklik, herhangi bir etkinlikte eri\u015fim kontrol\u00fcn\u00fc y\u00f6netmek i\u00e7in g\u00fcvenli ve etkili bir yol sunar. \u00d6zelle\u015ftirilebilir tasar\u0131m\u0131, nakitsiz \u00f6demeleri ve geli\u015fmi\u015f g\u00fcvenlik \u00f6nlemlerini m\u00fcmk\u00fcn k\u0131larken sorunsuz bir kat\u0131l\u0131mc\u0131 deneyimi sa\u011flar.<\/p>","protected":false},"featured_media":3438,"template":"","meta":[],"product_brand":[],"product_cat":[50],"product_tag":[],"class_list":{"0":"post-3437","1":"product","2":"type-product","3":"status-publish","4":"has-post-thumbnail","6":"product_cat-silicone-rfid-nfc-wristbands","8":"first","9":"instock","10":"shipping-taxable","11":"product-type-simple"},"_links":{"self":[{"href":"https:\/\/nfc-readers.com\/tr\/wp-json\/wp\/v2\/product\/3437","targetHints":{"allow":["GET"]}}],"collection":[{"href":"https:\/\/nfc-readers.com\/tr\/wp-json\/wp\/v2\/product"}],"about":[{"href":"https:\/\/nfc-readers.com\/tr\/wp-json\/wp\/v2\/types\/product"}],"wp:featuredmedia":[{"embeddable":true,"href":"https:\/\/nfc-readers.com\/tr\/wp-json\/wp\/v2\/media\/3438"}],"wp:attachment":[{"href":"https:\/\/nfc-readers.com\/tr\/wp-json\/wp\/v2\/media?parent=3437"}],"wp:term":[{"taxonomy":"product_brand","embeddable":true,"href":"https:\/\/nfc-readers.com\/tr\/wp-json\/wp\/v2\/product_brand?post=3437"},{"taxonomy":"product_cat","embeddable":true,"href":"https:\/\/nfc-readers.com\/tr\/wp-json\/wp\/v2\/product_cat?post=3437"},{"taxonomy":"product_tag","embeddable":true,"href":"https:\/\/nfc-readers.com\/tr\/wp-json\/wp\/v2\/product_tag?post=3437"}],"curies":[{"name":"wp","href":"https:\/\/api.w.org\/{rel}","templated":true}]}}