{"id":3444,"date":"2024-11-03T06:44:10","date_gmt":"2024-11-03T06:44:10","guid":{"rendered":"https:\/\/nfc-readers.com\/?post_type=product&#038;p=3444"},"modified":"2024-11-04T08:51:14","modified_gmt":"2024-11-04T08:51:14","slug":"custom-fm1208-8k-memory-smart-campus-card","status":"publish","type":"product","link":"https:\/\/nfc-readers.com\/tr\/ic-reader\/custom-fm1208-8k-memory-smart-campus-card\/","title":{"rendered":"\u00d6zel FM1208 8k haf\u0131zal\u0131 ak\u0131ll\u0131 kamp\u00fcs kart\u0131"},"content":{"rendered":"<h1><span style=\"color: #000080;\"><strong>\u00d6zel FM1208 8k haf\u0131zal\u0131 ak\u0131ll\u0131 kamp\u00fcs kart\u0131<\/strong><\/span><\/h1>\n<p><span style=\"color: #666699;\">Eri\u015fim Kontrol \u00c7\u00f6z\u00fcmlerinin Gelece\u011fiGiderek daha dijital hale gelen bir d\u00fcnyada, kesintisiz eri\u015fim kontrol\u00fc her zamankinden daha kritik \u00f6neme sahiptir. <strong>\u00d6zel FM12088K Bellek Ak\u0131ll\u0131 Kamp\u00fcs Kart\u0131<\/strong>\u00a0kamp\u00fcste eri\u015fimi, kimli\u011fi ve i\u015flemleri y\u00f6netmek i\u00e7in g\u00fcvenli ve etkili yollar arayan modern kurumlar i\u00e7in tasarlanm\u0131\u015ft\u0131r. 8K bellek, RFID ve NFC ileti\u015fim yetenekleri ve sa\u011flam bir tasar\u0131mla bu kart, e\u011fitim kurumlar\u0131, i\u015fletmeler ve kurulu\u015flar i\u00e7in temel bir \u00e7\u00f6z\u00fcm olarak \u00f6ne \u00e7\u0131k\u0131yor. Bu \u00fcr\u00fcn, geli\u015fmi\u015f g\u00fcvenlik ve ak\u0131c\u0131 operasyonlara odaklanan her kurulu\u015f i\u00e7in de\u011ferli bir yat\u0131r\u0131m haline getiren say\u0131s\u0131z avantaj sunar.<\/span><\/p>\n<p>&nbsp;<\/p>\n<h2 style=\"text-align: center;\"><em><strong><span style=\"color: #000080;\">Neden \u00d6zel FM12088K Bellekli Ak\u0131ll\u0131 Kamp\u00fcs Kart\u0131n\u0131 Se\u00e7melisiniz?<\/span><\/strong><\/em><\/h2>\n<p>Custom FM12088K Bellek Ak\u0131ll\u0131 Kamp\u00fcs Kart\u0131 sadece bir plastik par\u00e7as\u0131ndan daha fazlas\u0131d\u0131r; geli\u015fmi\u015f teknolojiyi pratik uygulamalarla b\u00fct\u00fcnle\u015ftiren yenilik\u00e7i bir ara\u00e7t\u0131r. Ba\u015fl\u0131ca faydalar\u0131 \u015funlard\u0131r:<\/p>\n<ul>\n<li><strong>Art\u0131r\u0131lm\u0131\u015f G\u00fcvenlik<\/strong>: Geli\u015fmi\u015f\u00a0<strong>Mifare Ate\u015fi<\/strong>\u00a0yetenekler ve\u00a0<strong>kar\u015f\u0131l\u0131kl\u0131 kimlik do\u011frulama<\/strong>, eri\u015fim kontrol sisteminiz \u00f6nemli \u00f6l\u00e7\u00fcde daha g\u00fcvenli hale gelir.<\/li>\n<li><strong>Geli\u015fmi\u015f Kullan\u0131c\u0131 Deneyimi<\/strong>: Kolay kullan\u0131m i\u00e7in tasarlanan kart\u0131n\u00a0<strong>temass\u0131z tasar\u0131m<\/strong>\u00a0H\u0131zl\u0131 ve kolay eri\u015fim sa\u011flar; yo\u011fun kamp\u00fcs ortamlar\u0131 i\u00e7in idealdir.<\/li>\n<li><strong>\u00c7ok Y\u00f6nl\u00fc Uygulamalar<\/strong>: Bu kartlar yaln\u0131zca eri\u015fim kontrol\u00fc i\u00e7in de\u011fil, finansal i\u015flemler, biletleme ve sadakat programlar\u0131 i\u00e7in de kullan\u0131labilir.<\/li>\n<li><strong>Dayan\u0131kl\u0131l\u0131k ve Uzun \u00d6m\u00fcrl\u00fcl\u00fck<\/strong>: \u015eundan yap\u0131lm\u0131\u015ft\u0131r:\u00a0<strong>PVC<\/strong>, bu kartlar\u00a0<strong>su ge\u00e7irmez\/hava ko\u015fullar\u0131na dayan\u0131kl\u0131<\/strong>Zorlu \u00e7evre ko\u015fullar\u0131nda bile uzun \u00f6m\u00fcrl\u00fc olmas\u0131n\u0131 sa\u011flar.<\/li>\n<\/ul>\n<hr \/>\n<h2><\/h2>\n<h2 style=\"text-align: center;\"><span style=\"color: #000080;\"><em><strong>Mifare Teknolojisinin Evrimi<\/strong><\/em><\/span><\/h2>\n<p><span style=\"color: #008080;\">Mifare teknolojisi y\u0131llar i\u00e7inde evrim ge\u00e7irerek orijinalinden g\u00fcn\u00fcm\u00fcze kadar gelmi\u015ftir. <strong>Mifare Klasik<\/strong>\u00a0aileden geli\u015fmi\u015f yinelemelere kadar\u00a0<strong>Mifare Ate\u015fi<\/strong>\u00a0seri. <\/span><\/p>\n<p><span style=\"color: #008080;\">Bu geli\u015fmeler daha b\u00fcy\u00fck bellek kapasitelerine, daha y\u00fcksek g\u00fcvenlik \u00f6zelliklerine ve \u00e7e\u015fitli uygulamalara olanak tan\u0131r. FM1208&#039;in\u00a0<strong>8K bellek<\/strong>\u00a0karma\u015f\u0131k veri i\u015flemlerini g\u00fcvenli ve etkili bir \u015fekilde y\u00f6netme konusundaki yeteneklerini bir kez daha teyit ediyor.<\/span><\/p>\n<p>&nbsp;<\/p>\n<h2 style=\"text-align: center;\"><em><strong><span style=\"color: #000080;\">Ak\u0131ll\u0131 Kartlar\u0131n Temel Nitelikleri<\/span><\/strong><\/em><\/h2>\n<h3>FM1208 gibi ak\u0131ll\u0131 kartlar a\u015fa\u011f\u0131dakiler de dahil olmak \u00fczere birka\u00e7 \u00f6nemli \u00f6zellik sunar:<\/h3>\n<ul>\n<li><strong>Temass\u0131z \u0130leti\u015fim<\/strong>: Kullanarak\u00a0<strong>RFID\/NFC<\/strong>\u00a0teknolojisi sayesinde, fiziksel temas olmadan kart\u0131n h\u0131zl\u0131 bir \u015fekilde taranmas\u0131 sa\u011flanarak h\u0131zl\u0131 eri\u015fim sa\u011flanabiliyor.<\/li>\n<li><strong>Y\u00fcksek G\u00fcvenlik<\/strong>: \u0130le\u00a0<strong>\u015fifreleme anahtarlar\u0131<\/strong>\u00a0ve kar\u015f\u0131l\u0131kl\u0131 kimlik do\u011frulama yetenekleri sayesinde kullan\u0131c\u0131lar kimlik bilgilerinin g\u00fcvende oldu\u011fundan emin olabilirler.<\/li>\n<li><strong>\u00d6l\u00e7eklenebilirlik<\/strong>:FM1208 mevcut sistemlere kolayca entegre edilebilir veya b\u00fcy\u00fcyen kamp\u00fcs ihtiya\u00e7lar\u0131n\u0131 kar\u015f\u0131lamak \u00fczere \u00f6l\u00e7eklenebilir, b\u00f6ylece genel operasyonel verimlilik art\u0131r\u0131labilir.<\/li>\n<\/ul>\n<hr \/>\n<h2><\/h2>\n<h2 style=\"text-align: center;\"><em><span style=\"color: #000080;\"><strong>Benzersiz \u00d6zellikler<\/strong><\/span><\/em><\/h2>\n<p><span style=\"color: #666699;\">Custom FM1208 Ak\u0131ll\u0131 Kamp\u00fcs Kart\u0131, g\u00fcn\u00fcm\u00fcz\u00fcn teknolojik ortam\u0131na uygun olarak tasarlanm\u0131\u015f benzersiz \u00f6zelliklerle doludur.<\/span><\/p>\n<h3><span style=\"color: #333399;\"><strong>Suya ve Hava Ko\u015fullar\u0131na Dayan\u0131kl\u0131<\/strong><\/span><\/h3>\n<p>Bu ak\u0131ll\u0131 kart, zorlu ko\u015fullara dayanacak \u015fekilde tasarlanm\u0131\u015ft\u0131r ve bu sayede hem i\u00e7 hem de d\u0131\u015f mekan uygulamalar\u0131 i\u00e7in uygundur.\u00a0<strong>PVC<\/strong>\u00a0Kullan\u0131lan malzeme farkl\u0131 \u00e7evresel bas\u0131n\u00e7lar alt\u0131nda sa\u011flam ve tam i\u015flevsel kalmas\u0131n\u0131 sa\u011flar.<\/p>\n<p>&nbsp;<\/p>\n<h3><span style=\"color: #333399;\"><strong>Mini Etiket Uyumlulu\u011fu<\/strong><\/span><\/h3>\n<p>FM1208 ayr\u0131ca \u015fu \u015fekilde de i\u015flev g\u00f6rebilir:\u00a0<strong>mini etiket<\/strong>, \u00e7e\u015fitli kullan\u0131m senaryolar\u0131na olanak tan\u0131r. Giysilere, s\u0131rt \u00e7antalar\u0131na veya c\u00fczdanlara entegre edilmi\u015f olsun, \u00f6\u011frenciler ve personel i\u00e7in esneklik sunar.<\/p>\n<hr \/>\n<h3><span style=\"color: #333399;\"><strong>Teknik \u00d6zellikler<\/strong><\/span><\/h3>\n<p><strong>\u0130\u015fte Custom FM12088K Bellek Ak\u0131ll\u0131 Kamp\u00fcs Kart\u0131n\u0131n teknik \u00f6zelliklerine detayl\u0131 bir bak\u0131\u015f:<\/strong><\/p>\n<div class=\"table-with-header rounded-lg border border-solid border-grey-line2-normal w-fit max-w-full mb-2\">\n<div class=\"overflow-x-auto custom-scrollbar custom-scrollbar-float max-w-full\">\n<table class=\"w-fit !mb-0 !max-w-none\">\n<thead>\n<tr>\n<th>\u00d6zellik<\/th>\n<th>\u015eartname<\/th>\n<\/tr>\n<\/thead>\n<tbody>\n<tr>\n<td><strong>\u00dcr\u00fcn ad\u0131<\/strong><\/td>\n<td>RFID Kart<\/td>\n<\/tr>\n<tr>\n<td><strong>Yonga<\/strong><\/td>\n<td>FM1208<\/td>\n<\/tr>\n<tr>\n<td><strong>Haf\u0131za<\/strong><\/td>\n<td>8K<\/td>\n<\/tr>\n<tr>\n<td><strong>Malzeme<\/strong><\/td>\n<td>PVC<\/td>\n<\/tr>\n<tr>\n<td><strong>Boyut<\/strong><\/td>\n<td>85,5x54 mm<\/td>\n<\/tr>\n<tr>\n<td><strong>S\u0131kl\u0131k<\/strong><\/td>\n<td>13,56 MHz<\/td>\n<\/tr>\n<tr>\n<td><strong>Okuma Mesafesi<\/strong><\/td>\n<td>1-10 cm<\/td>\n<\/tr>\n<tr>\n<td><strong>MOQ (Minimum Sipari\u015f Miktar\u0131)<\/strong><\/td>\n<td>500<\/td>\n<\/tr>\n<tr>\n<td><strong>Bask\u0131<\/strong><\/td>\n<td>Ofset bask\u0131<\/td>\n<\/tr>\n<tr>\n<td><strong>Anavatan<\/strong><\/td>\n<td>Guangdong, \u00c7in<\/td>\n<\/tr>\n<tr>\n<td><strong>Ba\u015fvuru<\/strong><\/td>\n<td>Eri\u015fim Kontrol\u00fc, \u0130\u015flemler<\/td>\n<\/tr>\n<\/tbody>\n<\/table>\n<\/div>\n<\/div>\n<p><strong>Bu \u00f6zellikler, g\u00fcvenli\u011fi, dayan\u0131kl\u0131l\u0131\u011f\u0131 ve verimlili\u011fi \u00f6n plana \u00e7\u0131karan bir kart\u0131n \u00f6zelliklerini ortaya koyuyor.<\/strong><\/p>\n<hr \/>\n<h2><\/h2>\n<h2 style=\"text-align: center;\"><em><span style=\"color: #000080;\"><strong>\u00c7evresel Etki ve S\u00fcrd\u00fcr\u00fclebilirlik<\/strong><\/span><\/em><\/h2>\n<p><span style=\"color: #666699;\">Teknolojinin \u00e7evresel ayak izini tan\u0131yan Custom FM1208 kart\u0131 s\u00fcrd\u00fcr\u00fclebilir bir yakla\u015f\u0131m benimsiyor.\u00a0<strong>PVC<\/strong>, \u00e7evresel kayg\u0131lardan \u00f6d\u00fcn vermeden dayan\u0131kl\u0131l\u0131k sunar.S\u00fcrd\u00fcr\u00fclebilir Uygulamalar- <strong>Geri d\u00f6n\u00fc\u015ft\u00fcr\u00fclebilirlik<\/strong>:Kullan\u0131lan malzemelerin geri d\u00f6n\u00fc\u015ft\u00fcr\u00fclebilir olmas\u0131, \u00e7evre y\u00f6netimine olan ba\u011fl\u0131l\u0131\u011f\u0131 vurgulamaktad\u0131r.<\/span><\/p>\n<ul>\n<li><strong>Uzun \u00d6m\u00fcr<\/strong>: Dayan\u0131kl\u0131 tasar\u0131m\u0131 sayesinde kart, s\u0131k s\u0131k de\u011fi\u015ftirme ihtiyac\u0131n\u0131 azaltarak israf\u0131 da azalt\u0131yor.<\/li>\n<\/ul>\n<hr \/>\n<h2><\/h2>\n<h2 style=\"text-align: center;\"><em><span style=\"color: #000080;\"><strong>E\u011fitimde ve \u00d6tesinde Uygulamalar<\/strong><\/span><\/em><\/h2>\n<p><span style=\"color: #666699;\">\u00d6zel FM1208 Ak\u0131ll\u0131 Kamp\u00fcs Kart\u0131, \u00f6zellikle e\u011fitim kurumlar\u0131nda \u00e7e\u015fitli uygulamalara hizmet ederek genel kamp\u00fcs deneyimini zenginle\u015ftiriyor.<\/span><\/p>\n<p>&nbsp;<\/p>\n<h2 style=\"text-align: center;\"><em><strong><span style=\"color: #000080;\">E\u011fitim Kurumlar\u0131nda<\/span><\/strong><\/em><\/h2>\n<p style=\"text-align: left;\">1.\u00a0<strong>Eri\u015fim Kontrol\u00fc<\/strong>: Binalara, k\u00fct\u00fcphanelere veya laboratuvarlara g\u00fcvenli giri\u015f.<\/p>\n<ol start=\"2\">\n<li><strong>Kamp\u00fcs Kimli\u011fi<\/strong>:\u00d6\u011frenci kimli\u011fi g\u00f6revi g\u00f6ren kartlar, kimlik tespit s\u00fcre\u00e7lerini kolayla\u015ft\u0131r\u0131yor.<\/li>\n<li><strong>\u00d6deme Sistemleri<\/strong>: Kafeterya ve otomatlarda nakitsiz i\u015flem yap\u0131labilmesi i\u00e7in okul hesaplar\u0131yla entegrasyon.<\/li>\n<\/ol>","protected":false},"excerpt":{"rendered":"<p>\u00d6zel FM12088K Bellek Ak\u0131ll\u0131 Kamp\u00fcs Kart\u0131, e\u011fitim kurumlar\u0131 ve i\u015fletmeler i\u00e7in ideal olan g\u00fcvenli, temass\u0131z eri\u015fim kontrol\u00fc sunar. Dayan\u0131kl\u0131 ve \u00e7ok y\u00f6nl\u00fc!<\/p>","protected":false},"featured_media":3449,"template":"","meta":[],"product_brand":[],"product_cat":[46],"product_tag":[],"class_list":{"0":"post-3444","1":"product","2":"type-product","3":"status-publish","4":"has-post-thumbnail","6":"product_cat-nfc-cards","8":"first","9":"instock","10":"shipping-taxable","11":"product-type-simple"},"_links":{"self":[{"href":"https:\/\/nfc-readers.com\/tr\/wp-json\/wp\/v2\/product\/3444","targetHints":{"allow":["GET"]}}],"collection":[{"href":"https:\/\/nfc-readers.com\/tr\/wp-json\/wp\/v2\/product"}],"about":[{"href":"https:\/\/nfc-readers.com\/tr\/wp-json\/wp\/v2\/types\/product"}],"wp:featuredmedia":[{"embeddable":true,"href":"https:\/\/nfc-readers.com\/tr\/wp-json\/wp\/v2\/media\/3449"}],"wp:attachment":[{"href":"https:\/\/nfc-readers.com\/tr\/wp-json\/wp\/v2\/media?parent=3444"}],"wp:term":[{"taxonomy":"product_brand","embeddable":true,"href":"https:\/\/nfc-readers.com\/tr\/wp-json\/wp\/v2\/product_brand?post=3444"},{"taxonomy":"product_cat","embeddable":true,"href":"https:\/\/nfc-readers.com\/tr\/wp-json\/wp\/v2\/product_cat?post=3444"},{"taxonomy":"product_tag","embeddable":true,"href":"https:\/\/nfc-readers.com\/tr\/wp-json\/wp\/v2\/product_tag?post=3444"}],"curies":[{"name":"wp","href":"https:\/\/api.w.org\/{rel}","templated":true}]}}