{"id":3450,"date":"2024-11-03T08:01:44","date_gmt":"2024-11-03T08:01:44","guid":{"rendered":"https:\/\/nfc-readers.com\/?post_type=product&#038;p=3450"},"modified":"2024-11-04T08:45:59","modified_gmt":"2024-11-04T08:45:59","slug":"nfc-with-qr-code-stainless-contactless-business-card","status":"publish","type":"product","link":"https:\/\/nfc-readers.com\/tr\/ic-reader\/nfc-with-qr-code-stainless-contactless-business-card\/","title":{"rendered":"QR kodlu NFC Paslanmaz temass\u0131z Kartvizit"},"content":{"rendered":"<h1><span style=\"color: #000080;\"><strong>QR kodlu NFC Paslanmaz temass\u0131z Kartvizit<\/strong><\/span><\/h1>\n<p><span style=\"color: #666699;\">G\u00fcn\u00fcm\u00fcz\u00fcn h\u0131zl\u0131 dijital d\u00fcnyas\u0131nda, yenilik\u00e7i ve etkili a\u011f \u00e7\u00f6z\u00fcmlerine duyulan ihtiya\u00e7 her zamankinden daha \u00f6nemlidir. <strong>QR Kodlu NFC Paslanmaz Temass\u0131z Kartvizit<\/strong>, profesyonellerin bilgilerini nas\u0131l payla\u015ft\u0131klar\u0131n\u0131 yeniden tan\u0131mlamak i\u00e7in tasarlanm\u0131\u015f son teknoloji bir ara\u00e7t\u0131r. Modern teknolojiyi \u015f\u0131k tasar\u0131mla birle\u015ftiren bu kartvizit, kullan\u0131c\u0131lar\u0131n ileti\u015fim bilgilerini, sosyal profillerini ve daha fazlas\u0131n\u0131 basit dokunu\u015flar ve taramalar arac\u0131l\u0131\u011f\u0131yla zahmetsizce payla\u015fmalar\u0131n\u0131 sa\u011flar. Say\u0131s\u0131z \u00f6zelle\u015ftirme se\u00e7ene\u011fiyle bu temass\u0131z kartvizit yaln\u0131zca profesyonel imaj\u0131n\u0131z\u0131 geli\u015ftirmekle kalmaz, ayn\u0131 zamanda a\u011f olu\u015fturma s\u00fcre\u00e7lerini de kolayla\u015ft\u0131r\u0131r.<\/span><\/p>\n<p>&nbsp;<\/p>\n<h2 style=\"text-align: center;\"><span style=\"color: #000080;\"><strong>NFC Kartvizitlerinin Temel Nitelikleri\u00a0<\/strong><\/span><\/h2>\n<p>NFC teknolojisi, onu geleneksel kartvizitlerden ay\u0131ran benzersiz nitelikler sa\u011flayarak a\u011f olu\u015fturmay\u0131 d\u00f6n\u00fc\u015ft\u00fcr\u00fcyor. Bu kartlar, kullan\u0131c\u0131lar\u0131n ak\u0131ll\u0131 telefonlar\u0131na basit bir dokunu\u015fla ileti\u015fim bilgilerini aktarmalar\u0131n\u0131 sa\u011flayarak h\u0131zl\u0131 ve etkili bilgi payla\u015f\u0131m\u0131n\u0131 kolayla\u015ft\u0131r\u0131yor.\u00a0<strong>QR Kodlu NFC Paslanmaz Temass\u0131z Kartvizit<\/strong>\u00a0a\u015fa\u011f\u0131daki gibi ileri teknolojiyi b\u00fcnyesinde bar\u0131nd\u0131rmaktad\u0131r:<\/p>\n<ul>\n<li><strong>RFID \u0130leti\u015fimi:<\/strong>\u00a013.56 MHz frekans\u0131nda \u00e7al\u0131\u015farak cihazlar aras\u0131 h\u0131zl\u0131 ba\u011flant\u0131ya olanak sa\u011fl\u0131yor.<\/li>\n<li><strong>\u00d6zel \u00c7ip Se\u00e7enekleri:<\/strong>\u00a0Kullan\u0131c\u0131 ihtiya\u00e7lar\u0131na g\u00f6re esneklik sa\u011flayan NTAG213, NTAG215 veya NTAG216 \u00e7ipleriyle mevcuttur.<\/li>\n<\/ul>\n<p>Bu temel \u00f6zelliklerin bir araya getirilmesiyle olu\u015fturulan bu kartvizit, yaln\u0131zca profesyonel markan\u0131z\u0131 temsil etmekle kalm\u0131yor, ayn\u0131 zamanda inovasyona olan ba\u011fl\u0131l\u0131\u011f\u0131n\u0131z\u0131 da ortaya koyuyor.<\/p>\n<p>&nbsp;<\/p>\n<h2 style=\"text-align: center;\"><span style=\"color: #000080;\"><em><strong>Tasar\u0131m \u00d6zellikleri: <\/strong><\/em><\/span><\/h2>\n<h2>Kal\u0131c\u0131 Bir \u0130zlenim B\u0131rakmak<\/h2>\n<p><strong>Estetik \u00e7ekicilik<\/strong>\u00a0herhangi bir ticari etkile\u015fimde hayati \u00f6neme sahiptir.\u00a0<strong>QR Kodlu NFC Paslanmaz Temass\u0131z Kartvizit<\/strong>\u00a0bireysel tercihlere uyacak \u015fekilde bir dizi \u00f6zelle\u015ftirilebilir \u00f6zellik ile tasarlanm\u0131\u015ft\u0131r, bu sayede yaln\u0131zca \u00f6ne \u00e7\u0131kmakla kalmaz, ayn\u0131 zamanda marka kimli\u011finizle de uyumludur. Temel tasar\u0131m \u00f6zellikleri \u015funlard\u0131r:<\/p>\n<ul>\n<li><strong>Biti\u015fler:<\/strong>\u00a0Tarz\u0131n\u0131za uygun, sofistike bir g\u00f6r\u00fcn\u00fcm i\u00e7in parlak veya mat y\u00fczeyler aras\u0131ndan se\u00e7im yap\u0131n.<\/li>\n<li><strong>Malzeme Se\u00e7enekleri:<\/strong>\u00a0Y\u00fcksek kaliteli paslanmaz \u00e7elikten \u00fcretilen bu kartlar, l\u00fcks g\u00f6r\u00fcnmelerinin yan\u0131 s\u0131ra a\u015f\u0131nma ve y\u0131pranmaya kar\u015f\u0131 da dayan\u0131kl\u0131l\u0131k sa\u011fl\u0131yor.<\/li>\n<li><strong>\u00d6zel Logolar ve Desenler:<\/strong>\u00a0Markan\u0131z\u0131n g\u00f6r\u00fcn\u00fcrl\u00fc\u011f\u00fcn\u00fc art\u0131ran benzersiz bir dokunu\u015f yaratmak i\u00e7in kart\u0131n\u0131z\u0131 logonuzu kaz\u0131yarak ki\u015fiselle\u015ftirin.<\/li>\n<\/ul>\n<p>Profesyonelce tasarlanm\u0131\u015f bir NFC kartvizite yat\u0131r\u0131m yaparak rakiplerinizden s\u0131yr\u0131l\u0131rs\u0131n\u0131z.<\/p>\n<p>&nbsp;<\/p>\n<h2 style=\"text-align: center;\"><span style=\"color: #000080;\"><em><strong>Su Ge\u00e7irmez ve Hava Ko\u015fullar\u0131na Dayan\u0131kl\u0131 Dayan\u0131kl\u0131l\u0131k <\/strong><\/em><\/span><\/h2>\n<p><span style=\"color: #666699;\">G\u00fcnl\u00fck hayat\u0131n ko\u015fu\u015fturmacas\u0131 i\u00e7inde, \u00e7e\u015fitli \u00e7evresel ko\u015fullara dayan\u0131kl\u0131 bir kartvizite ihtiyac\u0131n\u0131z var. <\/span><\/p>\n<p><span style=\"color: #666699;\">Paslanmaz malzeme\u00a0<strong>QR Kodlu NFC Paslanmaz Temass\u0131z Kartvizit<\/strong>\u00a0\u015fudur:<\/span><\/p>\n<ul>\n<li><strong>Su ge\u00e7irmez:<\/strong>\u00a0Bilgilerinizi kazara d\u00f6k\u00fclmelere ve \u0131slak ko\u015fullara kar\u015f\u0131 korur.<\/li>\n<li><strong>Hava ko\u015fullar\u0131na dayan\u0131kl\u0131:<\/strong>\u00a0Her t\u00fcrl\u00fc iklime uygun, kart\u0131n\u0131z\u0131n d\u0131\u015f etkenlerden etkilenmeden sa\u011flam ve tam i\u015flevsel kalmas\u0131n\u0131 sa\u011flar.<\/li>\n<\/ul>\n<p>Bu dayan\u0131kl\u0131l\u0131k, kart\u0131n\u0131z\u0131n zaman i\u00e7inde estetik ve i\u015flevsel \u00f6zelliklerini koruyaca\u011f\u0131n\u0131 garanti ederek onu ak\u0131ll\u0131ca bir yat\u0131r\u0131m haline getirir.<\/p>\n<p>&nbsp;<\/p>\n<h2 style=\"text-align: center;\"><em><strong><span style=\"color: #000080;\">Kullan\u0131c\u0131 Dostu \u0130leti\u015fim Aray\u00fcz\u00fc\u00a0<\/span><\/strong><\/em><\/h2>\n<p>En dikkat \u00e7ekici \u00f6zelliklerden biri\u00a0<strong>QR Kodlu NFC Paslanmaz Temass\u0131z Kartvizit<\/strong>\u00a0kullan\u0131c\u0131 dostu ileti\u015fim aray\u00fcz\u00fcd\u00fcr. Her ikisini de kullanma yetene\u011fi\u00a0<strong>NFC ve RFID<\/strong>\u00a0teknolojileri, bilgilerinize \u00e7e\u015fitli cihazlardan h\u0131zl\u0131 ve kolay bir \u015fekilde eri\u015filebilmesini sa\u011flar. \u0130\u015fte nas\u0131l \u00e7al\u0131\u015ft\u0131\u011f\u0131:<\/p>\n<ul>\n<li><strong>NFC Teknolojisi:<\/strong>\u00a0Kullan\u0131c\u0131lar\u0131n ileti\u015fim bilgilerini almak i\u00e7in ak\u0131ll\u0131 telefonlar\u0131n\u0131 karta dokunmalar\u0131 yeterlidir. Bu basitlik, a\u011f ayarlar\u0131nda h\u0131zl\u0131 etkile\u015fimleri te\u015fvik eder.<\/li>\n<li><strong>QR Kod Entegrasyonu:<\/strong>\u00a0Kartta, NFC \u00f6zellikli cihazlar\u0131 olmayan ki\u015filer i\u00e7in ek bir bilgi payla\u015f\u0131m yolu sa\u011flayan entegre bir QR kodu yer al\u0131yor.<\/li>\n<\/ul>\n<p>Bu ikili ileti\u015fim aray\u00fcz\u00fc, potansiyel m\u00fc\u015fterileriniz veya i\u015f ortaklar\u0131n\u0131zla zahmetsizce ba\u011flant\u0131 kurman\u0131z\u0131 sa\u011flar.<\/p>\n<p>&nbsp;<\/p>\n<h2 style=\"text-align: center;\"><span style=\"color: #000080;\"><em><strong>\u00d6nemli \u00d6zellikler<\/strong><\/em><\/span><\/h2>\n<p>|\u00a0<strong>Malzeme<\/strong>\u00a0| Paslanmaz \u00c7elik |<br \/>\n|\u00a0<strong>S\u0131kl\u0131k<\/strong>\u00a0|13,56 MHz |<br \/>\n|\u00a0<strong>Boyut<\/strong>\u00a0|85,5 mm x54 mm \/ \u00d6zel |<br \/>\n|\u00a0<strong>Kal\u0131nl\u0131k<\/strong>\u00a0|0,8 mm \/ \u00d6zel |<br \/>\n|\u00a0<strong>\u00c7ip Se\u00e7enekleri<\/strong> | \u00d6zel \/ NTAG213 \/215 \/216 |<br \/>\n|\u00a0<strong>Renk Se\u00e7enekleri<\/strong>\u00a0| Siyah, Beyaz, G\u00fcl Alt\u0131n, Alt\u0131n, Mavi |<br \/>\n|\u00a0<strong>\u00d6zel \u00d6zellikler<\/strong>\u00a0| Su Ge\u00e7irmez \/ Hava Ko\u015fullar\u0131na Dayan\u0131kl\u0131, L\u00fcks|<\/p>\n<p>&nbsp;<\/p>\n<h2 style=\"text-align: center;\"><span style=\"color: #000080;\"><em><strong>SSS B\u00f6l\u00fcm\u00fc<\/strong><\/em><\/span><\/h2>\n<p><strong><span style=\"color: #008080;\">S: Kart\u0131n tasar\u0131m\u0131n\u0131 \u00f6zelle\u015ftirebilir miyim?<\/span><\/strong><\/p>\n<p>A: Kesinlikle! Logolar i\u00e7in renkleri, y\u00fczey kaplamalar\u0131n\u0131 ve hatta grav\u00fcrleri se\u00e7ebilir, kart\u0131n\u0131z\u0131 ger\u00e7ekten e\u015fsiz hale getirebilirsiniz.<\/p>\n<p>&nbsp;<\/p>\n<p><strong><span style=\"color: #008080;\">S: NFC \u00f6zelli\u011fi t\u00fcm ak\u0131ll\u0131 telefonlarla uyumlu mu?<\/span><\/strong><\/p>\n<p>C: Evet, NFC kart\u0131 NFC teknolojisini destekleyen \u00e7o\u011fu ak\u0131ll\u0131 telefonla \u00e7al\u0131\u015facak \u015fekilde tasarlanm\u0131\u015ft\u0131r.<\/p>","protected":false},"excerpt":{"rendered":"<p>NFC ve QR Kodlu Paslanmaz Temass\u0131z Kartvizitimizle a\u011f olu\u015fturmada devrim yarat\u0131n; \u015f\u0131k ve \u00f6zelle\u015ftirilebilir bir tasar\u0131mla bilgileri zahmetsizce payla\u015f\u0131n!<\/p>","protected":false},"featured_media":3448,"template":"","meta":[],"product_brand":[],"product_cat":[46],"product_tag":[],"class_list":{"0":"post-3450","1":"product","2":"type-product","3":"status-publish","4":"has-post-thumbnail","6":"product_cat-nfc-cards","8":"first","9":"instock","10":"shipping-taxable","11":"product-type-simple"},"_links":{"self":[{"href":"https:\/\/nfc-readers.com\/tr\/wp-json\/wp\/v2\/product\/3450","targetHints":{"allow":["GET"]}}],"collection":[{"href":"https:\/\/nfc-readers.com\/tr\/wp-json\/wp\/v2\/product"}],"about":[{"href":"https:\/\/nfc-readers.com\/tr\/wp-json\/wp\/v2\/types\/product"}],"wp:featuredmedia":[{"embeddable":true,"href":"https:\/\/nfc-readers.com\/tr\/wp-json\/wp\/v2\/media\/3448"}],"wp:attachment":[{"href":"https:\/\/nfc-readers.com\/tr\/wp-json\/wp\/v2\/media?parent=3450"}],"wp:term":[{"taxonomy":"product_brand","embeddable":true,"href":"https:\/\/nfc-readers.com\/tr\/wp-json\/wp\/v2\/product_brand?post=3450"},{"taxonomy":"product_cat","embeddable":true,"href":"https:\/\/nfc-readers.com\/tr\/wp-json\/wp\/v2\/product_cat?post=3450"},{"taxonomy":"product_tag","embeddable":true,"href":"https:\/\/nfc-readers.com\/tr\/wp-json\/wp\/v2\/product_tag?post=3450"}],"curies":[{"name":"wp","href":"https:\/\/api.w.org\/{rel}","templated":true}]}}