{"id":3460,"date":"2024-11-04T06:26:42","date_gmt":"2024-11-04T06:26:42","guid":{"rendered":"https:\/\/nfc-readers.com\/?post_type=product&#038;p=3460"},"modified":"2024-11-04T08:39:37","modified_gmt":"2024-11-04T08:39:37","slug":"custom-logo-printing-yelptripadvisor-review-nfc-card","status":"publish","type":"product","link":"https:\/\/nfc-readers.com\/tr\/ic-reader\/custom-logo-printing-yelptripadvisor-review-nfc-card\/","title":{"rendered":"Yelp\\Tripadvisor \u0130ncelemesi i\u00e7in \u00d6zel Logo Bask\u0131 NFC Kart\u0131"},"content":{"rendered":"<h1><span style=\"color: #000080;\"><strong>Yelp\\Tripadvisor \u0130ncelemesi i\u00e7in \u00d6zel Logo Bask\u0131 NFC Kart\u0131<\/strong><\/span><\/h1>\n<p>&nbsp;<\/p>\n<p><span style=\"color: #666699;\">\u00d6zel Logo Bask\u0131s\u0131n\u0131n Avantajlar\u0131 Yelp\/Tripadvisor \u0130ncelemesi NFC Kartlar\u0131Entegrasyonu\u00a0<strong>NFC teknolojisi<\/strong>\u00a0m\u00fc\u015fteri etkile\u015fimi stratejilerine dahil etmek, rahatl\u0131\u011f\u0131 \u00f6nemli \u00f6l\u00e7\u00fcde art\u0131rabilir ve de\u011ferli geri bildirimleri verimli bir \u015fekilde toplayabilir. Bu kartlar, konu\u015fmalar\u0131 h\u0131zland\u0131rabilir, m\u00fc\u015fteri etkile\u015fimini te\u015fvik edebilir ve ard\u0131ndan Yelp veya TripAdvisor s\u0131ralaman\u0131z\u0131 y\u00fckseltebilir. Su ge\u00e7irmez ve hava ko\u015fullar\u0131na dayan\u0131kl\u0131 dayan\u0131kl\u0131l\u0131k gibi \u00f6zelliklerle, bu kartlar \u00e7e\u015fitli ortamlar i\u00e7in tasarlanm\u0131\u015ft\u0131r ve bu da onlar\u0131 pazarlama cephaneli\u011finize de\u011ferli bir katk\u0131 haline getirir.<\/span><\/p>\n<hr \/>\n<h2><\/h2>\n<h2 style=\"text-align: center;\"><em><strong><span style=\"color: #000080;\">\u00dcr\u00fcn Anahatt\u0131<\/span><\/strong><\/em><\/h2>\n<h3><span style=\"color: #333399;\"><strong>1. \u00d6zel Logolu NFC Kartlar\u0131 Nelerdir?<\/strong><\/span><\/h3>\n<p>Yelp\\Tripadvisor \u0130ncelemesi i\u00e7in \u00d6zel Logo Bask\u0131 NFC Kart\u0131, ak\u0131ll\u0131 bir kartt\u0131r.\u00a0<strong>NFC (Yak\u0131n Alan \u0130leti\u015fimi)<\/strong>\u00a0temass\u0131z etkile\u015fimleri kolayla\u015ft\u0131ran teknoloji. M\u00fc\u015fteriler uyumlu bir ak\u0131ll\u0131 telefonla kart\u0131 hafif\u00e7e dokundurarak do\u011frudan inceleme sayfan\u0131za y\u00f6nlendiren bir ba\u011flant\u0131ya eri\u015febilirler. Bu, manuel giri\u015flere olan ihtiyac\u0131 ortadan kald\u0131r\u0131r, geri bildirim s\u00fcrecini kolayla\u015ft\u0131r\u0131r ve genel yan\u0131t oranlar\u0131n\u0131 iyile\u015ftirir.<\/p>\n<p>&nbsp;<\/p>\n<h3><span style=\"color: #333399;\"><strong>2. NFC Kartlar\u0131n\u0131n Temel \u00d6zellikleri<\/strong><\/span><\/h3>\n<p><strong>Temel \u00f6zellikler<\/strong>\u00a0NFC kartlar\u0131m\u0131zdan baz\u0131lar\u0131 \u015funlard\u0131r:<\/p>\n<ul>\n<li><strong>\u00c7al\u0131\u015fma Frekans\u0131<\/strong>:13.56 MHz stabil ileti\u015fime olanak sa\u011flar.<\/li>\n<li><strong>Okuma Mesafesi<\/strong>:Kartlar 2 ile 10 cm mesafeden okunabilir, kullan\u0131m kolayl\u0131\u011f\u0131 sa\u011flar.<\/li>\n<li><strong>Malzeme Bile\u015fimi<\/strong>: Dayan\u0131kl\u0131 PVC&#039;den \u00fcretilmi\u015ftir, uzun \u00f6m\u00fcrl\u00fcd\u00fcr.<\/li>\n<li><strong>\u00d6zel Bask\u0131<\/strong>: Canl\u0131 markala\u015fmaya olanak sa\u011flayan CMYK4C bask\u0131 se\u00e7ene\u011fi mevcuttur.<\/li>\n<\/ul>\n<p>&nbsp;<\/p>\n<h3><span style=\"color: #333399;\"><strong>3. M\u00fc\u015fteri Yorumlar\u0131 \u0130\u00e7in NFC Kartlar\u0131n\u0131 Kullanman\u0131n Faydalar\u0131<\/strong><\/span><\/h3>\n<p>NFC kartlar\u0131 yaln\u0131zca inceleme sayfalar\u0131n\u0131za trafik \u00e7ekmede etkili olmakla kalmaz, ayn\u0131 zamanda m\u00fc\u015fteri memnuniyetini de art\u0131r\u0131r. M\u00fc\u015fterilerin geri bildirim sa\u011flamas\u0131n\u0131 kolayla\u015ft\u0131rarak, deneyimleri hakk\u0131nda h\u0131zl\u0131 bir \u015fekilde i\u00e7g\u00f6r\u00fcler toplars\u0131n\u0131z, bu da iyile\u015ftirmelere yol a\u00e7ar ve m\u00fc\u015fteri hizmetlerine olan ba\u011fl\u0131l\u0131\u011f\u0131n\u0131z\u0131 g\u00f6sterir.<\/p>\n<p>&nbsp;<\/p>\n<h2><span style=\"color: #333399;\"><strong>4. NFC Kartlar\u0131n\u0131n Teknik \u00d6zellikleri<\/strong><\/span><\/h2>\n<p>A\u015fa\u011f\u0131da \u015funlar yer almaktad\u0131r: <strong>teknik \u00f6zellikler<\/strong> Yelp\\Tripadvisor i\u00e7in \u00d6zel Logo Bask\u0131l\u0131 NFC Kart\u0131m\u0131z\u0131n \u0130ncelemesi:<\/p>\n<div class=\"table-with-header rounded-lg border border-solid border-grey-line2-normal w-fit max-w-full mb-2\">\n<div class=\"overflow-x-auto custom-scrollbar custom-scrollbar-float max-w-full\">\n<table class=\"w-fit !mb-0 !max-w-none\">\n<thead>\n<tr>\n<th>Ba\u011flanmak<\/th>\n<th>\u015eartname<\/th>\n<\/tr>\n<\/thead>\n<tbody>\n<tr>\n<td>Anavatan<\/td>\n<td>Guangdong, \u00c7in<\/td>\n<\/tr>\n<tr>\n<td>\u00c7ip T\u00fcr\u00fc<\/td>\n<td>NFC213\/215\/216 (NTAG\u00ae)<\/td>\n<\/tr>\n<tr>\n<td>Bellek Boyutu<\/td>\n<td>144\/504\/888 bayt<\/td>\n<\/tr>\n<tr>\n<td>Boyut<\/td>\n<td>85,5*54mm\/\u00d6zel<\/td>\n<\/tr>\n<tr>\n<td>\u0130leti\u015fim aray\u00fcz\u00fc<\/td>\n<td>RFID, NFC<\/td>\n<\/tr>\n<tr>\n<td>Bask\u0131<\/td>\n<td>CMYK Ofset Bask\u0131<\/td>\n<\/tr>\n<tr>\n<td>Minimum Sipari\u015f Miktar\u0131 (MOQ)<\/td>\n<td>500<\/td>\n<\/tr>\n<tr>\n<td>\u00d6zel \u00d6zellikler<\/td>\n<td>Su ge\u00e7irmez \/ Hava ko\u015fullar\u0131na dayan\u0131kl\u0131, MINI TAG<\/td>\n<\/tr>\n<\/tbody>\n<\/table>\n<\/div>\n<\/div>\n<h3><strong><span style=\"color: #333399;\">5. Benzersiz Sat\u0131\u015f Noktalar\u0131: <\/span><\/strong><\/h3>\n<h3><strong>Suya ve Hava Ko\u015fullar\u0131na Dayan\u0131kl\u0131<\/strong><\/h3>\n<p>Fiziksel promosyon materyalleri i\u00e7in en \u00f6nemli endi\u015felerden biri dayan\u0131kl\u0131l\u0131kt\u0131r. NFC kartlar\u0131m\u0131z <strong>su ge\u00e7irmez ve hava ko\u015fullar\u0131na dayan\u0131kl\u0131<\/strong>\u00a0nitelikleri, ister i\u00e7 mekanda ister d\u0131\u015f mekanda olsun, \u00e7e\u015fitli ko\u015fullarda hayatta kalmalar\u0131n\u0131 sa\u011flar. Bu \u00f6zel \u00f6zellik, onlar\u0131 bir restoranda, bir perakende ma\u011fazas\u0131nda veya a\u00e7\u0131k hava etkinliklerinde olsun, herhangi bir pazarlama kampanyas\u0131 i\u00e7in uygun hale getirir.<\/p>\n<p>&nbsp;<\/p>\n<h2 style=\"text-align: center;\"><em><span style=\"color: #000080;\"><strong>\u00d6zel Logolu NFC Kartlar\u0131 Nas\u0131l Kullan\u0131l\u0131r<\/strong><\/span><\/em><\/h2>\n<p>NFC kartlar\u0131n\u0131n kullan\u0131m\u0131 olduk\u00e7a basittir:<\/p>\n<ol>\n<li>Kartlar\u0131 m\u00fc\u015fterilere da\u011f\u0131t\u0131n ve amac\u0131n\u0131 anlad\u0131klar\u0131ndan emin olun.<\/li>\n<li>M\u00fc\u015fteriler mobil cihazlar\u0131n\u0131 karta dokunduruyorlar.<\/li>\n<li>Cihaz, Yelp veya TripAdvisor gibi platformlardaki geri bildirim sayfan\u0131za ba\u011flan\u0131r.<\/li>\n<li>Di\u011fer m\u00fc\u015fterilerin de g\u00f6rebilece\u011fi bir yorum b\u0131rakmalar\u0131 i\u00e7in onlar\u0131 te\u015fvik edin.<\/li>\n<\/ol>\n<p>&nbsp;<\/p>\n<h2 style=\"text-align: center;\"><em><span style=\"color: #000080;\"><strong>M\u00fckemmel \u00d6zel Logolu NFC Kart\u0131n\u0131 Tasarlamak<\/strong><\/span><\/em><\/h2>\n<p>Tasar\u0131m\u0131n\u0131z <strong>inceleme kart\u0131<\/strong>\u00a0dikkat \u00e7ekmek i\u00e7in \u00e7ok \u00f6nemlidir. Markan\u0131z\u0131n renklerini, logosunu ve net bir harekete ge\u00e7irici mesaj\u0131 ekleyin. Y\u00fcksek kaliteli CMYK bask\u0131, tasar\u0131m\u0131n\u0131z\u0131n yaln\u0131zca g\u00f6z al\u0131c\u0131 de\u011fil ayn\u0131 zamanda markan\u0131z\u0131n ruhunu da yans\u0131tmas\u0131n\u0131 sa\u011flayarak m\u00fc\u015fterilerinizin kartlar\u0131n\u0131zla etkile\u015fime girmek i\u00e7in heyecanlanmas\u0131n\u0131 sa\u011flar.<\/p>\n<p>&nbsp;<\/p>\n<h2 style=\"text-align: center;\"><em><span style=\"color: #000080;\"><strong>NFC Kartlar\u0131n\u0131n \u00c7evresel Etkisi<\/strong><\/span><\/em><\/h2>\n<p>H\u0131zla de\u011fi\u015fen bir d\u00fcnyada s\u00fcrd\u00fcr\u00fclebilirlik anahtard\u0131r. NFC kartlar\u0131m\u0131z \u00e7evre dostu PVC malzemelerden yap\u0131lm\u0131\u015ft\u0131r ve geleneksel inceleme toplama y\u00f6ntemleriyle ili\u015fkili \u00e7evresel ayak izini azalt\u0131r. Dijital \u00e7\u00f6z\u00fcmlere ge\u00e7i\u015f, \u00f6rne\u011fin <strong>NFC teknolojisi<\/strong>\u00a0Daha s\u00fcrd\u00fcr\u00fclebilir bir i\u015f modeline katk\u0131da bulunur.<\/p>\n<p>&nbsp;<\/p>\n<h2 style=\"text-align: center;\"><em><span style=\"color: #000080;\"><strong>M\u00fc\u015fteri Yorumlar\u0131<\/strong><\/span><\/em><\/h2>\n<p>Kullan\u0131c\u0131lardan Ger\u00e7ek Geri BildirimlerZaten entegre etmi\u015f olan m\u00fc\u015fteriler <strong>NFC kartlar\u0131<\/strong>\u00a0i\u015fletmelerine kat\u0131l\u0131m seviyelerinde ve geri bildirim kalitesinde \u00f6nemli art\u0131\u015flar bildiriyorlar. \u0130\u015fte baz\u0131 referanslar:<\/p>\n<ul>\n<li><span style=\"color: #008080;\"><strong>\u201cNFC kartlar\u0131 inceleme toplamay\u0131 \u00e7ok daha kolay hale getirdi. M\u00fc\u015fterilerimiz ne kadar h\u0131zl\u0131 ve basit oldu\u011funu seviyor!\u201d<\/strong><\/span> \u2013 Emily R.<\/li>\n<li><span style=\"color: #666699;\"><strong>\u201cNFC kartlar\u0131n\u0131 kullanmaya ba\u015flad\u0131ktan sonra geri bildirimlerde 40% art\u0131\u015f g\u00f6rd\u00fck. \u00c7evrimi\u00e7i itibar\u0131m\u0131z i\u00e7in harika oldu.\u201d<\/strong><\/span> \u2013 Mike T.<\/li>\n<\/ul>","protected":false},"excerpt":{"rendered":"<p>\u00d6zel Logo NFC Kartlar\u0131, kolay ve temass\u0131z inceleme g\u00f6nderimini sa\u011flayarak m\u00fc\u015fteri etkile\u015fimini art\u0131r\u0131r ve su ge\u00e7irmez dayan\u0131kl\u0131l\u0131\u011f\u0131yla \u00e7evrimi\u00e7i itibar\u0131 g\u00fc\u00e7lendirir.<\/p>","protected":false},"featured_media":3462,"template":"","meta":[],"product_brand":[],"product_cat":[46],"product_tag":[],"class_list":{"0":"post-3460","1":"product","2":"type-product","3":"status-publish","4":"has-post-thumbnail","6":"product_cat-nfc-cards","8":"first","9":"instock","10":"shipping-taxable","11":"product-type-simple"},"_links":{"self":[{"href":"https:\/\/nfc-readers.com\/tr\/wp-json\/wp\/v2\/product\/3460","targetHints":{"allow":["GET"]}}],"collection":[{"href":"https:\/\/nfc-readers.com\/tr\/wp-json\/wp\/v2\/product"}],"about":[{"href":"https:\/\/nfc-readers.com\/tr\/wp-json\/wp\/v2\/types\/product"}],"wp:featuredmedia":[{"embeddable":true,"href":"https:\/\/nfc-readers.com\/tr\/wp-json\/wp\/v2\/media\/3462"}],"wp:attachment":[{"href":"https:\/\/nfc-readers.com\/tr\/wp-json\/wp\/v2\/media?parent=3460"}],"wp:term":[{"taxonomy":"product_brand","embeddable":true,"href":"https:\/\/nfc-readers.com\/tr\/wp-json\/wp\/v2\/product_brand?post=3460"},{"taxonomy":"product_cat","embeddable":true,"href":"https:\/\/nfc-readers.com\/tr\/wp-json\/wp\/v2\/product_cat?post=3460"},{"taxonomy":"product_tag","embeddable":true,"href":"https:\/\/nfc-readers.com\/tr\/wp-json\/wp\/v2\/product_tag?post=3460"}],"curies":[{"name":"wp","href":"https:\/\/api.w.org\/{rel}","templated":true}]}}