{"id":3498,"date":"2024-11-04T07:04:41","date_gmt":"2024-11-04T07:04:41","guid":{"rendered":"https:\/\/nfc-readers.com\/?post_type=product&#038;p=3498"},"modified":"2024-11-04T08:28:09","modified_gmt":"2024-11-04T08:28:09","slug":"tap-url-writing-social-business-facebook-review-nfc-cards","status":"publish","type":"product","link":"https:\/\/nfc-readers.com\/tr\/ic-reader\/tap-url-writing-social-business-facebook-review-nfc-cards\/","title":{"rendered":"Dokunma URL Yazma Sosyal \u0130\u015fletme Facebook \u0130nceleme NFC Kartlar\u0131"},"content":{"rendered":"<h1><span style=\"color: #000080;\"><strong>Dokunma URL Yazma Sosyal \u0130\u015fletme Facebook \u0130nceleme NFC Kartlar\u0131<\/strong><\/span><\/h1>\n<p><span style=\"color: #333399;\">G\u00fcn\u00fcm\u00fcz\u00fcn h\u0131zl\u0131 dijital d\u00fcnyas\u0131nda, i\u015fletmeler m\u00fc\u015fterileriyle kusursuz ba\u011flant\u0131 ve etkile\u015fim i\u00e7in \u00e7abal\u0131yor. NFC kartlar\u0131, fiziksel ve dijital alanlar aras\u0131ndaki bo\u015flu\u011fu kapatan devrim niteli\u011finde bir ara\u00e7 olarak ortaya \u00e7\u0131kt\u0131. Tap URL Writing gibi dikkat \u00e7ekici \u00f6zellikleriyle, sosyal i\u015fletme entegrasyonu ve Facebook Yorumlar\u0131 gibi yollarla m\u00fc\u015fteri etkile\u015fimini art\u0131rmak i\u00e7in g\u00fc\u00e7l\u00fc bir ortam g\u00f6revi g\u00f6r\u00fcyorlar. Bu makale, NFC kartlar\u0131m\u0131z\u0131n cazibesini ve avantajlar\u0131n\u0131 ve i\u015fletme operasyonlar\u0131n\u0131z\u0131 nas\u0131l d\u00f6n\u00fc\u015ft\u00fcrebileceklerini derinlemesine inceliyor.<\/span><\/p>\n<h2><\/h2>\n<h2 style=\"text-align: center;\"><em><strong><span style=\"color: #000080;\">Neden NFC Kartlar\u0131na Yat\u0131r\u0131m Yapmal\u0131s\u0131n\u0131z?<\/span><\/strong><\/em><\/h2>\n<p style=\"text-align: left;\">NFC kartlar\u0131, m\u00fc\u015fteri etkile\u015fiminin ve marka tan\u0131t\u0131m\u0131n\u0131n karma\u015f\u0131kl\u0131\u011f\u0131n\u0131 basitle\u015ftirir. URL yazma ve Facebook gibi sosyal medya incelemelerine ba\u011flant\u0131 verme gibi yeteneklerle bu kartlar, pazarlama i\u00e7in yeni yollar yarat\u0131rken m\u00fc\u015fteri deneyimlerini geli\u015ftirir. Su ge\u00e7irmez yap\u0131lar\u0131 ve kapsaml\u0131 bellek se\u00e7enekleri, yaln\u0131zca kalite standartlar\u0131n\u0131 kar\u015f\u0131lamalar\u0131n\u0131 de\u011fil, ayn\u0131 zamanda farkl\u0131 ortamlarda da hayatta kalmalar\u0131n\u0131 sa\u011flayarak onlar\u0131 i\u015fletmeler i\u00e7in m\u00fckemmel bir yat\u0131r\u0131m haline getirir.<\/p>\n<p>&nbsp;<\/p>\n<p>&nbsp;<\/p>\n<h2 style=\"text-align: center;\"><em><span style=\"color: #000080;\"><strong>NFC Kartlar\u0131na Genel Bak\u0131\u015f<\/strong><\/span><\/em><\/h2>\n<h3><span style=\"color: #333399;\"><strong> NFC Kartlar\u0131n\u0131n Temel \u00d6zellikleri<\/strong><\/span><\/h3>\n<p>NFC kartlar\u0131, modern i\u015f ihtiya\u00e7lar\u0131n\u0131 kar\u015f\u0131layan \u00e7e\u015fitli temel \u00f6zelliklerle tasarlanm\u0131\u015ft\u0131r:<br \/>\n<strong>Su Ge\u00e7irmez \/ Hava Ko\u015fullar\u0131na Dayan\u0131kl\u0131:<\/strong><\/p>\n<p>Uzun \u00f6m\u00fcrl\u00fc olacak \u015fekilde \u00fcretilen NFC kartlar\u0131m\u0131z \u00e7e\u015fitli \u00e7evre ko\u015fullar\u0131na dayanabilir. Bu dayan\u0131kl\u0131l\u0131k, onlar\u0131 a\u00e7\u0131k hava pazarlamas\u0131nda, etkinliklerde veya geleneksel kartlar\u0131n muhtemelen ba\u015far\u0131s\u0131z olaca\u011f\u0131 herhangi bir yerde kullanabilece\u011finiz anlam\u0131na gelir.<\/p>\n<p><strong>\u0130leti\u015fim Aray\u00fcz\u00fc:<\/strong><\/p>\n<p>NFC (Yak\u0131n Alan \u0130leti\u015fimi) teknolojisinin kullan\u0131lmas\u0131, rahat temass\u0131z ileti\u015fime olanak tan\u0131r. Bu \u00f6zellik yaln\u0131zca i\u015flemleri basitle\u015ftirmekle kalmaz, ayn\u0131 zamanda i\u015f bilgilerinin payla\u015f\u0131lmas\u0131n\u0131 da zahmetsiz hale getirir.<\/p>\n<p><strong>Sekt\u00f6re \u00d6zel Nitelikler:<\/strong><\/p>\n<p>NFC kartlar\u0131 \u00f6zellikle kimliklendirme ve kontrol \u00e7\u00f6z\u00fcmlerine ihtiya\u00e7 duyan belirli sekt\u00f6rler i\u00e7in olduk\u00e7a faydal\u0131d\u0131r.<\/p>\n<p>Perakendeden konaklama sekt\u00f6r\u00fcne kadar bir\u00e7ok sekt\u00f6r bu kartlar\u0131n \u00f6zelliklerinden faydalanabilir.<\/p>\n<p><strong>\u00d6zel \u00d6l\u00e7\u00fcler ve Tasar\u0131mlar:<\/strong><\/p>\n<p>NFC kartlar\u0131m\u0131z \u015firketinizin markas\u0131na m\u00fckemmel \u015fekilde uyacak \u015fekilde \u00e7e\u015fitli boyutlarda (85,5 * 54 mm standart veya \u00f6zel \u00f6l\u00e7\u00fcler) ve tasar\u0131mlarda \u00f6zelle\u015ftirilebilir.<\/p>\n<p><strong>Geli\u015fmi\u015f \u00c7ip Teknolojisi:<\/strong><\/p>\n<p>NTAG213,215 ve 216 (NXP BV&#039;nin tescilli markalar\u0131) gibi \u00e7ipleri kullanan kartlar\u0131m\u0131z, y\u00fcksek performans ve h\u0131zl\u0131 veri payla\u015f\u0131m yeteneklerini garanti eder.<\/p>\n<h3><span style=\"color: #333399;\"><strong>NFC Kartlar\u0131m\u0131z\u0131n \u00d6zel \u00d6zellikleri<\/strong><\/span><\/h3>\n<h3><strong>\u00c7ok Ama\u00e7l\u0131 \u0130\u015flevsellik<\/strong><\/h3>\n<p><span style=\"color: #008080;\">Kimlik do\u011frulama, eri\u015fim kontrol\u00fc, sadakat programlar\u0131 veya sadece bir pazarlama arac\u0131 olarak kullan\u0131ls\u0131n, NFC kartlar\u0131 \u00e7ok y\u00f6nl\u00fcd\u00fcr:<\/span><\/p>\n<p><strong>Tap URL Yazma \u0130\u015flevi: <\/strong><\/p>\n<p>Kullan\u0131c\u0131lar\u0131n telefonlar\u0131n\u0131 NFC kart\u0131na dokundurmalar\u0131n\u0131 sa\u011flamak, onlar\u0131 otomatik olarak i\u015fletme web siteleri veya sosyal medya profilleri gibi belirtilen URL&#039;lere y\u00f6nlendirir. Bu i\u015flevsellik, \u00fcr\u00fcnleri veya hizmetleri etkili bir \u015fekilde tan\u0131tmak i\u00e7in hayati \u00f6nem ta\u015f\u0131r.<\/p>\n<p><strong>Sosyal \u0130\u015fletme \u0130ncelemeleri:<\/strong><\/p>\n<p>\u00d6zel bir Facebook yorum ba\u011flant\u0131s\u0131yla potansiyel m\u00fc\u015fterileriniz, an\u0131nda g\u00fcven olu\u015fturan referanslar\u0131 ve deneyimleri okuyabilir.<\/p>\n<h2><\/h2>\n<h2 style=\"text-align: center;\"><em><span style=\"color: #000080;\"><strong>\u00c7evre Dostu<\/strong><\/span><\/em><\/h2>\n<p>PVC gibi \u00e7evre dostu malzemelerden \u00fcretilen NFC kartlar\u0131m\u0131z yaln\u0131zca sa\u011flam olmakla kalm\u0131yor, ayn\u0131 zamanda s\u00fcrd\u00fcr\u00fclebilirli\u011fe de \u00f6ncelik veriyor:<\/p>\n<p><strong>Geri D\u00f6n\u00fc\u015ft\u00fcr\u00fclebilir Malzemeler:<\/strong> \u00c7evresel sorumluluk taahh\u00fcd\u00fcm\u00fcz, kart\u0131n kullan\u0131m \u00f6mr\u00fc sona erdi\u011finde geri d\u00f6n\u00fc\u015ft\u00fcr\u00fclebilece\u011fi ve b\u00f6ylece karbon ayak izinizin azalt\u0131labilece\u011fi anlam\u0131na gelir.<\/p>\n<h2 style=\"text-align: center;\"><span style=\"color: #000080;\"><em><strong>Bilmeniz Gereken Teknik \u00d6zellikler<\/strong><\/em><\/span><\/h2>\n<p><strong><span style=\"color: #008080;\">| \u00d6zellikler | Detaylar |<\/span><\/strong><br \/>\n<strong><span style=\"color: #008080;\">|&#8212;&#8212;&#8212;&#8212;&#8212;&#8212;&#8212;&#8212;|&#8212;&#8212;&#8212;&#8212;&#8212;&#8212;&#8212;&#8212;&#8212;&#8212;&#8212;&#8212;&#8212;&#8212;&#8212;-|<\/span><\/strong><br \/>\n<strong><span style=\"color: #008080;\">| Frekans |13.56 MHz |<\/span><\/strong><br \/>\n<strong><span style=\"color: #008080;\">| Bellek Se\u00e7enekleri | 144\/504\/888 bayt |<\/span><\/strong><br \/>\n<strong><span style=\"color: #008080;\">| Malzeme | PVC\/Epoksi\/Ka\u011f\u0131t\/PET |<\/span><\/strong><br \/>\n<strong><span style=\"color: #008080;\">| Boyut | \u00d6zelle\u015ftirilebilir, standart85,5 * 54 mm |<\/span><\/strong><br \/>\n<strong><span style=\"color: #008080;\">| Mikro\u00e7ip | NTAG213\/215\/216 |<\/span><\/strong><br \/>\n<strong><span style=\"color: #008080;\">| Okuma Mesafesi | 2-10 cm |<\/span><\/strong><br \/>\n<strong><span style=\"color: #008080;\">| El Sanatlar\u0131 | QR Kod, M\u00fcrekkep P\u00fcsk\u00fcrtmeli Bask\u0131, Lazer Grav\u00fcr|<\/span><\/strong><br \/>\n<strong><span style=\"color: #008080;\">| Minimum Sipari\u015f Miktar\u0131 (MOQ) | 500 adet |<\/span><\/strong><\/p>\n<p>&nbsp;<\/p>\n<h2 style=\"text-align: center;\"><em><strong><span style=\"color: #000080;\">Kullan\u0131m Talimatlar\u0131<\/span><\/strong><\/em><\/h2>\n<p>NFC kartlar\u0131n\u0131 kullanmak dokunmak kadar kolayd\u0131r. NFC \u00f6zellikli cihaz\u0131n\u0131z\u0131 kart\u0131n yak\u0131n\u0131na tutman\u0131z yeterlidir ve \u00fczerinde tan\u0131mlanan eylemi tetikler. \u0130\u015fte h\u0131zl\u0131 bir kullan\u0131c\u0131 k\u0131lavuzu:<br \/>\nAk\u0131ll\u0131 telefonunuzda NFC \u00f6zelli\u011finin etkin oldu\u011fundan emin olun.<br \/>\nCihaz\u0131n\u0131z\u0131 NFC kart\u0131na yakla\u015ft\u0131r\u0131n.<br \/>\nEkran\u0131n\u0131zda istedi\u011finiz URL&#039;ye veya sosyal medya sayfas\u0131na y\u00f6nlendirecek bildirimin veya istemin g\u00f6r\u00fcnmesini bekleyin.<\/p>\n<h2 style=\"text-align: center;\"><em><span style=\"color: #000080;\"><strong>M\u00fc\u015fteri Geri Bildirimleri ve G\u00f6r\u00fc\u015fleri<\/strong><\/span><\/em><\/h2>\n<p><strong>Ger\u00e7ek D\u00fcnya Uygulamalar\u0131<\/strong><\/p>\n<p>M\u00fc\u015fterilerimiz NFC kartlar\u0131m\u0131z\u0131 \u00e7e\u015fitli \u015fekillerde kullanmaktad\u0131r:<br \/>\nSadakat Programlar\u0131: \u0130\u015fletmeler, NFC kartlar\u0131n\u0131 sadakat programlar\u0131na entegre ederek m\u00fc\u015fterilerinin basit bir dokunu\u015fla \u00f6d\u00fcllere eri\u015fmesini sa\u011fl\u0131yor.<\/p>\n<p><strong>Etkinlik Kat\u0131l\u0131m\u0131: <\/strong><\/p>\n<p>Fuar ve etkinliklerde \u015firketler bu kartlar\u0131 ziyaret\u00e7ilere an\u0131nda bilgi sa\u011flamak ve b\u00f6ylece etkile\u015fimi art\u0131rmak i\u00e7in kullan\u0131yorlar.<\/p>","protected":false},"excerpt":{"rendered":"<p>NFC kartlar\u0131n\u0131n dijital ve fiziksel d\u00fcnyalar aras\u0131nda nas\u0131l bir k\u00f6pr\u00fc olu\u015fturdu\u011funu, m\u00fc\u015fteri etkile\u015fimini nas\u0131l art\u0131rd\u0131\u011f\u0131n\u0131 ve sosyal incelemelere ve bilgilere eri\u015fimi nas\u0131l kolayla\u015ft\u0131rd\u0131\u011f\u0131n\u0131 ke\u015ffedin.<\/p>","protected":false},"featured_media":3494,"template":"","meta":[],"product_brand":[],"product_cat":[46],"product_tag":[],"class_list":{"0":"post-3498","1":"product","2":"type-product","3":"status-publish","4":"has-post-thumbnail","6":"product_cat-nfc-cards","8":"first","9":"instock","10":"shipping-taxable","11":"product-type-simple"},"_links":{"self":[{"href":"https:\/\/nfc-readers.com\/tr\/wp-json\/wp\/v2\/product\/3498","targetHints":{"allow":["GET"]}}],"collection":[{"href":"https:\/\/nfc-readers.com\/tr\/wp-json\/wp\/v2\/product"}],"about":[{"href":"https:\/\/nfc-readers.com\/tr\/wp-json\/wp\/v2\/types\/product"}],"wp:featuredmedia":[{"embeddable":true,"href":"https:\/\/nfc-readers.com\/tr\/wp-json\/wp\/v2\/media\/3494"}],"wp:attachment":[{"href":"https:\/\/nfc-readers.com\/tr\/wp-json\/wp\/v2\/media?parent=3498"}],"wp:term":[{"taxonomy":"product_brand","embeddable":true,"href":"https:\/\/nfc-readers.com\/tr\/wp-json\/wp\/v2\/product_brand?post=3498"},{"taxonomy":"product_cat","embeddable":true,"href":"https:\/\/nfc-readers.com\/tr\/wp-json\/wp\/v2\/product_cat?post=3498"},{"taxonomy":"product_tag","embeddable":true,"href":"https:\/\/nfc-readers.com\/tr\/wp-json\/wp\/v2\/product_tag?post=3498"}],"curies":[{"name":"wp","href":"https:\/\/api.w.org\/{rel}","templated":true}]}}