{"id":3499,"date":"2024-11-04T07:44:11","date_gmt":"2024-11-04T07:44:11","guid":{"rendered":"https:\/\/nfc-readers.com\/?post_type=product&#038;p=3499"},"modified":"2024-11-04T08:27:35","modified_gmt":"2024-11-04T08:27:35","slug":"mifare-1k-4k-s50-membership-loyalty-colorful-hotel-key-card","status":"publish","type":"product","link":"https:\/\/nfc-readers.com\/tr\/ic-reader\/mifare-1k-4k-s50-membership-loyalty-colorful-hotel-key-card\/","title":{"rendered":"Mifare 1k 4k S50 \u00fcyelik sadakat renkli otel anahtar kart\u0131"},"content":{"rendered":"<h1><span style=\"color: #000080;\"><strong>Mifare 1k 4k S50 \u00fcyelik sadakat renkli otel anahtar kart\u0131<\/strong><\/span><\/h1>\n<p><span style=\"color: #666699;\">Dijitalle\u015fme \u00e7a\u011f\u0131nda, etkili eri\u015fim kontrol\u00fcn\u00fcn ve m\u00fc\u015fteri kat\u0131l\u0131m\u0131n\u0131n \u00f6nemi hafife al\u0131namaz. <strong>Mifare1k4k S50 \u00fcyelik sadakat renkli otel anahtar kart\u0131<\/strong>\u00a0misafirperverlik ve \u00fcyelik sekt\u00f6rlerinde temel bir \u00fcr\u00fcn olarak \u00f6ne \u00e7\u0131k\u0131yor. Bu \u00e7ok y\u00f6nl\u00fc kartlar, g\u00fcvenli eri\u015fim i\u00e7in RFID teknolojisini sorunsuz bir \u015fekilde entegre ediyor ve sadakat programlar\u0131 arac\u0131l\u0131\u011f\u0131yla misafir deneyimlerini geli\u015ftiriyor. Bu makale, Mifare S50 kart\u0131n\u0131n ilgi \u00e7ekici \u00f6zelliklerini, avantajlar\u0131n\u0131 ve uygulamalar\u0131n\u0131 inceliyor.<\/span><\/p>\n<p>&nbsp;<\/p>\n<h2 style=\"text-align: center;\"><em><span style=\"color: #000080;\"><strong>Mifare1k4k S50 \u00dcyelik Sadakat Renkli Otel Anahtar Kartlar\u0131na Neden Yat\u0131r\u0131m Yapmal\u0131s\u0131n\u0131z?<\/strong><\/span><\/em><\/h2>\n<p><span style=\"color: #333333;\"><strong>Mifare \u00fcyelik sadakat kartlar\u0131na yat\u0131r\u0131m yapmak i\u015fletmelere \u015funlar\u0131 sunar: <span style=\"color: #333399;\">M\u00fc\u015fteri deneyimini ve g\u00fcvenli\u011fini art\u0131rmak i\u00e7in e\u015fsiz bir f\u0131rsat<\/span>. \u00d6zellikle misafirperverlik sekt\u00f6r\u00fcne \u00f6zel olarak uyarlanm\u0131\u015f \u00f6zelliklerle, bu kartlar ki\u015fiselle\u015ftirilmi\u015f m\u00fc\u015fteri etkile\u015fimlerini kolayla\u015ft\u0131r\u0131rken misafir giri\u015f s\u00fcre\u00e7lerini kolayla\u015ft\u0131r\u0131r. \u0130ster oda y\u00f6neten bir otel olun, ister sadakat \u00e7\u00f6z\u00fcmleri arayan bir i\u015fletme olun, bu kartlar g\u00fcvenilirlik ve emniyeti garanti eder.<\/strong><\/span><\/p>\n<p><span style=\"color: #333333;\"><strong><span style=\"color: #333399;\">Canl\u0131 renkler ve \u00f6zelle\u015ftirilebilir tasar\u0131mlar<\/span> Mifare \u00fcyelik kartlar\u0131n\u0131 yaln\u0131zca i\u015flevsel de\u011fil ayn\u0131 zamanda misafirler i\u00e7in g\u00f6rsel olarak da \u00e7ekici hale getirin. Oteller, misafir tan\u0131ma ve hat\u0131rlamay\u0131 geli\u015ftiren markalama \u00f6\u011felerini dahil edebildi\u011finden, hem kimlik hem de pazarlama arac\u0131 olarak hizmet ederler.<\/strong><\/span><\/p>\n<p>&nbsp;<\/p>\n<p>&nbsp;<\/p>\n<h2 style=\"text-align: center;\"><em><span style=\"color: #000080;\"><strong>\u00dcr\u00fcn Anahatt\u0131<\/strong><\/span><\/em><\/h2>\n<h3><strong><span style=\"color: #333399;\">1. Mifare Kartlar\u0131n\u0131n Temel \u00d6zellikleri<\/span><\/strong><\/h3>\n<h4>The <strong>Mifare1k4k S50<\/strong>\u00a0Anahtar kartlar, \u00e7e\u015fitli temel \u00f6zellikler arac\u0131l\u0131\u011f\u0131yla kullan\u0131c\u0131 deneyimini geli\u015ftirmek i\u00e7in tasarlanm\u0131\u015ft\u0131r:<\/h4>\n<h4><span style=\"color: #008080;\"><strong>Dayan\u0131kl\u0131l\u0131k ve \u00c7ok Y\u00f6nl\u00fcl\u00fck<\/strong><\/span><\/h4>\n<h4>\u0130n\u015fa edildi\u00a0<strong>PVC\/PET<\/strong>, bu kartlar sadece su ge\u00e7irmez de\u011fil ayn\u0131 zamanda hava ko\u015fullar\u0131na dayan\u0131kl\u0131d\u0131r ve \u00e7e\u015fitli \u00e7evre ko\u015fullar\u0131nda uzun \u00f6m\u00fcrl\u00fc olmas\u0131n\u0131 sa\u011flar. \u0130ster i\u00e7 mekanda ister d\u0131\u015f mekanda kullan\u0131ls\u0131n, dayan\u0131kl\u0131l\u0131klar\u0131 uzun s\u00fcreli kullan\u0131labilirli\u011fi garanti eder.<\/h4>\n<h4><span style=\"color: #008080;\"><strong>Ak\u0131ll\u0131 Kart Teknolojisi<\/strong><\/span><\/h4>\n<h4>Bu kartlar \u015funlar\u0131 kullan\u0131r:\u00a0<strong>RFID teknolojisi<\/strong>\u00a0frekans\u0131nda \u00e7al\u0131\u015fmak\u00a0<strong>13,56 MHz<\/strong>, g\u00fcvenli, temass\u0131z i\u015flemlere olanak tan\u0131r. NXP&#039;nin \u00e7ip teknolojisinin entegrasyonu, y\u00fcksek performans ve g\u00fcvenilirlik sa\u011flarken mevcut eri\u015fim kontrol sistemleriyle uyumlulu\u011fu garanti eder.<\/h4>\n<p>&nbsp;<\/p>\n<h3><span style=\"color: #333399;\"><strong>2. Mifare Kartlar\u0131 \u0130\u00e7in Sekt\u00f6re \u00d6zel Uygulamalar<\/strong><\/span><\/h3>\n<p>Mifare kartlar, \u00f6zellikle konaklama sekt\u00f6r\u00fcnde eri\u015fim kontrol\u00fc i\u00e7in olmak \u00fczere farkl\u0131 sekt\u00f6rlerde yayg\u0131n olarak kullan\u0131lmaktad\u0131r:<\/p>\n<h4><span style=\"color: #008080;\"><strong>Misafirperverlik Sekt\u00f6r\u00fc<\/strong><\/span><\/h4>\n<h4>Otelciler oda eri\u015fimi ve \u00f6demeler i\u00e7in Mifare kartlar\u0131n\u0131 kullan\u0131rlar. Misafirler, geleneksel anahtarlara olan ihtiyac\u0131 ortadan kald\u0131rarak, kartlar\u0131na basit bir dokunu\u015fla odalar\u0131na kolayca girebilirler.<\/h4>\n<h4><span style=\"color: #008080;\"><strong>\u00dcyelik ve Sadakat Programlar\u0131<\/strong><\/span><\/h4>\n<h4>Sadakat programlar\u0131 uygulayan i\u015fletmeler, sat\u0131n al\u0131mlar i\u00e7in puan biriktiren Mifare kartlar\u0131 verebilir. Bu, tekrarlanan i\u015fleri te\u015fvik eder ve sad\u0131k m\u00fc\u015fterileri etkili bir \u015fekilde \u00f6d\u00fcllendirir.<\/h4>\n<p>&nbsp;<\/p>\n<h3><span style=\"color: #333399;\"><strong>3. Teknik \u00d6zellikler <\/strong><\/span><\/h3>\n<p>\u00d6nemliTeknik detaylar\u0131 anlamak, i\u015fletmelerin bilin\u00e7li kararlar almas\u0131 i\u00e7in \u00e7ok \u00f6nemlidir. \u0130\u015fte Mifare1k S50 kart\u0131n\u0131n \u00f6ne \u00e7\u0131kan \u00f6zellikleri:<\/p>\n<div class=\"table-with-header rounded-lg border border-solid border-grey-line2-normal w-fit max-w-full mb-2\">\n<div class=\"overflow-x-auto custom-scrollbar custom-scrollbar-float max-w-full\">\n<table class=\"w-fit !mb-0 !max-w-none\">\n<thead>\n<tr>\n<th>\u015eartname<\/th>\n<th>Detaylar<\/th>\n<\/tr>\n<\/thead>\n<tbody>\n<tr>\n<td>S\u0131kl\u0131k<\/td>\n<td>13,56 MHz<\/td>\n<\/tr>\n<tr>\n<td>Bellek Se\u00e7enekleri<\/td>\n<td>1k,4k<\/td>\n<\/tr>\n<tr>\n<td>Malzeme<\/td>\n<td>PVC\/PET<\/td>\n<\/tr>\n<tr>\n<td>Boyut<\/td>\n<td>85,5 mm x 54 mm\/\u00d6zel<\/td>\n<\/tr>\n<tr>\n<td>Yonga<\/td>\n<td>MIFARE Klasik1K<\/td>\n<\/tr>\n<tr>\n<td>Okuma Mesafesi<\/td>\n<td>2-10 cm<\/td>\n<\/tr>\n<tr>\n<td>Zanaat<\/td>\n<td>Lazer Kodu, UV M\u00fcrekkep, Seri Numaras\u0131<\/td>\n<\/tr>\n<\/tbody>\n<\/table>\n<p>&nbsp;<\/p>\n<\/div>\n<\/div>\n<h2 style=\"text-align: center;\"><em><span style=\"color: #000080;\"><strong>Mifare Kartlar\u0131n\u0131n \u00c7evresel Etkisi<\/strong><\/span><\/em><\/h2>\n<p>\u00c7evre dostu olmak g\u00fcn\u00fcm\u00fcz pazar\u0131nda giderek daha da \u00f6nemli hale geliyor ve Mifare kartlar s\u00fcrd\u00fcr\u00fclebilir uygulamalarla \u00f6rt\u00fc\u015f\u00fcyor.<\/p>\n<h3><strong><span style=\"color: #008080;\">S\u00fcrd\u00fcr\u00fclebilir Malzemeler<\/span><\/strong><\/h3>\n<h4>\u00c7evre bilincine sahip olarak in\u015fa edilmi\u015ftir\u00a0<strong>PVC ve PET malzemeler<\/strong>, bu kartlar \u00e7evresel etkiyi en aza indirir. Ya\u015fam d\u00f6ng\u00fclerinin sonunda geri d\u00f6n\u00fc\u015ft\u00fcr\u00fclebilir ve daha ye\u015fil bir gezegene katk\u0131da bulunabilirler.<\/h4>\n<h3><span style=\"color: #008080;\"><strong>Karbon Ayak \u0130zi Azaltma<\/strong><\/span><\/h3>\n<h4>Temass\u0131z eri\u015fimi kolayla\u015ft\u0131rarak i\u015fletmeler karbon ayak izlerini azaltabilir ve ka\u011f\u0131t tabanl\u0131 bilet sistemlerine olan ihtiyac\u0131 azaltabilir, b\u00f6ylece operasyonlar\u0131 genelinde s\u00fcrd\u00fcr\u00fclebilirli\u011fi te\u015fvik edebilirler.<\/h4>\n<p>&nbsp;<\/p>\n<p>&nbsp;<\/p>\n<h2 style=\"text-align: center;\"><em><span style=\"color: #000080;\"><strong>SSS<\/strong><\/span><\/em><\/h2>\n<h4><span style=\"color: #008080;\"><strong>S1: Mifare kartlar mevcut sistemlerle uyumlu mu?<\/strong><\/span><\/h4>\n<p><strong>A1:<\/strong>\u00a0Evet, Mifare kartlar\u0131 geni\u015f bir RFID okuyucu ve eri\u015fim kontrol sistemleri yelpazesiyle, \u00f6zellikle ISO\/IEC14443 Tip A standard\u0131n\u0131 kullananlarla uyumlu olacak \u015fekilde tasarlanm\u0131\u015ft\u0131r. Bu esneklik, i\u015fletmelerin Mifare kartlar\u0131n\u0131 mevcut altyap\u0131lar\u0131na kolayca entegre edebilmelerini sa\u011flar.<\/p>\n<p>&nbsp;<\/p>\n<h4><strong><span style=\"color: #008080;\">S2: Mifare kartlar\u0131n g\u00fcvenli\u011fi nas\u0131l \u00e7al\u0131\u015f\u0131r?<\/span><\/strong><\/h4>\n<p><strong>A2:<\/strong>\u00a0Mifare kartlar\u0131, kart ve okuyucu aras\u0131ndaki veri transferini g\u00fcvence alt\u0131na almak i\u00e7in kar\u015f\u0131l\u0131kl\u0131 kimlik do\u011frulama ve \u015fifreleme protokollerini kullan\u0131r. Bu, yaln\u0131zca yetkili cihazlar\u0131n kartta depolanan bilgilere eri\u015febilmesini sa\u011flayarak hassas veriler i\u00e7in y\u00fcksek d\u00fczeyde g\u00fcvenlik sa\u011flar.<\/p>","protected":false},"excerpt":{"rendered":"<p>G\u00fcvenli eri\u015fim ve sadakat programlar\u0131 i\u00e7in Mifare1k4k S50 renkli otel anahtar kartlar\u0131n\u0131 ke\u015ffedin. \u00d6zelle\u015ftirilebilir, dayan\u0131kl\u0131 tasar\u0131mlarla konuk deneyimlerini geli\u015ftirin!<\/p>","protected":false},"featured_media":3356,"template":"","meta":[],"product_brand":[],"product_cat":[46],"product_tag":[],"class_list":{"0":"post-3499","1":"product","2":"type-product","3":"status-publish","4":"has-post-thumbnail","6":"product_cat-nfc-cards","8":"first","9":"instock","10":"shipping-taxable","11":"product-type-simple"},"_links":{"self":[{"href":"https:\/\/nfc-readers.com\/tr\/wp-json\/wp\/v2\/product\/3499","targetHints":{"allow":["GET"]}}],"collection":[{"href":"https:\/\/nfc-readers.com\/tr\/wp-json\/wp\/v2\/product"}],"about":[{"href":"https:\/\/nfc-readers.com\/tr\/wp-json\/wp\/v2\/types\/product"}],"wp:featuredmedia":[{"embeddable":true,"href":"https:\/\/nfc-readers.com\/tr\/wp-json\/wp\/v2\/media\/3356"}],"wp:attachment":[{"href":"https:\/\/nfc-readers.com\/tr\/wp-json\/wp\/v2\/media?parent=3499"}],"wp:term":[{"taxonomy":"product_brand","embeddable":true,"href":"https:\/\/nfc-readers.com\/tr\/wp-json\/wp\/v2\/product_brand?post=3499"},{"taxonomy":"product_cat","embeddable":true,"href":"https:\/\/nfc-readers.com\/tr\/wp-json\/wp\/v2\/product_cat?post=3499"},{"taxonomy":"product_tag","embeddable":true,"href":"https:\/\/nfc-readers.com\/tr\/wp-json\/wp\/v2\/product_tag?post=3499"}],"curies":[{"name":"wp","href":"https:\/\/api.w.org\/{rel}","templated":true}]}}