{"id":3505,"date":"2024-11-04T15:45:07","date_gmt":"2024-11-04T15:45:07","guid":{"rendered":"https:\/\/nfc-readers.com\/?post_type=product&#038;p=3505"},"modified":"2024-11-04T15:45:07","modified_gmt":"2024-11-04T15:45:07","slug":"high-quality-ntag-213-ntag-215-pvc-nfc-business-card","status":"publish","type":"product","link":"https:\/\/nfc-readers.com\/tr\/ic-reader\/high-quality-ntag-213-ntag-215-pvc-nfc-business-card\/","title":{"rendered":"Y\u00fcksek kaliteli NTAG 213 NTAG 215 PVC NFC kartvizit"},"content":{"rendered":"<h1><span style=\"color: #000080;\"><strong>Y\u00fcksek kaliteli NTAG 213 NTAG 215 PVC NFC kartvizit<\/strong><\/span><\/h1>\n<p><span style=\"color: #666699;\">Dijital \u00e7a\u011fda, kal\u0131c\u0131 bir izlenim b\u0131rakmay\u0131 hedefleyen i\u015fletmeler i\u00e7in etkili ileti\u015fim ve ba\u011flant\u0131 \u00e7ok \u00f6nemlidir. <strong>Y\u00fcksek Kaliteli NTAG213 NTAG215 PVC NFC Kartvizit<\/strong>\u00a0geli\u015fmi\u015f teknolojiyi pratiklikle birle\u015ftiren g\u00fc\u00e7l\u00fc bir ara\u00e7 olarak hizmet eder. Bilgiye kesintisiz eri\u015fim sunan bu NFC kartvizitler yaln\u0131zca a\u011f olu\u015fturma \u00e7abalar\u0131n\u0131 kolayla\u015ft\u0131rmakla kalmaz, ayn\u0131 zamanda profesyonel imaj\u0131n\u0131z\u0131 da y\u00fckseltir. Bu makale, bu kartvizitlerin e\u015fsiz avantajlar\u0131n\u0131 derinlemesine inceleyerek, \u00f6zel \u00f6zelliklerini, sekt\u00f6re \u00f6zg\u00fc niteliklerini ve \u00e7ok daha fazlas\u0131n\u0131 vurgular.<\/span><\/p>\n<p>&nbsp;<\/p>\n<h2 style=\"text-align: center;\"><em><span style=\"color: #000080;\"><strong>Neden NTAG213 NTAG215 PVC NFC Kartvizitlere Yat\u0131r\u0131m Yapmal\u0131s\u0131n\u0131z?<\/strong><\/span><\/em><\/h2>\n<p>Yat\u0131r\u0131m yapmak\u00a0<strong>NTAG213 NTAG215 PVC NFC kartvizitler<\/strong>\u00a0potansiyel m\u00fc\u015fterileriniz ve ortaklar\u0131n\u0131zla etkile\u015fim kurma \u015feklinizi d\u00f6n\u00fc\u015ft\u00fcrebilir. Geleneksel kartvizitlerin aksine, bu NFC \u00f6zellikli kartlar ileti\u015fim bilgilerinizi, sosyal medya ba\u011flant\u0131lar\u0131n\u0131z\u0131 ve promosyon i\u00e7eriklerinizi basit bir dokunu\u015fla zahmetsizce payla\u015fman\u0131z\u0131 sa\u011flar. Bu temass\u0131z teknoloji, hedef kitlenizle daha etkile\u015fimli bir ba\u011flant\u0131 kurarak rekabet\u00e7i ortamlarda \u00f6ne \u00e7\u0131kman\u0131z\u0131 sa\u011flar.<\/p>\n<p>Bu kartlar\u0131n dayan\u0131kl\u0131l\u0131\u011f\u0131 de\u011ferlerine de\u011fer katar. Y\u00fcksek kaliteli malzemelerden \u00fcretilmi\u015ftir\u00a0<strong>siyah PVC<\/strong>, NTAG213 ve NTAG215 kartlar\u0131\u00a0<strong>su ge\u00e7irmez<\/strong>\u00a0Ve\u00a0<strong>hava ko\u015fullar\u0131na dayan\u0131kl\u0131<\/strong>, \u00e7e\u015fitli \u00e7evre ko\u015fullar\u0131na dayan\u0131kl\u0131d\u0131r. Bu dayan\u0131kl\u0131l\u0131k, kartlar\u0131n\u0131z\u0131n zaman i\u00e7inde i\u015flevsel ve g\u00f6rsel olarak \u00e7ekici kalmas\u0131n\u0131 garanti eder ve her etkile\u015fimde profesyonelli\u011fi ve kaliteye olan ba\u011fl\u0131l\u0131\u011f\u0131 yans\u0131t\u0131r.<\/p>\n<p>&nbsp;<\/p>\n<hr \/>\n<h2 style=\"text-align: center;\"><span style=\"color: #000080;\"><em><strong>Teknik \u00d6zellikler<\/strong><\/em><\/span><\/h2>\n<p><span style=\"color: #008080;\"><strong>NTAG kartlar\u0131n\u0131n teknik ayr\u0131nt\u0131lar\u0131n\u0131 anlamak, bilin\u00e7li karar alma i\u00e7in \u00e7ok \u00f6nemlidir. \u0130\u015fte ayr\u0131nt\u0131l\u0131 bir genel bak\u0131\u015f:<\/strong><\/span><\/p>\n<div class=\"table-with-header rounded-lg border border-solid border-grey-line2-normal w-fit max-w-full mb-2\">\n<div class=\"overflow-x-auto custom-scrollbar custom-scrollbar-float max-w-full\">\n<table class=\"w-fit !mb-0 !max-w-none\" style=\"height: 288px;\" width=\"404\">\n<thead>\n<tr>\n<th>\u015eartname<\/th>\n<th>Detaylar<\/th>\n<\/tr>\n<\/thead>\n<tbody>\n<tr>\n<td><strong>Yonga<\/strong><\/td>\n<td>NTAG213 \/ NTAG215<\/td>\n<\/tr>\n<tr>\n<td><strong>Malzeme<\/strong><\/td>\n<td>Siyah PVC<\/td>\n<\/tr>\n<tr>\n<td><strong>Kal\u0131nl\u0131k<\/strong><\/td>\n<td>0,84 mm<\/td>\n<\/tr>\n<tr>\n<td><strong>S\u0131kl\u0131k<\/strong><\/td>\n<td>13,56 MHz<\/td>\n<\/tr>\n<tr>\n<td><strong>Protokol<\/strong><\/td>\n<td>ISO14443 Tip A<\/td>\n<\/tr>\n<tr>\n<td><strong>Y\u00fczey<\/strong><\/td>\n<td>Parlak Mat \/ Buzlu<\/td>\n<\/tr>\n<\/tbody>\n<\/table>\n<p>&nbsp;<\/p>\n<\/div>\n<\/div>\n<h2 style=\"text-align: center;\"><span style=\"color: #000080;\"><em><strong>\u00dcr\u00fcn Anahatt\u0131<\/strong><\/em><\/span><\/h2>\n<h4><span style=\"color: #008080;\"><strong>NTAG213 ve NTAG215 Kartlar\u0131n\u0131n Temel \u00d6zellikleri<\/strong><\/span><\/h4>\n<p>Birini se\u00e7erken\u00a0<strong>NFC kartvizit<\/strong>, temel niteliklerini anlamak \u00f6nemlidir.\u00a0<strong>NTAG213<\/strong>\u00a0Ve\u00a0<strong>NTAG215<\/strong>\u00a0modeller geli\u015fmi\u015f \u00f6zellikleri b\u00fcnyesinde bar\u0131nd\u0131r\u0131yor\u00a0<strong>RFID<\/strong>\u00a0temass\u0131z ileti\u015fimi m\u00fcmk\u00fcn k\u0131lan teknoloji. Frekansta \u00e7al\u0131\u015f\u0131yor\u00a0<strong>13,56 MHz<\/strong>Bu kartlar, okuma mesafesini destekler\u00a0<strong>2-10 cm<\/strong>kullan\u0131c\u0131 dostu ve verimli hale getiriyor.<\/p>\n<h2 style=\"text-align: center;\"><\/h2>\n<h2 style=\"text-align: center;\"><strong><em><span style=\"color: #000080;\">Avantajlar\u0131<\/span><\/em><\/strong><\/h2>\n<ul>\n<li><strong>Dayan\u0131kl\u0131l\u0131k<\/strong>: Kaliteli malzemeden \u00fcretilmi\u015ftir\u00a0<strong>siyah PVC<\/strong>, bu kartlar sa\u011flamd\u0131r ve uzun s\u00fcre dayanacak \u015fekilde tasarlanm\u0131\u015ft\u0131r. Hava ko\u015fullar\u0131na dayan\u0131kl\u0131l\u0131klar\u0131 onlar\u0131 g\u00fcnl\u00fck ta\u015f\u0131ma i\u00e7in uygun hale getirir.<\/li>\n<li><strong>\u00c7ok y\u00f6nl\u00fcl\u00fck<\/strong>: \u00c7e\u015fitli uygulamalar i\u00e7in m\u00fckemmel olan bu kartlar, eri\u015fim kontrol sistemleri, sadakat programlar\u0131 ve etkinlik biletleri i\u00e7in kullan\u0131labilir.<\/li>\n<\/ul>\n<hr \/>\n<h2><\/h2>\n<h2 style=\"text-align: center;\"><em><span style=\"color: #000080;\"><strong>NFC Kartvizitlerinin \u00d6zellikleri<\/strong><\/span><\/em><\/h2>\n<p>The\u00a0<strong>Y\u00fcksek Kaliteli NTAG213 NTAG215 PVC NFC Kartvizit<\/strong> modern profesyonellerin ihtiya\u00e7lar\u0131n\u0131 kar\u015f\u0131lamak \u00fczere tasarlanm\u0131\u015f benzersiz \u00f6zelliklerle donat\u0131lm\u0131\u015ft\u0131r.<\/p>\n<p>&nbsp;<\/p>\n<h2 style=\"text-align: center;\"><em><span style=\"color: #000080;\"><strong>\u0130leti\u015fim aray\u00fcz\u00fc<\/strong><\/span><\/em><\/h2>\n<p>Geli\u015fmi\u015f\u00a0<strong>ileti\u015fim aray\u00fcz\u00fc<\/strong>\u00a0taraf\u0131ndan sa\u011fland\u0131\u00a0<strong>RFID<\/strong>\u00a0teknoloji, an\u0131nda ba\u011flant\u0131lara izin vererek p\u00fcr\u00fczs\u00fcz ve etkili bir veri aktar\u0131m\u0131 sa\u011flar. Bu kartlarda kullan\u0131lan NTAG \u00e7ipleri h\u0131z ve g\u00fcvenilirlik i\u00e7in tasarlanm\u0131\u015ft\u0131r.<\/p>\n<ul>\n<li><strong>NTAG213<\/strong>: Standart veri depolama ihtiya\u00e7lar\u0131 i\u00e7in idealdir, yakla\u015f\u0131k 144 bayt bellek boyutu sa\u011flar.<\/li>\n<li><strong>NTAG215<\/strong>: Ek bilgi veya ba\u011flant\u0131 depolamak isteyen kullan\u0131c\u0131lar i\u00e7in ideal olan art\u0131r\u0131lm\u0131\u015f bellek kapasitesi sunar.<\/li>\n<\/ul>\n<hr \/>\n<h2><\/h2>\n<h2 style=\"text-align: center;\"><em><span style=\"color: #000080;\"><strong>Sekt\u00f6re \u00d6zel Uygulamalar<\/strong><\/span><\/em><\/h2>\n<p>NTAG213 ve NTAG215 NFC kartvizitleri \u00f6zellikle \u00e7e\u015fitli sekt\u00f6rlerde olduk\u00e7a faydal\u0131d\u0131r.<\/p>\n<p>&nbsp;<\/p>\n<h2 style=\"text-align: center;\"><em><span style=\"color: #000080;\"><strong>Kurumsal A\u011f Olu\u015fturma<\/strong><\/span><\/em><\/h2>\n<p>Kurumsal sekt\u00f6rde, etkili a\u011f kurma hayati \u00f6nem ta\u015f\u0131r. NFC kartvizitlerini de\u011fi\u015ftirerek, profesyoneller profillerini h\u0131zla payla\u015fabilirler. Bilgileri yaz\u0131ya d\u00f6kmek yerine, al\u0131c\u0131lar temel bilgileri an\u0131nda almak i\u00e7in ak\u0131ll\u0131 telefonlar\u0131na dokunabilirler.<\/p>\n<p>&nbsp;<\/p>\n<h2 style=\"text-align: center;\"><span style=\"color: #000080;\"><em><strong>Pazarlama ve Markala\u015fma<\/strong><\/em><\/span><\/h2>\n<p><strong><span style=\"color: #666699;\">\u0130\u015fletmeler bu kartlar\u0131 bir pazarlama arac\u0131 olarak kullanabilir, web sitelerine ba\u011flant\u0131lar veya \u00f6zel promosyonlar ekleyebilirler. Bu nedenle, yaln\u0131zca bir tan\u0131mlama arac\u0131 olarak hizmet etmezler, ayn\u0131 zamanda markay\u0131 tan\u0131t\u0131rlar ve her etkile\u015fimde fark\u0131ndal\u0131\u011f\u0131 art\u0131r\u0131rlar.<\/span><\/strong><\/p>\n<ul>\n<li><strong>Sadakat Programlar\u0131<\/strong>: T\u00fcketicilerin \u00f6deme s\u0131ras\u0131nda dokunabilecekleri NFC kartlar\u0131na sadakat indirimlerini entegre ederek m\u00fc\u015fteri kat\u0131l\u0131m\u0131n\u0131 art\u0131r\u0131n.<\/li>\n<li><strong>Etkinlik Y\u00f6netimi<\/strong>: Kay\u0131tl\u0131 ki\u015filerin kolayca giri\u015f yapabilmesi i\u00e7in bu kartlar\u0131 kullanarak etkinliklere ve konferanslara eri\u015fimi kolayla\u015ft\u0131r\u0131n.<\/li>\n<\/ul>","protected":false},"excerpt":{"rendered":"<p>Kusursuz a\u011f olu\u015fturma i\u00e7in Y\u00fcksek Kaliteli NTAG213\/215 PVC NFC Kartvizitlerini ke\u015ffedin. Su ge\u00e7irmez ve \u00e7ok y\u00f6nl\u00fcd\u00fcrler, profesyonel imaj\u0131n\u0131z\u0131 zahmetsizce geli\u015ftirirler.<\/p>","protected":false},"featured_media":3509,"template":"","meta":[],"product_brand":[],"product_cat":[46],"product_tag":[],"class_list":{"0":"post-3505","1":"product","2":"type-product","3":"status-publish","4":"has-post-thumbnail","6":"product_cat-nfc-cards","8":"first","9":"instock","10":"shipping-taxable","11":"product-type-simple"},"_links":{"self":[{"href":"https:\/\/nfc-readers.com\/tr\/wp-json\/wp\/v2\/product\/3505","targetHints":{"allow":["GET"]}}],"collection":[{"href":"https:\/\/nfc-readers.com\/tr\/wp-json\/wp\/v2\/product"}],"about":[{"href":"https:\/\/nfc-readers.com\/tr\/wp-json\/wp\/v2\/types\/product"}],"wp:featuredmedia":[{"embeddable":true,"href":"https:\/\/nfc-readers.com\/tr\/wp-json\/wp\/v2\/media\/3509"}],"wp:attachment":[{"href":"https:\/\/nfc-readers.com\/tr\/wp-json\/wp\/v2\/media?parent=3505"}],"wp:term":[{"taxonomy":"product_brand","embeddable":true,"href":"https:\/\/nfc-readers.com\/tr\/wp-json\/wp\/v2\/product_brand?post=3505"},{"taxonomy":"product_cat","embeddable":true,"href":"https:\/\/nfc-readers.com\/tr\/wp-json\/wp\/v2\/product_cat?post=3505"},{"taxonomy":"product_tag","embeddable":true,"href":"https:\/\/nfc-readers.com\/tr\/wp-json\/wp\/v2\/product_tag?post=3505"}],"curies":[{"name":"wp","href":"https:\/\/api.w.org\/{rel}","templated":true}]}}