{"id":3515,"date":"2024-11-06T08:47:18","date_gmt":"2024-11-06T08:47:18","guid":{"rendered":"https:\/\/nfc-readers.com\/?post_type=product&#038;p=3515"},"modified":"2024-11-06T14:47:51","modified_gmt":"2024-11-06T14:47:51","slug":"custom-etched-copper-antenna-hf-nfc-inlay","status":"publish","type":"product","link":"https:\/\/nfc-readers.com\/tr\/ic-reader\/custom-etched-copper-antenna-hf-nfc-inlay\/","title":{"rendered":"NTAG Serisi A\u015f\u0131nd\u0131r\u0131lm\u0131\u015f Bak\u0131r Anten HF NFC G\u00f6mme"},"content":{"rendered":"<h1 style=\"text-align: center;\">NTAG Serisi A\u015f\u0131nd\u0131r\u0131lm\u0131\u015f Bak\u0131r Anten HF NFC G\u00f6mme<\/h1>\n<p>&nbsp;<\/p>\n<p>The <strong>NTAG Serisi A\u015f\u0131nd\u0131r\u0131lm\u0131\u015f Bak\u0131r Anten HF NFC G\u00f6mme\u00a0<\/strong>NFC (Yak\u0131n Alan \u0130leti\u015fimi) teknolojisi d\u00fcnyas\u0131nda yenilik\u00e7i bir \u00e7\u00f6z\u00fcm sunar. Son teknoloji tasar\u0131m\u0131 ve y\u00fcksek performans\u0131yla bu \u00fcr\u00fcn, giderek daha fazla verimlili\u011fe, \u00e7ok y\u00f6nl\u00fcl\u00fc\u011fe ve s\u00fcrd\u00fcr\u00fclebilirli\u011fe de\u011fer veren bir pazarda \u00f6ne \u00e7\u0131k\u0131yor. \u0130ster i\u015f yeteneklerinizi geli\u015ftirmek, ister \u00fcr\u00fcn gam\u0131n\u0131za benzersiz bir \u00f6zellik eklemek isteyin, bu NFC etiketleri onlar\u0131 dikkate de\u011fer k\u0131lan e\u015fsiz avantajlar sunar.<\/p>\n<p>&nbsp;<\/p>\n<h3>Neden \u00d6zel Kaz\u0131nm\u0131\u015f Bak\u0131r Anten HF NFC Yerle\u015ftirmesini Se\u00e7melisiniz<\/h3>\n<p>Dahil etme\u00a0<strong>NFC teknolojisi<\/strong>\u00a0Uygulamalar\u0131n\u0131za sorunsuz veri al\u0131\u015fveri\u015fi sa\u011flar ve kullan\u0131c\u0131 deneyimini geli\u015ftirir.\u00a0<strong>\u00d6zel Kaz\u0131nm\u0131\u015f Bak\u0131r Anten HF NFC G\u00f6mme<\/strong>\u00a0frekans\u0131nda g\u00fcvenilir bir ileti\u015fim aray\u00fcz\u00fc sa\u011flar\u00a0<strong>13,56 MHz<\/strong>, \u00e7e\u015fitli NFC \u00f6zellikli cihazlarla uyumlu hale getirir. Bu NFC etiketi yaln\u0131zca i\u015flevsel de\u011fildir; ayn\u0131 zamanda y\u00fcksek kaliteli malzemelerle \u00fcretilmi\u015ftir.\u00a0<strong>EVDE BESLENEN HAYVAN<\/strong>dayan\u0131kl\u0131l\u0131k ve esneklik sa\u011flar.<\/p>\n<p>Pazarlamada, ak\u0131ll\u0131 paketlemede veya etkile\u015fimli uygulamalarda kullan\u0131lmas\u0131n\u0131n faydalar\u0131 a\u00e7\u0131kt\u0131r:<\/p>\n<ul>\n<li><strong>Geli\u015fmi\u015f \u0130leti\u015fim<\/strong>:Cihazlar aras\u0131nda an\u0131nda veri transferini kolayla\u015ft\u0131rarak \u00e7e\u015fitli sekt\u00f6rlerdeki operasyonlar\u0131 h\u0131zland\u0131r\u0131r.<\/li>\n<li><strong>\u00c7ok y\u00f6nl\u00fcl\u00fck<\/strong>: \u00d6zel boyutlar ve tasar\u0131mlar, NFC ek par\u00e7alar\u0131n\u0131n pazarlama materyallerinden \u00fcr\u00fcn ambalajlar\u0131na kadar \u00e7e\u015fitli uygulamalara uyum sa\u011flamas\u0131n\u0131 garantiler.<\/li>\n<li><strong>Dayan\u0131kl\u0131l\u0131k<\/strong>: Su ge\u00e7irmez ve hava ko\u015fullar\u0131na dayan\u0131kl\u0131 \u00f6zellikleri performans\u0131 art\u0131rarak hem i\u00e7 hem de d\u0131\u015f mekanlarda kullan\u0131ma uygun hale getirir.<\/li>\n<li><strong>Y\u00fcksek Bellek Kapasitesi<\/strong>: \u0130le\u00a0<strong>416 Bayt<\/strong>\u00a0Yaz\u0131labilir bellek sayesinde verimli veri depolama ve geri alma olana\u011f\u0131 sa\u011flar.<\/li>\n<\/ul>\n<p>&nbsp;<\/p>\n<h3>\u00d6zel Kaz\u0131nm\u0131\u015f Bak\u0131r Anten HF NFC Yerle\u015ftirmesinin Temel \u00d6zellikleri<\/h3>\n<p>The\u00a0<strong>\u00d6zel Kaz\u0131nm\u0131\u015f Bak\u0131r Anten HF NFC G\u00f6mme<\/strong>\u00a0\u00c7e\u015fitli uygulamalara uygun bir dizi \u00f6zellik ile tasarlanm\u0131\u015ft\u0131r.<\/p>\n<h3>Geli\u015fmi\u015f \u0130leti\u015fim<\/h3>\n<p>Bu NFC etiketi bir\u00a0<strong>ileti\u015fim aray\u00fcz\u00fc<\/strong>\u00a0sorunsuz bir \u015fekilde \u00e7al\u0131\u015fan\u00a0<strong>NFC \u00f6zellikli cihazlar<\/strong>Kullan\u0131c\u0131lar sadece dokunarak\u00a0<strong>NFC okuyucu<\/strong>\u00a0veya\u00a0<strong>ak\u0131ll\u0131 telefon<\/strong>\u00a0Anl\u0131k ba\u011flant\u0131 ve veri aktar\u0131m\u0131n\u0131 sa\u011flamak i\u00e7in yerle\u015ftirmeye kar\u015f\u0131.<\/p>\n<h3>\u00d6zelle\u015ftirilebilir Boyut Se\u00e7enekleri<\/h3>\n<p>NFC ek par\u00e7alar\u0131m\u0131z standart bir boyutta gelir\u00a0<strong>\u00c7ap 30mm<\/strong>, se\u00e7enekleriyle\u00a0<strong>\u00f6zel boyutland\u0131rma<\/strong>\u00a0benzersiz gereksinimlerinize uyacak \u015fekilde. Belirli bir \u00fcr\u00fcn i\u00e7in daha k\u00fc\u00e7\u00fck bir etikete veya pazarlama ekranlar\u0131 i\u00e7in daha b\u00fcy\u00fck bir etikete ihtiyac\u0131n\u0131z olsun, sizi koruduk.<\/p>\n<h3>Suya ve Hava Ko\u015fullar\u0131na Dayan\u0131kl\u0131<\/h3>\n<p>T\u00fcm NFC etiketleri e\u015fit yarat\u0131lmam\u0131\u015ft\u0131r; bizimkiler\u00a0<strong>su ge\u00e7irmez ve hava ko\u015fullar\u0131na dayan\u0131kl\u0131 \u00f6zellikler<\/strong>Bu, dayan\u0131kl\u0131l\u0131klar\u0131 veya performanslar\u0131 konusunda endi\u015felenmeden onlar\u0131 a\u00e7\u0131k havada kullanabilece\u011finiz anlam\u0131na gelir; bu da onlar\u0131 etkinlikler, pazarlama kampanyalar\u0131 ve d\u0131\u015f etkenlere maruz kalan \u00fcr\u00fcnler i\u00e7in ideal hale getirir.<\/p>\n<p>&nbsp;<\/p>\n<h2>NFC Inlay&#039;in Teknik \u00d6zellikleri<\/h2>\n<table class=\"w-fit !mb-0 !max-w-none\" style=\"height: 311px;\" width=\"449\">\n<thead>\n<tr>\n<th><strong>\u015eartname<\/strong><\/th>\n<th><strong>Detaylar<\/strong><\/th>\n<\/tr>\n<\/thead>\n<tbody>\n<tr>\n<td><strong>Tip<\/strong><\/td>\n<td>NFC Forum T\u00fcr\u00fc 4<\/td>\n<\/tr>\n<tr>\n<td><strong>Malzeme<\/strong><\/td>\n<td>EVDE BESLENEN HAYVAN<\/td>\n<\/tr>\n<tr>\n<td><strong>Boyut<\/strong><\/td>\n<td>\u00c7ap 30mm\/\u00d6zel Boyut<\/td>\n<\/tr>\n<tr>\n<td><strong>Bellek Kapasitesi<\/strong><\/td>\n<td>416 Bayt<\/td>\n<\/tr>\n<tr>\n<td><strong>Yonga<\/strong><\/td>\n<td>NTAG Serisi<\/td>\n<\/tr>\n<tr>\n<td><strong>S\u0131kl\u0131k<\/strong><\/td>\n<td>13,56 MHz<\/td>\n<\/tr>\n<tr>\n<td><strong>Dayan\u0131kl\u0131l\u0131k Yaz<\/strong><\/td>\n<td>100.000 kez<\/td>\n<\/tr>\n<tr>\n<td><strong>Bask\u0131<\/strong><\/td>\n<td>CMYK Ofset Bask\u0131<\/td>\n<\/tr>\n<tr>\n<td><strong>Ambalajlama<\/strong><\/td>\n<td>200 adet\/i\u00e7 beyaz kutu, 25 kutu\/karton<\/td>\n<\/tr>\n<tr>\n<td><strong>Liman<\/strong><\/td>\n<td>\u015eenzen<\/td>\n<\/tr>\n<tr>\n<td><strong>Tek Br\u00fct A\u011f\u0131rl\u0131k<\/strong><\/td>\n<td>0,010 kilo<\/td>\n<\/tr>\n<\/tbody>\n<\/table>\n<p>&nbsp;<\/p>\n<p>&nbsp;<\/p>\n<h3>S\u0131k\u00e7a Sorulan Sorular (SSS)<\/h3>\n<h2>1. \u00d6zel Kaz\u0131nm\u0131\u015f Bak\u0131r Anten HF NFC Yerle\u015ftirmesi Nedir?<\/h2>\n<p>The\u00a0<strong>\u00d6zel Kaz\u0131nm\u0131\u015f Bak\u0131r Anten HF NFC G\u00f6mme<\/strong>\u00a0NFC \u00f6zellikli cihazlarla verimli veri al\u0131\u015fveri\u015fi ve kesintisiz ileti\u015fim i\u00e7in tasarlanm\u0131\u015f y\u00fcksek frekansl\u0131 bir NFC etiketidir. Pazarlama, ak\u0131ll\u0131 paketleme ve \u00fcr\u00fcn etkile\u015fimleri dahil olmak \u00fczere \u00e7e\u015fitli uygulamalarda dayan\u0131kl\u0131l\u0131k ve \u00e7ok y\u00f6nl\u00fcl\u00fck i\u00e7in geli\u015fmi\u015f teknolojiden yararlan\u0131r.<\/p>\n<h2>2. NFC teknolojisi nas\u0131l \u00e7al\u0131\u015f\u0131r?<\/h2>\n<p>NFC (Yak\u0131n Alan \u0130leti\u015fimi) teknolojisi, cihazlar aras\u0131nda k\u0131sa mesafelerde kablosuz veri aktar\u0131m\u0131na olanak tan\u0131r. Ak\u0131ll\u0131 telefon veya okuyucu gibi NFC \u00f6zellikli bir cihaz NFC etiketinin yak\u0131n\u0131na geldi\u011finde, veriler radyo frekans\u0131 ileti\u015fimi yoluyla de\u011fi\u015ftirilir ve kullan\u0131c\u0131lar\u0131n bilgilere eri\u015fmesini veya uygulamalar\u0131 h\u0131zla tetiklemesini sa\u011flar.<\/p>\n<h2>3. NFC yuvas\u0131n\u0131n bellek kapasitesi ve yazma dayan\u0131kl\u0131l\u0131\u011f\u0131 nedir?<\/h2>\n<p>The\u00a0<strong>\u00d6zel Kaz\u0131nm\u0131\u015f Bak\u0131r Anten HF NFC G\u00f6mme<\/strong>\u00a0haf\u0131za kapasitesine sahiptir\u00a0<strong>416 Bayt<\/strong>\u00a0ve destekler\u00a0<strong>100.000 yazma d\u00f6ng\u00fcs\u00fc<\/strong>Bu, kapsaml\u0131 veri depolama ve gerekti\u011finde bilgilerin g\u00fcncellenmesi olana\u011f\u0131 sa\u011flar.<\/p>\n<h2>4. \u00d6zel Kaz\u0131nm\u0131\u015f Bak\u0131r Anten HF NFC Yerle\u015ftirmesi su ve hava ko\u015fullar\u0131na dayan\u0131kl\u0131 m\u0131d\u0131r?<\/h2>\n<p>Evet, NFC eklentimizin \u00f6ne \u00e7\u0131kan \u00f6zelliklerinden biri de\u00a0<strong>su ge\u00e7irmez ve hava ko\u015fullar\u0131na dayan\u0131kl\u0131 \u00f6zellikler<\/strong>Bu, etiketin d\u0131\u015f etkenlere maruz kalmaya dayan\u0131kl\u0131 olmas\u0131n\u0131 sa\u011flayarak hem i\u00e7 hem de d\u0131\u015f mekan uygulamalar\u0131 i\u00e7in uygun hale getirir.<\/p>","protected":false},"excerpt":{"rendered":"<p>\u00d6zel Kaz\u0131nm\u0131\u015f Bak\u0131r Anten HF NFC Yerle\u015ftirmesi, sorunsuz veri aktar\u0131m\u0131 ve yenilik\u00e7i uygulamalar i\u00e7in tasarlanm\u0131\u015f \u00e7ok y\u00f6nl\u00fc ve dayan\u0131kl\u0131 bir NFC \u00e7\u00f6z\u00fcm\u00fcd\u00fcr. Su ge\u00e7irmez tasar\u0131m\u0131 ve \u00f6zelle\u015ftirilebilir se\u00e7enekleri, onu \u00e7e\u015fitli end\u00fcstriler i\u00e7in ideal hale getirerek kullan\u0131c\u0131 kat\u0131l\u0131m\u0131n\u0131 ve operasyonel verimlili\u011fi art\u0131r\u0131r.<\/p>","protected":false},"featured_media":3516,"template":"","meta":[],"product_brand":[],"product_cat":[48],"product_tag":[],"class_list":{"0":"post-3515","1":"product","2":"type-product","3":"status-publish","4":"has-post-thumbnail","6":"product_cat-nfc-stickers","8":"first","9":"instock","10":"shipping-taxable","11":"product-type-simple"},"_links":{"self":[{"href":"https:\/\/nfc-readers.com\/tr\/wp-json\/wp\/v2\/product\/3515","targetHints":{"allow":["GET"]}}],"collection":[{"href":"https:\/\/nfc-readers.com\/tr\/wp-json\/wp\/v2\/product"}],"about":[{"href":"https:\/\/nfc-readers.com\/tr\/wp-json\/wp\/v2\/types\/product"}],"wp:featuredmedia":[{"embeddable":true,"href":"https:\/\/nfc-readers.com\/tr\/wp-json\/wp\/v2\/media\/3516"}],"wp:attachment":[{"href":"https:\/\/nfc-readers.com\/tr\/wp-json\/wp\/v2\/media?parent=3515"}],"wp:term":[{"taxonomy":"product_brand","embeddable":true,"href":"https:\/\/nfc-readers.com\/tr\/wp-json\/wp\/v2\/product_brand?post=3515"},{"taxonomy":"product_cat","embeddable":true,"href":"https:\/\/nfc-readers.com\/tr\/wp-json\/wp\/v2\/product_cat?post=3515"},{"taxonomy":"product_tag","embeddable":true,"href":"https:\/\/nfc-readers.com\/tr\/wp-json\/wp\/v2\/product_tag?post=3515"}],"curies":[{"name":"wp","href":"https:\/\/api.w.org\/{rel}","templated":true}]}}