{"id":3530,"date":"2024-11-06T09:00:03","date_gmt":"2024-11-06T09:00:03","guid":{"rendered":"https:\/\/nfc-readers.com\/?post_type=product&#038;p=3530"},"modified":"2024-11-06T09:00:03","modified_gmt":"2024-11-06T09:00:03","slug":"iso14443a-high-security-anti-fake-ntag-424-nfc-sticker","status":"publish","type":"product","link":"https:\/\/nfc-readers.com\/tr\/ic-reader\/iso14443a-high-security-anti-fake-ntag-424-nfc-sticker\/","title":{"rendered":"ISO14443A Y\u00fcksek G\u00fcvenlikli Sahtecili\u011fe Kar\u015f\u0131 NTAG 424 NFC Etiketi"},"content":{"rendered":"<h1 style=\"text-align: center;\"><strong>ISO14443A Y\u00fcksek G\u00fcvenlikli Sahtecili\u011fe Kar\u015f\u0131 NTAG 424 NFC Etiketi<\/strong><\/h1>\n<p>&nbsp;<\/p>\n<p>The <strong>NTAG 424 DNA NFC Etiketi<\/strong>\u00a0geli\u015fmi\u015f sahtecili\u011fe kar\u015f\u0131 uygulamalar i\u00e7in tasarlanm\u0131\u015f son teknoloji bir \u00e7\u00f6z\u00fcmd\u00fcr. ISO 14443A protokol\u00fcnden yararlanan ve geli\u015fmi\u015f g\u00fcvenlik \u00f6zellikleri sunan bu NFC etiketi, fikri m\u00fclkiyetlerini korumak ve m\u00fc\u015fteri g\u00fcvenini art\u0131rmak isteyen markalar i\u00e7in hayati \u00f6nem ta\u015f\u0131r. Y\u00fcksek performans yetenekleri, kullan\u0131m\u0131 kolay tasar\u0131m\u0131 ve \u00e7ok y\u00f6nl\u00fc uygulamalar\u0131yla NTAG 424 DNA NFC Etiketi yaln\u0131zca bir \u00fcr\u00fcn de\u011fil, daha ak\u0131ll\u0131 bir gelece\u011fe a\u00e7\u0131lan g\u00fcvenli bir kap\u0131d\u0131r.<\/p>\n<p>&nbsp;<\/p>\n<h3>NTAG 424 DNA NFC Etiketine Giri\u015f<\/h3>\n<p>The\u00a0<strong>NTAG 424 DNA NFC Etiketi<\/strong>\u00a0NFC teknolojisinin \u00f6n saflar\u0131n\u0131 temsil eder ve \u00f6zellikle \u00fcr\u00fcn kimlik do\u011frulamas\u0131 alan\u0131nda \u00e7e\u015fitli uygulamalar i\u00e7in g\u00fcvenli\u011fi en \u00fcst d\u00fczeye \u00e7\u0131karmaya odaklan\u0131r. Bu NFC etiketi, g\u00fcvenli ileti\u015fim kurabilen ve sahtecili\u011fe kar\u015f\u0131 m\u00fckemmel koruma sa\u011flayan NTAG424 DNA \u00e7ipinin geli\u015fmi\u015f \u00f6zelliklerini entegre eder.\u00a0<strong>25mm<\/strong>\u00a0\u00e7ap ve\u00a0<strong>45mm x 30mm<\/strong>\u00a0Dikd\u00f6rtgen se\u00e7enekler i\u00e7in bu \u00fcr\u00fcn, estetikten \u00f6d\u00fcn vermeden etkilili\u011fe de\u011fer veren markalar i\u00e7in \u00f6zel olarak tasarlanm\u0131\u015ft\u0131r.<\/p>\n<p>&nbsp;<\/p>\n<h3>NTAG 424 NFC Etiketinin Temel \u00d6zellikleri<\/h3>\n<p>NTAG 424 DNA NFC Etiketi, i\u015flevselli\u011fi ve g\u00fcvenli\u011fi art\u0131rmak i\u00e7in tasarlanm\u0131\u015f \u00e7e\u015fitli \u00f6zel \u00f6zelliklere sahiptir:<\/p>\n<ul>\n<li><strong>Protokol Uyumlulu\u011fu<\/strong>: Etiket \u015fu \u015fekilde \u00e7al\u0131\u015f\u0131r:\u00a0<strong>ISO 14443A<\/strong>\u00a0protokol\u00fc, geni\u015f yelpazede NFC \u00f6zellikli cihazlarla uyumlulu\u011fu garantiliyor.<\/li>\n<li><strong>Y\u00fcksek \u0130leti\u015fim Frekans\u0131<\/strong>: Frekans\u0131 ile\u00a0<strong>13.56MHz<\/strong>Bu etiketler, g\u00fcvenilir veri al\u0131\u015fveri\u015fi i\u00e7in optimum ileti\u015fim olanaklar\u0131 sa\u011flar.<\/li>\n<li><strong>\u00d6zelle\u015ftirilebilir Se\u00e7enekler<\/strong>: Kullan\u0131c\u0131lar, a\u015fa\u011f\u0131dakiler de dahil olmak \u00fczere \u00e7e\u015fitli boyutlar ve bask\u0131 se\u00e7enekleri aras\u0131ndan se\u00e7im yapabilir:\u00a0<strong>CMYK tam renkli bask\u0131<\/strong>,\u00a0<strong>ofset bask\u0131<\/strong>, Ve\u00a0<strong>serigrafi bask\u0131<\/strong>benzersiz markala\u015fma f\u0131rsatlar\u0131na olanak tan\u0131r.<\/li>\n<\/ul>\n<p>NTAG 424 DNA ayr\u0131ca \u015fifreli ileti\u015fimi de destekledi\u011finden \u00f6deme sistemleri ve g\u00fcvenli kimlik do\u011frulama gibi hassas uygulamalar i\u00e7in idealdir.<\/p>\n<p>&nbsp;<\/p>\n<h3>Marka Korumas\u0131 \u0130\u00e7in NFC Etiketlerin Faydalar\u0131<\/h3>\n<p>Yat\u0131r\u0131m yapmak\u00a0<strong>NFC teknolojisi<\/strong>\u00a0NTAG 424 DNA etiketi gibi bir\u00e7ok avantaj sunar:<\/p>\n<ul>\n<li><strong>Geli\u015fmi\u015f G\u00fcvenlik<\/strong>: NFC etiketi, y\u00fcksek g\u00fcvenlik \u00f6zellikleriyle markalara \u00fcr\u00fcnlerinin sahtecilere kar\u015f\u0131 korundu\u011fundan emin olma imk\u00e2n\u0131 sunuyor.<\/li>\n<li><strong>Artan T\u00fcketici G\u00fcveni<\/strong>: T\u00fcketicilere, \u00fcr\u00fcn\u00fcn ger\u00e7ekli\u011fini do\u011frulamak i\u00e7in basit bir yol sa\u011flamak\u00a0<strong>NFC \u00f6zellikli ak\u0131ll\u0131 telefonlar<\/strong>\u00a0marka sadakatini ve g\u00fcvenini art\u0131rabilir.<\/li>\n<li><strong>Maliyet Etkinli\u011fi<\/strong>: NFC etiketleri, geleneksel g\u00fcvenlik \u00f6nlemleriyle kar\u015f\u0131la\u015ft\u0131r\u0131ld\u0131\u011f\u0131nda, \u00fcr\u00fcnleri korumak i\u00e7in genellikle daha uygun fiyatl\u0131 bir \u00e7\u00f6z\u00fcm sunar.<\/li>\n<\/ul>\n<p>&nbsp;<\/p>\n<h3>NTAG 424 DNA&#039;n\u0131n Teknik \u00d6zellikleri<\/h3>\n<table class=\"w-fit !mb-0 !max-w-none\">\n<thead>\n<tr>\n<th>\u015eartname<\/th>\n<th>Detaylar<\/th>\n<\/tr>\n<\/thead>\n<tbody>\n<tr>\n<td><strong>Yonga<\/strong><\/td>\n<td>NTAG424 DNA&#039;s\u0131<\/td>\n<\/tr>\n<tr>\n<td><strong>S\u0131kl\u0131k<\/strong><\/td>\n<td>13.56MHz<\/td>\n<\/tr>\n<tr>\n<td><strong>\u0130leti\u015fim aray\u00fcz\u00fc<\/strong><\/td>\n<td>NFC, RFID<\/td>\n<\/tr>\n<tr>\n<td><strong>Okuma Mesafesi<\/strong><\/td>\n<td>1-10cm<\/td>\n<\/tr>\n<tr>\n<td><strong>Malzeme<\/strong><\/td>\n<td>Kaplamal\u0131 ka\u011f\u0131t, PET<\/td>\n<\/tr>\n<tr>\n<td><strong>Boyut Se\u00e7enekleri<\/strong><\/td>\n<td>\u00c7ap: 25mm, Dikd\u00f6rtgen: 45mm x 30mm veya \u00f6zelle\u015ftirilmi\u015f<\/td>\n<\/tr>\n<tr>\n<td><strong>Paketleme Boyutu<\/strong><\/td>\n<td>0,3x0,3x0,02 cm<\/td>\n<\/tr>\n<tr>\n<td><strong>Br\u00fct a\u011f\u0131rl\u0131k<\/strong><\/td>\n<td>0,001 kilo<\/td>\n<\/tr>\n<\/tbody>\n<\/table>\n<p>&nbsp;<\/p>\n<h3>S\u0131k\u00e7a Sorulan Sorular (SSS)<\/h3>\n<h4>1.\u00a0<strong>NTAG 424 DNA NFC Etiketi nedir ve nas\u0131l \u00e7al\u0131\u015f\u0131r?<\/strong><\/h4>\n<p>NTAG 424 DNA NFC Etiketi, kullan\u0131c\u0131lar\u0131n NFC \u00f6zellikli ak\u0131ll\u0131 telefonlar\u0131n\u0131 kullanarak \u00fcr\u00fcnleri do\u011frulamas\u0131n\u0131 sa\u011flayan y\u00fcksek g\u00fcvenlikli bir NFC etiketidir. 13,56 MHz frekans\u0131nda ISO 14443A protokol\u00fcnde \u00e7al\u0131\u015f\u0131r ve etiket ile uyumlu cihazlar aras\u0131nda g\u00fcvenli ileti\u015fim ve veri aktar\u0131m\u0131 sa\u011flar.<\/p>\n<h4>2.\u00a0<strong>NTAG 424 DNA\u2019n\u0131n temel \u00f6zellikleri nelerdir?<\/strong><\/h4>\n<p>Temel \u00f6zellikler \u015funlard\u0131r:<\/p>\n<ul>\n<li>Geli\u015fmi\u015f g\u00fcvenlik i\u00e7in dinamik kimlik do\u011frulama.<\/li>\n<li>Yetkisiz eri\u015fimi engellemek i\u00e7in anti-tahrifat teknolojisi.<\/li>\n<li>Markala\u015fman\u0131z i\u00e7in \u00f6zelle\u015ftirilebilir boyutlar ve bask\u0131 se\u00e7enekleri.<\/li>\n<li>1-10 cm okuma mesafesi, \u00e7e\u015fitli uygulamalara uygundur.<\/li>\n<\/ul>\n<h4>3.\u00a0<strong>NTAG 424 DNA NFC Etiketini nas\u0131l kullanabilirim?<\/strong><\/h4>\n<p>NFC etiketi \u015funlar i\u00e7in kullan\u0131labilir:<\/p>\n<ul>\n<li>\u00dcr\u00fcnlerin me\u015frulu\u011funu do\u011frulamak i\u00e7in \u00fcr\u00fcn kimlik do\u011frulamas\u0131.<\/li>\n<li>Etkinlik biletlemesi g\u00fcvenli ve kolay okunabilir bir eri\u015fim y\u00f6ntemi sunarak.<\/li>\n<li>\u00dcr\u00fcn bilgisi ve promosyon i\u00e7eri\u011fiyle m\u00fc\u015fteri etkile\u015fimini art\u0131ran ak\u0131ll\u0131 ambalajlama.<\/li>\n<\/ul>\n<h4>4.\u00a0<strong>NTAG 424 DNA NFC Etiketinde hangi malzemeler kullan\u0131l\u0131yor?<\/strong><\/h4>\n<p>NTAG 424 DNA NFC Etiketi, \u00f6ncelikle kaplamal\u0131 ka\u011f\u0131t ve PET&#039;ten \u00fcretilerek \u00e7e\u015fitli uygulamalar i\u00e7in dayan\u0131kl\u0131l\u0131k ve esneklik sunar.<\/p>","protected":false},"excerpt":{"rendered":"<p>The\u00a0<strong>ISO14443A Y\u00fcksek G\u00fcvenlikli Sahtecili\u011fe Kar\u015f\u0131 NTAG 424 NFC Etiketi<\/strong>\u00a0g\u00fcvenli \u00fcr\u00fcn kimlik do\u011frulamas\u0131 ve sahtecili\u011fe kar\u015f\u0131 \u00f6nlemler i\u00e7in tasarlanm\u0131\u015f son teknoloji bir \u00e7\u00f6z\u00fcmd\u00fcr. Geli\u015fmi\u015f \u015fifreleme ve dinamik kimlik do\u011frulama \u00f6zellikleriyle bu NFC etiketi, markalar\u0131n \u00fcr\u00fcnlerini korumas\u0131n\u0131 ve t\u00fcketici g\u00fcvenini zahmetsizce art\u0131rmas\u0131n\u0131 sa\u011flar.<\/p>","protected":false},"featured_media":3531,"template":"","meta":[],"product_brand":[],"product_cat":[48],"product_tag":[],"class_list":{"0":"post-3530","1":"product","2":"type-product","3":"status-publish","4":"has-post-thumbnail","6":"product_cat-nfc-stickers","8":"first","9":"instock","10":"shipping-taxable","11":"product-type-simple"},"_links":{"self":[{"href":"https:\/\/nfc-readers.com\/tr\/wp-json\/wp\/v2\/product\/3530","targetHints":{"allow":["GET"]}}],"collection":[{"href":"https:\/\/nfc-readers.com\/tr\/wp-json\/wp\/v2\/product"}],"about":[{"href":"https:\/\/nfc-readers.com\/tr\/wp-json\/wp\/v2\/types\/product"}],"wp:featuredmedia":[{"embeddable":true,"href":"https:\/\/nfc-readers.com\/tr\/wp-json\/wp\/v2\/media\/3531"}],"wp:attachment":[{"href":"https:\/\/nfc-readers.com\/tr\/wp-json\/wp\/v2\/media?parent=3530"}],"wp:term":[{"taxonomy":"product_brand","embeddable":true,"href":"https:\/\/nfc-readers.com\/tr\/wp-json\/wp\/v2\/product_brand?post=3530"},{"taxonomy":"product_cat","embeddable":true,"href":"https:\/\/nfc-readers.com\/tr\/wp-json\/wp\/v2\/product_cat?post=3530"},{"taxonomy":"product_tag","embeddable":true,"href":"https:\/\/nfc-readers.com\/tr\/wp-json\/wp\/v2\/product_tag?post=3530"}],"curies":[{"name":"wp","href":"https:\/\/api.w.org\/{rel}","templated":true}]}}