{"id":3537,"date":"2024-11-06T10:55:59","date_gmt":"2024-11-06T10:55:59","guid":{"rendered":"https:\/\/nfc-readers.com\/?post_type=product&#038;p=3537"},"modified":"2024-11-06T10:56:00","modified_gmt":"2024-11-06T10:56:00","slug":"customize-replicable-uid-iso14443a-rfid-card-for-attendance","status":"publish","type":"product","link":"https:\/\/nfc-readers.com\/tr\/ic-reader\/customize-replicable-uid-iso14443a-rfid-card-for-attendance\/","title":{"rendered":"Kat\u0131l\u0131m i\u00e7in \u00e7o\u011falt\u0131labilir uid iso14443A RFID kart\u0131n\u0131 \u00f6zelle\u015ftirin"},"content":{"rendered":"<h1 style=\"text-align: center;\"><span style=\"color: #000080;\"><strong>Kat\u0131l\u0131m i\u00e7in \u00e7o\u011falt\u0131labilir uid iso14443A RFID kart\u0131n\u0131 \u00f6zelle\u015ftirin<\/strong><\/span><\/h1>\n<p><span style=\"color: #666699;\"><strong>Kat\u0131l\u0131m i\u00e7in \u00f6zelle\u015ftirilebilir \u00e7o\u011falt\u0131labilir UID ISO14443A RFID kart\u0131, kurulu\u015flar\u0131n kat\u0131l\u0131m ve eri\u015fim kontrol\u00fcn\u00fc y\u00f6netme bi\u00e7iminde devrim yarat\u0131yor. \u00c7ok y\u00f6nl\u00fcl\u00fck ve g\u00fcvenilirlik i\u00e7in tasarlanan bu kartlar, kat\u0131l\u0131m\u0131 izlemek, g\u00fcvenli\u011fi art\u0131rmak ve \u00e7e\u015fitli uygulamalarda i\u015f ak\u0131\u015f\u0131n\u0131 basitle\u015ftirmek i\u00e7in kusursuz bir deneyim sunuyor. Sa\u011flam \u00f6zellikleri ve kullan\u0131c\u0131 dostu tasar\u0131m\u0131yla bu RFID kart\u0131, verimlilik ve g\u00fcvenlik arayan i\u015fletmeler i\u00e7in olmazsa olmazd\u0131r.<\/strong><\/span><\/p>\n<p><span style=\"color: #666699;\"><strong>\u00dcr\u00fcn Avantajlar\u0131 ve Neden Sat\u0131n Almal\u0131s\u0131n\u0131z - Sorunsuz Kat\u0131l\u0131m Takibi: UID ISO14443A RFID kart\u0131 kat\u0131l\u0131m s\u00fcrecini kolayla\u015ft\u0131r\u0131r. Kullan\u0131c\u0131lar kartlar\u0131n\u0131 bir okuyucuya h\u0131zl\u0131ca dokundurabilir ve manuel giri\u015flerin zorlu\u011fu olmadan an\u0131nda varl\u0131klar\u0131n\u0131 kaydedebilirler.<\/strong><\/span><\/p>\n<ul>\n<li><strong>\u00d6zelle\u015ftirilebilir Se\u00e7enekler<\/strong>: Bu RFID kartlar\u0131n\u0131n tasar\u0131m\u0131n\u0131 ve i\u015flevselli\u011fini belirli organizasyonel ihtiya\u00e7lar\u0131 kar\u015f\u0131layacak \u015fekilde uyarlay\u0131n. \u0130ster kurumsal bir ortam, ister okul veya etkinlik i\u00e7in olsun, \u00f6zelle\u015ftirme her kart\u0131n amac\u0131na benzersiz \u015fekilde uygun olmas\u0131n\u0131 sa\u011flar.<\/li>\n<li><strong>G\u00fcvenilirlik ve Dayan\u0131kl\u0131l\u0131k<\/strong>: Y\u00fcksek kaliteli PVC\/PET malzemelerden \u00fcretilen bu kartlar g\u00fcnl\u00fck kullan\u0131ma dayanacak \u015fekilde tasarlanm\u0131\u015ft\u0131r. Su ge\u00e7irmez ve hava ko\u015fullar\u0131na dayan\u0131kl\u0131 \u00f6zellikleri, her t\u00fcrl\u00fc eri\u015fim kontrol sistemi i\u00e7in gerekli olan uzun \u00f6m\u00fcrl\u00fcl\u00fc\u011f\u00fc ve g\u00fcvenilirli\u011fi garanti eder.<\/li>\n<li><strong>Maliyet Etkin \u00c7\u00f6z\u00fcm<\/strong>: Bu RFID kartlar\u0131na yat\u0131r\u0131m yapmak, manuel kat\u0131l\u0131m sistemlerine harcanan zaman ve kaynaklar\u0131 azalt\u0131r. Ayr\u0131ca, d\u00fc\u015f\u00fck ba\u015flang\u0131\u00e7 maliyeti ve y\u00fcksek dayan\u0131kl\u0131l\u0131k, bunlar\u0131n geleneksel ka\u011f\u0131t sistemlerinden daha uzun s\u00fcre dayanaca\u011f\u0131 anlam\u0131na gelir.<\/li>\n<\/ul>\n<p>&nbsp;<\/p>\n<p>&nbsp;<\/p>\n<h2 style=\"text-align: center;\"><span style=\"color: #000080;\"><em><strong>MIFARE \u00dcr\u00fcnlerine Genel Bak\u0131\u015f<\/strong><\/em><\/span><\/h2>\n<p><strong>NXP Semiconductors taraf\u0131ndan geli\u015ftirilen MIFARE teknolojisi, temass\u0131z ak\u0131ll\u0131 kartlar ve RFID uygulamalar\u0131 i\u00e7in lider bir \u00e7\u00f6z\u00fcmd\u00fcr. <\/strong><\/p>\n<p><span style=\"color: #008080;\"><strong>\u00d6zelle\u015ftirilmi\u015f UID kartlar\u0131m\u0131zda yer alan MIFARE Classic1K, \u00f6zellikle eri\u015fim kontrol\u00fc ve g\u00fcvenli tan\u0131mlama sistemlerindeki g\u00fcvenilirli\u011fiyle dikkat \u00e7ekmektedir. Bu ak\u0131ll\u0131 kart, \u00e7e\u015fitli okuyucularla sorunsuz bir \u015fekilde \u00e7al\u0131\u015farak onu bir end\u00fcstri standard\u0131 haline getirir.<\/strong><\/span><\/p>\n<p>&nbsp;<\/p>\n<p>&nbsp;<\/p>\n<h2 style=\"text-align: center;\"><em><span style=\"color: #000080;\"><strong>Customize UID RFID Kart\u0131n\u0131n Temel \u00d6zellikleri<\/strong><\/span><\/em><\/h2>\n<h4>The\u00a0<strong>Kat\u0131l\u0131m i\u00e7in \u00e7o\u011falt\u0131labilir UID ISO14443A RFID kart\u0131n\u0131 \u00f6zelle\u015ftirin<\/strong>\u00a0son teknoloji \u00f6zelliklerle birlikte gelir:<\/h4>\n<ul>\n<li><strong>Suya ve Hava Ko\u015fullar\u0131na Dayan\u0131kl\u0131<\/strong>:Bu kartlar zorlu ortamlara dayanabilir ve s\u00fcrekli performans sa\u011flar.<\/li>\n<li><strong>Kolay \u00d6zelle\u015ftirme<\/strong>: \u00c7e\u015fitli yazd\u0131rma se\u00e7eneklerinden birini se\u00e7in:\u00a0<strong>CMYK4C Bask\u0131<\/strong>, ofset bask\u0131, serigrafi bask\u0131, lazer kodlama ve UV m\u00fcrekkep gibi y\u00f6ntemleri kullanarak kurulu\u015flar\u0131n her kart\u0131 etkili bir \u015fekilde ki\u015fiselle\u015ftirmesine olanak tan\u0131r.<\/li>\n<li><strong>\u0130leti\u015fim aray\u00fcz\u00fc<\/strong>:Kartlar RFID ve NFC teknolojisini kullanarak, 13,56 MHz frekans\u0131nda okuyucularla h\u0131zl\u0131 ileti\u015fim kurulmas\u0131n\u0131 sa\u011fl\u0131yor.<\/li>\n<\/ul>\n<p>&nbsp;<\/p>\n<p>&nbsp;<\/p>\n<h2 style=\"text-align: center;\"><em><span style=\"color: #000080;\"><strong>Teknik \u00d6zellikler<\/strong><\/span><\/em><\/h2>\n<p style=\"text-align: left;\">\n|\u00a0<strong>\u00c7ip Modeli<\/strong>\u00a0| MIFARE Klasik1K |<br \/>\n|\u00a0<strong>Okuma Mesafesi<\/strong> |2-10 cm |<br \/>\n|\u00a0<strong>Boyut<\/strong>\u00a0|85,5 x54 mm |<br \/>\n|\u00a0<strong>Malzeme<\/strong>\u00a0| PVC\/PET |<br \/>\n|\u00a0<strong>\u00d6zel \u00d6zellikler<\/strong>\u00a0| Suya, Hava Ko\u015fullar\u0131na Dayan\u0131kl\u0131 |<br \/>\n|\u00a0<strong>Anavatan<\/strong>\u00a0| Guangdong, \u00c7in |<br \/>\n|\u00a0<strong>Zanaat<\/strong>\u00a0| Lazer Kodu, UV M\u00fcrekkep, Seri Numaras\u0131, Kabartma, Termal Bask\u0131 |<br \/>\n|\u00a0<strong>Sat\u0131\u015f Birimleri<\/strong>\u00a0| Tek \u00fcr\u00fcn |<br \/>\n|\u00a0<strong>Paketleme Boyutu<\/strong>\u00a0|8,55 x5,4 x0,08 cm |<br \/>\n|\u00a0<strong>A\u011f\u0131rl\u0131k<\/strong>\u00a0|0,006 kg |<\/p>\n<p>&nbsp;<\/p>\n<p>&nbsp;<\/p>\n<h3 style=\"text-align: center;\"><span style=\"color: #000080;\"><em><strong>RFID Kartlar\u0131n\u0131n Uygulamalar\u0131<\/strong><\/em><\/span><\/h3>\n<h4>The\u00a0<strong>Kat\u0131l\u0131m i\u00e7in \u00e7o\u011falt\u0131labilir UID ISO14443A RFID kart\u0131n\u0131 \u00f6zelle\u015ftirin<\/strong>\u00a0\u00e7e\u015fitli sekt\u00f6rlerde kullan\u0131labilir, bunlar aras\u0131nda:<\/h4>\n<ul>\n<li><strong>Eri\u015fim Kontrol\u00fc<\/strong>:G\u00fcvenli alanlara giri\u015fleri kontrol etmek i\u00e7in ideal olan bu kartlar, yaln\u0131zca yetkili personelin eri\u015fim sa\u011flamas\u0131n\u0131 garanti alt\u0131na al\u0131r.<\/li>\n<li><strong>Kat\u0131l\u0131m Takibi<\/strong>: Kat\u0131l\u0131m kayd\u0131n\u0131n \u00f6nemli oldu\u011fu okullar ve \u015firket ofisleri i\u00e7in m\u00fckemmeldir. H\u0131zl\u0131 dokunma \u00f6zelli\u011fi, manuel kay\u0131tlara harcanan s\u00fcreyi \u00f6nemli \u00f6l\u00e7\u00fcde azalt\u0131r.<\/li>\n<li><strong>Toplu Ta\u015f\u0131ma<\/strong>:Temass\u0131z teknolojiyle h\u0131zl\u0131 bini\u015f imk\u00e2n\u0131 sa\u011flayarak toplu ta\u015f\u0131ma sistemlerinde kullan\u0131c\u0131 rahatl\u0131\u011f\u0131n\u0131 art\u0131rmak.<\/li>\n<\/ul>\n<p>&nbsp;<\/p>\n<p>&nbsp;<\/p>\n<h2 style=\"text-align: center;\"><span style=\"color: #000080;\"><em><strong>\u00c7evresel Etki ve S\u00fcrd\u00fcr\u00fclebilirlik<\/strong><\/em><\/span><\/h2>\n<p><strong>\u00d6zelle\u015ftirilmi\u015f \u00e7o\u011falt\u0131labilir UID ISO14443A RFID kartlar\u0131n\u0131 se\u00e7mek s\u00fcrd\u00fcr\u00fclebilir uygulamalara katk\u0131da bulunur. Dayan\u0131kl\u0131l\u0131klar\u0131 daha az de\u011fi\u015ftirme ve at\u0131k anlam\u0131na gelir ve standart ka\u011f\u0131t veya plastik kartlarla ili\u015fkili \u00e7evresel ayak izini en aza indirir.<\/strong><\/p>\n<p>&nbsp;<\/p>\n<p>&nbsp;<\/p>\n<h2 style=\"text-align: center;\"><em><span style=\"color: #000080;\"><strong>M\u00fc\u015fteri Yorumlar\u0131 ve G\u00f6r\u00fc\u015fleri<\/strong><\/span><\/em><\/h2>\n<p><span style=\"color: #008080;\">\u201cBu RFID kartlar\u0131 okulumuzdaki kat\u0131l\u0131m\u0131 takip etmeyi \u00e7ok daha basit hale getirdi! \u00d6zelle\u015ftirme se\u00e7enekleri b\u00fcy\u00fck bir art\u0131yd\u0131.\u201d \u2013 <em>Emily R., Okul Y\u00f6neticisi<\/em><\/span><\/p>\n<blockquote><p>\u201cSon derece g\u00fcvenilir ve dayan\u0131kl\u0131. Bunlar\u0131 eri\u015fim kontrol sistemimizde aylard\u0131r herhangi bir sorun ya\u015famadan kullan\u0131yoruz.\u201d<\/p><\/blockquote>","protected":false},"excerpt":{"rendered":"<p>Verimli kat\u0131l\u0131m takibi ve g\u00fcvenli eri\u015fim kontrol\u00fc i\u00e7in MIFARE Classic1K teknolojisi ve dayan\u0131kl\u0131 PVC\/PET malzemeye sahip \u00f6zelle\u015ftirilebilir RFID kart\u0131.<\/p>","protected":false},"featured_media":3357,"template":"","meta":[],"product_brand":[],"product_cat":[46],"product_tag":[],"class_list":{"0":"post-3537","1":"product","2":"type-product","3":"status-publish","4":"has-post-thumbnail","6":"product_cat-nfc-cards","8":"first","9":"instock","10":"shipping-taxable","11":"product-type-simple"},"_links":{"self":[{"href":"https:\/\/nfc-readers.com\/tr\/wp-json\/wp\/v2\/product\/3537","targetHints":{"allow":["GET"]}}],"collection":[{"href":"https:\/\/nfc-readers.com\/tr\/wp-json\/wp\/v2\/product"}],"about":[{"href":"https:\/\/nfc-readers.com\/tr\/wp-json\/wp\/v2\/types\/product"}],"wp:featuredmedia":[{"embeddable":true,"href":"https:\/\/nfc-readers.com\/tr\/wp-json\/wp\/v2\/media\/3357"}],"wp:attachment":[{"href":"https:\/\/nfc-readers.com\/tr\/wp-json\/wp\/v2\/media?parent=3537"}],"wp:term":[{"taxonomy":"product_brand","embeddable":true,"href":"https:\/\/nfc-readers.com\/tr\/wp-json\/wp\/v2\/product_brand?post=3537"},{"taxonomy":"product_cat","embeddable":true,"href":"https:\/\/nfc-readers.com\/tr\/wp-json\/wp\/v2\/product_cat?post=3537"},{"taxonomy":"product_tag","embeddable":true,"href":"https:\/\/nfc-readers.com\/tr\/wp-json\/wp\/v2\/product_tag?post=3537"}],"curies":[{"name":"wp","href":"https:\/\/api.w.org\/{rel}","templated":true}]}}