{"id":3538,"date":"2024-11-06T11:31:12","date_gmt":"2024-11-06T11:31:12","guid":{"rendered":"https:\/\/nfc-readers.com\/?post_type=product&#038;p=3538"},"modified":"2024-11-06T11:31:12","modified_gmt":"2024-11-06T11:31:12","slug":"ntag213-nfc-card-with-qr-code-printed-for-whatsapp-marketing","status":"publish","type":"product","link":"https:\/\/nfc-readers.com\/tr\/ic-reader\/ntag213-nfc-card-with-qr-code-printed-for-whatsapp-marketing\/","title":{"rendered":"Whatsapp Pazarlamas\u0131 i\u00e7in QR kodlu NTAG213 NFC Kart\u0131"},"content":{"rendered":"<h1><span style=\"color: #000080;\"><strong>Whatsapp Pazarlamas\u0131 i\u00e7in QR kodlu NTAG213 NFC Kart\u0131<\/strong><\/span><\/h1>\n<div class=\"chat-list relative custom-scrollbar-reset-margin custom-scrollbar custom-scrollbar-hidden custom-scrollbar-float pb-9 flex-1 overflow-y-auto\">\n<div class=\"mx-auto max-w-[790px]\">\n<div class=\"message-item-outer relative px-4 mb-2\" data-id=\"314708bd-f25a-4472-bc0c-0927c643c147\">\n<div class=\"content-area pl-[0px]\">\n<div class=\"message-item select-text relative\">\n<div class=\"message-inner relative\">\n<div class=\"py-[2px]\">\n<div class=\"flex flex-col gap-2\">\n<div class=\"answer-markdown-box overflow-x-auto select-text custom-scrollbar\">\n<div class=\"markdown-body\">\n<h3><span style=\"color: #008080;\"><strong>M\u00fc\u015fteri Ba\u011fl\u0131l\u0131\u011f\u0131n\u0131z\u0131 Devrimle\u015ftirin<\/strong><\/span><\/h3>\n<p>G\u00fcn\u00fcm\u00fcz\u00fcn dijital \u00e7a\u011f\u0131nda, i\u015fletmeler m\u00fc\u015fterileriyle etkile\u015fime girmek ve markalar\u0131n\u0131 tan\u0131tmak i\u00e7in s\u00fcrekli olarak yenilik\u00e7i yollar ar\u0131yor. Bunu yapman\u0131n etkili bir yolu, \u00f6zellikle QR kodlu bask\u0131ya sahip NTAG213 NFC kartlar\u0131 olmak \u00fczere NFC (Yak\u0131n Alan \u0130leti\u015fimi) teknolojisini kullanmakt\u0131r.<\/p>\n<p>Bu kartlar, WhatsApp pazarlamac\u0131l\u0131\u011f\u0131nda giderek daha pop\u00fcler hale geliyor ve i\u015fletmelerin \u00f6zel trafi\u011fini y\u00f6netmelerine ve m\u00fc\u015fterilerle daha ki\u015fisel ve etkile\u015fimli bir \u015fekilde ba\u011flant\u0131 kurmalar\u0131na olanak tan\u0131yor.<\/p>\n<p>&nbsp;<\/p>\n<\/div>\n<\/div>\n<\/div>\n<\/div>\n<p>&nbsp;<\/p>\n<div class=\"py-[2px]\">\n<div class=\"flex flex-col gap-2\">\n<div class=\"answer-markdown-box overflow-x-auto select-text custom-scrollbar\">\n<div class=\"markdown-body\">\n<h2 style=\"text-align: center;\"><span style=\"color: #333399;\"><em><strong>NTAG213 NFC Kart\u0131n\u0131n Avantajlar\u0131<\/strong><\/em><\/span><\/h2>\n<p>QR kodlu bask\u0131 \u00f6zelli\u011fine sahip NTAG213 NFC kartlar\u0131, m\u00fc\u015fteri etkile\u015fimlerini ve pazarlama \u00e7abalar\u0131n\u0131 geli\u015ftirmek isteyen i\u015fletmelere \u00e7e\u015fitli avantajlar sunar. Bu avantajlar \u015funlar\u0131 i\u00e7erir:<\/p>\n<ul>\n<li><strong>Kullan\u0131m\u0131 ve y\u00f6netimi kolay<\/strong>: NTAG213 NFC kartlar\u0131 kullan\u0131m\u0131 ve y\u00f6netimi kolayd\u0131r ve i\u015fletmelerin m\u00fc\u015fterileriyle WhatsApp ba\u011flant\u0131lar\u0131n\u0131 kolayca olu\u015fturmas\u0131na ve payla\u015fmas\u0131na olanak tan\u0131r.<\/li>\n<li><strong>Y\u00fcksek kapasite<\/strong>: NTAG213 NFC kartlar\u0131, i\u015fletmelerin WhatsApp ba\u011flant\u0131lar\u0131, ileti\u015fim bilgileri ve daha fazlas\u0131 gibi \u00f6nemli miktarda veriyi depolamas\u0131na olanak tan\u0131yan geni\u015f bir bellek kapasitesine sahiptir.<\/li>\n<li><strong>\u00d6zelle\u015ftirilebilir<\/strong>: NTAG213 NFC kartlar\u0131, QR kodlar\u0131 da dahil olmak \u00fczere \u00e7e\u015fitli bask\u0131 se\u00e7enekleriyle \u00f6zelle\u015ftirilebilir ve bu sayede i\u015fletmelerin pazarlama \u00e7abalar\u0131n\u0131 ki\u015fiselle\u015ftirmelerine olanak tan\u0131r.<\/li>\n<li><\/li>\n<\/ul>\n<p>&nbsp;<\/p>\n<\/div>\n<p>&nbsp;<\/p>\n<div class=\"markdown-body\">\n<h2 style=\"text-align: center;\"><span style=\"color: #333399;\"><em><strong>NTAG213 NFC Kart\u0131n\u0131n \u00d6zellikleri<\/strong><\/em><\/span><\/h2>\n<p>WhatsApp pazarlamas\u0131 i\u00e7in QR kod bask\u0131s\u0131 \u00f6zelli\u011fine sahip NTAG213 NFC kartlar\u0131, a\u015fa\u011f\u0131dakiler de dahil olmak \u00fczere bir dizi geli\u015fmi\u015f \u00f6zelli\u011fe sahiptir:<\/p>\n<ul>\n<li><strong>WhatsApp ile uyumluluk<\/strong>: NTAG213 NFC kartlar\u0131, \u00f6zellikle WhatsApp ile \u00e7al\u0131\u015fmak \u00fczere tasarlanm\u0131\u015ft\u0131r ve i\u015fletmelerin m\u00fc\u015fterileriyle WhatsApp ba\u011flant\u0131lar\u0131n\u0131 kolayca olu\u015fturmas\u0131na ve payla\u015fmas\u0131na olanak tan\u0131r.<\/li>\n<li><strong>QR kod yazd\u0131rma<\/strong>: NTAG213 NFC kartlar\u0131 QR kod yazd\u0131rma \u00f6zelli\u011fine sahip olup, i\u015fletmelerin pazarlama \u00e7abalar\u0131n\u0131 kolayca \u00f6zelle\u015ftirmelerine olanak tan\u0131r.<\/li>\n<li><strong>NFC teknolojisi<\/strong>: NTAG213 NFC kartlar\u0131 geli\u015fmi\u015f NFC teknolojisini kullanarak kart ile mobil cihaz aras\u0131nda h\u0131zl\u0131 ve g\u00fcvenilir veri aktar\u0131m\u0131 sa\u011flar.<\/li>\n<li><strong>Y\u00fcksek g\u00fcvenlikli \u015fifreleme<\/strong>: NTAG213 NFC kartlar\u0131, geli\u015fmi\u015f g\u00fcvenlik \u015fifrelemesi ile yetkisiz eri\u015fime kar\u015f\u0131 koruma sa\u011flar ve m\u00fc\u015fteri verilerinin g\u00fcvende kalmas\u0131n\u0131 sa\u011flar.<\/li>\n<\/ul>\n<p>&nbsp;<\/p>\n<\/div>\n<p>&nbsp;<\/p>\n<div class=\"markdown-body\">\n<h2 style=\"text-align: center;\"><span style=\"color: #333399;\"><em><strong>\u00d6zellikler<\/strong><\/em><\/span><\/h2>\n<div class=\"table-with-header rounded-lg border border-solid border-grey-line2-normal w-fit max-w-full mb-2\">\n<div class=\"overflow-x-auto custom-scrollbar custom-scrollbar-float max-w-full\">\n<table class=\"w-fit !mb-0 !max-w-none\">\n<thead>\n<tr>\n<th>\u015eartname<\/th>\n<th>De\u011fer<\/th>\n<\/tr>\n<\/thead>\n<tbody>\n<tr>\n<td>Malzeme<\/td>\n<td>PVC<\/td>\n<\/tr>\n<tr>\n<td>Boyut<\/td>\n<td>Gelenek<\/td>\n<\/tr>\n<tr>\n<td>Haf\u0131za<\/td>\n<td>144 bayt<\/td>\n<\/tr>\n<tr>\n<td>Yonga<\/td>\n<td>NTAG213<\/td>\n<\/tr>\n<tr>\n<td>Bask\u0131<\/td>\n<td>QR kod yazd\u0131rma destekleniyor<\/td>\n<\/tr>\n<tr>\n<td>Ambalajlama<\/td>\n<td>200 adet \/ i\u00e7 beyaz kutu. 25 kutu \/ karton, Karton boyutu :48<em>22.5<\/em>30cm<\/td>\n<\/tr>\n<tr>\n<td>Sat\u0131\u015f Birimleri<\/td>\n<td>Tek \u00fcr\u00fcn<\/td>\n<\/tr>\n<tr>\n<td>Tek paket boyutu<\/td>\n<td>35X1,5X0,02 cm<\/td>\n<\/tr>\n<tr>\n<td>Tek br\u00fct a\u011f\u0131rl\u0131k<\/td>\n<td>0,010 kilo<\/td>\n<\/tr>\n<\/tbody>\n<\/table>\n<p>&nbsp;<\/p>\n<\/div>\n<\/div>\n<h2 style=\"text-align: center;\"><span style=\"color: #333399;\"><em><strong>NTAG213 NFC Kart\u0131 Nas\u0131l Kullan\u0131l\u0131r\u00a0<\/strong><\/em><\/span><\/h2>\n<p>NTAG213 NFC kart\u0131n\u0131 kullanmak kolay ve basittir. Ba\u015flaman\u0131z i\u00e7in ad\u0131m ad\u0131m bir k\u0131lavuz:<\/p>\n<ol>\n<li><strong>Bir WhatsApp ba\u011flant\u0131s\u0131 olu\u015fturun<\/strong>: &quot;&quot; format\u0131n\u0131 kullanarak bir WhatsApp ba\u011flant\u0131s\u0131 olu\u015fturun<a href=\"https:\/\/wa.me\/WhatsAppnumber\" target=\"_blank\" rel=\"noopener\">https:\/\/wa.me\/WhatsAppnumber<\/a>\u201cWhatsAppnumber\u201d uluslararas\u0131 formatta telefon numaran\u0131zd\u0131r.<\/li>\n<li><strong>WhatsApp ba\u011flant\u0131s\u0131n\u0131 programla<\/strong>: Uyumlu bir cihaz ve yaz\u0131l\u0131m kullanarak WhatsApp ba\u011flant\u0131s\u0131n\u0131 NTAG213 NFC kart\u0131na programlay\u0131n.<\/li>\n<li><strong>Kart\u0131 \u00f6zelle\u015ftirin<\/strong>:NTAG213 NFC kart\u0131n\u0131 i\u015fletmenizin markalama ve pazarlama mesaj\u0131yla \u00f6zelle\u015ftirin.<\/li>\n<li><strong>Kart\u0131 da\u011f\u0131t\u0131n<\/strong>:NTAG213 NFC kart\u0131n\u0131z\u0131 m\u00fc\u015fterilerinize \u015fahsen veya posta yoluyla da\u011f\u0131t\u0131n.<\/li>\n<\/ol>\n<p>&nbsp;<\/p>\n<\/div>\n<p>&nbsp;<\/p>\n<div class=\"markdown-body\">\n<h2 style=\"text-align: center;\"><em><span style=\"color: #333399;\"><strong>NTAG213 NFC Kart\u0131n\u0131n Avantajlar\u0131<\/strong><\/span><\/em><\/h2>\n<p>WhatsApp pazarlamas\u0131 i\u00e7in QR kodlu bask\u0131ya sahip NTAG213 NFC kartlar\u0131, geleneksel pazarlama y\u00f6ntemlerine k\u0131yasla bir dizi avantaj sunar. Bu avantajlar \u015funlar\u0131 i\u00e7erir:<\/p>\n<ul>\n<li><strong>Artan kat\u0131l\u0131m<\/strong>: WhatsApp pazarlamas\u0131 i\u00e7in QR kodlu bask\u0131 \u00f6zelli\u011fine sahip NTAG213 NFC kartlar\u0131, i\u015fletmelerin m\u00fc\u015fterileriyle daha ki\u015fisel ve etkile\u015fimli bir \u015fekilde etkile\u015fim kurmas\u0131n\u0131 sa\u011flar.<\/li>\n<li><strong>Geli\u015ftirilmi\u015f marka tan\u0131n\u0131rl\u0131\u011f\u0131<\/strong>: WhatsApp pazarlamas\u0131 i\u00e7in QR kodlu bask\u0131 \u00f6zelli\u011fine sahip NTAG213 NFC kartlar\u0131, bir i\u015fletmenin markala\u015fma ve pazarlama mesaj\u0131yla \u00f6zelle\u015ftirilebilir, b\u00f6ylece marka tan\u0131n\u0131rl\u0131\u011f\u0131 ve fark\u0131ndal\u0131\u011f\u0131 art\u0131r\u0131labilir.<\/li>\n<li><strong>Maliyet etkin<\/strong>: WhatsApp pazarlamas\u0131 i\u00e7in QR kodlu bask\u0131 \u00f6zelli\u011fine sahip NTAG213 NFC kartlar\u0131, i\u015fletmelere y\u00fcksek yat\u0131r\u0131m getirisi sunan uygun fiyatl\u0131 bir pazarlama \u00e7\u00f6z\u00fcm\u00fcd\u00fcr.<\/li>\n<\/ul>\n<p>&nbsp;<\/p>\n<h2 style=\"text-align: center;\"><span style=\"color: #008080;\"><em><strong>Hemen bizi se\u00e7in!<\/strong><\/em><\/span><\/h2>\n<p>WhatsApp pazarlamas\u0131 i\u00e7in QR kodlu bask\u0131ya sahip NTAG213 NFC kartlar\u0131, m\u00fc\u015fterilerle etkile\u015fim kurman\u0131n ve markan\u0131z\u0131 tan\u0131tman\u0131n yenilik\u00e7i ve etkili bir yoludur. Kullan\u0131m kolayl\u0131\u011f\u0131, y\u00fcksek kapasite, g\u00fcvenli \u015fifreleme ve \u00f6zelle\u015ftirilebilir tasar\u0131m\u0131yla, WhatsApp pazarlamas\u0131 i\u00e7in QR kodlu bask\u0131ya sahip NTAG213 NFC kartlar\u0131, m\u00fc\u015fteri etkile\u015fimlerini ve pazarlama \u00e7abalar\u0131n\u0131 geli\u015ftirmek isteyen i\u015fletmeler i\u00e7in ideal bir \u00e7\u00f6z\u00fcmd\u00fcr.<\/p>\n<\/div>\n<\/div>\n<\/div>\n<\/div>\n<\/div>\n<\/div>\n<\/div>\n<\/div>\n<\/div>\n<\/div>","protected":false},"excerpt":{"rendered":"<p><strong>WhatsApp Pazarlamas\u0131 i\u00e7in QR Kodlu NTAG213 NFC Kart\u0131<\/strong>:Ki\u015fiselle\u015ftirilmi\u015f pazarlama i\u00e7in kullan\u0131m\u0131 kolay, y\u00fcksek kapasiteli ve \u00f6zelle\u015ftirilebilir NFC kartlar\u0131yla m\u00fc\u015fteri etkile\u015fiminizde devrim yarat\u0131n.<\/p>","protected":false},"featured_media":3543,"template":"","meta":[],"product_brand":[],"product_cat":[46],"product_tag":[],"class_list":{"0":"post-3538","1":"product","2":"type-product","3":"status-publish","4":"has-post-thumbnail","6":"product_cat-nfc-cards","8":"first","9":"instock","10":"shipping-taxable","11":"product-type-simple"},"_links":{"self":[{"href":"https:\/\/nfc-readers.com\/tr\/wp-json\/wp\/v2\/product\/3538","targetHints":{"allow":["GET"]}}],"collection":[{"href":"https:\/\/nfc-readers.com\/tr\/wp-json\/wp\/v2\/product"}],"about":[{"href":"https:\/\/nfc-readers.com\/tr\/wp-json\/wp\/v2\/types\/product"}],"wp:featuredmedia":[{"embeddable":true,"href":"https:\/\/nfc-readers.com\/tr\/wp-json\/wp\/v2\/media\/3543"}],"wp:attachment":[{"href":"https:\/\/nfc-readers.com\/tr\/wp-json\/wp\/v2\/media?parent=3538"}],"wp:term":[{"taxonomy":"product_brand","embeddable":true,"href":"https:\/\/nfc-readers.com\/tr\/wp-json\/wp\/v2\/product_brand?post=3538"},{"taxonomy":"product_cat","embeddable":true,"href":"https:\/\/nfc-readers.com\/tr\/wp-json\/wp\/v2\/product_cat?post=3538"},{"taxonomy":"product_tag","embeddable":true,"href":"https:\/\/nfc-readers.com\/tr\/wp-json\/wp\/v2\/product_tag?post=3538"}],"curies":[{"name":"wp","href":"https:\/\/api.w.org\/{rel}","templated":true}]}}