{"id":3552,"date":"2024-11-06T15:59:31","date_gmt":"2024-11-06T15:59:31","guid":{"rendered":"https:\/\/nfc-readers.com\/?post_type=product&#038;p=3552"},"modified":"2024-11-06T16:18:13","modified_gmt":"2024-11-06T16:18:13","slug":"contactless-cr80-plastic-ntag-216-nfc-loyalty-card","status":"publish","type":"product","link":"https:\/\/nfc-readers.com\/tr\/ic-reader\/contactless-cr80-plastic-ntag-216-nfc-loyalty-card\/","title":{"rendered":"Temass\u0131z CR80 plastik Ntag 216 NFC sadakat kart\u0131"},"content":{"rendered":"<h1 style=\"text-align: center;\"><span style=\"color: #000080;\"><strong>Temass\u0131z CR80 plastik Ntag 216 NFC sadakat kart\u0131<\/strong><\/span><\/h1>\n<p>&nbsp;<\/p>\n<h2 style=\"text-align: center;\"><span style=\"color: #008080;\"><em><strong>M\u00fc\u015fteri Kat\u0131l\u0131m\u0131nda Devrim Yaratmak<\/strong><\/em><\/span><\/h2>\n<p><strong><span style=\"color: #666699;\">G\u00fcn\u00fcm\u00fcz\u00fcn dijital \u00e7a\u011f\u0131nda, i\u015fletmeler m\u00fc\u015fterileriyle etkile\u015fime girmek ve markalar\u0131n\u0131 tan\u0131tmak i\u00e7in s\u00fcrekli olarak yenilik\u00e7i yollar ar\u0131yor. Bunu yapman\u0131n etkili bir yolu, \u00f6zellikle temass\u0131z CR80 plastik Ntag216 NFC sadakat kartlar\u0131 olmak \u00fczere NFC (Yak\u0131n Alan \u0130leti\u015fimi) teknolojisini kullanmakt\u0131r.<\/span><\/strong><\/p>\n<p>&nbsp;<\/p>\n<p>&nbsp;<\/p>\n<h2 style=\"text-align: center;\"><em><strong><span style=\"color: #333399;\">Ntag216 NFC Kartlar\u0131n\u0131n Avantajlar\u0131<\/span><\/strong><\/em><\/h2>\n<ol>\n<li><strong>Kolayl\u0131k<\/strong>: Temass\u0131z CR80 plastik Ntag216 NFC sadakat kartlar\u0131, m\u00fc\u015fterilerin fiziksel temas veya manuel veri giri\u015fi ihtiyac\u0131 olmadan i\u015fletmelerle etkile\u015fime girmesini sa\u011flayan kullan\u0131\u015fl\u0131 bir yol sunar.<\/li>\n<li><strong>Ki\u015fiselle\u015ftirilmi\u015f Deneyim<\/strong>:Temass\u0131z CR80 plastik Ntag216 NFC sadakat kartlar\u0131, bir i\u015fletmenin markalama ve pazarlama mesaj\u0131yla \u00f6zelle\u015ftirilebilir ve m\u00fc\u015fteriler i\u00e7in ki\u015fiselle\u015ftirilmi\u015f bir deneyim sunar.<\/li>\n<li><strong>Artt\u0131r\u0131lm\u0131\u015f Kat\u0131l\u0131m<\/strong>:Temass\u0131z CR80 plastik Ntag216 NFC sadakat kartlar\u0131, m\u00fc\u015fterilere markalar\u0131yla etkile\u015fim kurmalar\u0131 i\u00e7in benzersiz ve etkile\u015fimli bir yol sa\u011flayarak i\u015fletmelerin m\u00fc\u015fteri kat\u0131l\u0131m\u0131n\u0131 art\u0131rmalar\u0131na yard\u0131mc\u0131 olabilir.<\/li>\n<\/ol>\n<p>&nbsp;<\/p>\n<p>&nbsp;<\/p>\n<h2 style=\"text-align: center;\"><span style=\"color: #333399;\"><em><strong>Temass\u0131z Ntag216 NFC Kartlar\u0131n\u0131n Kullan\u0131m\u0131<\/strong><\/em><\/span><\/h2>\n<p>Temass\u0131z CR80 plastik Ntag216 NFC sadakat kartlar\u0131n\u0131 kullanmak kolay ve basittir. Ba\u015flaman\u0131z i\u00e7in ad\u0131m ad\u0131m bir k\u0131lavuz:<\/p>\n<ol>\n<li><strong>Mobil Uygulama Olu\u015fturun<\/strong>:Temass\u0131z CR80 plastik Ntag216 NFC sadakat kartlar\u0131yla uyumlu bir mobil uygulama olu\u015fturun.<\/li>\n<li><strong>Kart\u0131 Programla<\/strong>:Temass\u0131z CR80 plastik Ntag216 NFC sadakat kart\u0131n\u0131z\u0131 i\u015fletmenizin markalama ve pazarlama mesaj\u0131yla programlay\u0131n.<\/li>\n<li><strong>Kart\u0131 Da\u011f\u0131t\u0131n<\/strong>: M\u00fc\u015fterilerinize temass\u0131z CR80 plastik Ntag216 NFC sadakat kart\u0131n\u0131 da\u011f\u0131t\u0131n.<\/li>\n<li><strong>M\u00fc\u015fterilerle \u0130leti\u015fime Ge\u00e7in<\/strong>:Temass\u0131z CR80 plastik Ntag216 NFC sadakat kart\u0131yla m\u00fc\u015fterilerinizle benzersiz ve etkile\u015fimli bir deneyim sunarak etkile\u015fim kurun.<\/li>\n<\/ol>\n<p>&nbsp;<\/p>\n<p style=\"text-align: center;\">\n<h2 style=\"text-align: center;\"><span style=\"color: #333399;\"><em><strong>Teknik \u00d6zellikler<\/strong><\/em><\/span><\/h2>\n<div class=\"table-with-header rounded-lg border border-solid border-grey-line2-normal w-fit max-w-full mb-2\">\n<div class=\"overflow-x-auto custom-scrollbar custom-scrollbar-float max-w-full\">\n<table class=\"w-fit !mb-0 !max-w-none\" style=\"height: 510px;\" width=\"432\">\n<thead>\n<tr>\n<th>\u015eartname<\/th>\n<th>De\u011fer<\/th>\n<\/tr>\n<\/thead>\n<tbody>\n<tr>\n<td>Anavatan<\/td>\n<td>Guangdong, \u00c7in<\/td>\n<\/tr>\n<tr>\n<td>Ba\u015fvuru<\/td>\n<td>Kartvizit<\/td>\n<\/tr>\n<tr>\n<td>\u00dcr\u00fcn ad\u0131<\/td>\n<td>NFC Kart\u0131<\/td>\n<\/tr>\n<tr>\n<td>Malzeme<\/td>\n<td>PVC<\/td>\n<\/tr>\n<tr>\n<td>Boyut<\/td>\n<td>85,5*54mm\/\u00d6zel<\/td>\n<\/tr>\n<tr>\n<td><\/td>\n<td><\/td>\n<\/tr>\n<tr>\n<td>Bask\u0131<\/td>\n<td>Ofsetleme\/CMYK4C Bask\u0131\/Serigrafi Bask\u0131<\/td>\n<\/tr>\n<tr>\n<td>S\u0131kl\u0131k<\/td>\n<td>13.56Mhz<\/td>\n<\/tr>\n<tr>\n<td>Yonga<\/td>\n<td>Ntag216<\/td>\n<\/tr>\n<tr>\n<td>Haf\u0131za<\/td>\n<td>888 Bayt<\/td>\n<\/tr>\n<tr>\n<td>Kur\u015fun zaman\u0131<\/td>\n<td>7-10 g\u00fcn<\/td>\n<\/tr>\n<tr>\n<td>Protokol<\/td>\n<td>ISO\/IEC14443A<\/td>\n<\/tr>\n<tr>\n<td>Okuma mesafesi<\/td>\n<td>1-10cm<\/td>\n<\/tr>\n<tr>\n<td>Paketleme ve teslimat<\/td>\n<td>Tek \u00fcr\u00fcn<\/td>\n<\/tr>\n<tr>\n<td>Tek paket boyutu<\/td>\n<td>8,55X5,4X0,08 cm<\/td>\n<\/tr>\n<tr>\n<td>Tek br\u00fct a\u011f\u0131rl\u0131k<\/td>\n<td>0,006 kilo<\/td>\n<\/tr>\n<\/tbody>\n<\/table>\n<\/div>\n<\/div>\n<p>&nbsp;<\/p>\n<h2 style=\"text-align: center;\"><span style=\"color: #333399;\"><em><strong>S\u0131k\u00e7a Sorulan Sorular<\/strong><\/em><\/span><\/h2>\n<ol>\n<li><strong>Temass\u0131z CR80 plastik Ntag216 NFC sadakat kart\u0131 nedir?<\/strong><br \/>\nTemass\u0131z CR80 plastik Ntag216 NFC sadakat kart\u0131, kart ile mobil cihaz aras\u0131nda veri depolamak ve iletmek i\u00e7in NFC teknolojisini kullanan bir kart t\u00fcr\u00fcd\u00fcr.<\/li>\n<li><strong>Temass\u0131z CR80 plastik Ntag216 NFC sadakat kartlar\u0131n\u0131 kullanman\u0131n faydalar\u0131 nelerdir?<\/strong><br \/>\nTemass\u0131z CR80 plastik Ntag216 NFC sadakat kartlar\u0131n\u0131 kullanman\u0131n faydalar\u0131 aras\u0131nda kolayl\u0131k, ki\u015fiselle\u015ftirilmi\u015f deneyim ve artan etkile\u015fim yer al\u0131yor.<\/li>\n<\/ol>\n<p>&nbsp;<\/p>\n<p>&nbsp;<\/p>\n<h2 style=\"text-align: center;\"><span style=\"color: #333399;\"><em><strong>Neden Bizi Se\u00e7melisiniz?<\/strong><\/em><\/span><\/h2>\n<p><strong><span style=\"color: #008080;\">M\u00fc\u015fterileriyle benzersiz ve etkile\u015fimli bir \u015fekilde etkile\u015fim kurmak isteyen i\u015fletmelerin ihtiya\u00e7lar\u0131n\u0131 kar\u015f\u0131lamak i\u00e7in tasarlanm\u0131\u015f y\u00fcksek kaliteli temass\u0131z CR80 plastik Ntag216 NFC sadakat kartlar\u0131 sunuyoruz. Bizi se\u00e7meniz i\u00e7in baz\u0131 nedenler \u015funlard\u0131r:<\/span><\/strong><\/p>\n<ul>\n<li><strong>\u00dccretsiz \u00d6rnekler<\/strong>:Sat\u0131n almadan \u00f6nce deneyebilmeniz i\u00e7in temass\u0131z CR80 plastik Ntag216 NFC sadakat kartlar\u0131m\u0131z\u0131n \u00fccretsiz numunelerini sunuyoruz.<\/li>\n<li><strong>D\u00fc\u015f\u00fck Fiyat<\/strong>:Temass\u0131z CR80 plastik Ntag216 NFC sadakat kartlar\u0131m\u0131z i\u00e7in rekabet\u00e7i fiyatlar sunuyoruz; bu sayede her \u00f6l\u00e7ekteki i\u015fletme i\u00e7in uygun fiyatl\u0131 bir \u00e7\u00f6z\u00fcm haline geliyoruz.<\/li>\n<li><strong>Y\u00fcksek Kalite<\/strong>:Temass\u0131z CR80 plastik Ntag216 NFC sadakat kartlar\u0131m\u0131z y\u00fcksek kaliteli malzemelerden \u00fcretilmi\u015ftir ve uzun \u00f6m\u00fcrl\u00fc olacak \u015fekilde tasarlanm\u0131\u015ft\u0131r.<\/li>\n<li><strong>\u00dcretim Fabrikas\u0131<\/strong>:Kendi \u00fcretim fabrikam\u0131z var, bu da bize h\u0131zl\u0131 teslimat s\u00fcreleri ve y\u00fcksek hacimli \u00fcretim olanaklar\u0131 sunabildi\u011fimiz anlam\u0131na geliyor.<\/li>\n<li><strong>\u00c7e\u015fitli Se\u00e7enekler<\/strong>:Temass\u0131z CR80 plastik Ntag216 NFC sadakat kartlar\u0131m\u0131z i\u00e7in farkl\u0131 boyutlar, malzemeler ve bask\u0131 se\u00e7enekleri dahil olmak \u00fczere \u00e7e\u015fitli se\u00e7enekler sunuyoruz.<\/li>\n<\/ul>","protected":false},"excerpt":{"rendered":"<p>Temass\u0131z CR80 Plastik Ntag216 NFC M\u00fc\u015fteri Sadakat Kart\u0131 \u2013 Y\u00fcksek kaliteli, \u00f6zelle\u015ftirilebilir ve kullan\u0131\u015fl\u0131 NFC m\u00fc\u015fteri sadakat kartlar\u0131m\u0131zla m\u00fc\u015fteri etkile\u015fiminde devrim yarat\u0131n.<\/p>","protected":false},"featured_media":3592,"template":"","meta":[],"product_brand":[],"product_cat":[46],"product_tag":[],"class_list":{"0":"post-3552","1":"product","2":"type-product","3":"status-publish","4":"has-post-thumbnail","6":"product_cat-nfc-cards","8":"first","9":"instock","10":"shipping-taxable","11":"product-type-simple"},"_links":{"self":[{"href":"https:\/\/nfc-readers.com\/tr\/wp-json\/wp\/v2\/product\/3552","targetHints":{"allow":["GET"]}}],"collection":[{"href":"https:\/\/nfc-readers.com\/tr\/wp-json\/wp\/v2\/product"}],"about":[{"href":"https:\/\/nfc-readers.com\/tr\/wp-json\/wp\/v2\/types\/product"}],"wp:featuredmedia":[{"embeddable":true,"href":"https:\/\/nfc-readers.com\/tr\/wp-json\/wp\/v2\/media\/3592"}],"wp:attachment":[{"href":"https:\/\/nfc-readers.com\/tr\/wp-json\/wp\/v2\/media?parent=3552"}],"wp:term":[{"taxonomy":"product_brand","embeddable":true,"href":"https:\/\/nfc-readers.com\/tr\/wp-json\/wp\/v2\/product_brand?post=3552"},{"taxonomy":"product_cat","embeddable":true,"href":"https:\/\/nfc-readers.com\/tr\/wp-json\/wp\/v2\/product_cat?post=3552"},{"taxonomy":"product_tag","embeddable":true,"href":"https:\/\/nfc-readers.com\/tr\/wp-json\/wp\/v2\/product_tag?post=3552"}],"curies":[{"name":"wp","href":"https:\/\/api.w.org\/{rel}","templated":true}]}}