{"id":3553,"date":"2024-11-06T12:50:53","date_gmt":"2024-11-06T12:50:53","guid":{"rendered":"https:\/\/nfc-readers.com\/?post_type=product&#038;p=3553"},"modified":"2024-11-06T12:50:53","modified_gmt":"2024-11-06T12:50:53","slug":"nfc-rfid-sticker-alien-h9-9662-9654-9610-9640-long-read-range","status":"publish","type":"product","link":"https:\/\/nfc-readers.com\/tr\/ic-reader\/nfc-rfid-sticker-alien-h9-9662-9654-9610-9640-long-read-range\/","title":{"rendered":"NFC RFID Sticker Alien H9 9662 9654 9610 9640 Uzun okuma aral\u0131\u011f\u0131"},"content":{"rendered":"<h1 style=\"text-align: center;\"><strong>NFC RFID Sticker Alien H9 9662 9654 9610 9640 Uzun okuma aral\u0131\u011f\u0131<\/strong><\/h1>\n<p>G\u00fcn\u00fcm\u00fcz\u00fcn h\u0131zl\u0131 dijital d\u00fcnyas\u0131nda, etkili ileti\u015fim ve bilgi aktar\u0131m\u0131 operasyonel verimlili\u011fi b\u00fcy\u00fck \u00f6l\u00e7\u00fcde art\u0131rabilir. <strong>NFC RFID Etiket Alien H9<\/strong>\u00a0ola\u011fan\u00fcst\u00fc bir \u00e7\u00f6z\u00fcmd\u00fcr ve\u00a0<strong>uzun okuma aral\u0131\u011f\u0131<\/strong>\u00a0ve park etme, envanter y\u00f6netimi ve daha fazlas\u0131 dahil olmak \u00fczere \u00e7e\u015fitli uygulamalara hitap eden geli\u015fmi\u015f i\u015flevsellik. Etkileyici bir okuma mesafesiyle\u00a0<strong>3-7 metre<\/strong>Bu \u00e7ok y\u00f6nl\u00fc etiket, NFC \u00f6zellikli cihazlar aras\u0131nda sorunsuz etkile\u015fimi garantileyerek kullan\u0131c\u0131lar\u0131n verilerle etkile\u015fim kurma bi\u00e7imini k\u00f6kten de\u011fi\u015ftiriyor.<\/p>\n<p>Son teknolojiyi kompakt bir formatta bir araya getiren Alien H9 etiketi, i\u015f s\u00fcre\u00e7lerinizi y\u00fckseltebilir, m\u00fc\u015fteri deneyimlerini iyile\u015ftirebilir ve zahmetsiz ba\u011flant\u0131y\u0131 kolayla\u015ft\u0131rabilir. Alien H9 NFC RFID etiketinin inan\u0131lmaz avantajlar\u0131n\u0131 ke\u015ffedin ve ihtiya\u00e7lar\u0131n\u0131z i\u00e7in neden de\u011ferli bir yat\u0131r\u0131m oldu\u011funu anlay\u0131n.<\/p>\n<p>&nbsp;<\/p>\n<h2>NFC ve RFID Teknolojisine Genel Bak\u0131\u015f<\/h2>\n<p>NFC (Yak\u0131n Alan \u0130leti\u015fimi) ve RFID (Radyo Frekans\u0131 Tan\u0131mlama), cihazlar aras\u0131nda veri al\u0131\u015fveri\u015fini kolayla\u015ft\u0131ran g\u00fc\u00e7l\u00fc kablosuz ileti\u015fim teknolojileridir. NFC, yak\u0131n mesafelerde g\u00fcvenli i\u015flemlere ve etkile\u015fimlere olanak tan\u0131rken, RFID daha uzun menzilli okumalara olanak tan\u0131r ve bu da onu \u00e7e\u015fitli end\u00fcstriler i\u00e7in vazge\u00e7ilmez k\u0131lar.\u00a0<strong>Uzayl\u0131 H9<\/strong>\u00a0NFC RFID etiketi bu iki teknolojiyi birle\u015ftirerek, frekanstan yararlan\u0131r\u00a0<strong>860-960 MHz<\/strong>\u00c7e\u015fitli uygulamalarda optimum performans\u0131n sa\u011flanmas\u0131.<\/p>\n<p>&nbsp;<\/p>\n<h2>Alien H9 NFC RFID Etiketinin Temel \u00d6zellikleri<\/h2>\n<p>The\u00a0<strong>Alien H9 NFC RFID \u00e7\u0131kartmas\u0131<\/strong>\u00a0Modern teknoloji taleplerini kar\u015f\u0131lamak \u00fczere tasarlanm\u0131\u015f \u00e7e\u015fitli \u00f6zellikler ve \u00f6zelliklerle donat\u0131lm\u0131\u015ft\u0131r:<\/p>\n<ul>\n<li><strong>\u00c7ip T\u00fcr\u00fc<\/strong>: Uzayl\u0131 H9<\/li>\n<li><strong>Etiket Boyutu<\/strong>: 92x26 mm<\/li>\n<li><strong>Anten Boyutu<\/strong>: 70x17 mm<\/li>\n<li><strong>EPC Belle\u011fi<\/strong>: 128 bit<\/li>\n<li><strong>Okuma Mesafesi<\/strong>: Ortalama 3-7 metre<\/li>\n<li><strong>S\u0131kl\u0131k<\/strong>: 860-960 MHz&#039;de \u00e7al\u0131\u015f\u0131r<\/li>\n<li><strong>\u00dcretim K\u00f6keni<\/strong>: Guangdong, \u00c7in<\/li>\n<li><strong>Marka ad\u0131<\/strong>: SX<\/li>\n<li><strong>Model numaras\u0131<\/strong>: SX-050<\/li>\n<\/ul>\n<p>Bu \u00f6zellikler Alien H9&#039;u pazarda lider konuma getiren y\u00fcksek performans ve verimli tasar\u0131m\u0131 vurguluyor.<\/p>\n<p>&nbsp;<\/p>\n<h2>Ayr\u0131nt\u0131l\u0131 Teknik \u00d6zellikler<\/h2>\n<table class=\"w-fit !mb-0 !max-w-none\" style=\"height: 196px;\" width=\"401\">\n<thead>\n<tr>\n<th>\u015eartname<\/th>\n<th>Detaylar<\/th>\n<\/tr>\n<\/thead>\n<tbody>\n<tr>\n<td><strong>\u0130leti\u015fim aray\u00fcz\u00fc<\/strong><\/td>\n<td>RFID<\/td>\n<\/tr>\n<tr>\n<td><strong>Kart T\u00fcr\u00fc<\/strong><\/td>\n<td>Okuma\/Yazma<\/td>\n<\/tr>\n<tr>\n<td><strong>Y\u00fczey<\/strong><\/td>\n<td>Parlak \/ Mat<\/td>\n<\/tr>\n<tr>\n<td><strong>Bask\u0131<\/strong><\/td>\n<td>CMYK Ofset Rulo Bask\u0131<\/td>\n<\/tr>\n<tr>\n<td><strong>Paket Boyutu<\/strong><\/td>\n<td>20x10x1cm<\/td>\n<\/tr>\n<tr>\n<td><strong>Br\u00fct a\u011f\u0131rl\u0131k<\/strong><\/td>\n<td>0,100 kilo<\/td>\n<\/tr>\n<\/tbody>\n<\/table>\n<p>&nbsp;<\/p>\n<h2>Alien H9 NFC RFID Etiketi Hakk\u0131nda SSS<\/h2>\n<p><strong>S1: Okuma mesafesi ne kadard\u0131r?<\/strong><br \/>\nA1: Okuma mesafesi genellikle \u015fu aral\u0131klardad\u0131r:\u00a0<strong>3 ila 7 metre<\/strong>\u00c7evre ko\u015fullar\u0131na ba\u011fl\u0131 olarak.<\/p>\n<p><strong>S2: Etiket \u00f6zelle\u015ftirilebilir mi?<\/strong><br \/>\nC2: Evet, Alien H9 benzersiz uygulamalar i\u00e7in kod yazd\u0131rma ve kodlama yoluyla \u00f6zelle\u015ftirmeyi destekliyor.<\/p>","protected":false},"excerpt":{"rendered":"<p>NFC RFID Sticker Alien H9, uzun okuma aral\u0131\u011f\u0131yla optimum performans i\u00e7in tasarlanm\u0131\u015ft\u0131r ve bu da onu envanter y\u00f6netimi ve g\u00fcvenli eri\u015fim kontrol\u00fc gibi \u00e7e\u015fitli uygulamalar i\u00e7in ideal hale getirir. Dayan\u0131kl\u0131 yap\u0131s\u0131, \u00e7e\u015fitli ortamlarda g\u00fcvenilirlik sa\u011flar.<\/p>","protected":false},"featured_media":3558,"template":"","meta":[],"product_brand":[],"product_cat":[48],"product_tag":[],"class_list":{"0":"post-3553","1":"product","2":"type-product","3":"status-publish","4":"has-post-thumbnail","6":"product_cat-nfc-stickers","8":"first","9":"instock","10":"shipping-taxable","11":"product-type-simple"},"_links":{"self":[{"href":"https:\/\/nfc-readers.com\/tr\/wp-json\/wp\/v2\/product\/3553","targetHints":{"allow":["GET"]}}],"collection":[{"href":"https:\/\/nfc-readers.com\/tr\/wp-json\/wp\/v2\/product"}],"about":[{"href":"https:\/\/nfc-readers.com\/tr\/wp-json\/wp\/v2\/types\/product"}],"wp:featuredmedia":[{"embeddable":true,"href":"https:\/\/nfc-readers.com\/tr\/wp-json\/wp\/v2\/media\/3558"}],"wp:attachment":[{"href":"https:\/\/nfc-readers.com\/tr\/wp-json\/wp\/v2\/media?parent=3553"}],"wp:term":[{"taxonomy":"product_brand","embeddable":true,"href":"https:\/\/nfc-readers.com\/tr\/wp-json\/wp\/v2\/product_brand?post=3553"},{"taxonomy":"product_cat","embeddable":true,"href":"https:\/\/nfc-readers.com\/tr\/wp-json\/wp\/v2\/product_cat?post=3553"},{"taxonomy":"product_tag","embeddable":true,"href":"https:\/\/nfc-readers.com\/tr\/wp-json\/wp\/v2\/product_tag?post=3553"}],"curies":[{"name":"wp","href":"https:\/\/api.w.org\/{rel}","templated":true}]}}