{"id":3564,"date":"2024-11-06T13:06:22","date_gmt":"2024-11-06T13:06:22","guid":{"rendered":"https:\/\/nfc-readers.com\/?post_type=product&#038;p=3564"},"modified":"2024-11-14T14:59:24","modified_gmt":"2024-11-14T14:59:24","slug":"t5577-dia-25mm-coated-paper-programmable-flexible-rfid-tag","status":"publish","type":"product","link":"https:\/\/nfc-readers.com\/tr\/ic-reader\/t5577-dia-25mm-coated-paper-programmable-flexible-rfid-tag\/","title":{"rendered":"T5577 Dia 25mm kaplamal\u0131 ka\u011f\u0131t Programlanabilir Esnek RFID etiketi"},"content":{"rendered":"<h1 style=\"text-align: center;\"><strong>T5577 Dia 25mm kaplamal\u0131 ka\u011f\u0131t Programlanabilir Esnek RFID etiketi<\/strong><\/h1>\n<p>The <strong>T5577 Dia 25mm Kaplamal\u0131 Ka\u011f\u0131t Programlanabilir Esnek RFID Etiketi<\/strong>\u00a0NFC teknolojisi d\u00fcnyas\u0131nda, \u00e7e\u015fitli sekt\u00f6rlerdeki bilet \u00e7\u00f6z\u00fcmlerini geli\u015ftirmek ve kimlik do\u011frulama s\u00fcre\u00e7lerini kolayla\u015ft\u0131rmak i\u00e7in tasarlanm\u0131\u015f dikkat \u00e7ekici bir \u00fcr\u00fcnd\u00fcr.<\/p>\n<p>Dayan\u0131kl\u0131 ve \u00e7ok y\u00f6nl\u00fc bir tasar\u0131ma yerle\u015ftirilmi\u015f geli\u015fmi\u015f T5577 \u00e7ipiyle bu RFID etiketi, i\u015flevselli\u011fi rahatl\u0131kla birle\u015ftiriyor. Bu a\u00e7\u0131klama, bu etiketin i\u015fletmeniz veya ki\u015fisel ihtiya\u00e7lar\u0131n\u0131z i\u00e7in neden olmazsa olmaz oldu\u011funu vurgulayarak sizi avantajlar, \u00f6zellikler, teknik \u00f6zellikler ve daha fazlas\u0131nda y\u00f6nlendirecektir.<\/p>\n<p>&nbsp;<\/p>\n<h3><strong>\u0130leti\u015fim Aray\u00fcz\u00fc: RFID Nas\u0131l \u00c7al\u0131\u015f\u0131r?<\/strong><\/h3>\n<p>G\u00fc\u00e7l\u00fc bir donan\u0131ma sahip\u00a0<strong>RFID<\/strong>\u00a0ileti\u015fim aray\u00fcz\u00fc, 12T5577 frekans\u0131nda \u00e7al\u0131\u015f\u0131r\u00a0<strong>125KHz<\/strong>. Bu, etiket ile NFC \u00f6zellikli cihazlar veya okuyucular aras\u0131nda ileti\u015fime izin vererek h\u0131zl\u0131 veri al\u0131\u015fveri\u015fini kolayla\u015ft\u0131r\u0131r. Sadece\u00a0<strong>NFC \u00f6zellikli cep telefonu veya cihaz<\/strong>\u00a0Etikete kar\u015f\u0131 bilgiyi an\u0131nda almak veya yazmak i\u00e7in.<\/p>\n<p>&nbsp;<\/p>\n<p>&nbsp;<\/p>\n<h3><strong>Uygulama Alanlar\u0131: Biletlemeden Varl\u0131k Y\u00f6netimine<\/strong><\/h3>\n<p>T5577 RFID etiketleri \u00f6ncelikle a\u015fa\u011f\u0131dakiler i\u00e7in tasarlanm\u0131\u015ft\u0131r: <strong>Biletleme<\/strong>\u00a0uygulamalar ancak perakende envanter y\u00f6netimi, eri\u015fim kontrol sistemleri ve etkinlik y\u00f6netimi dahil olmak \u00fczere \u00e7e\u015fitli alanlarda etkili bir \u015fekilde kullan\u0131labilir. Verileri kolayca programlama ve yeniden yazma yetenekleri, bilgilerin s\u0131kl\u0131kla g\u00fcncellenmesi gereken dinamik ortamlarda onlar\u0131 son derece kullan\u0131\u015fl\u0131 hale getirir.<\/p>\n<p>&nbsp;<\/p>\n<h3><strong>Neden 12T5577 RFID Etiketi Sat\u0131n Almal\u0131s\u0131n\u0131z?<\/strong><\/h3>\n<p>Yat\u0131r\u0131m yapmak\u00a0<strong>12T5577 RFID etiketi<\/strong>\u00a0verimlilik, uyarlanabilirlik ve dayan\u0131kl\u0131l\u0131k se\u00e7imi anlam\u0131na gelir. Geleneksel tan\u0131mlama y\u00f6ntemlerinden farkl\u0131 olarak, RFID etiketleri h\u0131zl\u0131 veri eri\u015fimi sa\u011flar ve \u00e7e\u015fitli bilgileri kolayca depolamak \u00fczere programlanabilir. Biletleme, envanter y\u00f6netimi veya hizmet tan\u0131mlama ile u\u011fra\u015fan i\u015fletmeler i\u00e7in bu etiketler operasyonlar\u0131 \u00f6nemli \u00f6l\u00e7\u00fcde basitle\u015ftirir, insan hatas\u0131n\u0131 azalt\u0131r ve m\u00fc\u015fteri deneyimini geli\u015ftirir.<\/p>\n<p>\u00c7ap\u0131 25 mm olan kaplamal\u0131 ka\u011f\u0131ttan \u00fcretilen etiket hem hafif hem de esnektir ve bu da onu markalamadan lojisti\u011fe kadar \u00e7e\u015fitli uygulamalar i\u00e7in ideal hale getirir. Ayr\u0131ca bu \u00fcr\u00fcn, su ge\u00e7irmez\/hava ko\u015fullar\u0131na dayan\u0131kl\u0131 olma, 2 ila 10 cm&#039;lik uzun okuma aral\u0131\u011f\u0131 ve 100.000 defaya kadar yazma d\u00f6ng\u00fcs\u00fc gibi \u00f6zelliklerle uzun \u00f6m\u00fcrl\u00fcl\u00fck ve g\u00fcvenilir performans sa\u011flar.<\/p>\n<p>&nbsp;<\/p>\n<h3><strong>Teknik \u00d6zellikler<\/strong><\/h3>\n<table class=\"w-fit !mb-0 !max-w-none\" style=\"height: 285px;\" width=\"426\">\n<thead>\n<tr>\n<th><strong>\u015eartname<\/strong><\/th>\n<th><strong>Detaylar<\/strong><\/th>\n<\/tr>\n<\/thead>\n<tbody>\n<tr>\n<td><strong>Yonga<\/strong><\/td>\n<td>T5577<\/td>\n<\/tr>\n<tr>\n<td><strong>Boyut<\/strong><\/td>\n<td>\u00c7ap 25mm<\/td>\n<\/tr>\n<tr>\n<td><strong>Malzeme<\/strong><\/td>\n<td>Kaplamal\u0131 ka\u011f\u0131t<\/td>\n<\/tr>\n<tr>\n<td><strong>Y\u00fczey<\/strong><\/td>\n<td>Mat, Parlak, Mat<\/td>\n<\/tr>\n<tr>\n<td><strong>Okuma Aral\u0131\u011f\u0131<\/strong><\/td>\n<td>2-10 cm<\/td>\n<\/tr>\n<tr>\n<td><strong>Protokol<\/strong><\/td>\n<td>ISO11784\/11785<\/td>\n<\/tr>\n<tr>\n<td><strong>Yazma D\u00f6ng\u00fcs\u00fc<\/strong><\/td>\n<td>100.000 Kez<\/td>\n<\/tr>\n<tr>\n<td><strong>\u00c7al\u0131\u015fma S\u0131cakl\u0131\u011f\u0131<\/strong><\/td>\n<td>20~+80\u00b0C<\/td>\n<\/tr>\n<tr>\n<td><strong>Anavatan<\/strong><\/td>\n<td>Guangdong, \u00c7in<\/td>\n<\/tr>\n<tr>\n<td><strong>Yazd\u0131rma Se\u00e7ene\u011fi<\/strong><\/td>\n<td>4C Ofset\/Serigrafi Bask\u0131<\/td>\n<\/tr>\n<\/tbody>\n<\/table>\n<p>&nbsp;<\/p>\n<h2><strong>S\u0131k\u00e7a Sorulan Sorular (SSS)<\/strong><\/h2>\n<h3><strong>1. NFC ve RFID teknolojileri nelerdir?<\/strong><\/h3>\n<p><strong>NFC (Yak\u0131n Alan \u0130leti\u015fimi)<\/strong>\u00a0Ve\u00a0<strong>RFID (Radyo Frekans\u0131 Tan\u0131mlama)<\/strong>\u00a0cihazlar\u0131n k\u0131sa mesafelerde veri al\u0131\u015fveri\u015finde bulunmas\u0131na olanak tan\u0131yan kablosuz ileti\u015fim teknolojileridir. NFC genellikle mobil \u00f6demeler ve veri aktar\u0131m\u0131 i\u00e7in kullan\u0131l\u0131rken, RFID genellikle izleme ve envanter y\u00f6netimi i\u00e7in kullan\u0131l\u0131r.<\/p>\n<h3><strong>2. T5577 RFID Etiketlerini nas\u0131l programlar\u0131m?<\/strong><\/h3>\n<p>12T5577 RFID Etiketlerini programlamak i\u00e7in NFC \u00f6zellikli bir cihaza ve uyumlu bir uygulamaya ihtiyac\u0131n\u0131z var. Basit\u00e7e bir NFC yazma uygulamas\u0131 indirin, a\u00e7\u0131n ve etikete depolamak istedi\u011finiz verileri girmek i\u00e7in istemleri izleyin. Veriler programland\u0131ktan sonra, etiket herhangi bir NFC \u00f6zellikli cihaz taraf\u0131ndan okunabilir.<\/p>\n<h3><strong>3. T5577 RFID Etiketinin okuma aral\u0131\u011f\u0131 nedir?<\/strong><\/h3>\n<p>12T5577 RFID Etiketi i\u00e7in okuma aral\u0131\u011f\u0131\u00a0<strong>2 ila 10 santimetre<\/strong>Bu aral\u0131k \u00e7o\u011fu uygulama i\u00e7in idealdir ve fiziksel temasa gerek kalmadan h\u0131zl\u0131 ve etkili veri al\u0131\u015fveri\u015fine olanak tan\u0131r.<\/p>\n<h3><strong>4. Bu etiketler su ge\u00e7irmez mi?<\/strong><\/h3>\n<p>Evet, T5577 RFID Etiketleri su ge\u00e7irmez\/hava ko\u015fullar\u0131na dayan\u0131kl\u0131 olacak \u015fekilde tasarlanm\u0131\u015ft\u0131r ve bu sayede hem i\u00e7 hem de d\u0131\u015f mekan uygulamalar\u0131 i\u00e7in uygundur. Nem ve \u00e7e\u015fitli \u00e7evre ko\u015fullar\u0131na maruz kalmaya dayanabilirler.<\/p>","protected":false},"excerpt":{"rendered":"<p>The <strong>T5577 Dia 25mm Kaplamal\u0131 Ka\u011f\u0131t Programlanabilir Esnek RFID Etiketi<\/strong>\u00a0verimli veri depolama ve alma i\u00e7in \u00e7ok y\u00f6nl\u00fc ve dayan\u0131kl\u0131 bir \u00e7\u00f6z\u00fcmd\u00fcr, biletleme ve envanter y\u00f6netimi i\u00e7in idealdir. Su ge\u00e7irmez tasar\u0131m\u0131, kolayca programlanabilme ve \u00f6zelle\u015ftirilebilme \u00f6zelli\u011fiyle birle\u015fti\u011finde, \u00e7e\u015fitli uygulamalar i\u00e7in g\u00fcvenilir bir se\u00e7im haline gelir.<\/p>","protected":false},"featured_media":3565,"template":"","meta":[],"product_brand":[],"product_cat":[47],"product_tag":[],"class_list":{"0":"post-3564","1":"product","2":"type-product","3":"status-publish","4":"has-post-thumbnail","6":"product_cat-nfc-tags","8":"first","9":"instock","10":"shipping-taxable","11":"product-type-simple"},"_links":{"self":[{"href":"https:\/\/nfc-readers.com\/tr\/wp-json\/wp\/v2\/product\/3564","targetHints":{"allow":["GET"]}}],"collection":[{"href":"https:\/\/nfc-readers.com\/tr\/wp-json\/wp\/v2\/product"}],"about":[{"href":"https:\/\/nfc-readers.com\/tr\/wp-json\/wp\/v2\/types\/product"}],"wp:featuredmedia":[{"embeddable":true,"href":"https:\/\/nfc-readers.com\/tr\/wp-json\/wp\/v2\/media\/3565"}],"wp:attachment":[{"href":"https:\/\/nfc-readers.com\/tr\/wp-json\/wp\/v2\/media?parent=3564"}],"wp:term":[{"taxonomy":"product_brand","embeddable":true,"href":"https:\/\/nfc-readers.com\/tr\/wp-json\/wp\/v2\/product_brand?post=3564"},{"taxonomy":"product_cat","embeddable":true,"href":"https:\/\/nfc-readers.com\/tr\/wp-json\/wp\/v2\/product_cat?post=3564"},{"taxonomy":"product_tag","embeddable":true,"href":"https:\/\/nfc-readers.com\/tr\/wp-json\/wp\/v2\/product_tag?post=3564"}],"curies":[{"name":"wp","href":"https:\/\/api.w.org\/{rel}","templated":true}]}}