{"id":3571,"date":"2024-11-06T13:14:59","date_gmt":"2024-11-06T13:14:59","guid":{"rendered":"https:\/\/nfc-readers.com\/?post_type=product&#038;p=3571"},"modified":"2024-11-06T13:14:59","modified_gmt":"2024-11-06T13:14:59","slug":"factory-wholesale-roll-rfid-sticker-nfc-30mm-25mm","status":"publish","type":"product","link":"https:\/\/nfc-readers.com\/tr\/ic-reader\/factory-wholesale-roll-rfid-sticker-nfc-30mm-25mm\/","title":{"rendered":"Fabrika toptan Rulo RFID Etiket NFC 30mm 25mm"},"content":{"rendered":"<h1 style=\"text-align: center;\"><strong>Fabrika toptan Rulo RFID Etiket NFC 30mm 25mm<\/strong><\/h1>\n<p>The <strong>Fabrika Toptan Rulo RFID Etiket NFC<\/strong>, 30 mm ve 25 mm boyutlar\u0131nda mevcuttur, yenilik\u00e7i etiketleme \u00e7\u00f6z\u00fcmlerinin \u00f6n saflar\u0131ndad\u0131r. Geli\u015fmi\u015f NXP NTAG213 \u00e7ipi taraf\u0131ndan desteklenen bu NFC etiketleri, tan\u0131mlama, eri\u015fim kontrol\u00fc ve \u00fcr\u00fcn etkile\u015fimi i\u00e7in ola\u011fan\u00fcst\u00fc \u00e7ok y\u00f6nl\u00fcl\u00fck sunar. Optimum performans d\u00fc\u015f\u00fcn\u00fclerek tasarlanan bu etiketler, cihazlar aras\u0131nda sorunsuz ileti\u015fimi garanti ederek, operasyonel verimlili\u011fini art\u0131rmay\u0131 hedefleyen i\u015fletmeler i\u00e7in vazge\u00e7ilmez bir ara\u00e7 haline getirir. Bu \u00fcst\u00fcn kaliteli \u00fcr\u00fcn\u00fc se\u00e7in ve NFC teknolojisi ve RFID \u00e7\u00f6z\u00fcmlerinde yeni bir olas\u0131l\u0131klar alemine kap\u0131lar a\u00e7\u0131n.<\/p>\n<p>&nbsp;<\/p>\n<h3><span style=\"font-size: 80%;\"><strong>\u00dcr\u00fcn Avantajlar\u0131: Neden NFC Etiketlerimizi Sat\u0131n Almal\u0131s\u0131n\u0131z?<\/strong><\/span><\/h3>\n<ol>\n<li><strong>\u0130leri Teknoloji<\/strong>:Son teknoloji NTAG213 \u00e7ipini kullanan ve ISO 14443A protokol\u00fcne uygun olan bu etiketler, RFID ve NFC teknolojileri arac\u0131l\u0131\u011f\u0131yla sa\u011flam bir ileti\u015fim aray\u00fcz\u00fc garanti eder.<\/li>\n<li><strong>Dayan\u0131kl\u0131l\u0131k ve \u00c7ok Y\u00f6nl\u00fcl\u00fck<\/strong>:RFID etiketlerimizin su ge\u00e7irmez ve hava ko\u015fullar\u0131na dayan\u0131kl\u0131 \u00f6zellikleri, zorlu \u00e7evre ko\u015fullar\u0131na dayanmalar\u0131n\u0131 sa\u011flayarak hem i\u00e7 hem de d\u0131\u015f mekan uygulamalar\u0131 i\u00e7in uygun hale getirir.<\/li>\n<li><strong>Y\u00fcksek Performans<\/strong>: 1-10 cm okuma mesafesine sahip olan bu NFC etiketleri, verimli veri aktar\u0131m\u0131 ve ileti\u015fimi i\u00e7in g\u00fcvenilir bir menzil sunar.<\/li>\n<li><strong>\u00d6zelle\u015ftirme Se\u00e7enekleri<\/strong>: Farkl\u0131 boyutlarda ve \u00f6zelle\u015ftirilebilir bask\u0131larda mevcut olan bu \u00e7\u0131kartmalar, belirli markalama ve operasyonel ihtiya\u00e7lar\u0131 kar\u015f\u0131layacak \u015fekilde uyarlanabilir.<\/li>\n<li><strong>Maliyet Etkinli\u011fi<\/strong>:Fabrika toptan sat\u0131\u015f fiyatlar\u0131, her \u00f6l\u00e7ekteki i\u015fletmenin bu y\u00fcksek kaliteli teknolojiyi b\u00fct\u00e7esini zorlamadan kar\u015f\u0131layabilmesini sa\u011flar.<\/li>\n<\/ol>\n<p>&nbsp;<\/p>\n<h3>S\u0131k\u00e7a Sorulan Sorular (SSS)<\/h3>\n<h4>S1: Bu \u00e7\u0131kartmalar su ge\u00e7irmez mi?<\/h4>\n<p><strong>A1<\/strong>: Evet! NFC etiketlerimiz su ge\u00e7irmez ve hava ko\u015fullar\u0131na dayan\u0131kl\u0131d\u0131r, \u00e7e\u015fitli ortamlarda dayan\u0131kl\u0131l\u0131k sa\u011flar.<\/p>\n<h4>S2: Bu \u00e7\u0131kartmalara kendi logomu \u00f6zel olarak basabilir miyim?<\/h4>\n<p><strong>A2<\/strong>: Kesinlikle! \u00c7\u0131kartmalar\u0131n\u0131zda ay\u0131rt edici marka \u00f6\u011feleri olu\u015fturman\u0131za yard\u0131mc\u0131 olmak i\u00e7in CMYK 4C bask\u0131 dahil olmak \u00fczere \u00e7e\u015fitli bask\u0131 se\u00e7enekleri sunuyoruz.<\/p>\n<h4>S3: NFC etiketinizle hangi cihazlar uyumludur?<\/h4>\n<p><strong>A3<\/strong>: \u00c7\u0131kartmalar\u0131m\u0131z her t\u00fcrl\u00fc ara\u00e7la uyumludur\u00a0<strong>NFC \u00f6zellikli ak\u0131ll\u0131 telefon veya cihaz<\/strong>Android ve iOS \u00fcr\u00fcnleri de dahil olmak \u00fczere.<\/p>\n<p>&nbsp;<\/p>\n<h3>Boyut Se\u00e7enekleri: 30mm ve 25mm<\/h3>\n<p>\u0130ki belirgin boyutun mevcut olmas\u0131,\u00a0<strong>30mm<\/strong>\u00a0Ve\u00a0<strong>25mm<\/strong>, bir\u00e7ok sekt\u00f6rdeki \u00e7e\u015fitli ihtiya\u00e7lara hitap eder. Her iki boyut da kolayca tak\u0131labilir ve i\u015flevsellikten \u00f6d\u00fcn vermeden \u00fcr\u00fcnlere, ambalajlara veya hatta belgelere uygulanabilir. Bu \u00e7\u0131kartmalar\u0131n kompakt yap\u0131s\u0131, tak\u0131ld\u0131klar\u0131 \u00fcr\u00fcn\u00fcn genel esteti\u011fini engellemeden uyum sa\u011flamalar\u0131n\u0131 sa\u011flar.<\/p>\n<p>&nbsp;<\/p>\n<h3>RFID Etiketlerimizin Pratik Uygulamalar\u0131<\/h3>\n<p>Eri\u015fim kontrol sistemlerinden \u00fcr\u00fcn do\u011frulamas\u0131na kadar,\u00a0<strong>ba\u015fvuru<\/strong>\u00a0bizim\u00a0<strong>RFID etiketleri<\/strong>\u00a0geni\u015f kapsaml\u0131d\u0131r. \u0130\u015fletmeler, dijital i\u00e7erik veya ba\u011flant\u0131lar\u0131 \u00e7\u0131kartmalara yerle\u015ftirerek m\u00fc\u015fteri etkile\u015fimlerini art\u0131rabilir, m\u00fc\u015fterilere yolculuklar\u0131n\u0131 zenginle\u015ftiren promosyonlara, ek bilgilere veya hatta multimedya deneyimlerine kolay eri\u015fim sa\u011flayabilir. Perakende, lojistik ve sa\u011fl\u0131k gibi sekt\u00f6rler bu \u00e7ok y\u00f6nl\u00fc \u00e7\u0131kartmalardan \u00f6nemli \u00f6l\u00e7\u00fcde yararlanabilir.<\/p>","protected":false},"excerpt":{"rendered":"<p>30 mm ve 25 mm boyutlar\u0131nda mevcut olan fabrika toptan rulo RFID etiketlerimizi tan\u0131t\u0131yoruz. Bu dayan\u0131kl\u0131, \u00f6zelle\u015ftirilebilir etiketler \u00e7e\u015fitli uygulamalar i\u00e7in kesintisiz NFC ileti\u015fimini m\u00fcmk\u00fcn k\u0131lar.<\/p>","protected":false},"featured_media":3572,"template":"","meta":[],"product_brand":[],"product_cat":[48],"product_tag":[],"class_list":{"0":"post-3571","1":"product","2":"type-product","3":"status-publish","4":"has-post-thumbnail","6":"product_cat-nfc-stickers","8":"first","9":"instock","10":"shipping-taxable","11":"product-type-simple"},"_links":{"self":[{"href":"https:\/\/nfc-readers.com\/tr\/wp-json\/wp\/v2\/product\/3571","targetHints":{"allow":["GET"]}}],"collection":[{"href":"https:\/\/nfc-readers.com\/tr\/wp-json\/wp\/v2\/product"}],"about":[{"href":"https:\/\/nfc-readers.com\/tr\/wp-json\/wp\/v2\/types\/product"}],"wp:featuredmedia":[{"embeddable":true,"href":"https:\/\/nfc-readers.com\/tr\/wp-json\/wp\/v2\/media\/3572"}],"wp:attachment":[{"href":"https:\/\/nfc-readers.com\/tr\/wp-json\/wp\/v2\/media?parent=3571"}],"wp:term":[{"taxonomy":"product_brand","embeddable":true,"href":"https:\/\/nfc-readers.com\/tr\/wp-json\/wp\/v2\/product_brand?post=3571"},{"taxonomy":"product_cat","embeddable":true,"href":"https:\/\/nfc-readers.com\/tr\/wp-json\/wp\/v2\/product_cat?post=3571"},{"taxonomy":"product_tag","embeddable":true,"href":"https:\/\/nfc-readers.com\/tr\/wp-json\/wp\/v2\/product_tag?post=3571"}],"curies":[{"name":"wp","href":"https:\/\/api.w.org\/{rel}","templated":true}]}}