{"id":3578,"date":"2024-11-06T13:26:21","date_gmt":"2024-11-06T13:26:21","guid":{"rendered":"https:\/\/nfc-readers.com\/?post_type=product&#038;p=3578"},"modified":"2024-11-06T13:26:21","modified_gmt":"2024-11-06T13:26:21","slug":"nfc-sticker-manufacturer-customize-anti-counterfeiting-label","status":"publish","type":"product","link":"https:\/\/nfc-readers.com\/tr\/ic-reader\/nfc-sticker-manufacturer-customize-anti-counterfeiting-label\/","title":{"rendered":"NFC etiket \u00fcreticisi sahtecili\u011fe kar\u015f\u0131 \u00f6zel etiket \u00fcretiyor"},"content":{"rendered":"<h1 style=\"text-align: center;\"><strong>NFC etiket \u00fcreticisi sahtecili\u011fe kar\u015f\u0131 \u00f6zel etiket \u00fcretiyor<\/strong><\/h1>\n<p>&nbsp;<\/p>\n<p>G\u00fcn\u00fcm\u00fcz\u00fcn dijital \u00e7a\u011f\u0131nda, g\u00fcvenli ve g\u00fcvenilir markalama \u00e7\u00f6z\u00fcmlerine olan ihtiya\u00e7 hi\u00e7 bu kadar \u00f6nemli olmam\u0131\u015ft\u0131. <strong>NFC etiketleri<\/strong>, \u00f6zellikle sahtecili\u011fe kar\u015f\u0131 uygulamalar i\u00e7in tasarlanm\u0131\u015f olup, \u00fcr\u00fcn orijinalli\u011fini garanti alt\u0131na almak ve m\u00fc\u015fteri g\u00fcvenini art\u0131rmak i\u00e7in devrim niteli\u011finde bir yol sunar. \u00c7e\u015fitli kullan\u0131mlar i\u00e7in uyarlanm\u0131\u015f ve \u00f6zelle\u015ftirilmi\u015f olan\u00a0<strong>NFC etiketleri<\/strong>\u00a0sadece \u00e7\u0131kartmalardan daha fazlas\u0131d\u0131r; bunlar i\u015finize sorunsuz bir \u015fekilde entegre edilebilen bir g\u00fcvenlik imzas\u0131d\u0131r. Geli\u015fmi\u015f teknolojiyi kullanarak\u00a0<strong>NTAG 424 DNA NFC Etiketi<\/strong>Bu etiketler, yaln\u0131zca \u00fcr\u00fcnlerinizi korumakla kalmay\u0131p ayn\u0131 zamanda m\u00fc\u015fterilerinizle yeni ve yenilik\u00e7i yollarla etkile\u015fim kurman\u0131z\u0131 sa\u011flayan bir dizi \u00f6zellik sunar.<\/p>\n<p>&nbsp;<\/p>\n<p><strong>Neden NFC Sticker Sat\u0131n Almal\u0131s\u0131n\u0131z?<\/strong><br \/>\n\u00dcreticimizden NFC etiketlerine yat\u0131r\u0131m yapmak, markan\u0131z\u0131 sahtecili\u011fe kar\u015f\u0131 korurken m\u00fc\u015fterileriniz i\u00e7in etkile\u015fimli bir deneyim sa\u011flamak anlam\u0131na gelir. Y\u00fcksek performansl\u0131 <strong>RFID ve NFC<\/strong>\u00a0teknoloji, her \u00e7\u0131kartman\u0131n benzersiz bir tan\u0131mlay\u0131c\u0131 olarak hareket etmesini sa\u011flayarak yaln\u0131zca g\u00fcvenli\u011fi de\u011fil ayn\u0131 zamanda genel marka deneyimini de geli\u015ftirir. Bunlar yaln\u0131zca etiketler de\u011fildir; t\u00fcketici g\u00fcveni olu\u015fturmak i\u00e7in g\u00fc\u00e7l\u00fc ara\u00e7lard\u0131r.<\/p>\n<p>&nbsp;<\/p>\n<h3>NFC Etiketlerin \u00d6zel \u00d6zellikleri<\/h3>\n<p>NFC \u00e7\u0131kartmalar\u0131, onlar\u0131 sahtecili\u011fe kar\u015f\u0131 uygulamalar i\u00e7in \u00fcst\u00fcn bir se\u00e7im haline getiren \u00f6zelliklerle doludur. \u00d6zelle\u015ftirme se\u00e7eneklerinden \u00e7e\u015fitli boyutlara ve formlara kadar, bu \u00e7\u0131kartmalar i\u015flevselli\u011fi kullan\u0131c\u0131 dostu aray\u00fczlerle birle\u015ftirir.<\/p>\n<h3>\u0130leti\u015fim Aray\u00fcz\u00fc: RFID ve NFC<\/h3>\n<p>Kusursuz entegrasyonu ke\u015ffedin\u00a0<strong>RFID ve NFC<\/strong>\u00a0Bu etiketlerdeki teknolojileri anlay\u0131n. Etiketler ve NFC \u00f6zellikli cihazlar aras\u0131nda sa\u011flam ileti\u015fim yetenekleri sa\u011flamak i\u00e7in nas\u0131l birlikte \u00e7al\u0131\u015ft\u0131klar\u0131n\u0131 anlay\u0131n.<\/p>\n<h3>Frekans ve Performans<\/h3>\n<p>Bir frekansla\u00a0<strong>13.56MHz<\/strong>Bu NFC etiketleri, perakende ortamlar\u0131nda veya lojistik uygulamalar\u0131nda h\u0131zl\u0131 ve etkili tarama sa\u011flayarak 1-10 cm&#039;lik g\u00fcvenilir bir okuma mesafesi sunar.<\/p>\n<h3>Kullan\u0131lan Malzemeler: Ku\u015fe Ka\u011f\u0131t ve PET<\/h3>\n<p>Malzeme se\u00e7imi NFC \u00e7\u0131kartmalar\u0131n\u0131n dayan\u0131kl\u0131l\u0131\u011f\u0131n\u0131 ve performans\u0131n\u0131 etkiler. Bu b\u00f6l\u00fcm, neden kulland\u0131\u011f\u0131m\u0131z\u0131 ele al\u0131yor\u00a0<strong>ku\u015fe ka\u011f\u0131t ve PET<\/strong>\u00a0ve bu malzemelerin \u00e7\u0131kartman\u0131n farkl\u0131 ortamlarda uzun \u00f6m\u00fcrl\u00fc olmas\u0131na ve kullan\u0131labilirli\u011fine nas\u0131l katk\u0131da bulundu\u011fu.<\/p>\n<p>&nbsp;<\/p>\n<h2>S\u0131k\u00e7a Sorulan Sorular (SSS)<\/h2>\n<h3>1.\u00a0<strong>NFC etiketleri nedir ve nas\u0131l \u00e7al\u0131\u015f\u0131r?<\/strong><\/h3>\n<p>NFC (Yak\u0131n Alan \u0130leti\u015fimi) etiketleri, etiket ile ak\u0131ll\u0131 telefonlar veya tabletler gibi NFC \u00f6zellikli cihazlar aras\u0131nda kablosuz ileti\u015fimi sa\u011flayan NFC teknolojisiyle g\u00f6m\u00fcl\u00fc k\u00fc\u00e7\u00fck etiketlerdir. Bir kullan\u0131c\u0131 cihaz\u0131n\u0131 etikete dokundurdu\u011funda, \u00fcr\u00fcn bilgilerini g\u00f6r\u00fcnt\u00fcleme, bir web sitesini ziyaret etme veya orijinalli\u011fi onaylama gibi \u00e7e\u015fitli eylemleri tetikleyebilir.<\/p>\n<hr \/>\n<h3>2.\u00a0<strong>NFC etiketlerinizin maksimum okuma mesafesi nedir?<\/strong><\/h3>\n<p>NFC etiketlerimizin okuma mesafesi\u00a0<strong>1-10 cm<\/strong>\u00a0(yakla\u015f\u0131k 0,4-4 in\u00e7). Etkili menzil, kullan\u0131lan cihaza ve tarand\u0131\u011f\u0131 ortama ba\u011fl\u0131d\u0131r.<\/p>\n<hr \/>\n<h3>3.\u00a0<strong>NFC etiketleri \u00f6zelle\u015ftirilebilir mi?<\/strong><\/h3>\n<p>Evet! NFC etiketlerimiz boyut, \u015fekil, tasar\u0131m ve bas\u0131l\u0131 i\u00e7erik a\u00e7\u0131s\u0131ndan tamamen \u00f6zelle\u015ftirilebilir. Sundu\u011fumuz\u00a0<strong>CMYK tam renkli bask\u0131, ofset bask\u0131 ve serigrafi bask\u0131<\/strong>\u00a0Marka mesaj\u0131n\u0131z\u0131n belirgin bir \u015fekilde g\u00f6r\u00fcnt\u00fclenmesini sa\u011flayacak se\u00e7enekler.<\/p>","protected":false},"excerpt":{"rendered":"<p>NFC etiketlerimiz, \u00fcr\u00fcn g\u00fcvenli\u011fini ve \u00f6zg\u00fcnl\u00fc\u011f\u00fcn\u00fc art\u0131rmak i\u00e7in tasarlanm\u0131\u015f \u00f6zelle\u015ftirilmi\u015f sahtecili\u011fe kar\u015f\u0131 etiketlerdir. Geli\u015fmi\u015f teknoloji ve benzersiz tasar\u0131mlarla bu etiketler, i\u015fletmelere markalar\u0131n\u0131 korumak ve m\u00fc\u015fterilerle etkile\u015fimli bir \u015fekilde etkile\u015fim kurmak i\u00e7in g\u00fcvenilir bir \u00e7\u00f6z\u00fcm sunar.<\/p>","protected":false},"featured_media":3579,"template":"","meta":[],"product_brand":[],"product_cat":[48],"product_tag":[],"class_list":{"0":"post-3578","1":"product","2":"type-product","3":"status-publish","4":"has-post-thumbnail","6":"product_cat-nfc-stickers","8":"first","9":"instock","10":"shipping-taxable","11":"product-type-simple"},"_links":{"self":[{"href":"https:\/\/nfc-readers.com\/tr\/wp-json\/wp\/v2\/product\/3578","targetHints":{"allow":["GET"]}}],"collection":[{"href":"https:\/\/nfc-readers.com\/tr\/wp-json\/wp\/v2\/product"}],"about":[{"href":"https:\/\/nfc-readers.com\/tr\/wp-json\/wp\/v2\/types\/product"}],"wp:featuredmedia":[{"embeddable":true,"href":"https:\/\/nfc-readers.com\/tr\/wp-json\/wp\/v2\/media\/3579"}],"wp:attachment":[{"href":"https:\/\/nfc-readers.com\/tr\/wp-json\/wp\/v2\/media?parent=3578"}],"wp:term":[{"taxonomy":"product_brand","embeddable":true,"href":"https:\/\/nfc-readers.com\/tr\/wp-json\/wp\/v2\/product_brand?post=3578"},{"taxonomy":"product_cat","embeddable":true,"href":"https:\/\/nfc-readers.com\/tr\/wp-json\/wp\/v2\/product_cat?post=3578"},{"taxonomy":"product_tag","embeddable":true,"href":"https:\/\/nfc-readers.com\/tr\/wp-json\/wp\/v2\/product_tag?post=3578"}],"curies":[{"name":"wp","href":"https:\/\/api.w.org\/{rel}","templated":true}]}}