{"id":3594,"date":"2024-11-07T11:55:05","date_gmt":"2024-11-07T11:55:05","guid":{"rendered":"https:\/\/nfc-readers.com\/?post_type=product&#038;p=3594"},"modified":"2024-11-07T11:55:05","modified_gmt":"2024-11-07T11:55:05","slug":"icodeslix2-iso15693-rfid-card-for-library-management","status":"publish","type":"product","link":"https:\/\/nfc-readers.com\/tr\/ic-reader\/icodeslix2-iso15693-rfid-card-for-library-management\/","title":{"rendered":"K\u00fct\u00fcphane y\u00f6netimi i\u00e7in ICODESLIX2 ISO15693 RFID kart\u0131"},"content":{"rendered":"<h1 style=\"text-align: center;\"><span style=\"color: #000080;\"><strong>K\u00fct\u00fcphane y\u00f6netimi i\u00e7in ICODESLIX2 ISO15693 RFID kart\u0131<\/strong><\/span><\/h1>\n<div class=\"chat-list relative custom-scrollbar-reset-margin custom-scrollbar custom-scrollbar-hidden custom-scrollbar-float pb-9 flex-1 overflow-y-auto\">\n<div class=\"mx-auto max-w-[790px]\">\n<div class=\"message-item-outer relative px-4 mb-2\" data-id=\"364de8f7-3595-4f4e-adbf-ca8cd06befd0\">\n<div class=\"content-area pl-[0px]\">\n<div class=\"message-item select-text relative\">\n<div class=\"message-inner relative\">\n<div class=\"py-[2px]\">\n<div class=\"flex flex-col gap-2\">\n<div class=\"answer-markdown-box overflow-x-auto select-text custom-scrollbar\">\n<div class=\"markdown-body\">\n<p><span style=\"color: #666699;\"><strong>Teknolojinin g\u00fcnl\u00fck operasyonlar\u0131 h\u0131zla d\u00f6n\u00fc\u015ft\u00fcrd\u00fc\u011f\u00fc bir \u00e7a\u011fda, k\u00fct\u00fcphane y\u00f6netimi i\u00e7in ICODESLIX2 ISO15693 RFID kartlar\u0131n\u0131 entegre etmek oyunun kurallar\u0131n\u0131 de\u011fi\u015ftiriyor. Bu yenilik sadece operasyonlar\u0131 kolayla\u015ft\u0131rmakla kalm\u0131yor, ayn\u0131 zamanda kullan\u0131c\u0131 deneyimini de zenginle\u015ftirerek k\u00fct\u00fcphanelerdeki hem verimlili\u011fi hem de g\u00fcvenli\u011fi \u00f6nemli \u00f6l\u00e7\u00fcde iyile\u015ftiriyor. Bu ak\u0131ll\u0131 kartlar, k\u00fct\u00fcphanelerin envanteri y\u00f6netme, kaynaklar\u0131 izleme ve kullan\u0131c\u0131lar\u0131yla etkile\u015fim kurma bi\u00e7imini geli\u015ftirmek i\u00e7in \u00f6zel olarak tasarlanm\u0131\u015ft\u0131r.<\/strong><\/span><\/p>\n<p>&nbsp;<\/p>\n<\/div>\n<p>&nbsp;<\/p>\n<div class=\"markdown-body\">\n<h2 style=\"text-align: center;\"><span style=\"color: #000080;\"><em><strong>ICODESLIX2 ISO15693 RFID Kartlar\u0131n\u0131n Avantajlar\u0131<\/strong><\/em><\/span><\/h2>\n<p style=\"text-align: left;\">\n<span style=\"color: #008080;\">ICODESLIX2 ISO15693 RFID kart\u0131, k\u00fct\u00fcphanelere kaynak takibi ve y\u00f6netimi i\u00e7in kusursuz bir \u00e7\u00f6z\u00fcm sunar. Bu son teknolojiyi kullanarak, k\u00fct\u00fcphaneler bir\u00e7ok s\u00fcreci otomatikle\u015ftirebilir, personel \u00fczerindeki i\u015f y\u00fck\u00fcn\u00fc azaltabilir ve insan hatalar\u0131n\u0131 en aza indirebilir. Bu RFID kartlar\u0131 yaln\u0131zca verimlilikle ilgili de\u011fildir; ayn\u0131 zamanda geli\u015fmi\u015f g\u00fcvenlik ve kullan\u0131m kolayl\u0131\u011f\u0131 sunarak onlar\u0131 her k\u00fct\u00fcphane i\u00e7in paha bi\u00e7ilmez bir varl\u0131k haline getirir.<\/span><\/p>\n<p>&nbsp;<\/p>\n<p>&nbsp;<\/p>\n<h2 style=\"text-align: center;\"><em><span style=\"color: #000080;\"><strong>Y\u00fcksek Kaliteli Malzeme ve Tasar\u0131m<\/strong><\/span><\/em><\/h2>\n<p>ICODESLIX2 ISO15693 RFID kart\u0131m\u0131z dayan\u0131kl\u0131 PVC malzemeden \u00fcretilmi\u015ftir, uzun \u00f6m\u00fcrl\u00fcd\u00fcr ve a\u015f\u0131nma ve y\u0131pranmaya kar\u015f\u0131 dayan\u0131kl\u0131d\u0131r. Boyutlar\u0131 <strong>85,5 mm x 54 mm<\/strong>, kart kolay kullan\u0131m ve saklama i\u00e7in tasarlanm\u0131\u015ft\u0131r. Kart\u0131n \u00f6zellikleri\u00a0<strong>CMYK4C bask\u0131<\/strong>K\u00fct\u00fcphanelerin kart\u0131 kendi markalar\u0131yla \u00f6zelle\u015ftirebilmelerine olanak vererek, hem i\u015flevsel bir ara\u00e7 hem de promosyon \u00fcr\u00fcn\u00fc haline getiriyor.<\/p>\n<p>&nbsp;<\/p>\n<\/div>\n<p>&nbsp;<\/p>\n<div class=\"markdown-body\">\n<h2 style=\"text-align: center;\"><span style=\"color: #000080;\"><em><strong>Temel Nitelikler:<\/strong><\/em><\/span><\/h2>\n<ul>\n<li><strong>Malzeme<\/strong>: PVC<\/li>\n<li><strong>Boyut<\/strong>:85,5 x54mm<\/li>\n<li>Geli\u015fmi\u015f \u0130leti\u015fim Aray\u00fcz\u00fc<\/li>\n<li>ICODESLIX2 kart\u0131 \u015fu frekansta \u00e7al\u0131\u015f\u0131r: <strong>13.56MHz<\/strong>, hem RFID hem de NFC ileti\u015fim aray\u00fczlerini kullanarak. Bu, \u00e7e\u015fitli kart okuyucularla sorunsuz etkile\u015fimi garanti alt\u0131na alarak eri\u015fim kontrol sistemleri ve k\u00fct\u00fcphane y\u00f6netim yaz\u0131l\u0131m\u0131n\u0131n entegrasyonunu g\u00fc\u00e7lendirir.<\/li>\n<\/ul>\n<p>&nbsp;<\/p>\n<p>&nbsp;<\/p>\n<h2 style=\"text-align: center;\"><em><span style=\"color: #000080;\"><strong>K\u00fct\u00fcphaneler i\u00e7in Faydalar<\/strong><\/span><\/em><\/h2>\n<ul>\n<li><strong>Dinamik Veri Y\u00f6netimi<\/strong>: Etkin g\u00fcncellemeler, giri\u015f\/\u00e7\u0131k\u0131\u015f i\u015flemlerinin ger\u00e7ek zamanl\u0131 takibine yard\u0131mc\u0131 olur.<\/li>\n<li><strong>Geli\u015fmi\u015f Envanter Kontrol\u00fc<\/strong>: Hassas takip olanaklar\u0131yla kay\u0131plar\u0131 en aza indirin.<\/li>\n<\/ul>\n<p>&nbsp;<\/p>\n<h3><strong><span style=\"color: #333399;\">Kullan\u0131c\u0131 Dostu Uygulama<\/span><\/strong><\/h3>\n<p>ICODESLIX2 RFID teknolojisinin uygulamas\u0131 geleneksel kaynak y\u00f6netiminin \u00f6tesine uzan\u0131r. K\u00fct\u00fcphaneler bu kartlar\u0131 \u015funlar i\u00e7in kullanabilir:<\/p>\n<ul>\n<li><strong>Patron Tan\u0131mlama<\/strong>: Kasada h\u0131zl\u0131 tarama.<\/li>\n<li><strong>Etkinlik Takibi<\/strong>: \u00c7al\u0131\u015ftay veya etkinliklere ili\u015fkin kat\u0131l\u0131m kay\u0131tlar\u0131.<\/li>\n<li><strong>Kaynak Tahsisi<\/strong>: Kaynak kullan\u0131m\u0131n\u0131n otomatik olarak g\u00fcnl\u00fc\u011fe kaydedilmesi.<\/li>\n<\/ul>\n<p>&nbsp;<\/p>\n<h3><strong><span style=\"color: #333399;\">Kullan\u0131c\u0131 Merkezli \u00d6zellikler:<\/span><\/strong><\/h3>\n<ul>\n<li><strong>Kolay Entegrasyon<\/strong>: Mevcut k\u00fct\u00fcphane sistemlerine entegrasyonu kolayd\u0131r.<\/li>\n<li><strong>Minimum E\u011fitim Gereklidir<\/strong>:Personel yeni kart sistemlerini kullanmaya h\u0131zla adapte olacakt\u0131r.<\/li>\n<\/ul>\n<p>&nbsp;<\/p>\n<\/div>\n<p>&nbsp;<\/p>\n<div class=\"markdown-body\">\n<h2 style=\"text-align: center;\"><em><span style=\"color: #000080;\"><strong>Teknik \u00d6zellikler ve Performans<\/strong><\/span><\/em><\/h2>\n<p>Kart\u0131n \u00f6zelliklerinin kapsaml\u0131 bir \u015fekilde anla\u015f\u0131lmas\u0131, bilin\u00e7li kararlar al\u0131nmas\u0131na yard\u0131mc\u0131 olur.<\/p>\n<div class=\"table-with-header rounded-lg border border-solid border-grey-line2-normal w-fit max-w-full mb-2\">\n<div class=\"overflow-x-auto custom-scrollbar custom-scrollbar-float max-w-full\">\n<table class=\"w-fit !mb-0 !max-w-none\" style=\"height: 226px;\" width=\"440\">\n<thead>\n<tr>\n<th>\u015eartname<\/th>\n<th>De\u011fer<\/th>\n<\/tr>\n<\/thead>\n<tbody>\n<tr>\n<td>Yonga<\/td>\n<td>ICODESLIX2<\/td>\n<\/tr>\n<tr>\n<td>S\u0131kl\u0131k<\/td>\n<td>13,56 MHz<\/td>\n<\/tr>\n<tr>\n<td>Haf\u0131za<\/td>\n<td>2kbit<\/td>\n<\/tr>\n<tr>\n<td>Okuma Mesafesi<\/td>\n<td>2-10 cm<\/td>\n<\/tr>\n<tr>\n<td>Malzeme<\/td>\n<td>PVC<\/td>\n<\/tr>\n<tr>\n<td>Boyut<\/td>\n<td>85<\/td>\n<\/tr>\n<\/tbody>\n<\/table>\n<\/div>\n<\/div>\n<p>&nbsp;<\/p>\n<h2 style=\"text-align: center;\"><em><span style=\"color: #000080;\"><strong>NFC\u2019nin Avantajlar\u0131:<\/strong><\/span><\/em><\/h2>\n<ul>\n<li><strong>Temass\u0131z \u0130\u015flemler<\/strong>:Kullan\u0131c\u0131lar fiziksel temas olmadan kartlar\u0131n\u0131 kullanarak k\u00fct\u00fcphane sistemlerine h\u0131zl\u0131 bir \u015fekilde eri\u015febilirler.<\/li>\n<li><strong>Uyumluluk<\/strong>:Kart\u0131n teknolojisi NXP Semiconductors taraf\u0131ndan geli\u015ftirilmi\u015f olup, farkl\u0131 okuyucu sistemleriyle uyumlu \u00e7al\u0131\u015fmaktad\u0131r.<\/li>\n<li>G\u00fc\u00e7l\u00fc Bellek ve \u0130\u015flevsellik<\/li>\n<li>\u0130le donat\u0131lm\u0131\u015f <strong style=\"color: #555555;\">2kbit bellek<\/strong><span style=\"color: #555555;\">, ICODESLIX2 ISO15693 RFID kart\u0131, temel verileri depolamak i\u00e7in geni\u015f alan sunar. Okuma-yazma i\u015flevi, k\u00fct\u00fcphanelerin verileri dinamik olarak g\u00fcncellemesine olanak tan\u0131r ve kitap bulunabilirli\u011fi ve kullan\u0131c\u0131 ayr\u0131nt\u0131lar\u0131 gibi bilgilerin g\u00fcncel kalmas\u0131n\u0131 sa\u011flar.<\/span><\/li>\n<\/ul>\n<p>&nbsp;<\/p>\n<\/div>\n<p>&nbsp;<\/p>\n<h2 style=\"text-align: center;\"><span style=\"color: #000080;\"><em><strong>\u00c7evresel Etki<\/strong><\/em><\/span><\/h2>\n<ul>\n<li><strong>S\u00fcrd\u00fcr\u00fclebilir Malzemeler<\/strong>: PVC&#039;miz geri d\u00f6n\u00fc\u015ft\u00fcr\u00fclebilir oldu\u011fundan \u00e7evresel at\u0131k olu\u015fumuna daha az katk\u0131da bulunur.<\/li>\n<li><strong>Uzun \u00d6m\u00fcrl\u00fcl\u00fck<\/strong>: S\u0131k s\u0131k de\u011fi\u015ftirme ihtiyac\u0131n\u0131 azalt\u0131r.<\/li>\n<\/ul>\n<p>&nbsp;<\/p>\n<\/div>\n<p>&nbsp;<\/p>\n<div class=\"answer-markdown-box overflow-x-auto select-text custom-scrollbar\">\n<h3 style=\"text-align: center;\"><span style=\"color: #333399;\"><strong>Verimli Etkile\u015fim ve Y\u00f6netim Ara\u00e7lar\u0131<\/strong><\/span><\/h3>\n<p>ICODESLIX2 RFID kart\u0131, kullan\u0131c\u0131lar ile k\u00fct\u00fcphane sistemleri aras\u0131ndaki etkile\u015fimleri basitle\u015ftirir:<\/p>\n<ul>\n<li><strong>Basitle\u015ftirilmi\u015f S\u00fcre\u00e7ler<\/strong>:Kasalardaki bekleme s\u00fcrelerini azalt\u0131n, kullan\u0131c\u0131 memnuniyetini art\u0131r\u0131n.<\/li>\n<li><strong>Veri \u0130\u00e7g\u00f6r\u00fcleri<\/strong>: Kaynak da\u011f\u0131l\u0131m\u0131 ve m\u00fc\u015fteri faaliyetleri hakk\u0131nda bilgi sa\u011flayan kullan\u0131m raporlar\u0131 olu\u015fturun.<\/li>\n<\/ul>\n<p>&nbsp;<\/p>\n<h3 style=\"text-align: center;\"><span style=\"color: #333399;\"><strong>Geli\u015fmi\u015f Y\u00f6netim Ara\u00e7lar\u0131<\/strong><\/span><\/h3>\n<ul>\n<li><strong>Dijital Sistemlerle Entegrasyon<\/strong>: \u00c7e\u015fitli k\u00fct\u00fcphane y\u00f6netim sistemlerine sorunsuz bir \u015fekilde ba\u011flan\u0131n.<\/li>\n<li><strong>Ger\u00e7ek zamanl\u0131 g\u00fcncellemeler<\/strong>:Envanter veritaban\u0131yla an\u0131nda senkronizasyon.<\/li>\n<\/ul>\n<\/div>\n<\/div>\n<\/div>\n<\/div>\n<\/div>\n<\/div>\n<\/div>\n<\/div>\n<\/div>","protected":false},"excerpt":{"rendered":"<p>ICODESLIX2 ISO15693 RFID kartlar\u0131yla k\u00fct\u00fcphane y\u00f6netimini geli\u015ftirin, verimli kaynak takibi, kolay entegrasyon ve geli\u015fmi\u015f kullan\u0131c\u0131 kat\u0131l\u0131m\u0131 sa\u011flay\u0131n.<\/p>","protected":false},"featured_media":3480,"template":"","meta":[],"product_brand":[],"product_cat":[46],"product_tag":[],"class_list":{"0":"post-3594","1":"product","2":"type-product","3":"status-publish","4":"has-post-thumbnail","6":"product_cat-nfc-cards","8":"first","9":"instock","10":"shipping-taxable","11":"product-type-simple"},"_links":{"self":[{"href":"https:\/\/nfc-readers.com\/tr\/wp-json\/wp\/v2\/product\/3594","targetHints":{"allow":["GET"]}}],"collection":[{"href":"https:\/\/nfc-readers.com\/tr\/wp-json\/wp\/v2\/product"}],"about":[{"href":"https:\/\/nfc-readers.com\/tr\/wp-json\/wp\/v2\/types\/product"}],"wp:featuredmedia":[{"embeddable":true,"href":"https:\/\/nfc-readers.com\/tr\/wp-json\/wp\/v2\/media\/3480"}],"wp:attachment":[{"href":"https:\/\/nfc-readers.com\/tr\/wp-json\/wp\/v2\/media?parent=3594"}],"wp:term":[{"taxonomy":"product_brand","embeddable":true,"href":"https:\/\/nfc-readers.com\/tr\/wp-json\/wp\/v2\/product_brand?post=3594"},{"taxonomy":"product_cat","embeddable":true,"href":"https:\/\/nfc-readers.com\/tr\/wp-json\/wp\/v2\/product_cat?post=3594"},{"taxonomy":"product_tag","embeddable":true,"href":"https:\/\/nfc-readers.com\/tr\/wp-json\/wp\/v2\/product_tag?post=3594"}],"curies":[{"name":"wp","href":"https:\/\/api.w.org\/{rel}","templated":true}]}}