{"id":3602,"date":"2024-11-07T15:58:55","date_gmt":"2024-11-07T15:58:55","guid":{"rendered":"https:\/\/nfc-readers.com\/?post_type=product&#038;p=3602"},"modified":"2024-11-07T16:39:39","modified_gmt":"2024-11-07T16:39:39","slug":"write-url-dynamic-qr-code-ntag-213-nfc-card","status":"publish","type":"product","link":"https:\/\/nfc-readers.com\/tr\/ic-reader\/write-url-dynamic-qr-code-ntag-213-nfc-card\/","title":{"rendered":"URL dinamik QR kodunu yaz Ntag 213 NFC kart\u0131"},"content":{"rendered":"<h1 style=\"text-align: center;\"><span style=\"color: #000080;\"><strong>URL dinamik QR kodunu yaz Ntag 213 NFC kart\u0131<\/strong><\/span><\/h1>\n<p><span style=\"color: #666699;\"><strong>Write URL Dinamik QR Kodu NTAG213 NFC Kart\u0131: \u0130\u015f Etkile\u015fimlerinizi D\u00f6n\u00fc\u015ft\u00fcr\u00fcn Giderek dijitalle\u015fen bir d\u00fcnyada, etkili ileti\u015fim ve operasyonel verimlilik her i\u015fletme i\u00e7in \u00e7ok \u00f6nemlidir. Write URL Dinamik QR Kodu NTAG213 NFC Kart\u0131, etkile\u015fimleri geli\u015ftiren, s\u00fcre\u00e7leri kolayla\u015ft\u0131ran ve m\u00fc\u015fteriler ile i\u015fletmelerin ba\u011flant\u0131 kurmas\u0131n\u0131 kolayla\u015ft\u0131ran devrim niteli\u011finde bir \u00fcr\u00fcnd\u00fcr.<\/strong><\/span><\/p>\n<p>Bu NFC kartlar\u0131 son teknolojiyi kullan\u0131r\u00a0<strong>NTAG213 teknolojisi<\/strong>\u00a0dinamik URL yetenekleri sa\u011flamak, i\u015fletmelerin kullan\u0131c\u0131lar\u0131 sorunsuz bir \u015fekilde herhangi bir web sitesine veya dijital kayna\u011fa y\u00f6nlendirmesine olanak tan\u0131r. NFC ve QR kod teknolojisinin bu g\u00fc\u00e7l\u00fc kombinasyonu, pazarlama kampanyalar\u0131, etkinlik y\u00f6netimi, \u00fcr\u00fcn kimlik do\u011frulamas\u0131 ve \u00e7ok daha fazlas\u0131 dahil olmak \u00fczere \u00e7ok y\u00f6nl\u00fc uygulamalar\u0131 m\u00fcmk\u00fcn k\u0131lar. NTAG213 NFC kartlar\u0131na yat\u0131r\u0131m yapmak yaln\u0131zca stratejik bir hareket de\u011fil, ayn\u0131 zamanda i\u015fletme operasyonlar\u0131n\u0131z\u0131 modernize etmeye y\u00f6nelik bir ad\u0131md\u0131r.<\/p>\n<hr \/>\n<p>&nbsp;<\/p>\n<p>&nbsp;<\/p>\n<h2 style=\"text-align: center;\"><em><strong><span style=\"color: #333399;\">NTAG213 NFC Kart\u0131n\u0131n Temel \u00d6zellikleri<\/span><\/strong><\/em><\/h2>\n<p><span style=\"color: #008080;\"><strong>NTAG213 NFC Kart\u0131 yenilik\u00e7i \u00f6zellikleri ve sa\u011flam yap\u0131s\u0131yla \u00f6ne \u00e7\u0131k\u0131yor. \u0130\u015fte temel nitelikler:<\/strong><\/span><\/p>\n<ul>\n<li><strong>Malzeme<\/strong>: Y\u00fcksek kaliteli malzemelerden \u00fcretilmi\u015ftir\u00a0<strong>PVC<\/strong>, bu kartlar dayan\u0131kl\u0131l\u0131k ve uzun \u00f6m\u00fcr i\u00e7in tasarlanm\u0131\u015ft\u0131r. \u0130ster etkinliklerde da\u011f\u0131t\u0131ls\u0131n ister eri\u015fim kontrol sistemlerinde kullan\u0131ls\u0131n, g\u00fcnl\u00fck kullan\u0131m\u0131n zorluklar\u0131na dayanabilirler.<\/li>\n<li><strong>\u00c7ip Teknolojisi<\/strong>:NTAG213 \u00e7ipi, dinamik veri gerektiren uygulamalar i\u00e7in \u00f6zel olarak tasarlanm\u0131\u015ft\u0131r ve 1000 Mbps&#039;lik bir bellek kapasitesi sunar.\u00a0<strong>144 bayt<\/strong>\u00a0ve yeni kartlar basmaya gerek kalmadan istedi\u011finiz zaman URL&#039;leri yeniden yazma yetene\u011fi.<\/li>\n<li><strong>Boyut ve \u00d6zelle\u015ftirme<\/strong>: Standart boyutlar\u00a0<strong>85,5 mm x 54 mm<\/strong>, geleneksel kredi kart\u0131 boyutlar\u0131yla uyum sa\u011flayarak ta\u015f\u0131nmas\u0131n\u0131 kolayla\u015ft\u0131r\u0131r. Markalama ihtiya\u00e7lar\u0131n\u0131za uyacak \u015fekilde boyut ve tasar\u0131mda \u00f6zelle\u015ftirmeler de m\u00fcmk\u00fcnd\u00fcr.<\/li>\n<\/ul>\n<p>&nbsp;<\/p>\n<p>&nbsp;<\/p>\n<h2 style=\"text-align: center;\"><em><strong><span style=\"color: #333399;\">\u00d6zel \u00d6zellikler<\/span><\/strong><\/em><\/h2>\n<p style=\"text-align: left;\"><strong>Suya ve Hava Ko\u015fullar\u0131na Dayan\u0131kl\u0131 Tasar\u0131m<\/strong><\/p>\n<p style=\"text-align: left;\">Write URL NFC kartlar\u0131n\u0131n \u00f6ne \u00e7\u0131kan \u00f6zelliklerinden biri de\u00a0<strong>su ge\u00e7irmez ve hava ko\u015fullar\u0131na dayan\u0131kl\u0131<\/strong>\u00a0\u00f6zellikleri. \u00c7e\u015fitli ortamlarda faaliyet g\u00f6steren i\u015fletmeler bu \u00f6zelliklerden b\u00fcy\u00fck \u00f6l\u00e7\u00fcde yararlanabilir.<\/p>\n<ul>\n<li><strong>\u00c7ok y\u00f6nl\u00fcl\u00fck<\/strong>: Bu kartlar, neme maruz kalman\u0131n standart kartlara zarar verebilece\u011fi a\u00e7\u0131k hava etkinlikleri i\u00e7in idealdir. \u0130ster m\u00fczik festivali, ister spor etkinli\u011fi veya a\u00e7\u0131k hava pazarlama kampanyalar\u0131 olsun,\u00a0<strong>NTAG213 NFC kart\u0131<\/strong>\u00a0g\u00fcvenilir bir \u015fekilde performans g\u00f6sterecektir.<\/li>\n<li><strong>Uzun \u00d6m\u00fcrl\u00fcl\u00fck<\/strong>:Su hasar\u0131na kar\u015f\u0131 dayan\u0131kl\u0131l\u0131k, kart\u0131n kullan\u0131m \u00f6mr\u00fcn\u00fc uzatman\u0131n yan\u0131 s\u0131ra s\u0131k s\u0131k de\u011fi\u015ftirmeyle ilgili maliyetlerden de tasarruf etmenizi sa\u011flar.<\/li>\n<\/ul>\n<p>&nbsp;<\/p>\n<h2 style=\"text-align: center;\"><em><strong><span style=\"color: #333399;\">\u0130leti\u015fim Aray\u00fczleri<\/span><\/strong><\/em><\/h2>\n<ul>\n<li><strong>RFID ve NFC<\/strong>: Frekans\u0131nda \u00e7al\u0131\u015fmak\u00a0<strong>13,56 MHz<\/strong>, bu kartlar temass\u0131z ileti\u015fimi etkinle\u015ftirmek i\u00e7in hem RFID hem de NFC teknolojilerini kullan\u0131r. Bu, h\u0131zl\u0131 ve verimli veri al\u0131\u015fveri\u015fini garanti ederek i\u015flemler s\u0131ras\u0131nda kullan\u0131c\u0131 deneyimini iyile\u015ftirir.<\/li>\n<li><strong>Sorunsuz \u0130\u015flemler<\/strong>: NFC teknolojisinin entegrasyonu zahmetsiz bir etkile\u015fime olanak tan\u0131r. Kullan\u0131c\u0131lar kartlar\u0131n\u0131 uyumlu bir okuyucuya dokundurarak an\u0131nda ba\u011flant\u0131l\u0131 URL&#039;yi a\u00e7abilir ve bu da onlar\u0131 bir web sitesine, forma veya multimedya i\u00e7eri\u011fine y\u00f6nlendirebilir.<\/li>\n<\/ul>\n<p>&nbsp;<\/p>\n<p>&nbsp;<\/p>\n<h2 style=\"text-align: center;\"><em><span style=\"color: #333399;\"><strong>Teknik \u00d6zellikler<\/strong><\/span><\/em><\/h2>\n<p><span style=\"color: #008080;\"><strong>Bilin\u00e7li karar alma i\u00e7in Write URL Dinamik QR Kod NTAG213 NFC Kart\u0131n\u0131n ayr\u0131nt\u0131l\u0131 teknik \u00f6zellikleri \u015funlard\u0131r:<\/strong><\/span><\/p>\n<div class=\"table-with-header rounded-lg border border-solid border-grey-line2-normal w-fit max-w-full mb-2\">\n<div class=\"overflow-x-auto custom-scrollbar custom-scrollbar-float max-w-full\">\n<table class=\"w-fit !mb-0 !max-w-none\">\n<thead>\n<tr>\n<th><strong>Ba\u011flanmak<\/strong><\/th>\n<th><strong>\u015eartname<\/strong><\/th>\n<\/tr>\n<\/thead>\n<tbody>\n<tr>\n<td><strong>Yonga<\/strong><\/td>\n<td>NTAG213 (NXP\u00ae tescilli ticari marka)<\/td>\n<\/tr>\n<tr>\n<td><strong>Malzeme<\/strong><\/td>\n<td>PVC<\/td>\n<\/tr>\n<tr>\n<td><strong>Boyut<\/strong><\/td>\n<td>85,5 mm x 54 mm<\/td>\n<\/tr>\n<tr>\n<td><strong>Haf\u0131za<\/strong><\/td>\n<td>144 Bayt (\u00f6zel se\u00e7enekler mevcuttur)<\/td>\n<\/tr>\n<tr>\n<td><strong>S\u0131kl\u0131k<\/strong><\/td>\n<td>13,56 MHz<\/td>\n<\/tr>\n<tr>\n<td><strong>Yazd\u0131rma Se\u00e7enekleri<\/strong><\/td>\n<td>CMYK Ofset Bask\u0131<\/td>\n<\/tr>\n<tr>\n<td><strong>Okuma Mesafesi<\/strong><\/td>\n<td>2-10 cm<\/td>\n<\/tr>\n<tr>\n<td><strong>Anavatan<\/strong><\/td>\n<td>Guangdong, \u00c7in<\/td>\n<\/tr>\n<tr>\n<td><strong>Zanaat<\/strong><\/td>\n<td>\u00c7e\u015fitli se\u00e7enekler: Lazer Kod, UV M\u00fcrekkep, vb.<\/td>\n<\/tr>\n<\/tbody>\n<\/table>\n<p>&nbsp;<\/p>\n<\/div>\n<\/div>\n<h2 style=\"text-align: center;\"><em><strong><span style=\"color: #333399;\">End\u00fcstriler Aras\u0131 Uygulamalar<\/span><\/strong><\/em><\/h2>\n<p><span style=\"color: #008080;\"><strong>Write URL Dinamik QR Kodu NTAG213 NFC Kart\u0131n\u0131n \u00e7e\u015fitli sekt\u00f6rlerde \u00e7e\u015fitli uygulamalar\u0131 vard\u0131r:<\/strong><\/span><\/p>\n<ul>\n<li><strong>Perakende ve Pazarlama<\/strong>: Bu kartlar\u0131 sadakat programlar\u0131 i\u00e7in kullan\u0131n ve m\u00fc\u015fterilerin promosyon ba\u011flant\u0131lar\u0131na veya \u00f6zel tekliflere kolayca eri\u015fmesini sa\u011flay\u0131n.\u00a0<strong>dinamik URL<\/strong>\u00a0Bu \u00f6zellik sayesinde yeni kartlara ihtiya\u00e7 duymadan promosyonlar\u0131n\u0131z\u0131 an\u0131nda g\u00fcncelleyebilirsiniz.<\/li>\n<li><strong>Etkinlik Y\u00f6netimi<\/strong>:Konferanslar, konserler veya ticaret fuarlar\u0131 i\u00e7in m\u00fckemmel olan bu kartlar, NFC \u00e7ipine ba\u011fl\u0131 QR kodlar\u0131 arac\u0131l\u0131\u011f\u0131yla programlara, konu\u015fmac\u0131 bilgilerine ve etkinlik g\u00fcncellemelerine temass\u0131z eri\u015fim sa\u011flayabilir.<\/li>\n<\/ul>","protected":false},"excerpt":{"rendered":"<p>Write URL Dinamik QR Kodu NTAG213 NFC Kart\u0131, dinamik URL&#039;ler, NFC teknolojisi, su ge\u00e7irmez tasar\u0131m\u0131 ve \u00e7ok y\u00f6nl\u00fc uygulamalar\u0131yla i\u015f etkile\u015fimlerini geli\u015ftirir.<\/p>","protected":false},"featured_media":3604,"template":"","meta":[],"product_brand":[],"product_cat":[46],"product_tag":[],"class_list":{"0":"post-3602","1":"product","2":"type-product","3":"status-publish","4":"has-post-thumbnail","6":"product_cat-nfc-cards","8":"first","9":"instock","10":"shipping-taxable","11":"product-type-simple"},"_links":{"self":[{"href":"https:\/\/nfc-readers.com\/tr\/wp-json\/wp\/v2\/product\/3602","targetHints":{"allow":["GET"]}}],"collection":[{"href":"https:\/\/nfc-readers.com\/tr\/wp-json\/wp\/v2\/product"}],"about":[{"href":"https:\/\/nfc-readers.com\/tr\/wp-json\/wp\/v2\/types\/product"}],"wp:featuredmedia":[{"embeddable":true,"href":"https:\/\/nfc-readers.com\/tr\/wp-json\/wp\/v2\/media\/3604"}],"wp:attachment":[{"href":"https:\/\/nfc-readers.com\/tr\/wp-json\/wp\/v2\/media?parent=3602"}],"wp:term":[{"taxonomy":"product_brand","embeddable":true,"href":"https:\/\/nfc-readers.com\/tr\/wp-json\/wp\/v2\/product_brand?post=3602"},{"taxonomy":"product_cat","embeddable":true,"href":"https:\/\/nfc-readers.com\/tr\/wp-json\/wp\/v2\/product_cat?post=3602"},{"taxonomy":"product_tag","embeddable":true,"href":"https:\/\/nfc-readers.com\/tr\/wp-json\/wp\/v2\/product_tag?post=3602"}],"curies":[{"name":"wp","href":"https:\/\/api.w.org\/{rel}","templated":true}]}}