{"id":3610,"date":"2024-11-08T02:46:18","date_gmt":"2024-11-08T02:46:18","guid":{"rendered":"https:\/\/nfc-readers.com\/?post_type=product&#038;p=3610"},"modified":"2024-11-08T02:46:18","modified_gmt":"2024-11-08T02:46:18","slug":"nfc-soft-pvc-vinyl-wristband-card-for-rfid-fabric-wristband","status":"publish","type":"product","link":"https:\/\/nfc-readers.com\/tr\/ic-reader\/nfc-soft-pvc-vinyl-wristband-card-for-rfid-fabric-wristband\/","title":{"rendered":"NFC Yumu\u015fak PVC Vinil Bileklik Kart\u0131 Rfid Kuma\u015f Bileklik i\u00e7in"},"content":{"rendered":"<h1><strong>NFC Yumu\u015fak PVC Vinil Bileklik Kart\u0131 RFID Kuma\u015f Bileklik i\u00e7in<\/strong><\/h1>\n<p>&nbsp;<\/p>\n<p>G\u00fcn\u00fcm\u00fcz\u00fcn h\u0131zl\u0131 tempolu, teknoloji odakl\u0131 d\u00fcnyas\u0131nda, <strong>NFC Yumu\u015fak PVC Vinil Bileklik Kart\u0131 RFID Kuma\u015f Bileklik i\u00e7in<\/strong>\u00a0sorunsuz eri\u015fim kontrol\u00fc, nakitsiz i\u015flemler ve geli\u015fmi\u015f kullan\u0131c\u0131 deneyimleri i\u00e7in olmazsa olmaz bir ara\u00e7 olarak \u00f6ne \u00e7\u0131k\u0131yor. Y\u00fcksek kaliteli vinilden \u00fcretilen bu bileklikler hafif, renkli ve inan\u0131lmaz derecede \u00e7ok y\u00f6nl\u00fcd\u00fcr ve bu da onlar\u0131 konserler, festivaller, tema parklar\u0131 ve kurumsal toplant\u0131lar gibi \u00e7e\u015fitli etkinlikler i\u00e7in m\u00fckemmel hale getirir.\u00a0<strong>13,56 MHz<\/strong>\u00a0RFID ve NFC teknolojileriyle uyumlulu\u011fu sayesinde bu bileklikler, etkinlik organizat\u00f6rleri ve g\u00fcvenli\u011fi art\u0131rmak ve operasyonlar\u0131 kolayla\u015ft\u0131rmak isteyen i\u015fletmeler i\u00e7in benzersiz \u00e7\u00f6z\u00fcmler sunuyor.<\/p>\n<p>&nbsp;<\/p>\n<h3><strong>Neden NFC Yumu\u015fak PVC Vinil Bileklikleri Se\u00e7melisiniz?<\/strong><\/h3>\n<p>NFC bilekliklere yat\u0131r\u0131m yapmak sadece bir moda ifadesi de\u011fil, ayn\u0131 zamanda etkinlikleri ve kullan\u0131c\u0131 etkile\u015fimlerini verimli bir \u015fekilde y\u00f6netmek i\u00e7in i\u015flevsel bir y\u00fckseltmedir. Bu bileklikler, geleneksel bilet ve eri\u015fim kontrol sistemlerine olan ihtiyac\u0131 ortadan kald\u0131rarak bekleme s\u00fcrelerini azalt\u0131r ve misafir deneyimlerini geli\u015ftirir. \u00d6zel markalama se\u00e7enekleri mevcut oldu\u011funda, i\u015fletmeler g\u00f6r\u00fcn\u00fcrl\u00fcklerini art\u0131r\u0131rken nakitsiz \u00f6demeler i\u00e7in g\u00fcvenilir ve emniyetli bir y\u00f6ntem sa\u011flayabilir. \u0130ster m\u00fczik festivalleri, ister spor etkinlikleri veya e\u011flence parklar\u0131 d\u00fczenliyor olun, bu bileklikler ihtiyac\u0131n\u0131z olan g\u00fcvenilirli\u011fi ve i\u015flevselli\u011fi sunar.<\/p>\n<p>&nbsp;<\/p>\n<h2>RFID ve NFC Teknolojisinin \u00d6zellikleri<\/h2>\n<h3>Geli\u015fmi\u015f Eri\u015fim Kontrol\u00fc<\/h3>\n<p>The\u00a0<strong>RFID teknolojisi<\/strong>\u00a0Bu bilekliklerin i\u00e7ine yerle\u015ftirilmi\u015f olan\u00a0<strong>h\u0131zl\u0131 eri\u015fim kontrol\u00fc<\/strong>\u00a0etkinliklerde, giri\u015f noktalar\u0131n\u0131n g\u00fcvenli\u011fini sa\u011flarken konuklar\u0131n s\u0131rada bekleyerek ge\u00e7irdikleri s\u00fcreyi azalt\u0131r. Etkinlik organizat\u00f6rleri,\u00a0<strong>RFID bileklikler<\/strong>\u00a0\u00e7e\u015fitli i\u015flevler i\u00e7in, bunlar aras\u0131nda \u015funlar yer al\u0131r:<\/p>\n<ul>\n<li><strong>VIP Eri\u015fimi<\/strong>:\u00d6zel alanlar i\u00e7in genel kat\u0131l\u0131m ve VIP kat\u0131l\u0131mc\u0131 ayr\u0131m\u0131 yap\u0131lacakt\u0131r.<\/li>\n<li><strong>Nakitsiz \u00d6demeler<\/strong>:Mal, yiyecek ve i\u00e7ecekler i\u00e7in yerinde nakitsiz i\u015flem olana\u011f\u0131 sa\u011flayarak genel deneyimi daha rahat hale getirin.<\/li>\n<\/ul>\n<h3>D\u00fczg\u00fcnle\u015ftirilmi\u015f Operasyonlar<\/h3>\n<p>Kullanarak\u00a0<strong>NFC bileklik teknolojisi<\/strong>\u00a0etkinlik operasyonlar\u0131n\u0131 \u00f6nemli \u00f6l\u00e7\u00fcde kolayla\u015ft\u0131r\u0131r.\u00a0<strong>veri toplama<\/strong>\u00a0Bu cihazlar arac\u0131l\u0131\u011f\u0131yla sat\u0131c\u0131lar kat\u0131l\u0131mc\u0131 davran\u0131\u015flar\u0131n\u0131 ve harcama modellerini etkili bir \u015fekilde analiz edebilir. Bu bilgiler daha sonra gelecekteki etkinlikleri iyile\u015ftirmek, pazarlama stratejilerini geli\u015ftirmek ve m\u00fc\u015fteri deneyimlerini optimize etmek i\u00e7in kullan\u0131labilir.<\/p>\n<p>&nbsp;<\/p>\n<h3><strong>Vinil Bileklik Kullanman\u0131n Faydalar\u0131<\/strong><\/h3>\n<h3>Dayan\u0131kl\u0131l\u0131k ve Konfor<\/h3>\n<p>Y\u00fcksek kaliteli malzemelerden \u00fcretilmi\u015ftir\u00a0<strong>vinil malzeme<\/strong>, NFC bileklikleri festivaller, konserler ve a\u00e7\u0131k hava etkinlikleriyle ili\u015fkili \u00e7e\u015fitli unsurlara dayanacak \u015fekilde tasarlanm\u0131\u015ft\u0131r. Kolayca y\u0131rt\u0131labilen veya hasar g\u00f6rebilen ka\u011f\u0131t biletler veya kuma\u015f bilekliklerin aksine, vinil bileklikler su ge\u00e7irmez, y\u0131rt\u0131lmaya dayan\u0131kl\u0131 ve tere dayan\u0131kl\u0131d\u0131r ve etkinlik boyunca sa\u011flam kalmalar\u0131n\u0131 sa\u011flar.<\/p>\n<h3>Tek Kullan\u0131ml\u0131k ve Kurcalamaya Dayan\u0131kl\u0131<\/h3>\n<p>The\u00a0<strong>tek kullan\u0131ml\u0131k<\/strong>\u00a0Bu bilekliklerin do\u011fas\u0131 maksimum g\u00fcvenli\u011fi garanti eder. Bir bileklik giri\u015f i\u00e7in kullan\u0131ld\u0131\u011f\u0131nda ge\u00e7ersiz hale gelir ve tekrar kullan\u0131lamaz. Bu, b\u00fcy\u00fck etkinliklerde yayg\u0131n bir sorun olan bilet doland\u0131r\u0131c\u0131l\u0131\u011f\u0131 riskini \u00f6nemli \u00f6l\u00e7\u00fcde azalt\u0131r. Etkinlik organizat\u00f6rleri varl\u0131klar\u0131n\u0131n ve operasyonlar\u0131n\u0131n korundu\u011fundan emin olabilirler.<\/p>\n<p>&nbsp;<\/p>\n<h3><strong>Markala\u015fma \u0130\u00e7in \u00d6zelle\u015ftirilebilir Se\u00e7enekler<\/strong><\/h3>\n<h3>Kal\u0131c\u0131 Bir \u0130zlenim Yaratmak<\/h3>\n<p>NFC bileklikleri, markala\u015fma ama\u00e7lar\u0131 i\u00e7in \u00e7e\u015fitli \u00f6zelle\u015ftirme se\u00e7enekleri sunar. \u0130\u015fletmeler, \u00f6zel NFC bileklikleriyle g\u00f6r\u00fcn\u00fcrl\u00fcklerini art\u0131rabilirler.\u00a0<strong>\u0131s\u0131 transfer bask\u0131<\/strong>, logolar, barkodlar veya QR kodlar\u0131 hem bilekliklerde hem de beraberindeki kartlarda. Bu markalama f\u0131rsatlar\u0131, konuklarda kal\u0131c\u0131 bir izlenim b\u0131rakan profesyonel bir g\u00f6r\u00fcn\u00fcm yarat\u0131r ve etkinlikten sonra bile marka tan\u0131n\u0131rl\u0131\u011f\u0131n\u0131 te\u015fvik eder.<\/p>\n<h3>Pazarlaman\u0131n Avantajlar\u0131<\/h3>\n<p>\u00d6zelle\u015ftirilmi\u015f bileklikler arac\u0131l\u0131\u011f\u0131yla markala\u015fman\u0131n etkili bir pazarlama arac\u0131 oldu\u011fu kan\u0131tlanm\u0131\u015ft\u0131r. Markan\u0131z\u0131n bilekliklerini takan kat\u0131l\u0131mc\u0131lar, etkinlik sona erdikten uzun s\u00fcre sonra bile logonuzu ve tasar\u0131mlar\u0131n\u0131z\u0131 sergileyen y\u00fcr\u00fcyen reklamlar haline gelir. Bu, marka g\u00f6r\u00fcn\u00fcrl\u00fc\u011f\u00fcn\u00fc art\u0131r\u0131r ve markan\u0131z\u0131 \u00e7e\u015fitli ba\u011flamlarda g\u00f6ren yeni m\u00fc\u015fterileri \u00e7ekebilir.<\/p>\n<p>&nbsp;<\/p>\n<h3><strong>S\u0131k\u00e7a Sorulan Sorular (SSS)<\/strong><\/h3>\n<h2>1. NFC Yumu\u015fak PVC Vinil Bileklikler Nedir?<\/h2>\n<p>NFC Yumu\u015fak PVC Vinil Bileklikler, etkinliklerde temass\u0131z eri\u015fim kontrol\u00fc, veri toplama ve nakitsiz \u00f6deme se\u00e7enekleri sa\u011flamak i\u00e7in Yak\u0131n Alan \u0130leti\u015fimi (NFC) ve Radyo Frekans\u0131 Tan\u0131mlama (RFID) kullanan giyilebilir bir teknolojidir. Dayan\u0131kl\u0131 vinil malzemeden yap\u0131lm\u0131\u015ft\u0131r ve kullan\u0131c\u0131 konforu ve rahatl\u0131\u011f\u0131 i\u00e7in tasarlanm\u0131\u015ft\u0131r.<\/p>\n<h2>2. Bu bilekliklerin kullan\u0131m s\u0131kl\u0131\u011f\u0131 nedir?<\/h2>\n<p>Bu bileklikler \u015fu frekansta \u00e7al\u0131\u015f\u0131r:\u00a0<strong>13,56 MHz<\/strong>NFC ve RFID teknolojilerinde ortak olan, \u00e7o\u011fu RFID okuyucusu ve NFC \u00f6zellikli cihazla uyumlulu\u011fu garantileyen bir teknolojidir.<\/p>\n<h2>3. Bileklikler tekrar kullan\u0131labilir mi?<\/h2>\n<p>Hay\u0131r, NFC Yumu\u015fak PVC Vinil Bileklikler a\u015fa\u011f\u0131dakiler i\u00e7in tasarlanm\u0131\u015ft\u0131r:\u00a0<strong>tek kullan\u0131ml\u0131k<\/strong>Bu \u00f6zellik, g\u00fcvenli\u011fi art\u0131rmay\u0131 ve bilet doland\u0131r\u0131c\u0131l\u0131\u011f\u0131 riskini en aza indirmeyi ama\u00e7lamaktad\u0131r ve bu nedenle eri\u015fim kontrol\u00fcn\u00fcn hayati \u00f6nem ta\u015f\u0131d\u0131\u011f\u0131 etkinlikler i\u00e7in idealdir.<\/p>\n<h2>4. Bileklikler ki\u015fiselle\u015ftirilebilir mi?<\/h2>\n<p>Evet! Bileklikleri \u00e7e\u015fitli \u015fekillerde \u00f6zelle\u015ftirebilirsiniz, \u00f6rne\u011fin:<\/p>\n<ul>\n<li><strong>Logo bask\u0131<\/strong><\/li>\n<li><strong>Barkodlar ve QR kodlar\u0131<\/strong><\/li>\n<li><strong>Renkli tasar\u0131mlar<\/strong><\/li>\n<li><strong>\u00d6zel i\u015f\u00e7ilik teknikleri<\/strong>\u00a0\u0131s\u0131 transfer bask\u0131 ve lazer kodlama gibi.<\/li>\n<\/ul>\n<p>Bu \u00f6zelle\u015ftirme, i\u015fletmelerin markala\u015fmalar\u0131n\u0131 g\u00fc\u00e7lendirmelerine ve etkinlikler i\u00e7in profesyonel bir g\u00f6r\u00fcn\u00fcm olu\u015fturmalar\u0131na olanak tan\u0131r.<\/p>","protected":false},"excerpt":{"rendered":"<p>NFC Yumu\u015fak PVC Vinil Bileklik Kart\u0131, etkinliklerde g\u00fcvenli eri\u015fim ve nakitsiz i\u015flemler i\u00e7in dayan\u0131kl\u0131, \u00f6zelle\u015ftirilebilir bir \u00e7\u00f6z\u00fcmd\u00fcr. Konfor ve i\u015flevsellik i\u00e7in tasarlanan bu bileklikler, g\u00fcvenilir eri\u015fim kontrol\u00fc sa\u011flarken genel konuk deneyimini geli\u015ftirir.<\/p>","protected":false},"featured_media":3611,"template":"","meta":[],"product_brand":[],"product_cat":[50],"product_tag":[],"class_list":{"0":"post-3610","1":"product","2":"type-product","3":"status-publish","4":"has-post-thumbnail","6":"product_cat-silicone-rfid-nfc-wristbands","8":"first","9":"instock","10":"shipping-taxable","11":"product-type-simple"},"_links":{"self":[{"href":"https:\/\/nfc-readers.com\/tr\/wp-json\/wp\/v2\/product\/3610","targetHints":{"allow":["GET"]}}],"collection":[{"href":"https:\/\/nfc-readers.com\/tr\/wp-json\/wp\/v2\/product"}],"about":[{"href":"https:\/\/nfc-readers.com\/tr\/wp-json\/wp\/v2\/types\/product"}],"wp:featuredmedia":[{"embeddable":true,"href":"https:\/\/nfc-readers.com\/tr\/wp-json\/wp\/v2\/media\/3611"}],"wp:attachment":[{"href":"https:\/\/nfc-readers.com\/tr\/wp-json\/wp\/v2\/media?parent=3610"}],"wp:term":[{"taxonomy":"product_brand","embeddable":true,"href":"https:\/\/nfc-readers.com\/tr\/wp-json\/wp\/v2\/product_brand?post=3610"},{"taxonomy":"product_cat","embeddable":true,"href":"https:\/\/nfc-readers.com\/tr\/wp-json\/wp\/v2\/product_cat?post=3610"},{"taxonomy":"product_tag","embeddable":true,"href":"https:\/\/nfc-readers.com\/tr\/wp-json\/wp\/v2\/product_tag?post=3610"}],"curies":[{"name":"wp","href":"https:\/\/api.w.org\/{rel}","templated":true}]}}