{"id":3619,"date":"2024-11-08T04:21:11","date_gmt":"2024-11-08T04:21:11","guid":{"rendered":"https:\/\/nfc-readers.com\/?post_type=product&#038;p=3619"},"modified":"2024-11-08T04:21:11","modified_gmt":"2024-11-08T04:21:11","slug":"mifare-ultralight-ev1-rfid-stretchy-woven-nfc-rfid-wristband","status":"publish","type":"product","link":"https:\/\/nfc-readers.com\/tr\/ic-reader\/mifare-ultralight-ev1-rfid-stretchy-woven-nfc-rfid-wristband\/","title":{"rendered":"MIFARE Ultralight Ev1 RFID Esnek Dokuma NFC RFID Bileklik"},"content":{"rendered":"<h1 style=\"text-align: center;\"><strong>MIFARE Ultralight Ev1 RFID Esnek Dokuma NFC RFID Bileklik<\/strong><\/h1>\n<p>&nbsp;<\/p>\n<p>The <strong>MIFARE Ultralight EV1 RFID Esnek Dokuma NFC Bileklik<\/strong>\u00a0modern etkinlik y\u00f6netimi i\u00e7in en \u00fcst d\u00fczey \u00e7\u00f6z\u00fcmd\u00fcr, kusursuz eri\u015fim kontrol\u00fc, nakitsiz \u00f6deme \u00e7\u00f6z\u00fcmleri ve geli\u015fmi\u015f konuk deneyimi sa\u011flar. Yenilik\u00e7ilik d\u00fc\u015f\u00fcn\u00fclerek tasarlanan bu bileklik, en son RFID teknolojisini \u00f6zelle\u015ftirilebilir tasar\u0131mlarla birle\u015ftirerek etkinlik organizat\u00f6rleri ve kat\u0131l\u0131mc\u0131lar i\u00e7in vazge\u00e7ilmez bir ara\u00e7 haline gelir. \u0130ster bir m\u00fczik festivali, ister bir su park\u0131 cazibe merkezi veya bir kurumsal etkinlik d\u00fczenliyor olun, bu RFID bileklik sorunsuz operasyonlar, art\u0131r\u0131lm\u0131\u015f g\u00fcvenlik ve dahil olan herkes i\u00e7in unutulmaz bir deneyim sa\u011flar.<\/p>\n<p>&nbsp;<\/p>\n<h3><strong>\u00dcr\u00fcn Avantajlar\u0131<\/strong><\/h3>\n<ul>\n<li><strong>Geli\u015fmi\u015f G\u00fcvenlik<\/strong>:MIFARE Ultralight EV1 \u00e7ipi, bilekli\u011finizin sadece kurcalanmaya dayan\u0131kl\u0131 olmas\u0131n\u0131 de\u011fil, ayn\u0131 zamanda g\u00fcvenli veri aktar\u0131m\u0131 yapabilmesini de sa\u011flar.<\/li>\n<li><strong>Su ge\u00e7irmez ve dayan\u0131kl\u0131<\/strong>: IP68 derecesine sahip bu bileklik hem su ge\u00e7irmez hem de hava ko\u015fullar\u0131na dayan\u0131kl\u0131d\u0131r, a\u00e7\u0131k hava etkinlikleri veya suyla ilgili aktiviteler s\u0131ras\u0131nda hasar g\u00f6rmemesini sa\u011flamak i\u00e7in \u00e7e\u015fitli \u00e7evre ko\u015fullar\u0131na dayanacak \u015fekilde tasarlanm\u0131\u015ft\u0131r.<\/li>\n<li><strong>Kullan\u0131c\u0131 dostu<\/strong>:RFID bileklik, nakit i\u015flem ihtiyac\u0131n\u0131 ortadan kald\u0131rarak, verimlili\u011fi art\u0131ran ve misafirlerin bekleme s\u00fcrelerini azaltan nakitsiz \u00f6deme imk\u00e2n\u0131 sa\u011fl\u0131yor.<\/li>\n<li><strong>\u00d6zelle\u015ftirilebilir Tasar\u0131mlar<\/strong>:Tam renkli CMYK bask\u0131 se\u00e7ene\u011fiyle etkinlik organizat\u00f6rleri, marka g\u00f6r\u00fcn\u00fcrl\u00fc\u011f\u00fcn\u00fc art\u0131ran g\u00f6rsel olarak \u00e7ekici bileklikler yaratabilirler.<\/li>\n<li><strong>Esnek Boyutlar ve Renkler<\/strong>: \u00c7e\u015fitli ebatlarda (145x25x1,5 mm ve 185x25x1,5 mm) ve renklerde (mavi, k\u0131rm\u0131z\u0131, beyaz, siyah, ye\u015fil, sar\u0131, turuncu, gri) mevcut olan bileklikler, farkl\u0131 estetik tercihlere hitap ediyor.<\/li>\n<\/ul>\n<p>&nbsp;<\/p>\n<h2><strong>Temel \u00d6zellikler ve Teknik \u00d6zellikler<\/strong><\/h2>\n<h3>Y\u00fcksek Performansl\u0131 MIFARE \u00c7ip<\/h3>\n<p>Bilekli\u011fin kalbi\u00a0<strong>MIFARE Ultralight EV1 \u00e7ipi<\/strong>Eri\u015fim kontrol\u00fc ve veri y\u00f6netimi i\u00e7in g\u00fcvenilir performans sa\u011flayan \u00e7ip, RFID okuyucularla g\u00fcvenli ileti\u015fimi garanti eder ve h\u0131zl\u0131 i\u015flemin \u00f6nemli oldu\u011fu y\u00fcksek trafikli etkinlikler i\u00e7in idealdir.<\/p>\n<h3>Suya ve Hava Ko\u015fullar\u0131na Dayan\u0131kl\u0131 Tasar\u0131m<\/h3>\n<p>Bir ile\u00a0<strong>IP68 derecesi<\/strong>, bileklik su ge\u00e7irmezdir ve zorlu hava ko\u015fullar\u0131nda bile i\u015flevselli\u011fini korur. \u0130ster bir konserde ya\u011fmur ya\u011fs\u0131n ister bir su park\u0131nda su s\u0131\u00e7rats\u0131n, kullan\u0131c\u0131lar endi\u015fe duymadan aktivitelerinin tad\u0131n\u0131 \u00e7\u0131karabilirler.<\/p>\n<h3>Nakitsiz \u00d6deme \u00c7\u00f6z\u00fcmleri<\/h3>\n<p>Nakit veya kart ta\u015f\u0131ma g\u00fcnleri geride kald\u0131. Bu bileklik h\u0131zl\u0131 ve kolay bir \u015fekilde\u00a0<strong>nakitsiz \u00f6demeler<\/strong>, verimlili\u011fin \u00f6nemli oldu\u011fu yo\u011fun etkinlikler i\u00e7in m\u00fckemmeldir. Etkinlik organizat\u00f6rleri i\u015flemleri kolayca izleyebilir ve operasyonlar\u0131 d\u00fczene sokabilir.<\/p>\n<h3>\u00d6zelle\u015ftirme ve Markala\u015fma<\/h3>\n<p>Etkinlik planlay\u0131c\u0131lar\u0131,\u00a0<strong>tam renkli CMYK bask\u0131<\/strong>\u00a0\u00f6zelle\u015ftirilmi\u015f tasar\u0131mlar olu\u015fturma se\u00e7ene\u011fi. Bu sadece markala\u015fmay\u0131 geli\u015ftirmekle kalmaz, ayn\u0131 zamanda kat\u0131l\u0131mc\u0131lar\u0131n etkinlik deneyimlerini sergilemelerine olanak tan\u0131yan benzersiz bir dokunu\u015f da ekler.<\/p>\n<p>&nbsp;<\/p>\n<h2><strong>S\u0131k\u00e7a Sorulan Sorular (SSS)<\/strong><\/h2>\n<h3>1.\u00a0<strong>RFID Bileklik Nedir?<\/strong><\/h3>\n<p>RFID bileklik, radyo dalgalar\u0131 arac\u0131l\u0131\u011f\u0131yla veri iletmek i\u00e7in Radyo Frekans\u0131 Tan\u0131mlama (RFID) teknolojisini kullanan giyilebilir bir cihazd\u0131r. Etkinliklerde g\u00fcvenli eri\u015fim kontrol\u00fc, nakitsiz \u00f6demeler ve veri toplama olana\u011f\u0131 sa\u011flar.<\/p>\n<h3>2.\u00a0<strong>MIFARE Ultralight EV1 RFID bilekli\u011fi nas\u0131l \u00e7al\u0131\u015f\u0131r?<\/strong><\/h3>\n<p>Bileklik, RFID okuyucularla ileti\u015fim kuran bir \u00e7ip kullanarak \u00e7al\u0131\u015f\u0131r. Bileklik bir okuyucuya dokunduruldu\u011funda, depolanan verileri iletir, eri\u015fim sa\u011flar veya \u00f6demeyi i\u015fler.<\/p>\n<h3>3.\u00a0<strong>Bileklik su ge\u00e7irmez mi?<\/strong><\/h3>\n<p>Evet, MIFARE Ultralight EV1 RFID bilekli\u011fimiz IP68 derecesine sahiptir, yani tamamen su ge\u00e7irmezdir ve suya dald\u0131r\u0131lmaya dayan\u0131kl\u0131d\u0131r; bu da onu su parklar\u0131 da dahil olmak \u00fczere \u00e7e\u015fitli a\u00e7\u0131k hava etkinlikleri i\u00e7in uygun hale getirir.<\/p>\n<h3>4.\u00a0<strong>Bileklik ki\u015fiselle\u015ftirilebilir mi?<\/strong><\/h3>\n<p>Kesinlikle! \u00d6zelle\u015ftirilebilir renk se\u00e7enekleri ve tam renkli CMYK bask\u0131 sunuyoruz, etkinli\u011finizin markas\u0131 ve temas\u0131yla uyumlu bileklikler tasarlaman\u0131za olanak tan\u0131yoruz.<\/p>\n<p>&nbsp;<\/p>","protected":false},"excerpt":{"rendered":"<p>MIFARE Ultralight EV1 RFID Esnek Dokuma NFC Bileklik, etkinliklerde g\u00fcvenli eri\u015fim kontrol\u00fc ve nakitsiz i\u015flemler i\u00e7in tasarlanm\u0131\u015ft\u0131r. Su ge\u00e7irmez ve \u00f6zelle\u015ftirilebilir \u00f6zellikleri onu \u00e7e\u015fitli durumlar i\u00e7in ideal hale getirir.<\/p>","protected":false},"featured_media":3620,"template":"","meta":[],"product_brand":[],"product_cat":[50],"product_tag":[],"class_list":{"0":"post-3619","1":"product","2":"type-product","3":"status-publish","4":"has-post-thumbnail","6":"product_cat-silicone-rfid-nfc-wristbands","8":"first","9":"instock","10":"shipping-taxable","11":"product-type-simple"},"_links":{"self":[{"href":"https:\/\/nfc-readers.com\/tr\/wp-json\/wp\/v2\/product\/3619","targetHints":{"allow":["GET"]}}],"collection":[{"href":"https:\/\/nfc-readers.com\/tr\/wp-json\/wp\/v2\/product"}],"about":[{"href":"https:\/\/nfc-readers.com\/tr\/wp-json\/wp\/v2\/types\/product"}],"wp:featuredmedia":[{"embeddable":true,"href":"https:\/\/nfc-readers.com\/tr\/wp-json\/wp\/v2\/media\/3620"}],"wp:attachment":[{"href":"https:\/\/nfc-readers.com\/tr\/wp-json\/wp\/v2\/media?parent=3619"}],"wp:term":[{"taxonomy":"product_brand","embeddable":true,"href":"https:\/\/nfc-readers.com\/tr\/wp-json\/wp\/v2\/product_brand?post=3619"},{"taxonomy":"product_cat","embeddable":true,"href":"https:\/\/nfc-readers.com\/tr\/wp-json\/wp\/v2\/product_cat?post=3619"},{"taxonomy":"product_tag","embeddable":true,"href":"https:\/\/nfc-readers.com\/tr\/wp-json\/wp\/v2\/product_tag?post=3619"}],"curies":[{"name":"wp","href":"https:\/\/api.w.org\/{rel}","templated":true}]}}