{"id":3626,"date":"2024-11-08T04:27:49","date_gmt":"2024-11-08T04:27:49","guid":{"rendered":"https:\/\/nfc-readers.com\/?post_type=product&#038;p=3626"},"modified":"2024-11-08T04:27:50","modified_gmt":"2024-11-08T04:27:50","slug":"concert-access-identification-tickets-nfc-elastic-wristband","status":"publish","type":"product","link":"https:\/\/nfc-readers.com\/tr\/ic-reader\/concert-access-identification-tickets-nfc-elastic-wristband\/","title":{"rendered":"konser eri\u015fim kimlik biletleri NFC elastik bileklik"},"content":{"rendered":"<h1 style=\"text-align: center;\"><strong>konser eri\u015fim kimlik biletleri NFC elastik bileklik<\/strong><\/h1>\n<p>&nbsp;<\/p>\n<p>NFC elastik bilekliklerin tan\u0131t\u0131lmas\u0131 sayesinde etkinlik ve festival d\u00fcnyas\u0131nda gezinmek hi\u00e7 bu kadar kolay olmam\u0131\u015ft\u0131. G\u00fcvenlik ve rahatl\u0131k i\u00e7in giderek daha fazla teknolojiye ba\u011f\u0131ml\u0131 hale gelen bir ortamda, <strong>NFC Bileklik<\/strong> konser eri\u015fim tan\u0131mlama ve biletleme i\u00e7in bir oyun de\u011fi\u015ftirici olarak ortaya \u00e7\u0131k\u0131yor. Dayan\u0131kl\u0131 malzemelerden yap\u0131lm\u0131\u015f ve son teknoloji RFID teknolojisiyle donat\u0131lm\u0131\u015f bu bileklikler, etkinlik organizat\u00f6rleri ve kat\u0131l\u0131mc\u0131lar i\u00e7in verimli, zahmetsiz bir \u00e7\u00f6z\u00fcm sunuyor. \u0130ster hareketli bir m\u00fczik festivali, ister samimi bir konser y\u00f6netiyor olun, bu geli\u015fmi\u015f bilekliklere yat\u0131r\u0131m yapmak eri\u015fim kontrol\u00fcn\u00fc kolayla\u015ft\u0131rabilir ve genel konuk deneyimini iyile\u015ftirebilir.<\/p>\n<p>&nbsp;<\/p>\n<h2><strong>Neden NFC Elastik Bilekli\u011fi Se\u00e7melisiniz?<\/strong><\/h2>\n<p>NFC elastik bileklik, g\u00fcvenlik ve g\u00fcvenilirli\u011fi garanti alt\u0131na al\u0131rken giri\u015f s\u00fcrecini basitle\u015ftirmek i\u00e7in tasarlanm\u0131\u015ft\u0131r. Bu bileklikler su ge\u00e7irmez, \u00f6zelle\u015ftirilebilir ve geli\u015fmi\u015f NFC teknolojisiyle donat\u0131lm\u0131\u015ft\u0131r, nakitsiz \u00f6deme \u00e7\u00f6z\u00fcmleri ve h\u0131zl\u0131 giri\u015f sa\u011flar. \u00d6zellikle y\u00fcksek kapasiteli etkinlikler i\u00e7in tasarlanm\u0131\u015f \u00f6zellikleri birle\u015ftirerek, kat\u0131l\u0131mc\u0131lar i\u00e7in unutulmaz bir deneyim sunarken bekleme s\u00fcrelerini \u00f6nemli \u00f6l\u00e7\u00fcde azaltabilir ve g\u00fcvenli\u011fi art\u0131rabilirsiniz.<\/p>\n<p>Bu kapsaml\u0131 rehber, NFC elastik bilekli\u011fin \u00e7e\u015fitli \u00f6zelliklerini ve avantajlar\u0131n\u0131 inceliyor ve neden her t\u00fcrl\u00fc etkinlik i\u00e7in de\u011ferli bir yat\u0131r\u0131m oldu\u011funu a\u00e7\u0131kl\u0131yor.<\/p>\n<p>&nbsp;<\/p>\n<h2><strong>\u00dcr\u00fcn \u00d6zellikleri ve Avantajlar\u0131<\/strong><\/h2>\n<h3>1.\u00a0<strong>Geli\u015fmi\u015f RFID ve NFC Teknolojisi<\/strong><\/h3>\n<p>NFC elastik bileklik geli\u015fmi\u015f teknolojiyi kullan\u0131r\u00a0<strong>RFID<\/strong>\u00a0(Radyo Frekans\u0131 Tan\u0131mlama) ve\u00a0<strong>NFC<\/strong>\u00a0(Yak\u0131n Alan \u0130leti\u015fimi) teknolojisi, frekans\u0131nda \u00e7al\u0131\u015fan\u00a0<strong>13.56MHz<\/strong>Bu entegrasyon, bileklik ile tarama ekipman\u0131 aras\u0131nda h\u0131zl\u0131 ileti\u015fimi sa\u011flayarak, fiziksel bilet arama ihtiyac\u0131 olmadan sorunsuz eri\u015fim kontrol\u00fcne olanak tan\u0131r.<\/p>\n<p>Her ikisini de birle\u015ftirerek\u00a0<strong>RFID<\/strong>\u00a0Ve\u00a0<strong>NFC<\/strong>\u00a0etkinlik kurulumunuza n\u00fcanslar eklemek, verimli veri toplama, gelecekteki pazarlama i\u00e7g\u00f6r\u00fcleri ve geli\u015fmi\u015f konuk deneyimleri sa\u011flar. Her iki teknolojinin de kan\u0131tlanm\u0131\u015f oldu\u011fu\u00a0<strong>su ge\u00e7irmez<\/strong>Bu sayede, \u00f6ng\u00f6r\u00fclemeyen hava ko\u015fullar\u0131n\u0131n etkinlikleri aksatabilece\u011fi a\u00e7\u0131k hava konserleri ve festivalleri i\u00e7in idealdir.<\/p>\n<h3>2.\u00a0<strong>\u00d6zelle\u015ftirilebilirlik Se\u00e7enekleri<\/strong><\/h3>\n<p>\u00d6ne \u00e7\u0131kan \u00f6zelliklerden biri\u00a0<strong>NFC Bileklik<\/strong>\u00a0\u00f6zelle\u015ftirilebilirli\u011fidir.\u00a0<strong>\u0131s\u0131 transfer bask\u0131<\/strong>, bu bileklikleri etkinli\u011finizle ilgili logolar, renkler ve grafiklerle ki\u015fiselle\u015ftirebilirsiniz. \u0130ster bir \u015firket galas\u0131, ister bir yaz festivali veya bir konser d\u00fczenliyor olun, markan\u0131z\u0131n g\u00f6r\u00fcn\u00fcr oldu\u011fundan emin olmak kat\u0131l\u0131mc\u0131lar aras\u0131nda marka bilinirli\u011fini g\u00fc\u00e7lendirir.<\/p>\n<p>Ayr\u0131ca bilekliklerimiz \u00e7e\u015fitli boyutlarda mevcuttur, bunlar aras\u0131nda \u015funlar yer al\u0131r:\u00a0<strong>180x20mm<\/strong>veya \u00f6zel gereksinimlerinizi kar\u015f\u0131layacak \u015fekilde uyarlanabilir. Bu d\u00fczeydeki \u00f6zelle\u015ftirme, kat\u0131l\u0131mc\u0131lar\u0131n\u0131z\u0131n aidiyet ve kimlik duygusunu beslemeye yard\u0131mc\u0131 olur.<\/p>\n<h3>3.\u00a0<strong>Geli\u015fmi\u015f Misafir Deneyimi<\/strong><\/h3>\n<p>Etkili\u00a0<strong>eri\u015fim kontrol\u00fc<\/strong>\u00a0b\u00fcy\u00fck etkinlikler s\u0131ras\u0131nda \u00e7ok \u00f6nemlidir. NFC elastik bilekliklerimiz an\u0131nda do\u011frulama sa\u011flayarak misafirlerin mekanlara h\u0131zla girmesini sa\u011flar. Darbo\u011fazlar\u0131 en aza indirerek ve bekleme s\u00fcrelerini azaltarak izleyicileriniz i\u00e7in daha olumlu ve keyifli bir deneyim yarat\u0131rs\u0131n\u0131z.<\/p>\n<p>Ayr\u0131ca bu bileklikler tekrar kullan\u0131labilir; dayan\u0131kl\u0131 malzemeden yap\u0131lm\u0131\u015ft\u0131r\u00a0<strong>kuma\u015f\/PVC<\/strong>\u00a0\u00c7e\u015fitli \u00e7evre ko\u015fullar\u0131na dayanabilen ve b\u00fct\u00fcnl\u00fcklerini koruyabilen malzemeler. Bu dayan\u0131kl\u0131l\u0131k, bilekliklerin suya, tere veya hatta sert kullan\u0131ma maruz kalabilece\u011fi a\u00e7\u0131k hava etkinliklerinde \u00f6nemlidir.<\/p>\n<h3>4.\u00a0<strong>Verimli \u00d6deme \u00c7\u00f6z\u00fcmleri<\/strong><\/h3>\n<p>G\u00fcn\u00fcm\u00fcz\u00fcn nakitsiz toplumunda,\u00a0<strong>nakitsiz \u00f6deme<\/strong>\u00a0se\u00e7enekler vazge\u00e7ilmez hale geldi. NFC elastik bileklikler temass\u0131z i\u015flemleri kolayla\u015ft\u0131rarak kullan\u0131c\u0131lar\u0131n fiziksel nakite ihtiya\u00e7 duymadan yiyecek tezgahlar\u0131nda, \u00fcr\u00fcn stantlar\u0131nda ve daha fazlas\u0131nda al\u0131\u015fveri\u015f yapmalar\u0131n\u0131 sa\u011flar. Bu yaln\u0131zca misafir deneyimini geli\u015ftirmekle kalmaz, ayn\u0131 zamanda nakit i\u015fleme endi\u015felerini azaltarak etkinlik operasyonlar\u0131n\u0131 da kolayla\u015ft\u0131r\u0131r.<\/p>\n<p>Konuklar, NFC \u00f6zellikli herhangi bir sat\u0131\u015f noktas\u0131nda bilekliklerini dokundurarak i\u015flem s\u00fcrelerini \u00f6nemli \u00f6l\u00e7\u00fcde k\u0131saltabilir ve b\u00f6ylece hi\u00e7 kimse pop\u00fcler \u00fcr\u00fcnleri ka\u00e7\u0131rmaz!<\/p>\n<h3>5.\u00a0<strong>G\u00fcvenlik ve Veri Toplama<\/strong><\/h3>\n<p>Kullanarak\u00a0<strong>RFID<\/strong>\u00a0teknoloji etkinli\u011finizin g\u00fcvenli\u011fini \u00f6nemli \u00f6l\u00e7\u00fcde art\u0131r\u0131r. Her bileklik, misafir eri\u015fimini izlemeye ve y\u00f6netmeye yard\u0131mc\u0131 olan benzersiz tan\u0131mlay\u0131c\u0131larla yerle\u015ftirilebilir; bu teknoloji, mekan i\u00e7indeki misafir ak\u0131\u015f\u0131n\u0131n ger\u00e7ek zamanl\u0131 izlenmesini sa\u011flar.<\/p>\n<p>Ek olarak, veri toplama yetenekleri, e\u011filimleri analiz edebilece\u011finiz, kat\u0131l\u0131mc\u0131 davran\u0131\u015flar\u0131n\u0131 anlayabilece\u011finiz ve yakla\u015fan etkinlikler i\u00e7in dinamik fiyatland\u0131rma stratejileri uygulayabilece\u011finiz anlam\u0131na gelir. Bu i\u00e7g\u00f6r\u00fc, planlama ve y\u00fcr\u00fctmenin iyile\u015ftirilmesine yol a\u00e7abilir.\u00a0<strong>RFID etkinlikleri<\/strong>\u00a0gelecekte.<\/p>\n<p>&nbsp;<\/p>\n<h2>Teknik \u00d6zellikler<\/h2>\n<table class=\"w-fit !mb-0 !max-w-none\">\n<thead>\n<tr>\n<th><strong>Ba\u011flanmak<\/strong><\/th>\n<th><strong>Tan\u0131m<\/strong><\/th>\n<\/tr>\n<\/thead>\n<tbody>\n<tr>\n<td><strong>\u00dcr\u00fcn ad\u0131<\/strong><\/td>\n<td>NFC Elastik Bileklik<\/td>\n<\/tr>\n<tr>\n<td><strong>Malzeme<\/strong><\/td>\n<td>Kuma\u015f\/PVC<\/td>\n<\/tr>\n<tr>\n<td><strong>\u0130leti\u015fim aray\u00fcz\u00fc<\/strong><\/td>\n<td>RFID, NFC<\/td>\n<\/tr>\n<tr>\n<td><strong>S\u0131kl\u0131k<\/strong><\/td>\n<td>13.56MHz<\/td>\n<\/tr>\n<tr>\n<td><strong>\u00c7ip Se\u00e7enekleri<\/strong><\/td>\n<td>Tag213\/tag215\/tag216\/2k\/4k\/8k\/tk4100\/t5577<\/td>\n<\/tr>\n<tr>\n<td><strong>Protokol<\/strong><\/td>\n<td>ISO 14443A<\/td>\n<\/tr>\n<tr>\n<td><strong>Okuma Mesafesi<\/strong><\/td>\n<td>1-10cm<\/td>\n<\/tr>\n<tr>\n<td><strong>\u00d6zelle\u015ftirme<\/strong><\/td>\n<td>Logo, Renk, Grafik<\/td>\n<\/tr>\n<\/tbody>\n<\/table>\n<p>&nbsp;<\/p>\n<h2><strong>S\u0131k\u00e7a Sorulan Sorular (SSS)<\/strong><\/h2>\n<h3>1.\u00a0<strong>NFC elastik bileklik nedir?<\/strong><\/h3>\n<p>NFC elastik bileklik, NFC (Yak\u0131n Alan \u0130leti\u015fimi) ve RFID (Radyo Frekans\u0131 Tan\u0131mlama) teknolojisiyle donat\u0131lm\u0131\u015f giyilebilir bir cihazd\u0131r. Etkinliklerde h\u0131zl\u0131 eri\u015fim kontrol\u00fc, nakitsiz \u00f6demeler ve veri toplama olana\u011f\u0131 sa\u011flayarak genel konuk deneyimini iyile\u015ftirir.<\/p>\n<h3>2.\u00a0<strong>NFC bileklikler nas\u0131l \u00e7al\u0131\u015f\u0131r?<\/strong><\/h3>\n<p>NFC bileklikleri, uyumlu bir okuyucuya yakla\u015ft\u0131r\u0131ld\u0131\u011f\u0131nda radyo dalgalar\u0131 arac\u0131l\u0131\u011f\u0131yla veri ileterek \u00e7al\u0131\u015f\u0131r. Bu, bilekli\u011fi bir sens\u00f6re dokundurarak giri\u015f tarama veya \u00f6deme i\u015fleme gibi temass\u0131z etkile\u015fimlere olanak tan\u0131r.<\/p>\n<h3>3.\u00a0<strong>NFC bileklikler su ge\u00e7irmez mi?<\/strong><\/h3>\n<p>Evet, NFC elastik bilekliklerimiz su ge\u00e7irmez olacak \u015fekilde tasarlanm\u0131\u015ft\u0131r ve bu sayede suya maruz kalman\u0131n s\u00f6z konusu olabilece\u011fi konserler ve a\u00e7\u0131k hava etkinlikleri gibi \u00e7e\u015fitli ortamlarda kullan\u0131ma uygundur.<\/p>\n<h3>4.\u00a0<strong>Bileklikler ki\u015fiselle\u015ftirilebilir mi?<\/strong><\/h3>\n<p>Kesinlikle! NFC elastik bileklikler, \u0131s\u0131 transfer bask\u0131 yoluyla logonuz, renkleriniz ve grafiklerinizle ki\u015fiselle\u015ftirilebilir. Bu ki\u015fiselle\u015ftirme, etkinlik deneyimini markala\u015ft\u0131rmak ve geli\u015ftirmek i\u00e7in idealdir.<\/p>","protected":false},"excerpt":{"rendered":"<p>The\u00a0<strong>Konser Eri\u015fim Tan\u0131mlama NFC Elastik Bileklik<\/strong>\u00a0etkinlik giri\u015fini kolayla\u015ft\u0131rmak ve misafir deneyimlerini geli\u015ftirmek i\u00e7in tasarlanm\u0131\u015f son teknoloji bir \u00e7\u00f6z\u00fcmd\u00fcr. Geli\u015fmi\u015f RFID teknolojisine sahip bu \u00f6zelle\u015ftirilebilir ve su ge\u00e7irmez bileklikler, sorunsuz eri\u015fim kontrol\u00fc ve nakitsiz \u00f6demeler sa\u011flayarak her \u00f6l\u00e7ekteki konserler ve festivaller i\u00e7in idealdir.<\/p>","protected":false},"featured_media":3627,"template":"","meta":[],"product_brand":[],"product_cat":[50],"product_tag":[],"class_list":{"0":"post-3626","1":"product","2":"type-product","3":"status-publish","4":"has-post-thumbnail","6":"product_cat-silicone-rfid-nfc-wristbands","8":"first","9":"instock","10":"shipping-taxable","11":"product-type-simple"},"_links":{"self":[{"href":"https:\/\/nfc-readers.com\/tr\/wp-json\/wp\/v2\/product\/3626","targetHints":{"allow":["GET"]}}],"collection":[{"href":"https:\/\/nfc-readers.com\/tr\/wp-json\/wp\/v2\/product"}],"about":[{"href":"https:\/\/nfc-readers.com\/tr\/wp-json\/wp\/v2\/types\/product"}],"wp:featuredmedia":[{"embeddable":true,"href":"https:\/\/nfc-readers.com\/tr\/wp-json\/wp\/v2\/media\/3627"}],"wp:attachment":[{"href":"https:\/\/nfc-readers.com\/tr\/wp-json\/wp\/v2\/media?parent=3626"}],"wp:term":[{"taxonomy":"product_brand","embeddable":true,"href":"https:\/\/nfc-readers.com\/tr\/wp-json\/wp\/v2\/product_brand?post=3626"},{"taxonomy":"product_cat","embeddable":true,"href":"https:\/\/nfc-readers.com\/tr\/wp-json\/wp\/v2\/product_cat?post=3626"},{"taxonomy":"product_tag","embeddable":true,"href":"https:\/\/nfc-readers.com\/tr\/wp-json\/wp\/v2\/product_tag?post=3626"}],"curies":[{"name":"wp","href":"https:\/\/api.w.org\/{rel}","templated":true}]}}