{"id":3633,"date":"2024-11-08T04:33:33","date_gmt":"2024-11-08T04:33:33","guid":{"rendered":"https:\/\/nfc-readers.com\/?post_type=product&#038;p=3633"},"modified":"2024-11-08T04:33:34","modified_gmt":"2024-11-08T04:33:34","slug":"rfid-wristband-elastic-nfc-rfid-tag-access-control-identification","status":"publish","type":"product","link":"https:\/\/nfc-readers.com\/tr\/ic-reader\/rfid-wristband-elastic-nfc-rfid-tag-access-control-identification\/","title":{"rendered":"RFID bileklik Elastik NFC RFID etiketi eri\u015fim kontrol\u00fc tan\u0131mlama"},"content":{"rendered":"<h1 style=\"text-align: center;\"><strong>RFID bileklik Elastik NFC RFID etiketi eri\u015fim kontrol\u00fc tan\u0131mlama<\/strong><\/h1>\n<p>The <strong>RFID Bileklik<\/strong>\u00a0kurulu\u015flar\u0131n etkinliklerde, festivallerde ve mekanlarda eri\u015fim kontrol\u00fc ve kimliklendirmeyi y\u00f6netme bi\u00e7imini d\u00f6n\u00fc\u015ft\u00fcr\u00fcyor. Geli\u015fmi\u015f\u00a0<strong>NFC teknolojisi<\/strong>,\u00a0<strong>su ge\u00e7irmez malzemeler<\/strong>, ve \u00f6zelle\u015ftirilebilir \u00f6zellikleriyle, bu elastik bileklik yaln\u0131zca i\u015flevsel de\u011fil, ayn\u0131 zamanda dayan\u0131kl\u0131l\u0131k ve stil i\u00e7in tasarlanm\u0131\u015ft\u0131r. G\u00fcvenlik \u00f6nlemlerini kullan\u0131c\u0131 dostu \u00f6zelliklerle etkili bir \u015fekilde birle\u015ftirerek, etkinlik organizat\u00f6rlerine b\u00fcy\u00fck kalabal\u0131klar\u0131 y\u00f6netmek ve konuk deneyimini geli\u015ftirmek i\u00e7in kolayla\u015ft\u0131r\u0131lm\u0131\u015f bir \u00e7\u00f6z\u00fcm sunar.<\/p>\n<p>&nbsp;<\/p>\n<h2><strong>Neden RFID Bilekli\u011fi Se\u00e7melisiniz?<\/strong><\/h2>\n<p>Bir yat\u0131r\u0131ma yat\u0131r\u0131m yapmak\u00a0<strong>RFID Bileklik<\/strong>\u00a0hem organizat\u00f6rler hem de kat\u0131l\u0131mc\u0131lar i\u00e7in say\u0131s\u0131z fayda sunar. \u0130\u015flevsellikleriyle\u00a0<strong>nakitsiz \u00f6demeler<\/strong>\u00a0Ve\u00a0<strong>h\u0131zl\u0131 giri\u015f<\/strong>, bu bileklikler \u00f6zellikle daha fazla g\u00fcvenlik ve verimlilik gerektiren etkinlikler i\u00e7in tasarlanm\u0131\u015ft\u0131r. \u0130ster bir etkinlik y\u00f6netiyor olun, ister\u00a0<strong>m\u00fczik festivali<\/strong>, kurumsal bir toplant\u0131 veya bir tema park\u0131 i\u00e7in RFID bileklik, geleneksel biletlerin sa\u011flayamayaca\u011f\u0131 d\u00fczeyde eri\u015filebilirlik ve g\u00fcvenlik sunar.<\/p>\n<h3>\u00dcr\u00fcn Avantajlar\u0131:<\/h3>\n<ul>\n<li><strong>Geli\u015fmi\u015f G\u00fcvenlik<\/strong>:RFID bileklik, yaln\u0131zca yetkili ki\u015filerin giri\u015f yapmas\u0131n\u0131 sa\u011flayarak yetkisiz eri\u015fim riskini azalt\u0131r.<\/li>\n<li><strong>D\u00fczg\u00fcnle\u015ftirilmi\u015f Operasyonlar<\/strong>:H\u0131zl\u0131 giri\u015f-\u00e7\u0131k\u0131\u015f imk\u00e2n\u0131 sa\u011flar, eri\u015fim noktalar\u0131ndaki yo\u011funlu\u011fu en aza indirir.<\/li>\n<li><strong>\u00c7ok y\u00f6nl\u00fc uygulama<\/strong>: Festivallerden spor salonu eri\u015fim kontrol\u00fcne kadar her b\u00fcy\u00fckl\u00fckteki etkinlik i\u00e7in uygundur.<\/li>\n<li><strong>\u00d6zel Markalama<\/strong>:Marka g\u00f6r\u00fcn\u00fcrl\u00fc\u011f\u00fcn\u00fcz\u00fc art\u0131rmak i\u00e7in bileklikleri benzersiz tasar\u0131mlar, logolar ve renklerle ki\u015fiselle\u015ftirin.<\/li>\n<\/ul>\n<p>&nbsp;<\/p>\n<h3><strong>RFID Bilekli\u011finin \u00d6zellikleri<\/strong><\/h3>\n<p>The\u00a0<strong>RFID Bileklik<\/strong>\u00a0kusursuz eri\u015fim kontrol\u00fc sa\u011flamak i\u00e7in tasarlanm\u0131\u015f \u00e7ok say\u0131da \u00f6zel \u00f6zelli\u011fe sahiptir. Bu bileklikler\u00a0<strong>su ge\u00e7irmez<\/strong>, \u00f6ng\u00f6r\u00fclemeyen hava ko\u015fullar\u0131nda bile g\u00fcvenilir \u00e7al\u0131\u015fmay\u0131 garanti eder.\u00a0<strong>13,56 MHz<\/strong>\u00a0ve kullanarak\u00a0<strong>ISO 14443A protokol\u00fc<\/strong>, bu bileklikler kullan\u0131r\u00a0<strong>NTAG213 \u00e7ipleri<\/strong>\u00a0haf\u0131za kapasitesine sahip\u00a0<strong>144 bayt<\/strong>.<\/p>\n<p>Bileklik, \u015funlar\u0131 kullanarak ileti\u015fim kurar:\u00a0<strong>NFC<\/strong>\u00a0RFID okuyucular taraf\u0131ndan okundu\u011funda okuma mesafesi i\u00e7inde h\u0131zl\u0131 etkile\u015fime olanak sa\u011flayan (Yak\u0131n Alan \u0130leti\u015fimi) teknolojisi\u00a0<strong>1-10 cm<\/strong>Bu, misafirlerin bilekliklerini bir okuyucuya dokundurarak mekanlara h\u0131zla girebilecekleri anlam\u0131na geliyor ve bu da giri\u015f noktalar\u0131ndaki trafik ak\u0131\u015f\u0131n\u0131 \u00f6nemli \u00f6l\u00e7\u00fcde iyile\u015ftiriyor.<\/p>\n<p>&nbsp;<\/p>\n<h3><strong>Teknik \u00d6zellikler<\/strong><\/h3>\n<table class=\"w-fit !mb-0 !max-w-none\" style=\"height: 463px;\" width=\"472\">\n<thead>\n<tr>\n<th><strong>Ba\u011flanmak<\/strong><\/th>\n<th><strong>Detaylar<\/strong><\/th>\n<\/tr>\n<\/thead>\n<tbody>\n<tr>\n<td><strong>\u00dcr\u00fcn ad\u0131<\/strong><\/td>\n<td>RFID Bileklik<\/td>\n<\/tr>\n<tr>\n<td><strong>Marka ad\u0131<\/strong><\/td>\n<td>\u015eunxin<\/td>\n<\/tr>\n<tr>\n<td><strong>Model numaras\u0131<\/strong><\/td>\n<td>SX-Bileklik<\/td>\n<\/tr>\n<tr>\n<td><strong>Malzeme<\/strong><\/td>\n<td>Kuma\u015f<\/td>\n<\/tr>\n<tr>\n<td><strong>Boyut<\/strong><\/td>\n<td>180*20mm<\/td>\n<\/tr>\n<tr>\n<td><strong>Yonga<\/strong><\/td>\n<td>NTAG213<\/td>\n<\/tr>\n<tr>\n<td><strong>Haf\u0131za<\/strong><\/td>\n<td>144 Bayt<\/td>\n<\/tr>\n<tr>\n<td><strong>\u0130leti\u015fim aray\u00fcz\u00fc<\/strong><\/td>\n<td>RFID, NFC<\/td>\n<\/tr>\n<tr>\n<td><strong>S\u0131kl\u0131k<\/strong><\/td>\n<td>13,56 MHz<\/td>\n<\/tr>\n<tr>\n<td><strong>Protokol<\/strong><\/td>\n<td>ISO 14443A<\/td>\n<\/tr>\n<tr>\n<td><strong>Okuma Mesafesi<\/strong><\/td>\n<td>1 \u2013 10 cm<\/td>\n<\/tr>\n<tr>\n<td><strong>Kur\u015fun zaman\u0131<\/strong><\/td>\n<td>8 \u2013 12 i\u015f g\u00fcn\u00fc<\/td>\n<\/tr>\n<tr>\n<td><strong>Bask\u0131<\/strong><\/td>\n<td>Is\u0131 transfer bask\u0131<\/td>\n<\/tr>\n<tr>\n<td><strong>Ambalajlama<\/strong><\/td>\n<td>200 adet\/i\u00e7 kutu, 25 kutu\/karton<\/td>\n<\/tr>\n<tr>\n<td><strong>Karton Boyutu<\/strong><\/td>\n<td>48*22,5*30 cm<\/td>\n<\/tr>\n<tr>\n<td><strong>Br\u00fct a\u011f\u0131rl\u0131k<\/strong><\/td>\n<td>0,010 kilo<\/td>\n<\/tr>\n<tr>\n<td><strong>Tek Paket Boyutu<\/strong><\/td>\n<td>35 * 1,5 * 0,02 cm<\/td>\n<\/tr>\n<\/tbody>\n<\/table>\n<p>&nbsp;<\/p>\n<h2><strong>S\u0131k\u00e7a Sorulan Sorular (SSS)<\/strong><\/h2>\n<h3>1. RFID bileklik nedir?<\/h3>\n<p>Bir\u00a0<strong>RFID Bileklik<\/strong>\u00a0konser, festival, e\u011flence alan\u0131 gibi etkinliklerde eri\u015fim kontrol\u00fc, nakitsiz \u00f6deme ve kimlik tespiti amac\u0131yla kullan\u0131lan Radyo Frekans\u0131 Tan\u0131mlama (RFID) teknolojisiyle donat\u0131lm\u0131\u015f giyilebilir bir cihazd\u0131r.<\/p>\n<h3>2. RFID teknolojisi nas\u0131l \u00e7al\u0131\u015f\u0131r?<\/h3>\n<p>RFID teknolojisi, verileri bileklikten okuyucuya iletmek i\u00e7in radyo dalgalar\u0131n\u0131 kullan\u0131r. Bileklik okuma mesafesine (1-10 cm) geldi\u011finde, okuyucuyla otomatik olarak ileti\u015fim kurarak h\u0131zl\u0131 ve g\u00fcvenli eri\u015fime veya i\u015flemlere olanak tan\u0131r.<\/p>\n<h3>3. RFID bilekliklerin geleneksel biletlere g\u00f6re avantajlar\u0131 nelerdir?<\/h3>\n<p>RFID bileklikler bir\u00e7ok avantaj sa\u011flar:<\/p>\n<ul>\n<li><strong>Daha H\u0131zl\u0131 Giri\u015f<\/strong>:Kat\u0131l\u0131mc\u0131lar bilekliklerini takarak h\u0131zl\u0131 eri\u015fim sa\u011flayabilir, b\u00f6ylece kuyruk ve bekleme s\u00fcrelerini azaltabilirler.<\/li>\n<li><strong>Geli\u015fmi\u015f G\u00fcvenlik<\/strong>: RFID bileklikler yetkisiz ki\u015filer taraf\u0131ndan kullan\u0131lamaz, \u00e7\u00fcnk\u00fc her bileklik kendine \u00f6zg\u00fc bir \u015fekilde kodlanm\u0131\u015ft\u0131r.<\/li>\n<li><strong>Nakitsiz \u0130\u015flemler<\/strong>:Bir\u00e7ok bileklik, g\u0131da, \u00fcr\u00fcn ve hizmetler i\u00e7in nakitsiz \u00f6deme yap\u0131lmas\u0131n\u0131 sa\u011flayarak kullan\u0131c\u0131 deneyimini geli\u015ftiriyor.<\/li>\n<li><strong>Veri Toplama<\/strong>:Etkinlik organizat\u00f6rleri, ziyaret\u00e7i davran\u0131\u015flar\u0131 ve tercihleri hakk\u0131nda de\u011ferli analizler toplayabilir.<\/li>\n<\/ul>\n<h3>4. RFID bileklikler su ge\u00e7irmez mi?<\/h3>\n<p>Evet, RFID bilekliklerimiz \u015fu \u015fekilde tasarlanm\u0131\u015ft\u0131r:\u00a0<strong>su ge\u00e7irmez<\/strong>\u00a0Ve\u00a0<strong>hava ko\u015fullar\u0131na dayan\u0131kl\u0131<\/strong>Bu sayede a\u00e7\u0131k hava etkinlikleri ve aktiviteleri i\u00e7in uygun hale geliyorlar.<\/p>","protected":false},"excerpt":{"rendered":"<p>RFID bileklik, etkili eri\u015fim kontrol\u00fc ve tan\u0131mlama i\u00e7in elastik konforu geli\u015fmi\u015f NFC teknolojisiyle birle\u015ftirir. Etkinlikler i\u00e7in m\u00fckemmeldir, \u00f6zelle\u015ftirilebilir bir tasar\u0131mda g\u00fcvenlik ve rahatl\u0131k sunar.<\/p>","protected":false},"featured_media":3634,"template":"","meta":[],"product_brand":[],"product_cat":[50],"product_tag":[],"class_list":{"0":"post-3633","1":"product","2":"type-product","3":"status-publish","4":"has-post-thumbnail","6":"product_cat-silicone-rfid-nfc-wristbands","8":"first","9":"instock","10":"shipping-taxable","11":"product-type-simple"},"_links":{"self":[{"href":"https:\/\/nfc-readers.com\/tr\/wp-json\/wp\/v2\/product\/3633","targetHints":{"allow":["GET"]}}],"collection":[{"href":"https:\/\/nfc-readers.com\/tr\/wp-json\/wp\/v2\/product"}],"about":[{"href":"https:\/\/nfc-readers.com\/tr\/wp-json\/wp\/v2\/types\/product"}],"wp:featuredmedia":[{"embeddable":true,"href":"https:\/\/nfc-readers.com\/tr\/wp-json\/wp\/v2\/media\/3634"}],"wp:attachment":[{"href":"https:\/\/nfc-readers.com\/tr\/wp-json\/wp\/v2\/media?parent=3633"}],"wp:term":[{"taxonomy":"product_brand","embeddable":true,"href":"https:\/\/nfc-readers.com\/tr\/wp-json\/wp\/v2\/product_brand?post=3633"},{"taxonomy":"product_cat","embeddable":true,"href":"https:\/\/nfc-readers.com\/tr\/wp-json\/wp\/v2\/product_cat?post=3633"},{"taxonomy":"product_tag","embeddable":true,"href":"https:\/\/nfc-readers.com\/tr\/wp-json\/wp\/v2\/product_tag?post=3633"}],"curies":[{"name":"wp","href":"https:\/\/api.w.org\/{rel}","templated":true}]}}