{"id":3640,"date":"2024-11-08T04:40:44","date_gmt":"2024-11-08T04:40:44","guid":{"rendered":"https:\/\/nfc-readers.com\/?post_type=product&#038;p=3640"},"modified":"2024-11-08T04:40:44","modified_gmt":"2024-11-08T04:40:44","slug":"silicone-wristband-rfid-locker-silicone-wristband","status":"publish","type":"product","link":"https:\/\/nfc-readers.com\/tr\/ic-reader\/silicone-wristband-rfid-locker-silicone-wristband\/","title":{"rendered":"silikon bileklik RFID Dolap silikon bileklik"},"content":{"rendered":"<h1 style=\"text-align: center;\"><strong>silikon bileklik RFID Dolap silikon bileklik<\/strong><\/h1>\n<p>&nbsp;<\/p>\n<p>G\u00fcn\u00fcm\u00fcz\u00fcn h\u0131zl\u0131 dijital d\u00fcnyas\u0131nda, etkinlikler, mekanlar ve organizasyonlar i\u00e7in etkili eri\u015fim kontrol \u00e7\u00f6z\u00fcmleri \u00e7ok \u00f6nemlidir. <strong>Silikon RFID Bileklik<\/strong>\u00a0sadece modaya uygun bir aksesuar de\u011fil, ayn\u0131 zamanda geli\u015fmi\u015f g\u00fcvenlik, verimlilik ve rahatl\u0131\u011fa a\u00e7\u0131lan bir kap\u0131d\u0131r. Son teknoloji RFID teknolojisiyle tasarlanan bilekliklerimiz, \u00e7e\u015fitli uygulamalar i\u00e7in suya dayan\u0131kl\u0131 ve dayan\u0131kl\u0131 bir se\u00e7enek sunarken sorunsuz eri\u015fim kontrol\u00fc sa\u011flar. \u0130ster bir m\u00fczik festivali, ister e\u011flence park\u0131 veya kurumsal etkinlik olsun, bu bileklikler olmazsa olmazd\u0131r.<\/p>\n<p>&nbsp;<\/p>\n<h3><strong>Neden Silikon RFID Bilekli\u011fimizi Se\u00e7melisiniz?<\/strong><\/h3>\n<p>Bizim\u00a0<strong>RFID bileklikler<\/strong>\u00a0i\u015flevselli\u011fi stil ile birle\u015ftirerek etkinli\u011finizin veya tesisinizin sorunsuz ve g\u00fcvenli bir \u015fekilde \u00e7al\u0131\u015fmas\u0131n\u0131 sa\u011flay\u0131n. \u00d6zelle\u015ftirilebilir logolar ve sa\u011flam RFID yetenekleri gibi \u00f6zelliklerle bu bileklikler, y\u00fcksek d\u00fczeyde g\u00fcvenli\u011fi korurken kullan\u0131c\u0131 deneyimini geli\u015ftirmek i\u00e7in m\u00fckemmeldir. Bileklikler yaln\u0131zca su ge\u00e7irmez de\u011fil, ayn\u0131 zamanda y\u00fcksek dayan\u0131kl\u0131l\u0131k i\u00e7in tasarlanm\u0131\u015ft\u0131r, yani herhangi bir etkinli\u011fin zorluklar\u0131na dayanacaklard\u0131r. Etkili ve \u015f\u0131k bir \u00e7\u00f6z\u00fcm ar\u0131yorsan\u0131z\u00a0<strong>eri\u015fim kontrol\u00fc<\/strong>, daha fazla aramay\u0131n!<\/p>\n<p>&nbsp;<\/p>\n<h2>Silikon RFID Bileklikleri Kullanman\u0131n Faydalar\u0131<\/h2>\n<h3>Geli\u015fmi\u015f G\u00fcvenlik<\/h3>\n<p>En g\u00fc\u00e7l\u00fc avantajlar\u0131m\u0131zdan biri\u00a0<strong>silikon RFID bileklikler<\/strong>\u00a0sa\u011flad\u0131klar\u0131 artan g\u00fcvenliktir.\u00a0<strong>kurcalamaya dayan\u0131kl\u0131<\/strong>\u00a0tasar\u0131mlar\u0131, bu bileklikler yetkisiz ki\u015filerin k\u0131s\u0131tl\u0131 alanlara eri\u015fememesini sa\u011flamaya yard\u0131mc\u0131 olur. Dahas\u0131, RFID teknolojisi ger\u00e7ek zamanl\u0131 izleme ve veri toplamaya olanak tan\u0131r, kat\u0131l\u0131m\u0131 ve hareketleri izlemeyi kolayla\u015ft\u0131r\u0131r.<\/p>\n<h3>Kullan\u0131c\u0131 Dostu Deneyim<\/h3>\n<p>Bizim\u00a0<strong>RFID bileklikler<\/strong>\u00a0ola\u011fan\u00fcst\u00fc kullan\u0131c\u0131 dostudur. Bileklerini basit\u00e7e sallayarak kullan\u0131c\u0131lar VIP alanlar\u0131na, nakitsiz \u00f6deme sistemlerine ve daha fazlas\u0131na eri\u015febilirler. Bu \u00f6zellik yaln\u0131zca genel misafir deneyimini y\u00fckseltmekle kalmaz, ayn\u0131 zamanda daha ilgi \u00e7ekici ve etkile\u015fimli bir ortam\u0131 da te\u015fvik eder.<\/p>\n<p>&nbsp;<\/p>\n<hr \/>\n<h2>ShunXin RFID Bilekliklerinin Temel \u00d6zellikleri<\/h2>\n<h3>Suya ve Hava Ko\u015fullar\u0131na Dayan\u0131kl\u0131 Tasar\u0131m<\/h3>\n<p>De\u011fi\u015fen \u00e7evre ko\u015fullar\u0131na dayanacak \u015fekilde \u00fcretilen bilekliklerimiz su ge\u00e7irmez ve hava ko\u015fullar\u0131na dayan\u0131kl\u0131 bir tasar\u0131ma sahiptir. Bu, onlar\u0131 festivaller ve su parklar\u0131 gibi a\u00e7\u0131k hava etkinlikleri i\u00e7in uygun hale getirir ve hava ko\u015fullar\u0131ndan ba\u011f\u0131ms\u0131z olarak dayan\u0131kl\u0131l\u0131k ve g\u00fcvenilirlik sa\u011flar.<\/p>\n<h3>\u00d6zelle\u015ftirme Se\u00e7enekleri<\/h3>\n<p>\u00d6zelle\u015ftirme, s\u00f6z konusu oldu\u011funda anahtard\u0131r\u00a0<strong>\u00f6zel RFID bileklikler<\/strong>Bilekliklerimiz logolar ve renklerle ki\u015fiselle\u015ftirilebilir, markan\u0131z\u0131 tan\u0131tman\u0131za yard\u0131mc\u0131 olurken ayn\u0131 zamanda g\u00fcvenli\u011fi de art\u0131r\u0131r. Benzersiz tasar\u0131mlar basma yetene\u011fi, bu bileklikleri kurumsal etkinlikler ve \u00f6zel g\u00fcnler i\u00e7in m\u00fckemmel bir se\u00e7im haline getirir.<\/p>\n<p>&nbsp;<\/p>\n<h2>Teknik \u00d6zellikler<\/h2>\n<table class=\"w-fit !mb-0 !max-w-none\" style=\"height: 266px;\" width=\"401\">\n<thead>\n<tr>\n<th>\u015eartname<\/th>\n<th>Detay<\/th>\n<\/tr>\n<\/thead>\n<tbody>\n<tr>\n<td><strong>\u00dcr\u00fcn ad\u0131<\/strong><\/td>\n<td>RFID Bileklik<\/td>\n<\/tr>\n<tr>\n<td><strong>Marka ad\u0131<\/strong><\/td>\n<td>\u015eunXin<\/td>\n<\/tr>\n<tr>\n<td><strong>Model numaras\u0131<\/strong><\/td>\n<td>SX-008<\/td>\n<\/tr>\n<tr>\n<td><strong>Malzeme<\/strong><\/td>\n<td>Silikon<\/td>\n<\/tr>\n<tr>\n<td><strong>S\u0131kl\u0131k<\/strong><\/td>\n<td>13,56 MHz<\/td>\n<\/tr>\n<tr>\n<td><strong>Yonga<\/strong><\/td>\n<td>\u0130kodeliks<\/td>\n<\/tr>\n<tr>\n<td><strong>Okuma Mesafesi<\/strong><\/td>\n<td>1-30cm<\/td>\n<\/tr>\n<tr>\n<td><strong>Boyut<\/strong><\/td>\n<td>\u00d6zelle\u015ftirilmi\u015f Boyut<\/td>\n<\/tr>\n<tr>\n<td><strong>Logo<\/strong><\/td>\n<td>\u00d6zelle\u015ftirilmi\u015f Logo Kabul Edildi<\/td>\n<\/tr>\n<\/tbody>\n<\/table>\n<p>&nbsp;<\/p>\n<h3><strong>Silikon RFID Bileklikler Hakk\u0131nda S\u0131k\u00e7a Sorulan Sorular (SSS)<\/strong><\/h3>\n<h3>1. Silikon RFID bileklikler ne i\u00e7in kullan\u0131l\u0131r?<\/h3>\n<p>Silikon RFID bileklikler \u00f6ncelikli olarak etkinliklerde, festivallerde, e\u011flence parklar\u0131nda ve kurumsal i\u015flevlerde eri\u015fim kontrol\u00fc i\u00e7in kullan\u0131l\u0131r. Giri\u015fi, nakitsiz \u00f6demeleri, veri toplamay\u0131 ve geli\u015fmi\u015f g\u00fcvenlik \u00f6nlemlerini kolayla\u015ft\u0131r\u0131rlar.<\/p>\n<h3>2. Silikon RFID bileklikler su ge\u00e7irmez mi?<\/h3>\n<p>Evet, silikon RFID bilekliklerimiz su ge\u00e7irmez ve hava ko\u015fullar\u0131na dayan\u0131kl\u0131 olacak \u015fekilde tasarlanm\u0131\u015ft\u0131r; bu sayede a\u00e7\u0131k hava etkinlikleri ve suya maruz kalman\u0131n muhtemel oldu\u011fu senaryolar i\u00e7in uygundur.<\/p>\n<h3>3. Bileklikler ne kadar \u00f6zelle\u015ftirilebilir?<\/h3>\n<p>Bilekliklerimiz, \u00f6zel markalama ihtiya\u00e7lar\u0131n\u0131z\u0131 kar\u015f\u0131lamak i\u00e7in logolar, renkler ve boyutlarla \u00f6zelle\u015ftirilebilir. Bu \u00f6zelle\u015ftirme se\u00e7ene\u011fi, markan\u0131z\u0131n her etkinlikte \u00f6ne \u00e7\u0131kmas\u0131n\u0131 sa\u011flar.<\/p>\n<h3>4. RFID bilekliklerin okuma mesafesi nedir?<\/h3>\n<p>Silikon RFID bilekliklerimizin okuma mesafesi genellikle 1 ila 10 santimetre aras\u0131ndad\u0131r ve bu sayede tarand\u0131\u011f\u0131nda h\u0131zl\u0131 ve etkili bir \u015fekilde eri\u015fim sa\u011flanabilir.<\/p>","protected":false},"excerpt":{"rendered":"<div class=\"chat-list relative custom-scrollbar-reset-margin custom-scrollbar custom-scrollbar-hidden custom-scrollbar-float pb-9 flex-1 overflow-y-auto\">\n<div class=\"mx-auto max-w-[790px]\">\n<div class=\"message-item-outer relative px-4 mb-2\" data-id=\"89b7e141-4a8f-450b-a58e-15b6a9288c93\">\n<div class=\"content-area pl-[0px]\">\n<div class=\"message-item select-text relative\">\n<div class=\"message-inner relative\">\n<div class=\"py-[2px]\">\n<div class=\"flex flex-col gap-2\">\n<div class=\"answer-markdown-box overflow-x-auto select-text custom-scrollbar\">\n<div class=\"markdown-body\"><\/div>\n<\/div>\n<\/div>\n<\/div>\n<\/div>\n<\/div>\n<\/div>\n<\/div>\n<\/div>\n<\/div>\n<div>\n<div class=\"input-box relative max-w-[790px] mx-auto\">\n<div class=\"chat-input-box relative bg-grey-layer2-normal px-3 max-w-[790px] mx-auto pb-1\">\n<div class=\"main-input-area\">\n<div class=\"chat-input-top-bar gap-2 py-2 flex justify-start items-center\">\n<div class=\"flex gap-[6px] min-w-[90px] max-w-[calc(100%-40px)]\">\n<div class=\"flex gap-0\">\n<div class=\"topbar-btn h-[30px] w-[30px] text-text-primary-1 flex overflow-hidden  items-center justify-center text-xs leading-4 rounded-lg model-btn model-btn-no-bg\" role=\"button\">The <strong>Silikon RFID Bileklik Dolab\u0131<\/strong>\u00a0\u015e\u0131k tasar\u0131m ve geli\u015fmi\u015f RFID teknolojisini bir araya getirerek dolap sistemlerine g\u00fcvenli ve rahat eri\u015fim sa\u011flar. Spor salonlar\u0131, su parklar\u0131 ve etkinlikler i\u00e7in m\u00fckemmel olan bu dayan\u0131kl\u0131 bileklik, rahat uyumu ve \u00f6zelle\u015ftirilebilir se\u00e7enekleriyle kullan\u0131c\u0131 deneyimini geli\u015ftirirken zahmetsiz giri\u015fi garanti eder.<\/div>\n<\/div>\n<\/div>\n<\/div>\n<\/div>\n<\/div>\n<\/div>\n<\/div>","protected":false},"featured_media":3641,"template":"","meta":[],"product_brand":[],"product_cat":[50],"product_tag":[],"class_list":{"0":"post-3640","1":"product","2":"type-product","3":"status-publish","4":"has-post-thumbnail","6":"product_cat-silicone-rfid-nfc-wristbands","8":"first","9":"instock","10":"shipping-taxable","11":"product-type-simple"},"_links":{"self":[{"href":"https:\/\/nfc-readers.com\/tr\/wp-json\/wp\/v2\/product\/3640","targetHints":{"allow":["GET"]}}],"collection":[{"href":"https:\/\/nfc-readers.com\/tr\/wp-json\/wp\/v2\/product"}],"about":[{"href":"https:\/\/nfc-readers.com\/tr\/wp-json\/wp\/v2\/types\/product"}],"wp:featuredmedia":[{"embeddable":true,"href":"https:\/\/nfc-readers.com\/tr\/wp-json\/wp\/v2\/media\/3641"}],"wp:attachment":[{"href":"https:\/\/nfc-readers.com\/tr\/wp-json\/wp\/v2\/media?parent=3640"}],"wp:term":[{"taxonomy":"product_brand","embeddable":true,"href":"https:\/\/nfc-readers.com\/tr\/wp-json\/wp\/v2\/product_brand?post=3640"},{"taxonomy":"product_cat","embeddable":true,"href":"https:\/\/nfc-readers.com\/tr\/wp-json\/wp\/v2\/product_cat?post=3640"},{"taxonomy":"product_tag","embeddable":true,"href":"https:\/\/nfc-readers.com\/tr\/wp-json\/wp\/v2\/product_tag?post=3640"}],"curies":[{"name":"wp","href":"https:\/\/api.w.org\/{rel}","templated":true}]}}