{"id":3667,"date":"2024-11-10T06:11:18","date_gmt":"2024-11-10T06:11:18","guid":{"rendered":"https:\/\/nfc-readers.com\/?post_type=product&#038;p=3667"},"modified":"2024-11-10T06:11:19","modified_gmt":"2024-11-10T06:11:19","slug":"custom-nfc-sticker-for-brand-authentication-anti-counterfeiting","status":"publish","type":"product","link":"https:\/\/nfc-readers.com\/tr\/ic-reader\/custom-nfc-sticker-for-brand-authentication-anti-counterfeiting\/","title":{"rendered":"Marka Kimlik Do\u011frulamas\u0131 i\u00e7in \u00d6zel NFC Etiketi Sahtecili\u011fe Kar\u015f\u0131"},"content":{"rendered":"<h1 style=\"text-align: center;\"><strong>Marka Kimlik Do\u011frulamas\u0131 i\u00e7in \u00d6zel NFC Etiketi Sahtecili\u011fe Kar\u015f\u0131<\/strong><\/h1>\n<p>G\u00fcn\u00fcm\u00fcz\u00fcn h\u0131zla geli\u015fen pazar\u0131nda, \u00fcr\u00fcnlerin me\u015fruiyetini sa\u011flamak her zamankinden daha kritik hale geldi. \u00d6zel NFC etiketleri, marka kimlik do\u011frulamas\u0131 ve sahtecili\u011fe kar\u015f\u0131 \u00f6nlemler i\u00e7in yenilik\u00e7i bir \u00e7\u00f6z\u00fcm g\u00f6revi g\u00f6r\u00fcyor. Bu geli\u015fmi\u015f etiketler, kusursuz bir do\u011frulama s\u00fcreci sa\u011flamak, marka b\u00fct\u00fcnl\u00fc\u011f\u00fcn\u00fc ve m\u00fc\u015fteri g\u00fcvenini art\u0131rmak i\u00e7in Yak\u0131n Alan \u0130leti\u015fimi (NFC) teknolojisinden yararlan\u0131yor. Bu \u00fcr\u00fcn yaln\u0131zca bir g\u00fcvenlik \u00f6nlemi olarak hizmet etmekle kalm\u0131yor, ayn\u0131 zamanda ilgi \u00e7ekici bir m\u00fc\u015fteri deneyimi de sa\u011fl\u0131yor. Bir dizi \u00f6zelle\u015ftirilebilir se\u00e7enekle, bu NFC etiketleri marka kimli\u011fini korumak isteyen her i\u015fletme i\u00e7in de\u011ferli bir yat\u0131r\u0131md\u0131r.<\/p>\n<p>&nbsp;<\/p>\n<h2>Neden \u00d6zel NFC Etiketleri Se\u00e7melisiniz?<\/h2>\n<p>\u00d6zel NFC etiketleri, markan\u0131z\u0131n g\u00fcvenlik cephaneli\u011fine de\u011ferli bir katk\u0131 sa\u011flayan say\u0131s\u0131z avantaj sunar. NFC teknolojisini entegre ederek, bu etiketler NFC \u00f6zellikli ak\u0131ll\u0131 telefonlar ve cihazlar arac\u0131l\u0131\u011f\u0131yla h\u0131zl\u0131 ve zahmetsiz kimlik do\u011frulamas\u0131 sa\u011flar. Su ge\u00e7irmez dayan\u0131kl\u0131l\u0131k, \u00e7e\u015fitli boyutlar ve \u015fekiller ve \u00f6zelle\u015ftirilebilir bask\u0131 se\u00e7enekleri gibi \u00f6zelliklerle, bu etiketler yaln\u0131zca g\u00fcvenli\u011fi art\u0131rmakla kalmaz, ayn\u0131 zamanda \u00fcr\u00fcnlerinizin g\u00f6r\u00fcn\u00fcm\u00fcn\u00fc de iyile\u015ftirir.<\/p>\n<p>\u00d6zel NFC etiketlerine yap\u0131lan yat\u0131r\u0131m, sahtecilik riskini \u00f6nemli \u00f6l\u00e7\u00fcde azaltabilir ve t\u00fcketicilere sat\u0131n ald\u0131klar\u0131n\u0131n ger\u00e7ekli\u011fi konusunda g\u00fcven verebilir. \u00dcr\u00fcn\u00fcn k\u00f6keni ve \u00fcretim ayr\u0131nt\u0131lar\u0131 hakk\u0131nda \u015feffaf bir \u015fekilde bilgi sa\u011flayarak, bu etiketler t\u00fcketici deneyimini ve etkile\u015fimini de art\u0131rabilir.<\/p>\n<p>&nbsp;<\/p>\n<h2>\u00d6zel NFC Etiketlerin \u00d6zellikleri<\/h2>\n<h3>\u0130leri Teknoloji ve G\u00fcvenlik<\/h3>\n<p>\u00d6zel NFC etiketleri, RFID ileti\u015fim aray\u00fczleri gibi son teknolojiyle donat\u0131lm\u0131\u015ft\u0131r ve bu da onlar\u0131 marka kimlik do\u011frulamas\u0131nda ola\u011fan\u00fcst\u00fc verimli hale getirir.\u00a0<strong>NXP NTAG213<\/strong>\u00a0\u00e7ip, bu etiketler bir frekansta \u00e7al\u0131\u015f\u0131r\u00a0<strong>13,56 MHz<\/strong>, di\u011fer NFC \u00f6zellikli cihazlarla g\u00fcvenilir bir ba\u011flant\u0131 sa\u011flar. \u00dcr\u00fcn ambalaj\u0131na veya etiketlere yap\u0131\u015ft\u0131r\u0131lm\u0131\u015f olsun, bu etiketler sahtecilikle m\u00fccadele i\u00e7in asgari \u00e7abayla sofistike bir \u00e7\u00f6z\u00fcm sunar.<\/p>\n<h3>\u00c7ok Y\u00f6nl\u00fc Uygulamalar<\/h3>\n<p>\u00d6zel NFC \u00e7\u0131kartmalar\u0131n\u0131n \u00e7ok y\u00f6nl\u00fcl\u00fc\u011f\u00fc, onlar\u0131 l\u00fcks \u00fcr\u00fcnlerden t\u00fcketici elektroni\u011fine kadar \u00e7ok \u00e7e\u015fitli end\u00fcstriler i\u00e7in uygun hale getirir. \u00c7e\u015fitli y\u00fczeylere yap\u0131\u015ft\u0131r\u0131labilirler\u2014bunlar aras\u0131nda \u015funlar bulunur:\u00a0<strong>PVC, PET<\/strong>ve metal\u2014i\u015fletmelerin bunlar\u0131 markalar\u0131na sorunsuz bir \u015fekilde dahil etmelerini sa\u011flar. \u015eirketler, \u015funlar dahil olmak \u00fczere birden fazla tasar\u0131m aras\u0131ndan se\u00e7im yapabilir:\u00a0<strong>yuvarlak, kare<\/strong>ve \u00fcr\u00fcnlerinin esteti\u011fine en uygun \u015fekilde \u00f6zel yap\u0131land\u0131rmalar.<\/p>\n<h2>2. Dayan\u0131kl\u0131l\u0131k ve Kullan\u0131labilirlik<\/h2>\n<h3>Suya ve Hava Ko\u015fullar\u0131na Dayan\u0131kl\u0131 Tasar\u0131m<\/h3>\n<p>\u00dcr\u00fcn etiketleme s\u00f6z konusu oldu\u011funda, dayan\u0131kl\u0131l\u0131k en \u00f6nemli unsurdur. \u00d6zel NFC etiketleri zorlu \u00e7evre ko\u015fullar\u0131na dayanacak \u015fekilde tasarlanm\u0131\u015ft\u0131r.\u00a0<strong>su ge\u00e7irmez<\/strong>\u00a0Ve\u00a0<strong>hava ko\u015fullar\u0131na dayan\u0131kl\u0131<\/strong>\u00a0\u00f6zellikleri onlar\u0131 d\u0131\u015f mekan uygulamalar\u0131 veya neme maruz kalan \u00fcr\u00fcnler i\u00e7in ideal hale getirir. Bu, NFC teknolojisinin d\u0131\u015f ortamdan ba\u011f\u0131ms\u0131z olarak tam olarak \u00e7al\u0131\u015f\u0131r durumda kalmas\u0131n\u0131 sa\u011flayarak markan\u0131z\u0131n b\u00fct\u00fcnl\u00fc\u011f\u00fcn\u00fc korur.<\/p>\n<h3>Kullan\u0131c\u0131 Dostu Aray\u00fcz<\/h3>\n<p>\u00d6zel NFC etiketlerini kullanman\u0131n basitli\u011fi bir di\u011fer \u00f6nemli avantajd\u0131r. M\u00fc\u015fteriler, \u00fcr\u00fcnleri dokunarak kolayca do\u011frulayabilirler.\u00a0<strong>NFC \u00f6zellikli ak\u0131ll\u0131 telefonlar<\/strong>\u00a0\u00e7\u0131kartmaya kar\u015f\u0131. Bu sezgisel etkile\u015fim karma\u015f\u0131k s\u00fcre\u00e7leri ortadan kald\u0131r\u0131r, kullan\u0131c\u0131lar\u0131n orijinalli\u011fi do\u011frulamas\u0131n\u0131 ve ek \u00fcr\u00fcn bilgilerine h\u0131zl\u0131 bir \u015fekilde eri\u015fmesini sa\u011flar. Sonu\u00e7 olarak, bu m\u00fc\u015fteri memnuniyetini ve kat\u0131l\u0131m\u0131n\u0131 art\u0131r\u0131r.<\/p>\n<p>&nbsp;<\/p>\n<p>&nbsp;<\/p>\n<h2>Teknik \u00d6zellikler<\/h2>\n<table class=\"w-fit !mb-0 !max-w-none\">\n<thead>\n<tr>\n<th>\u015eartname<\/th>\n<th>Detay<\/th>\n<\/tr>\n<\/thead>\n<tbody>\n<tr>\n<td><strong>Yonga<\/strong><\/td>\n<td>Ntag213, Ntag215, Ntag216<\/td>\n<\/tr>\n<tr>\n<td><strong>S\u0131kl\u0131k<\/strong><\/td>\n<td>13,56 MHz<\/td>\n<\/tr>\n<tr>\n<td><strong>Protokol<\/strong><\/td>\n<td>ISO 14443A<\/td>\n<\/tr>\n<tr>\n<td><strong>Yaz\u0131labilir Veri T\u00fcrleri<\/strong><\/td>\n<td>Web sitesi, Metin, QR kodlar\u0131, di\u011fer formatlar<\/td>\n<\/tr>\n<tr>\n<td><strong>Yazd\u0131rma Se\u00e7enekleri<\/strong><\/td>\n<td>Ofset bask\u0131, Dijital bask\u0131, \u00d6zelle\u015ftirme<\/td>\n<\/tr>\n<tr>\n<td><strong>El Sanatlar\u0131 Se\u00e7enekleri<\/strong><\/td>\n<td>Parlak, Mat, Epoksi, Hologram<\/td>\n<\/tr>\n<tr>\n<td><strong>Boyut Se\u00e7enekleri<\/strong><\/td>\n<td>Yuvarlak (30mm \u00e7ap), Kare, \u00d6zel<\/td>\n<\/tr>\n<tr>\n<td><strong>Paketleme Detaylar\u0131<\/strong><\/td>\n<td>\u0130\u00e7 kutuda 200 adet, karton ba\u015f\u0131na 25 kutu; karton boyutu: 48<em>22.5<\/em>30cm<\/td>\n<\/tr>\n<tr>\n<td><strong>A\u011f\u0131rl\u0131k<\/strong><\/td>\n<td>Etiket ba\u015f\u0131na 0,010 kg<\/td>\n<\/tr>\n<\/tbody>\n<\/table>\n<p>&nbsp;<\/p>\n<p>&nbsp;<\/p>\n<h2>S\u0131k\u00e7a Sorulan Sorular (SSS)<\/h2>\n<h3>1.\u00a0<strong>NFC teknolojisi nedir ve nas\u0131l \u00e7al\u0131\u015f\u0131r?<\/strong><\/h3>\n<p>NFC (Yak\u0131n Alan \u0130leti\u015fimi), uyumlu cihazlar birbirine yak\u0131nla\u015ft\u0131r\u0131ld\u0131\u011f\u0131nda, genellikle birka\u00e7 santimetre i\u00e7inde, ileti\u015fimi sa\u011flayan k\u0131sa menzilli bir kablosuz teknolojidir. \u00d6zel NFC \u00e7\u0131kartmalar\u0131, dokunuldu\u011funda NFC \u00f6zellikli ak\u0131ll\u0131 telefonlara ve cihazlara veri ileten bir NFC \u00e7ipi i\u00e7erir ve kullan\u0131c\u0131lar\u0131n \u00fcr\u00fcn orijinalli\u011fini h\u0131zla do\u011frulamas\u0131n\u0131 veya ek bilgilere eri\u015fmesini sa\u011flar.<\/p>\n<h3>2.\u00a0<strong>\u00d6zel NFC \u00e7\u0131kartmalar\u0131 ne kadar dayan\u0131kl\u0131d\u0131r?<\/strong><\/h3>\n<p>\u00d6zel NFC \u00e7\u0131kartmalar\u0131 su ge\u00e7irmez ve hava ko\u015fullar\u0131na dayan\u0131kl\u0131 olacak \u015fekilde tasarlanm\u0131\u015ft\u0131r, bu sayede hem i\u00e7 hem de d\u0131\u015f mekan uygulamalar\u0131 i\u00e7in uygundur. \u00c7e\u015fitli \u00e7evre ko\u015fullar\u0131na dayanabilirler ve NFC teknolojisinin uzun s\u00fcre i\u015flevsel kalmas\u0131n\u0131 sa\u011flarlar.<\/p>\n<h3>3.\u00a0<strong>Bu etiketler \u00f6zelle\u015ftirilebilir mi?<\/strong><\/h3>\n<p>Evet! \u00d6zel NFC etiketlerimiz boyut, \u015fekil, tasar\u0131m ve bask\u0131 y\u00f6ntemleri dahil olmak \u00fczere \u00e7e\u015fitli \u00f6zelle\u015ftirme se\u00e7enekleri sunar. Marka kimli\u011finizle uyumlu logolar, \u00fcr\u00fcn bilgileri, QR kodlar\u0131 ve di\u011fer marka \u00f6\u011felerini yazd\u0131rabilirsiniz.<\/p>\n<h3>4.\u00a0<strong>Etiketlerde hangi malzemeler kullan\u0131l\u0131yor?<\/strong><\/h3>\n<p>\u00d6zel NFC \u00e7\u0131kartmalar\u0131 PVC, PET veya kaplamal\u0131 ka\u011f\u0131t gibi \u00e7e\u015fitli malzemelerden yap\u0131labilir. Her malzeme dayan\u0131kl\u0131l\u0131\u011f\u0131 ve farkl\u0131 uygulamalara uygunlu\u011fu i\u00e7in se\u00e7ilerek \u00e7\u0131kartmalar\u0131n \u00fcr\u00fcnlerinize etkili bir \u015fekilde yap\u0131\u015fmas\u0131 sa\u011flan\u0131r.<\/p>","protected":false},"excerpt":{"rendered":"<p>\u00d6zel NFC etiketleri, marka kimlik do\u011frulamas\u0131 ve sahtecili\u011fe kar\u015f\u0131 m\u00fccadele i\u00e7in sofistike bir \u00e7\u00f6z\u00fcm sunar. Ak\u0131ll\u0131 telefonunuzun basit bir dokunu\u015fuyla \u00fcr\u00fcn\u00fcn me\u015fruiyetini kolayca do\u011frulay\u0131n.<\/p>","protected":false},"featured_media":3668,"template":"","meta":[],"product_brand":[],"product_cat":[48],"product_tag":[],"class_list":{"0":"post-3667","1":"product","2":"type-product","3":"status-publish","4":"has-post-thumbnail","6":"product_cat-nfc-stickers","8":"first","9":"instock","10":"shipping-taxable","11":"product-type-simple"},"_links":{"self":[{"href":"https:\/\/nfc-readers.com\/tr\/wp-json\/wp\/v2\/product\/3667","targetHints":{"allow":["GET"]}}],"collection":[{"href":"https:\/\/nfc-readers.com\/tr\/wp-json\/wp\/v2\/product"}],"about":[{"href":"https:\/\/nfc-readers.com\/tr\/wp-json\/wp\/v2\/types\/product"}],"wp:featuredmedia":[{"embeddable":true,"href":"https:\/\/nfc-readers.com\/tr\/wp-json\/wp\/v2\/media\/3668"}],"wp:attachment":[{"href":"https:\/\/nfc-readers.com\/tr\/wp-json\/wp\/v2\/media?parent=3667"}],"wp:term":[{"taxonomy":"product_brand","embeddable":true,"href":"https:\/\/nfc-readers.com\/tr\/wp-json\/wp\/v2\/product_brand?post=3667"},{"taxonomy":"product_cat","embeddable":true,"href":"https:\/\/nfc-readers.com\/tr\/wp-json\/wp\/v2\/product_cat?post=3667"},{"taxonomy":"product_tag","embeddable":true,"href":"https:\/\/nfc-readers.com\/tr\/wp-json\/wp\/v2\/product_tag?post=3667"}],"curies":[{"name":"wp","href":"https:\/\/api.w.org\/{rel}","templated":true}]}}