{"id":3675,"date":"2024-11-10T06:17:39","date_gmt":"2024-11-10T06:17:39","guid":{"rendered":"https:\/\/nfc-readers.com\/?post_type=product&#038;p=3675"},"modified":"2024-11-10T06:17:39","modified_gmt":"2024-11-10T06:17:39","slug":"13-56mhz-iso14443a-mifare-ntag-424dna-rfid-nfc-coin-tag-token","status":"publish","type":"product","link":"https:\/\/nfc-readers.com\/tr\/ic-reader\/13-56mhz-iso14443a-mifare-ntag-424dna-rfid-nfc-coin-tag-token\/","title":{"rendered":"13.56 mhz ISO14443A MIfare NTAG 424DNA RFID NFC Para Etiketi Jetonu"},"content":{"rendered":"<h1 style=\"text-align: center;\"><span style=\"font-size: 95%;\"><strong>13.56 mhz ISO14443A MIfare NTAG 424DNA RFID NFC Para Etiketi Jetonu<\/strong><\/span><\/h1>\n<p>&nbsp;<\/p>\n<p>Temass\u0131z teknolojilerin h\u0131zla geli\u015fti\u011fi d\u00fcnyada,\u00a0<strong>13.56 mhz ISO14443A MIfare NTAG 424DNA RFID NFC Para Etiketi Jetonu<\/strong>\u00a0\u00e7ok y\u00f6nl\u00fc ve g\u00fc\u00e7l\u00fc bir \u00e7\u00f6z\u00fcm olarak \u00f6ne \u00e7\u0131k\u0131yor. Bu NFC etiketleri, oyundan g\u00fcvenli ileti\u015fime kadar \u00e7e\u015fitli uygulamalar i\u00e7in ola\u011fan\u00fcst\u00fc bir fayda sa\u011fl\u0131yor. Hassasiyetle tasarlanan bu token&#039;lar, geli\u015fmi\u015f yetenekleri kullan\u0131c\u0131 dostu \u00f6zelliklerle bir araya getirerek merakl\u0131lar ve profesyoneller i\u00e7in olmazsa olmaz hale getiriyor. \u0130ster i\u015f operasyonlar\u0131n\u0131z\u0131 geli\u015ftirmek, veri payla\u015f\u0131m\u0131n\u0131 kolayla\u015ft\u0131rmak veya sadece yenilik\u00e7i teknolojiyi ke\u015ffetmek isteyin, bu NFC etiketlerine yat\u0131r\u0131m yapmak yeni f\u0131rsatlar\u0131n kilidini a\u00e7abilir.<\/p>\n<p>&nbsp;<\/p>\n<h2>\u00dcr\u00fcn Avantajlar\u0131<\/h2>\n<ol>\n<li><strong>Geli\u015fmi\u015f Yard\u0131mc\u0131 Program<\/strong>:NTAG 424DNA \u00e7ipi, y\u00fcksek d\u00fczeyde g\u00fcvenlik gerektiren uygulamalar i\u00e7in ideal olan g\u00fc\u00e7l\u00fc bellek (416 Bayt) ve g\u00fcvenli veri al\u0131\u015fveri\u015fi sa\u011flar.<\/li>\n<li><strong>Dayan\u0131kl\u0131l\u0131k<\/strong>:Su ge\u00e7irmez ve hava ko\u015fullar\u0131na dayan\u0131kl\u0131 \u00f6zelliklerle tasarlanan bu etiketler, d\u0131\u015f mekanlarda ba\u015far\u0131l\u0131 bir \u015fekilde \u00e7al\u0131\u015farak zorlu ortamlarda bile uzun \u00f6m\u00fcrl\u00fc olmalar\u0131n\u0131 sa\u011flar.<\/li>\n<li><strong>Geni\u015f Uyumluluk<\/strong>: \u00c7e\u015fitli NFC \u00f6zellikli cihazlarla uyumlu olan bu etiketler, mevcut i\u015f ak\u0131\u015flar\u0131na kolayca entegre edilebilir ve temass\u0131z teknolojiye ge\u00e7i\u015fi sorunsuz hale getirir.<\/li>\n<\/ol>\n<p>Bu ikna edici faydalarla, neden\u00a0<strong>NTAG 424DNA NFC Madeni Para Etiketi<\/strong>\u00a0sat\u0131n almaya de\u011fer.<\/p>\n<p>&nbsp;<\/p>\n<h3>Teknik \u00d6zellikler<\/h3>\n<p>Teknik \u00f6zellikleri\u00a0<strong>NTAG424DNA<\/strong>\u00a0RFID NFC Coin Tag sa\u011flaml\u0131\u011f\u0131n\u0131 ve \u00e7ok y\u00f6nl\u00fcl\u00fc\u011f\u00fcn\u00fc vurgular. Dikkate al\u0131nmas\u0131 gereken temel noktalar \u015funlard\u0131r:<\/p>\n<ul>\n<li><strong>Yonga<\/strong>: NTAG 424 DNA<\/li>\n<li><strong>Bellek Kapasitesi<\/strong>: 416 Bayt<\/li>\n<li><strong>S\u0131kl\u0131k<\/strong>: 13.56MHz<\/li>\n<li><strong>Okuma Mesafesi<\/strong>: 2-10 cm<\/li>\n<li><strong>Malzeme<\/strong>: PVC<\/li>\n<li><strong>Boyut<\/strong>: 25mm\/30mm \u00e7ap<\/li>\n<li><strong>Kal\u0131nl\u0131k<\/strong>: 0.84mm (\u00f6zelle\u015ftirilebilir)<\/li>\n<li><strong>A\u011f\u0131rl\u0131k<\/strong>: 6,5 gr<\/li>\n<\/ul>\n<p>Bu \u00f6zellikler, NFC etiketinin oyun uygulamalar\u0131ndan g\u00fcvenli i\u015f operasyonlar\u0131na kadar \u00e7e\u015fitli kullan\u0131c\u0131 ihtiya\u00e7lar\u0131n\u0131 kar\u015f\u0131layabilmesini sa\u011flar.<\/p>\n<p>&nbsp;<\/p>\n<h3>NTAG 424DNA Madeni Para Etiketinin Uygulamalar\u0131<\/h3>\n<p>Ba\u015fvurular i\u00e7in\u00a0<strong>NTAG424DNA<\/strong>\u00a0coin etiketleri kapsaml\u0131d\u0131r. Oyun sekt\u00f6r\u00fcnde, bu etiketler NFC \u00f6zellikli cihazlar arac\u0131l\u0131\u011f\u0131yla oyun i\u00e7i \u00f6\u011felerle etkile\u015fime izin vererek kullan\u0131c\u0131 deneyimlerini geli\u015ftirebilir. \u00d6zel i\u00e7eriklerin kilidini a\u00e7mak, an\u0131nda \u00f6d\u00fcller sa\u011flamak veya \u00e7evrimi\u00e7i platformlara ba\u011flanmak \u00fczere programlanabilir ve kullan\u0131c\u0131 etkile\u015fimini art\u0131rabilir.<\/p>\n<p>Ek olarak, bir i\u015f ba\u011flam\u0131nda, NFC etiketleri dijital kartvizitler olarak i\u015flev g\u00f6rebilir, ileti\u015fim bilgilerine veya portf\u00f6y ba\u011flant\u0131lar\u0131na an\u0131nda eri\u015fim sa\u011flayabilir veya varl\u0131k takibi ve envanter y\u00f6netimi i\u00e7in kullan\u0131labilir. Uygulamalardaki \u00e7ok y\u00f6nl\u00fcl\u00fck,\u00a0<strong>NFC etiketlerinin hem g\u00fcnl\u00fck ya\u015famda hem de \u00f6zel sekt\u00f6rlerde i\u015flevselli\u011fi.<\/strong><\/p>\n<p>&nbsp;<\/p>\n<p>&nbsp;<\/p>\n<h2>NTAG 424DNA RFID NFC Madeni Para Etiketi i\u00e7in S\u0131k\u00e7a Sorulan Sorular (SSS)<\/h2>\n<h3>1. NFC teknolojisi nedir ve nas\u0131l \u00e7al\u0131\u015f\u0131r?<\/h3>\n<p>NFC (Yak\u0131n Alan \u0130leti\u015fimi) teknolojisi, cihazlar\u0131n k\u0131sa mesafelerde (genellikle 2-10 cm) kablosuz olarak ileti\u015fim kurmas\u0131n\u0131 sa\u011flar. Elektromanyetik ind\u00fcksiyon ad\u0131 verilen bir i\u015flemle, NFC \u00f6zellikli cihazlar ve NTAG 424DNA gibi etiketler aras\u0131nda veri al\u0131\u015fveri\u015fini m\u00fcmk\u00fcn k\u0131lar. Etkile\u015fim kurmak i\u00e7in, NFC \u00f6zellikli telefonunuzu veya cihaz\u0131n\u0131z\u0131 etikete yakla\u015ft\u0131rman\u0131z yeterlidir ve veriler an\u0131nda iletilecektir.<\/p>\n<h3>2. NTAG 424DNA NFC Madeni Para Etiketi ile hangi cihazlar uyumludur?<\/h3>\n<p>NTAG 424DNA NFC Coin Tag, \u00e7ok \u00e7e\u015fitli Android ak\u0131ll\u0131 telefonlar ve tabletler ve belirli iPhone modelleri (iPhone 7 ve sonras\u0131) dahil olmak \u00fczere t\u00fcm NFC \u00f6zellikli mobil cihazlarla uyumludur. NFC yeteneklerine sahip \u00e7o\u011fu modern cihaz bu etiketlere veri okuyabilir ve yazabilir.<\/p>\n<h3>3. NTAG 424DNA NFC Para Etiketi yeniden yaz\u0131labilir mi?<\/h3>\n<p>Evet, NTAG 424DNA NFC Coin Tag yeniden yaz\u0131labilir. Bellek de\u011fi\u015ftirilebilir ve kullan\u0131c\u0131lar\u0131n depolanan verileri gerekti\u011finde g\u00fcncellemesine olanak tan\u0131r. Bu \u00f6zellik, dijital bir kartvizitteki ileti\u015fim bilgilerini de\u011fi\u015ftirme veya oyunla ilgili bilgileri g\u00fcncelleme gibi \u00e7e\u015fitli uygulamalar i\u00e7in onu olduk\u00e7a \u00e7ok y\u00f6nl\u00fc hale getirir.<\/p>","protected":false},"excerpt":{"rendered":"<div class=\"message-item-outer relative px-4 mb-2\" data-id=\"ab1b65d0-6e69-4f08-ab26-216071361a06\">\n<div class=\"content-area pl-[0px]\">\n<div class=\"message-item select-text relative\">\n<div class=\"message-inner relative\">\n<div class=\"py-[2px]\">\n<div class=\"flex flex-col gap-2\">\n<div class=\"answer-markdown-box overflow-x-auto select-text custom-scrollbar\">\n<div class=\"markdown-body\">\n<p>13.56MHz ISO14443A Mifare NTAG 424DNA RFID NFC Coin Tag Token, 416 Bayt belle\u011fiyle geli\u015fmi\u015f veri g\u00fcvenli\u011fi sunar ve g\u00fcvenli i\u015flemler ve etkile\u015fimli pazarlama gibi uygulamalar i\u00e7in idealdir. Su ge\u00e7irmez tasar\u0131m\u0131 ve \u00e7e\u015fitli NFC \u00f6zellikli cihazlarla uyumlulu\u011fu, hem i\u00e7 hem de d\u0131\u015f mekanlarda \u00e7ok y\u00f6nl\u00fc kullan\u0131m sa\u011flar.<\/p>\n<\/div>\n<\/div>\n<\/div>\n<\/div>\n<\/div>\n<\/div>\n<\/div>\n<\/div>","protected":false},"featured_media":3676,"template":"","meta":[],"product_brand":[],"product_cat":[47],"product_tag":[],"class_list":{"0":"post-3675","1":"product","2":"type-product","3":"status-publish","4":"has-post-thumbnail","6":"product_cat-nfc-tags","8":"first","9":"instock","10":"shipping-taxable","11":"product-type-simple"},"_links":{"self":[{"href":"https:\/\/nfc-readers.com\/tr\/wp-json\/wp\/v2\/product\/3675","targetHints":{"allow":["GET"]}}],"collection":[{"href":"https:\/\/nfc-readers.com\/tr\/wp-json\/wp\/v2\/product"}],"about":[{"href":"https:\/\/nfc-readers.com\/tr\/wp-json\/wp\/v2\/types\/product"}],"wp:featuredmedia":[{"embeddable":true,"href":"https:\/\/nfc-readers.com\/tr\/wp-json\/wp\/v2\/media\/3676"}],"wp:attachment":[{"href":"https:\/\/nfc-readers.com\/tr\/wp-json\/wp\/v2\/media?parent=3675"}],"wp:term":[{"taxonomy":"product_brand","embeddable":true,"href":"https:\/\/nfc-readers.com\/tr\/wp-json\/wp\/v2\/product_brand?post=3675"},{"taxonomy":"product_cat","embeddable":true,"href":"https:\/\/nfc-readers.com\/tr\/wp-json\/wp\/v2\/product_cat?post=3675"},{"taxonomy":"product_tag","embeddable":true,"href":"https:\/\/nfc-readers.com\/tr\/wp-json\/wp\/v2\/product_tag?post=3675"}],"curies":[{"name":"wp","href":"https:\/\/api.w.org\/{rel}","templated":true}]}}