{"id":3683,"date":"2024-11-10T06:22:41","date_gmt":"2024-11-10T06:22:41","guid":{"rendered":"https:\/\/nfc-readers.com\/?post_type=product&#038;p=3683"},"modified":"2024-11-10T06:22:41","modified_gmt":"2024-11-10T06:22:41","slug":"wholesale-high-security-tamper-proof-nfc-tag-rfid-sticker","status":"publish","type":"product","link":"https:\/\/nfc-readers.com\/tr\/ic-reader\/wholesale-high-security-tamper-proof-nfc-tag-rfid-sticker\/","title":{"rendered":"Toptan Y\u00fcksek G\u00fcvenlikli Tamper Proof NFC Etiket RFID Etiket"},"content":{"rendered":"<h1 style=\"text-align: center;\"><strong>Toptan Y\u00fcksek G\u00fcvenlikli Tamper Proof NFC Etiket RFID Etiket<\/strong><\/h1>\n<p>&nbsp;<\/p>\n<p>G\u00fcvenli bilgi payla\u015f\u0131m\u0131n\u0131n gelece\u011finin kilidini bizimle a\u00e7\u0131n <strong>Toptan Y\u00fcksek G\u00fcvenlikli Tamper Proof NFC Etiket RFID Etiket<\/strong>Sahtecili\u011fe kar\u015f\u0131 \u00e7\u00f6z\u00fcmler i\u00e7in m\u00fckemmel olan bu yenilik\u00e7i NFC etiketleri, birinci s\u0131n\u0131f g\u00fcvenlik \u00f6zelliklerini geni\u015f uygulama \u00e7ok y\u00f6nl\u00fcl\u00fc\u011f\u00fcyle birle\u015ftirir. G\u00fcvenlik ve verimlili\u011fi \u00f6nceliklendiren i\u015fletmeler i\u00e7in tasarlanan bu NFC etiketleri, perakende, lojistik ve etkinlik y\u00f6netimi dahil olmak \u00fczere \u00e7e\u015fitli sekt\u00f6rler i\u00e7in temass\u0131z teknolojide bir sonraki ad\u0131m\u0131 temsil eder.<\/p>\n<p>&nbsp;<\/p>\n<p><strong>Neden NFC Etiketlerimizi Sat\u0131n Almal\u0131s\u0131n\u0131z?<\/strong><br \/>\nNFC etiketlerimiz, \u00fcr\u00fcnleri do\u011frulamaktan dijital i\u015flemlerde sorunsuz kullan\u0131c\u0131 deneyimleri sa\u011flamaya kadar \u00e7e\u015fitli uygulamalar i\u00e7in g\u00fcvenli, verimli ve kullan\u0131\u015fl\u0131 bir \u00e7\u00f6z\u00fcm sunar. Bilgilerinizin sahtecili\u011fe kar\u015f\u0131 g\u00fcvende oldu\u011fundan emin olarak, kurcalamaya dayan\u0131kl\u0131 NFC etiketlerimiz yaln\u0131zca g\u00fcvenli\u011fi art\u0131rmakla kalmaz, ayn\u0131 zamanda markan\u0131za de\u011fer katar. Ayr\u0131ca, \u00f6zelle\u015ftirilebilir yap\u0131s\u0131, her etiketin \u00f6zel gereksinimlerinizi kar\u015f\u0131layacak \u015fekilde uyarlanabilmesini sa\u011flayarak, bunlar\u0131 her i\u015fletme i\u00e7in \u00e7ok y\u00f6nl\u00fc bir se\u00e7enek haline getirir.<\/p>\n<p>&nbsp;<\/p>\n<h2>Tamper-Proof NFC Etiketinin \u00d6zellikleri<\/h2>\n<p>G\u00fcvenlik s\u00f6z konusu oldu\u011funda, bizim\u00a0<strong>Toptan Y\u00fcksek G\u00fcvenlikli Tamper Proof NFC Etiket RFID Etiket<\/strong>\u00a0\u00f6ne \u00e7\u0131k\u0131yor \u00e7\u00fcnk\u00fc\u00a0<strong>\u00f6zel \u00f6zellikler<\/strong>\u00a0Sahtecilikle m\u00fccadele i\u00e7in tasarlanm\u0131\u015ft\u0131r.<\/p>\n<ul>\n<li><strong>Kurcalamaya Dayan\u0131kl\u0131 Tasar\u0131m<\/strong>: Bu NFC etiketleri tak\u0131ld\u0131ktan sonra, \u00f6nemli bir hasar vermeden \u00e7\u0131kar\u0131lmas\u0131 neredeyse imkans\u0131zd\u0131r; bu sayede herhangi bir kurcalama kolayca tespit edilebilir.<\/li>\n<li><strong>\u00d6zel Boyut ve Bask\u0131<\/strong>:Etiketlerimiz \u00f6zelle\u015ftirilebilir bir boyutta gelir ve kullan\u0131larak bas\u0131l\u0131r\u00a0<strong>CMYK 4C ofset bask\u0131<\/strong>\u00a0Markan\u0131z\u0131 g\u00fc\u00e7lendirecek canl\u0131, y\u00fcksek kaliteli grafikler i\u00e7in.<\/li>\n<li><strong>Bellek Kapasitesi<\/strong>: Her etiketin \u00f6zellikleri\u00a0<strong>416 bayt<\/strong>\u00a0haf\u0131zan\u0131n, temel bilgilerin g\u00fcvenli bir \u015fekilde depolanmas\u0131na olanak vermesi.<\/li>\n<\/ul>\n<p>Bu \u00f6zellikler NFC etiketini hem g\u00fcvenilir hem de etkili k\u0131larak, operasyonlar\u0131nda en \u00fcst d\u00fczey g\u00fcvenlik \u00f6nlemlerini hedefleyen i\u015fletmeler i\u00e7in vazge\u00e7ilmez bir ara\u00e7 haline getiriyor.<\/p>\n<p>&nbsp;<\/p>\n<h2>NFC Etiketleri Uygulamalar\u0131<\/h2>\n<p>NFC etiketlerimizin \u00e7ok y\u00f6nl\u00fcl\u00fc\u011f\u00fc, bunlar\u0131n \u00e7ok say\u0131da sekt\u00f6rde uygulanmas\u0131na olanak tan\u0131r ve g\u00fcvenli i\u015flemleri korurken i\u015f s\u00fcre\u00e7lerini iyile\u015ftirir:<\/p>\n<ul>\n<li><strong>Sahtecili\u011fe Kar\u015f\u0131<\/strong>:\u0130\u015fletmeler, g\u00fcvenli bir \u015fekilde tak\u0131lacak ve kurcalanmaya kar\u015f\u0131 dayan\u0131kl\u0131 olacak \u015fekilde tasarland\u0131klar\u0131 i\u00e7in bu etiketleri, sahtecilik uygulamalar\u0131n\u0131 \u00f6nleyerek \u00fcr\u00fcn orijinalli\u011fini garantilemek amac\u0131yla kullanabilirler.<\/li>\n<li><strong>Etkinlik Y\u00f6netimi<\/strong>: Bilet sat\u0131\u015flar\u0131nda NFC etiketlerini kullanarak kesintisiz eri\u015fim kontrol\u00fc sa\u011flay\u0131n ve bilet doland\u0131r\u0131c\u0131l\u0131\u011f\u0131 olaylar\u0131n\u0131 azalt\u0131n.<\/li>\n<li><strong>Ak\u0131ll\u0131 Pazarlama<\/strong>: Bu etiketler pazarlama materyallerine entegre edilebilir ve m\u00fc\u015fterilerin promosyonlara, \u00fcr\u00fcn ayr\u0131nt\u0131lar\u0131na veya dijital kartvizitlere eri\u015fmek i\u00e7in telefonlar\u0131na dokunarak do\u011frudan markan\u0131zla etkile\u015fime girmelerini sa\u011flar.<\/li>\n<\/ul>\n<p>\u0130\u015fletmeler bu uygulamalar\u0131n g\u00fcc\u00fcnden yararlanarak operasyonlar\u0131n\u0131 etkin bir \u015fekilde koruyabilir ve m\u00fc\u015fteri etkile\u015fimini optimize edebilirler.<\/p>\n<p>&nbsp;<\/p>\n<h2>S\u0131k\u00e7a Sorulan Sorular (SSS)<\/h2>\n<h3>1.\u00a0<strong>NFC etiketi nedir?<\/strong><\/h3>\n<p>NFC (Yak\u0131n Alan \u0130leti\u015fimi) etiketi, k\u0131sa mesafelerde (genellikle 1-10 cm aral\u0131\u011f\u0131nda) kablosuz olarak bilgi iletmek i\u00e7in RFID (Radyo Frekans\u0131 Tan\u0131mlama) teknolojisini kullanan k\u00fc\u00e7\u00fck bir cihazd\u0131r. Kullan\u0131c\u0131lar, depolanan bilgilere eri\u015fmek veya bir eylem ger\u00e7ekle\u015ftirmek i\u00e7in NFC \u00f6zellikli cihazlar\u0131n\u0131 etikete dokundurabilirler.<\/p>\n<h3>2.\u00a0<strong>NFC etiketini nas\u0131l programlar\u0131m?<\/strong><\/h3>\n<p>Bir NFC etiketini programlamak genellikle NFC \u00f6zellikli bir ak\u0131ll\u0131 telefon veya NFC uygulamas\u0131 olan di\u011fer uyumlu cihazlar\u0131 kullanmay\u0131 i\u00e7erir. Bu uygulamalar\u0131 kullanarak etikete veri yazabilirsiniz (URL&#039;ler veya ileti\u015fim bilgileri gibi). Sadece yazmak istedi\u011finiz veriyi se\u00e7in, cihaz\u0131n\u0131z\u0131 etikete dokundurun ve veriler depolanacakt\u0131r.<\/p>\n<h3>3.\u00a0<strong>NFC etiketleri hangi t\u00fcr verileri depolayabilir?<\/strong><\/h3>\n<p>NFC etiketleri, URL&#039;ler, metin, ileti\u015fim bilgileri, \u00fcr\u00fcn ayr\u0131nt\u0131lar\u0131, uygulamalar i\u00e7in komutlar ve daha fazlas\u0131 dahil olmak \u00fczere \u00e7e\u015fitli veri t\u00fcrlerini depolayabilir. Depolanabilen belirli veri miktar\u0131, etiketin bellek kapasitesine ba\u011fl\u0131d\u0131r ve NFC etiketlerimiz \u015funlar\u0131 destekler:\u00a0<strong>416 bayt<\/strong>.<\/p>\n<h3>4.\u00a0<strong>NFC etiketleriniz yeniden yaz\u0131labilir mi?<\/strong><\/h3>\n<p>Evet, NFC etiketlerimiz yeniden yaz\u0131labilir, yani ihtiya\u00e7 duydu\u011funuzda farkl\u0131 verilerle programlayabilirsiniz. Bu \u00f6zellik, uygulamalar\u0131nda esneklik isteyen i\u015fletmeler i\u00e7in \u00f6zellikle yararl\u0131d\u0131r.<\/p>","protected":false},"excerpt":{"rendered":"<p>Toptan y\u00fcksek g\u00fcvenlikli, kurcalamaya dayan\u0131kl\u0131 NFC etiketli RFID etiketlerimizle markan\u0131z\u0131n g\u00fcvenli\u011fini art\u0131r\u0131n. Sahtecili\u011fe kar\u015f\u0131 tasarlanm\u0131\u015f olup, \u00f6zelle\u015ftirilebilir \u00e7\u00f6z\u00fcmler ve kesintisiz veri eri\u015fimi sunarlar.<\/p>","protected":false},"featured_media":3684,"template":"","meta":[],"product_brand":[],"product_cat":[47],"product_tag":[],"class_list":{"0":"post-3683","1":"product","2":"type-product","3":"status-publish","4":"has-post-thumbnail","6":"product_cat-nfc-tags","8":"first","9":"instock","10":"shipping-taxable","11":"product-type-simple"},"_links":{"self":[{"href":"https:\/\/nfc-readers.com\/tr\/wp-json\/wp\/v2\/product\/3683","targetHints":{"allow":["GET"]}}],"collection":[{"href":"https:\/\/nfc-readers.com\/tr\/wp-json\/wp\/v2\/product"}],"about":[{"href":"https:\/\/nfc-readers.com\/tr\/wp-json\/wp\/v2\/types\/product"}],"wp:featuredmedia":[{"embeddable":true,"href":"https:\/\/nfc-readers.com\/tr\/wp-json\/wp\/v2\/media\/3684"}],"wp:attachment":[{"href":"https:\/\/nfc-readers.com\/tr\/wp-json\/wp\/v2\/media?parent=3683"}],"wp:term":[{"taxonomy":"product_brand","embeddable":true,"href":"https:\/\/nfc-readers.com\/tr\/wp-json\/wp\/v2\/product_brand?post=3683"},{"taxonomy":"product_cat","embeddable":true,"href":"https:\/\/nfc-readers.com\/tr\/wp-json\/wp\/v2\/product_cat?post=3683"},{"taxonomy":"product_tag","embeddable":true,"href":"https:\/\/nfc-readers.com\/tr\/wp-json\/wp\/v2\/product_tag?post=3683"}],"curies":[{"name":"wp","href":"https:\/\/api.w.org\/{rel}","templated":true}]}}