{"id":3691,"date":"2024-11-10T06:28:41","date_gmt":"2024-11-10T06:28:41","guid":{"rendered":"https:\/\/nfc-readers.com\/?post_type=product&#038;p=3691"},"modified":"2024-11-10T06:28:41","modified_gmt":"2024-11-10T06:28:41","slug":"nfc-ntag-424-dna-sticker-anti-metal-tag-anti-fake","status":"publish","type":"product","link":"https:\/\/nfc-readers.com\/tr\/ic-reader\/nfc-ntag-424-dna-sticker-anti-metal-tag-anti-fake\/","title":{"rendered":"NFC Ntag 424 DNA Etiket Anti metal etiketi Anti-sahte"},"content":{"rendered":"<h1 style=\"text-align: center;\"><strong>NFC Ntag 424 DNA Etiket Anti metal etiketi Anti-sahte<\/strong><\/h1>\n<p>Dijital g\u00fcvenli\u011fin ve \u00f6zg\u00fcnl\u00fc\u011f\u00fcn \u00e7ok \u00f6nemli oldu\u011fu bir \u00e7a\u011fda, <strong>NFC Ntag 424 DNA Etiket Anti-Metal Etiketi<\/strong>\u00a0\u00e7\u0131\u011f\u0131r a\u00e7an bir \u00e7\u00f6z\u00fcm olarak \u00f6ne \u00e7\u0131k\u0131yor. Markan\u0131z\u0131 sahtecilik kar\u015f\u0131t\u0131 teknolojiyle korumak, kesintisiz ileti\u015fimle kullan\u0131c\u0131 etkile\u015fimini geli\u015ftirmek veya yaln\u0131zca en son NFC teknolojisini benimsemek istiyorsan\u0131z, bu \u00fcr\u00fcn ihtiya\u00e7lar\u0131n\u0131z\u0131 kar\u015f\u0131lamak i\u00e7in tasarlanm\u0131\u015ft\u0131r. Sahtecilik konusundaki endi\u015felere elveda deyin ve \u00fcr\u00fcnlerinizin g\u00fcven verdi\u011finden emin olun.<\/p>\n<p>&nbsp;<\/p>\n<h2>\u00dcr\u00fcn Genel Bak\u0131\u015f\u0131 ve Avantajlar\u0131<\/h2>\n<p>The\u00a0<strong>NFC Ntag 424 DNA Etiketi<\/strong>\u00a0i\u015fletmeler ve t\u00fcketiciler i\u00e7in olmazsa olmaz hale getiren geli\u015fmi\u015f \u00f6zellikler sunar. NFC (Yak\u0131n Alan \u0130leti\u015fimi) teknolojisi arac\u0131l\u0131\u011f\u0131yla \u00f6\u011feleri do\u011frulama ve g\u00fcvenli ileti\u015fim sa\u011flama zorlu\u011funu ele al\u0131r. Kompakt tasar\u0131m\u0131 ve \u00f6zel malzemeleriyle \u00fcr\u00fcn etiketleme, pazarlama ve eri\u015fim kontrol\u00fc dahil olmak \u00fczere \u00e7e\u015fitli uygulamalar i\u00e7in m\u00fckemmeldir.<\/p>\n<p>&nbsp;<\/p>\n<h3>NFC Ntag 424 DNA Etiketlerini Se\u00e7menin Avantajlar\u0131<\/h3>\n<ul>\n<li><strong>Sahtecilik Kar\u015f\u0131t\u0131 Teknoloji:<\/strong>\u00a0Geli\u015fmi\u015f sahtecilik \u00f6nleme protokollerinin entegrasyonu markan\u0131z\u0131 sahtecili\u011fe kar\u015f\u0131 korur.<\/li>\n<li><strong>Kullan\u0131c\u0131 dostu:<\/strong>\u00a0NFC \u00f6zellikli ak\u0131ll\u0131 telefonlar, tabletler ve di\u011fer cihazlarla kullan\u0131m\u0131 kolayd\u0131r ve dijital i\u00e7eri\u011fe an\u0131nda eri\u015fim sa\u011flar.<\/li>\n<li><strong>Dayan\u0131kl\u0131 ve Hava Ko\u015fullar\u0131na Dayan\u0131kl\u0131:<\/strong>\u00a0Anti-metal malzemelerle \u00fcretildi\u011fi i\u00e7in \u00e7e\u015fitli ortamlara uygundur.<\/li>\n<li><strong>\u00d6zelle\u015ftirilebilir \u00c7\u00f6z\u00fcmler:<\/strong>\u00a0Belirli i\u015f ihtiya\u00e7lar\u0131na hitap eden farkl\u0131 boyut ve \u015fekillerde mevcuttur.<\/li>\n<\/ul>\n<p>Se\u00e7im\u00a0<strong>NFC Ntag 424 DNA Etiket Anti-Metal Etiket Anti-Sahte<\/strong>\u00a0kaliteye, g\u00fcvenli\u011fe ve son teknolojiye yat\u0131r\u0131m yapmak, her kuru\u015funa de\u011fecek bir yat\u0131r\u0131m yapmak demektir.<\/p>\n<p>&nbsp;<\/p>\n<h3>Teknik \u00d6zellikler<\/h3>\n<p>The\u00a0<strong>NFC Ntag 424 DNA Etiketi<\/strong>\u00a0\u00fcst\u00fcn performans i\u00e7in tasarlanm\u0131\u015f son teknoloji \u00f6zelliklerle donat\u0131lm\u0131\u015ft\u0131r. Temel \u00f6zellikler \u015funlard\u0131r:<\/p>\n<ul>\n<li><strong>\u00c7ip Modeli<\/strong>: Ntag 424 DNA<\/li>\n<li><strong>Bellek Kapasitesi<\/strong>: 416 Bayt<\/li>\n<li><strong>\u00c7al\u0131\u015fma Frekans\u0131<\/strong>: 13.56 MHz<\/li>\n<li><strong>Uyumluluk<\/strong>: ISO 14443A standard\u0131, \u00e7e\u015fitli NFC cihazlar\u0131yla uyumlulu\u011fu garanti alt\u0131na al\u0131r.<\/li>\n<\/ul>\n<p>&nbsp;<\/p>\n<h3>NFC Ntag 424 DNA Etiketinin \u00d6zellikleri<\/h3>\n<p><strong>Su Ge\u00e7irmez\/Hava Ko\u015fullar\u0131na Dayan\u0131kl\u0131 Nitelikler<\/strong>: Bu NFC etiketinin \u00f6ne \u00e7\u0131kan \u00f6zelliklerinden biri, \u00e7e\u015fitli \u00e7evre ko\u015fullar\u0131na dayanabilme yetene\u011fidir. Ya\u011fmur ya\u011fsa da toza maruz kalsa da, etiket sa\u011flam tasar\u0131m\u0131 sayesinde i\u015flevselli\u011fini korur.<\/p>\n<p><strong>MINI ET\u0130KET Tasar\u0131m\u0131<\/strong>: Sadece 30 mm \u00e7ap\u0131ndaki bu mini etiket inan\u0131lmaz derecede \u00e7ok y\u00f6nl\u00fcd\u00fcr. Kompakt boyutu, alan\u0131n k\u0131s\u0131tl\u0131 oldu\u011fu \u00e7ok \u00e7e\u015fitli uygulamalar i\u00e7in uygun olmas\u0131n\u0131 sa\u011flar.<\/p>\n<p>&nbsp;<\/p>\n<h3>NFC Ntag 424 DNA Etiketleri hakk\u0131nda SSS<\/h3>\n<p><strong>S: Bu \u00e7\u0131kartmalar d\u0131\u015f mekanlarda kullan\u0131labilir mi?<\/strong><br \/>\nC: Evet, su ve hava ko\u015fullar\u0131na dayan\u0131kl\u0131 \u00f6zellikleri sayesinde d\u0131\u015f mekanda kullan\u0131ma uygundur, farkl\u0131 ortamlara uygundur.<\/p>\n<p><strong>S: \u00d6zel tasar\u0131mlar\u0131 nas\u0131l sipari\u015f edebilirim?<\/strong><br \/>\nC: \u0130lgilenen m\u00fc\u015fterilerimiz, \u00f6zelle\u015ftirme se\u00e7eneklerini g\u00f6r\u00fc\u015fmek i\u00e7in web sitemizde bulunan talep formunu kullanarak sat\u0131\u015f ekibimizle ileti\u015fime ge\u00e7ebilirler.<\/p>\n<p><strong>S: Bu etiketleri okumak i\u00e7in \u00f6zel bir uygulamaya ihtiya\u00e7 var m\u0131?<\/strong><br \/>\nC: NFC sinyallerini otomatik olarak yorumlayabilen standart bir NFC \u00f6zellikli cihaza sahip olman\u0131n d\u0131\u015f\u0131nda \u00f6zel bir uygulamaya ihtiya\u00e7 yoktur.<\/p>","protected":false},"excerpt":{"rendered":"<div class=\"message-item-outer relative px-4 mb-2\" data-id=\"54844065-da5f-474c-98ea-c1f5db113a22\">\n<div class=\"content-area pl-[0px]\">\n<div class=\"message-item select-text relative\">\n<div class=\"message-inner relative\">\n<div class=\"py-[2px]\">\n<div class=\"flex flex-col gap-2\">\n<div class=\"answer-markdown-box overflow-x-auto select-text custom-scrollbar\">\n<div class=\"markdown-body\">\n<p>The\u00a0<strong>NFC Ntag 424 DNA Etiket Anti-Metal Etiketi<\/strong> sahtecili\u011fe kar\u015f\u0131 geli\u015fmi\u015f anti-sahte teknolojisiyle m\u00fccadele etmek i\u00e7in tasarlanm\u0131\u015f son teknoloji bir \u00e7\u00f6z\u00fcmd\u00fcr. Kompakt, dayan\u0131kl\u0131 tasar\u0131m\u0131 metalik y\u00fczeylerde sorunsuz bir \u015fekilde \u00e7al\u0131\u015fmas\u0131n\u0131 sa\u011flayarak \u00fcr\u00fcn orijinalli\u011fini g\u00fcvence alt\u0131na almak ve t\u00fcketici g\u00fcvenini art\u0131rmak i\u00e7in idealdir.<\/p>\n<\/div>\n<\/div>\n<\/div>\n<\/div>\n<\/div>\n<\/div>\n<\/div>\n<\/div>\n<div class=\"message-item-outer relative px-4 mb-2\" data-id=\"46d94813-0d14-49f1-b71b-49c37dfa1a29\">\n<div class=\"content-area pl-[0px]\">\n<div class=\"message-item select-text relative self ms-[22px]\">\n<div class=\"message-inner relative\">\n<div class=\"py-[2px] flex-row-reverse\">\n<div class=\"flex flex-row-reverse\">\n<div class=\"max-w-full\">\n<div class=\"mt-1 border overflow-hidden max-w-[360px] border-solid text-text-primary-4 border-grey-line2-normal rounded-xl mb-2 py-[10px] px-[12px] cursor-pointer hover:border-grey-line2-hover\">\n<div class=\"transition-[max-height] duration-300 ease-in-out\">\n<div class=\"text-xs opacity-100 transition-opacity duration-700 ease-in-out\"><\/div>\n<\/div>\n<\/div>\n<\/div>\n<\/div>\n<\/div>\n<\/div>\n<\/div>\n<\/div>\n<\/div>","protected":false},"featured_media":3693,"template":"","meta":[],"product_brand":[],"product_cat":[48],"product_tag":[],"class_list":{"0":"post-3691","1":"product","2":"type-product","3":"status-publish","4":"has-post-thumbnail","6":"product_cat-nfc-stickers","8":"first","9":"instock","10":"shipping-taxable","11":"product-type-simple"},"_links":{"self":[{"href":"https:\/\/nfc-readers.com\/tr\/wp-json\/wp\/v2\/product\/3691","targetHints":{"allow":["GET"]}}],"collection":[{"href":"https:\/\/nfc-readers.com\/tr\/wp-json\/wp\/v2\/product"}],"about":[{"href":"https:\/\/nfc-readers.com\/tr\/wp-json\/wp\/v2\/types\/product"}],"wp:featuredmedia":[{"embeddable":true,"href":"https:\/\/nfc-readers.com\/tr\/wp-json\/wp\/v2\/media\/3693"}],"wp:attachment":[{"href":"https:\/\/nfc-readers.com\/tr\/wp-json\/wp\/v2\/media?parent=3691"}],"wp:term":[{"taxonomy":"product_brand","embeddable":true,"href":"https:\/\/nfc-readers.com\/tr\/wp-json\/wp\/v2\/product_brand?post=3691"},{"taxonomy":"product_cat","embeddable":true,"href":"https:\/\/nfc-readers.com\/tr\/wp-json\/wp\/v2\/product_cat?post=3691"},{"taxonomy":"product_tag","embeddable":true,"href":"https:\/\/nfc-readers.com\/tr\/wp-json\/wp\/v2\/product_tag?post=3691"}],"curies":[{"name":"wp","href":"https:\/\/api.w.org\/{rel}","templated":true}]}}