{"id":3700,"date":"2024-11-10T06:34:49","date_gmt":"2024-11-10T06:34:49","guid":{"rendered":"https:\/\/nfc-readers.com\/?post_type=product&#038;p=3700"},"modified":"2024-11-10T06:38:34","modified_gmt":"2024-11-10T06:38:34","slug":"custom-nfc-fragile-sticker-for-commodity-label-product-tag","status":"publish","type":"product","link":"https:\/\/nfc-readers.com\/tr\/ic-reader\/custom-nfc-fragile-sticker-for-commodity-label-product-tag\/","title":{"rendered":"Emtia Etiketi \u00dcr\u00fcn etiketi i\u00e7in \u00d6zel NFC K\u0131r\u0131lgan Etiket"},"content":{"rendered":"<h1 style=\"text-align: center;\"><strong>Emtia Etiketi \u00dcr\u00fcn etiketi i\u00e7in \u00d6zel NFC K\u0131r\u0131lgan Etiket<\/strong><\/h1>\n<p>&nbsp;<\/p>\n<p>The <strong>\u00d6zel NFC K\u0131r\u0131lgan Etiket<\/strong>\u00a0emtia etiketleme i\u00e7in geli\u015fmi\u015f teknolojiyi entegre eden devrim niteli\u011finde bir \u00fcr\u00fcnd\u00fcr\u00a0<strong>NFC (Yak\u0131n Alan \u0130leti\u015fimi)<\/strong>\u00a0teknolojiyi g\u00fcnl\u00fck etiketleme \u00e7\u00f6z\u00fcmlerine d\u00f6n\u00fc\u015ft\u00fcr\u00fcyor. K\u0131r\u0131lgan \u00fcr\u00fcnlerin g\u00fcvenli ve g\u00fcvenilir bir \u015fekilde etiketlenmesini sa\u011flamak i\u00e7in tasarlanan bu etiketler, i\u015fletmelerin \u00fcr\u00fcn do\u011frulama ve g\u00fcvenlik protokollerini geli\u015ftirmelerini sa\u011flar. Pratiklik ve modernli\u011fin bir kar\u0131\u015f\u0131m\u0131yla, etiketleme i\u00e7in NFC teknolojisine yat\u0131r\u0131m yapmak hi\u00e7 bu kadar kritik olmam\u0131\u015ft\u0131. Bu makale, \u00d6zel NFC K\u0131r\u0131lgan Etiketinin \u00f6zelliklerini, avantajlar\u0131n\u0131 ve genel faydas\u0131n\u0131 ele alarak bilin\u00e7li bir karar vermenize rehberlik ediyor.<\/p>\n<p>&nbsp;<\/p>\n<h2>Neden NFC K\u0131r\u0131lgan Etiketleri Se\u00e7melisiniz?<\/h2>\n<p>The\u00a0<strong>\u00d6zel NFC K\u0131r\u0131lgan Etiket<\/strong>\u00a0K\u0131r\u0131lgan mallar\u0131 i\u015faretlemek ve izlemek i\u00e7in g\u00fcvenilir bir y\u00f6nteme ihtiya\u00e7 duyan i\u015fletmelerin ihtiya\u00e7lar\u0131n\u0131 kar\u015f\u0131lamak \u00fczere tasarlanm\u0131\u015ft\u0131r. Bu yenilik\u00e7i \u00fcr\u00fcnle etiketleme s\u00fcrecinizi y\u00fckseltmeyi neden d\u00fc\u015f\u00fcnmeniz gerekti\u011fine dair baz\u0131 ikna edici nedenler \u015funlard\u0131r:<\/p>\n<ol>\n<li><strong>Geli\u015fmi\u015f G\u00fcvenlik ve Do\u011frulama<\/strong>: Bu etiketler, do\u011frulama s\u00fcre\u00e7lerinin hem verimli hem de hatas\u0131z olmas\u0131n\u0131 sa\u011flar. G\u00f6m\u00fcl\u00fc NTAG213 \u00e7ipi ile her etiket, bilgileri g\u00fcvenli bir \u015fekilde saklayabilir ve paketin ger\u00e7ekli\u011fini basit bir dokunu\u015fla do\u011frulayabilir\u00a0<strong>NFC \u00f6zellikli ak\u0131ll\u0131 telefon<\/strong>.<\/li>\n<li><strong>Kullan\u0131c\u0131 Dostu Uygulama<\/strong>: Karma\u015f\u0131k kurulum s\u00fcre\u00e7lerini unutun.\u00a0<strong>NFC k\u0131r\u0131lgan etiketi<\/strong>\u00a0inan\u0131lmaz derecede basittir; sadece soyun ve yap\u0131\u015ft\u0131r\u0131n; bu sayede tedarik zincirinizdeki t\u00fcm kullan\u0131c\u0131lar i\u00e7in eri\u015filebilir hale gelir.<\/li>\n<li><strong>Dayan\u0131kl\u0131l\u0131k ve Hava Ko\u015fullar\u0131na Diren\u00e7<\/strong>: Y\u00fcksek kaliteli malzemeden \u00fcretilmi\u015ftir\u00a0<strong>PET\/PVC\/Ka\u011f\u0131t<\/strong>\u00a0malzemeler, bu \u00e7\u0131kartmalar \u00e7e\u015fitli \u00e7evre ko\u015fullar\u0131na dayanacak \u015fekilde tasarlanm\u0131\u015ft\u0131r. Nem veya de\u011fi\u015fen s\u0131cakl\u0131klara maruz kalsa da, NFC k\u0131r\u0131lgan \u00e7\u0131kartmalar\u0131m\u0131z y\u00fcksek performans ve g\u00fcvenilirli\u011fi korur.<\/li>\n<li><strong>\u00d6zelle\u015ftirilebilir ve \u00c7ok Y\u00f6nl\u00fc<\/strong>: Bizim\u00a0<strong>\u00f6zel NFC \u00e7\u0131kartmas\u0131<\/strong>\u00a0Belirli markalama ve bilgi ihtiya\u00e7lar\u0131n\u0131 kar\u015f\u0131layacak \u015fekilde uyarlanabilir, hem i\u015flevsel hem de promosyonel uygulamalara olanak sa\u011flar.<\/li>\n<\/ol>\n<p>&nbsp;<\/p>\n<h2>NFC K\u0131r\u0131lgan Etiketlerin Temel \u00d6zellikleri<\/h2>\n<p>Kullanarak\u00a0<strong>NFC (Yak\u0131n Alan \u0130leti\u015fimi)<\/strong>\u00a0Teknolojisi sayesinde, \u00f6zel k\u0131r\u0131lgan etiketlerimiz onlar\u0131 \u00f6ne \u00e7\u0131karan bir dizi \u00f6zel \u00f6zellik ile donat\u0131lm\u0131\u015ft\u0131r:<\/p>\n<ul>\n<li><strong>Su Ge\u00e7irmez\/Hava Ko\u015fullar\u0131na Dayan\u0131kl\u0131 Tasar\u0131m<\/strong>:Bu \u00e7\u0131kartmalar zorlu \u00e7evre ko\u015fullar\u0131na dayan\u0131kl\u0131d\u0131r ve bu sayede hem i\u00e7 hem de d\u0131\u015f mekan uygulamalar\u0131 i\u00e7in uygundur.<\/li>\n<li><strong>Uyumluluk<\/strong>: :\u00a0<strong>ntag213 \u00e7ipi<\/strong>\u00a0\u00e7e\u015fitli \u00fcr\u00fcnlerle yayg\u0131n uyumlulu\u011fu ile tan\u0131n\u0131r\u00a0<strong>NFC cihazlar\u0131<\/strong>, kullan\u0131m kolayl\u0131\u011f\u0131 sa\u011flar.<\/li>\n<\/ul>\n<h3>Nas\u0131l \u00c7al\u0131\u015f\u0131r<\/h3>\n<p>Sadece dokunun\u00a0<strong>NFC \u00f6zellikli ak\u0131ll\u0131 telefon<\/strong>\u00a0\u00d6nceden depolanm\u0131\u015f bilgilere eri\u015fmek veya \u00fcr\u00fcn ayr\u0131nt\u0131lar\u0131n\u0131 do\u011frulamak i\u00e7in etikete kar\u015f\u0131 etiketleme yap\u0131labilir; bu da envanter ve sat\u0131\u015f s\u00fcre\u00e7lerini \u00f6nemli \u00f6l\u00e7\u00fcde h\u0131zland\u0131rabilir.<\/p>\n<p>&nbsp;<\/p>\n<h2>Teknik \u00d6zellikler<\/h2>\n<table class=\"w-fit !mb-0 !max-w-none\">\n<thead>\n<tr>\n<th><strong>\u015eartname<\/strong><\/th>\n<th><strong>Detaylar<\/strong><\/th>\n<\/tr>\n<\/thead>\n<tbody>\n<tr>\n<td><strong>Yonga<\/strong><\/td>\n<td>NTAG213<\/td>\n<\/tr>\n<tr>\n<td><strong>S\u0131kl\u0131k<\/strong><\/td>\n<td>13.56 MHz<\/td>\n<\/tr>\n<tr>\n<td><strong>Bellek Boyutu<\/strong><\/td>\n<td>144 Bayt<\/td>\n<\/tr>\n<tr>\n<td><strong>Malzeme<\/strong><\/td>\n<td>PET\/PVC\/Ka\u011f\u0131t<\/td>\n<\/tr>\n<tr>\n<td><strong>\u00c7ap<\/strong><\/td>\n<td>30 mm<\/td>\n<\/tr>\n<tr>\n<td><strong>Yazd\u0131r<\/strong><\/td>\n<td>CMYK Ofset Bask\u0131<\/td>\n<\/tr>\n<tr>\n<td><strong>Su ge\u00e7irmez<\/strong><\/td>\n<td>Evet<\/td>\n<\/tr>\n<tr>\n<td><strong>Paket Boyutu<\/strong><\/td>\n<td>200 adet\/i\u00e7 kutu; 25 kutu\/karton<\/td>\n<\/tr>\n<tr>\n<td><strong>Karton Boyutu<\/strong><\/td>\n<td>48x22,5x30 cm<\/td>\n<\/tr>\n<tr>\n<td><strong>Tedarik Yetene\u011fi<\/strong><\/td>\n<td>Ayda 5.000.000 adet<\/td>\n<\/tr>\n<tr>\n<td><strong>Tek Paket Boyutu<\/strong><\/td>\n<td>35x1,5x0,02 cm<\/td>\n<\/tr>\n<tr>\n<td><strong>Br\u00fct a\u011f\u0131rl\u0131k<\/strong><\/td>\n<td>0,010 kilo<\/td>\n<\/tr>\n<\/tbody>\n<\/table>\n<p>&nbsp;<\/p>\n<h2>SSS<\/h2>\n<h3>S: NFC K\u0131r\u0131lgan Etiketleri t\u00fcm ak\u0131ll\u0131 telefonlarla uyumlu mu?<\/h3>\n<p><strong>A<\/strong>: Evet, ak\u0131ll\u0131 telefonunuzda NFC \u00f6zelli\u011fi etkin oldu\u011fu s\u00fcrece.<\/p>\n<h3>S: \u00c7\u0131kartmalar\u0131n \u00f6mr\u00fc ne kadard\u0131r?<\/h3>\n<p><strong>A<\/strong>: \u00c7\u0131kartmalar\u0131m\u0131z dayan\u0131kl\u0131d\u0131r ve \u00e7e\u015fitli ko\u015fullara dayanacak \u015fekilde tasarlanm\u0131\u015ft\u0131r, bu sayede \u00fcr\u00fcn\u00fcn kullan\u0131m \u00f6mr\u00fc boyunca dayan\u0131rlar.<\/p>\n<h3>S: Kullan\u0131m\u0131 ger\u00e7ek zamanl\u0131 olarak takip edebilir miyim?<\/h3>\n<p><strong>A<\/strong>:Bu etiketler an\u0131nda do\u011frulama sa\u011flarken, ger\u00e7ek zamanl\u0131 takip, belirli envanter y\u00f6netim sistemleriyle entegrasyon gerektirebilir.<\/p>","protected":false},"excerpt":{"rendered":"<p>Emtia etiketleme i\u00e7in \u00d6zel NFC K\u0131r\u0131lgan Etiket, k\u0131r\u0131lgan \u00fcr\u00fcnler i\u00e7in g\u00fcvenli izleme ve orijinallik do\u011frulamas\u0131 sa\u011flamak \u00fczere tasarlanm\u0131\u015ft\u0131r. Kullan\u0131c\u0131 dostu tasar\u0131m\u0131, envanter y\u00f6netimini geli\u015ftirirken kolay uygulama sa\u011flar.<\/p>","protected":false},"featured_media":3708,"template":"","meta":[],"product_brand":[],"product_cat":[48],"product_tag":[],"class_list":{"0":"post-3700","1":"product","2":"type-product","3":"status-publish","4":"has-post-thumbnail","6":"product_cat-nfc-stickers","8":"first","9":"instock","10":"shipping-taxable","11":"product-type-simple"},"_links":{"self":[{"href":"https:\/\/nfc-readers.com\/tr\/wp-json\/wp\/v2\/product\/3700","targetHints":{"allow":["GET"]}}],"collection":[{"href":"https:\/\/nfc-readers.com\/tr\/wp-json\/wp\/v2\/product"}],"about":[{"href":"https:\/\/nfc-readers.com\/tr\/wp-json\/wp\/v2\/types\/product"}],"wp:featuredmedia":[{"embeddable":true,"href":"https:\/\/nfc-readers.com\/tr\/wp-json\/wp\/v2\/media\/3708"}],"wp:attachment":[{"href":"https:\/\/nfc-readers.com\/tr\/wp-json\/wp\/v2\/media?parent=3700"}],"wp:term":[{"taxonomy":"product_brand","embeddable":true,"href":"https:\/\/nfc-readers.com\/tr\/wp-json\/wp\/v2\/product_brand?post=3700"},{"taxonomy":"product_cat","embeddable":true,"href":"https:\/\/nfc-readers.com\/tr\/wp-json\/wp\/v2\/product_cat?post=3700"},{"taxonomy":"product_tag","embeddable":true,"href":"https:\/\/nfc-readers.com\/tr\/wp-json\/wp\/v2\/product_tag?post=3700"}],"curies":[{"name":"wp","href":"https:\/\/api.w.org\/{rel}","templated":true}]}}