{"id":1493,"date":"2024-04-07T02:35:08","date_gmt":"2024-04-07T02:35:08","guid":{"rendered":"https:\/\/nfc-readers.com\/?post_type=product&#038;p=1493"},"modified":"2024-10-16T07:54:06","modified_gmt":"2024-10-16T07:54:06","slug":"acr1255u-j1-bluetooth-nfc-reader-writer","status":"publish","type":"product","link":"https:\/\/nfc-readers.com\/vi\/ic-reader\/acr1255u-j1-bluetooth-nfc-reader-writer\/","title":{"rendered":"ACR1255U-J1 \u2013 \u0110\u1ea7u \u0111\u1ecdc\/ghi Bluetooth\u00ae NFC"},"content":{"rendered":"<h1>ACR1255U-J1 \u2013 \u0110\u1ea7u \u0111\u1ecdc\/ghi Bluetooth\u00ae NFC<\/h1>\n<p>\u0110\u1ea7u \u0111\u1ecdc\/ghi NFC ACR1255U-J1 ACS Secure Bluetooth\u00ae \u0111\u01b0\u1ee3c thi\u1ebft k\u1ebf \u0111\u1ec3 k\u00edch ho\u1ea1t c\u00e1c \u1ee9ng d\u1ee5ng NFC v\u00e0 th\u1ebb th\u00f4ng minh di \u0111\u1ed9ng m\u1ed9t c\u00e1ch d\u1ec5 d\u00e0ng. K\u1ebft h\u1ee3p c\u00f4ng ngh\u1ec7 kh\u00f4ng ti\u1ebfp x\u00fac 13,56 MHz ti\u00ean ti\u1ebfn c\u00f9ng v\u1edbi t\u00edch h\u1ee3p Bluetooth\u00ae, thi\u1ebft b\u1ecb n\u00e0y l\u00e0 minh ch\u1ee9ng cho c\u00f4ng ngh\u1ec7 di \u0111\u1ed9ng hi\u1ec7n \u0111\u1ea1i. N\u00f3 h\u1ed7 tr\u1ee3 nhi\u1ec1u \u0111\u1ecbnh d\u1ea1ng bao g\u1ed3m th\u1ebb th\u00f4ng minh ISO 14443 Lo\u1ea1i A v\u00e0 B, MIFARE\u00ae, FeliCa\u00ae, c\u0169ng nh\u01b0 h\u1ea7u h\u1ebft c\u00e1c th\u1ebb NFC v\u00e0 c\u00e1c thi\u1ebft b\u1ecb \u0111\u00e1p \u1ee9ng ti\u00eau chu\u1ea9n ISO 18092, \u0111\u1ea3m b\u1ea3o kh\u1ea3 n\u0103ng \u1ee9ng d\u1ee5ng c\u1ee7a ACR1255U-J1 cho nhi\u1ec1u m\u1ee5c \u0111\u00edch s\u1eed d\u1ee5ng. T\u1eeb x\u00e1c th\u1ef1c kh\u00f4ng c\u1ea7n ch\u1ea1m \u0111\u1ec3 ki\u1ec3m so\u00e1t truy c\u1eadp \u0111\u1ebfn qu\u1ea3n l\u00fd kho h\u00e0ng h\u1eadu c\u1ea7n, ph\u1ea1m vi \u1ee9ng d\u1ee5ng c\u1ee7a n\u00f3 r\u1ea5t \u0111a d\u1ea1ng. ACR1255U-J1 cung c\u1ea5p kh\u1ea3 n\u0103ng giao ti\u1ebfp k\u00e9p. N\u00f3 s\u1eed d\u1ee5ng Bluetooth Low Energy (BLE), c\u00f2n \u0111\u01b0\u1ee3c g\u1ecdi \u0111\u01a1n gi\u1ea3n l\u00e0 Bluetooth, \u0111\u1ec3 k\u1ebft n\u1ed1i di \u0111\u1ed9ng v\u00e0 USB Full Speed \u0111\u1ec3 t\u01b0\u01a1ng t\u00e1c tr\u1ef1c ti\u1ebfp v\u1edbi PC. Thi\u1ebft b\u1ecb th\u1ef1c hi\u1ec7n c\u00e1c thao t\u00e1c \u0111\u1ecdc\/ghi \u1edf t\u1ed1c \u0111\u1ed9 l\u00ean t\u1edbi 424 Kbps, cho ph\u00e9p truy\u1ec1n d\u1eef li\u1ec7u nhanh ch\u00f3ng b\u1eb1ng th\u1ebb th\u00f4ng minh kh\u00f4ng ti\u1ebfp x\u00fac v\u00e0 thi\u1ebft b\u1ecb NFC. \u0110\u01b0\u1ee3c thi\u1ebft k\u1ebf \u0111\u1ec3 ho\u1ea1t \u0111\u1ed9ng khi \u0111ang di chuy\u1ec3n, ACR1255U-J1 t\u1ef1 h\u00e0o c\u00f3 c\u1ea5u tr\u00fac nh\u1ecf g\u1ecdn v\u00e0 l\u1ea5y n\u0103ng l\u01b0\u1ee3ng t\u1eeb pin Lithium-ion c\u00f3 th\u1ec3 s\u1ea1c l\u1ea1i b\u00ean trong \u1eafc quy. T\u00ednh di \u0111\u1ed9ng c\u1ee7a n\u00f3 l\u00e0m cho n\u00f3 tr\u1edf th\u00e0nh m\u1ed9t c\u00f4ng c\u1ee5 s\u1eb5n s\u00e0ng ho\u1ea1t \u0111\u1ed9ng v\u1edbi h\u1ea7u h\u1ebft \u0111i\u1ec7n tho\u1ea1i th\u00f4ng minh v\u00e0 m\u00e1y t\u00ednh b\u1ea3ng h\u1ed7 tr\u1ee3 Bluetooth m\u1ecdi l\u00fac m\u1ecdi n\u01a1i. Ph\u1ea7n s\u1ee5n c\u00f3 th\u1ec3 n\u00e2ng c\u1ea5p t\u1ea1i hi\u1ec7n tr\u01b0\u1eddng l\u00e0 m\u1ed9t l\u1ee3i th\u1ebf b\u1ed5 sung c\u1ee7a ACR1255U-J1, mang l\u1ea1i l\u1ee3i \u00edch ti\u1ebft ki\u1ec7m th\u1eddi gian v\u00e0 ti\u1ebft ki\u1ec7m chi ph\u00ed trong khi v\u1eabn theo k\u1ecbp t\u1ed1c \u0111\u1ed9 ph\u00e1t tri\u1ec3n nhanh ch\u00f3ng. ti\u1ebfn b\u1ed9 c\u00f4ng ngh\u1ec7 v\u00e0 kh\u1ea3 n\u0103ng th\u00edch \u1ee9ng v\u1edbi c\u00e1c y\u00eau c\u1ea7u kh\u00e1c nhau c\u1ee7a ng\u01b0\u1eddi d\u00f9ng. \u0110\u01b0\u1ee3c b\u1ea3o m\u1eadt b\u1eb1ng m\u00e3 h\u00f3a AES-128, \u0111\u1ea7u \u0111\u1ecdc NFC Bluetooth k\u1ebft n\u1ed1i d\u1ec5 d\u00e0ng v\u00e0 an to\u00e0n v\u1edbi c\u00e1c thi\u1ebft b\u1ecb tr\u00ean Android\u2122 (phi\u00ean b\u1ea3n 4.3 tr\u1edf l\u00ean), iOS (phi\u00ean b\u1ea3n 8.0 tr\u1edf l\u00ean), c\u0169ng nh\u01b0 Windows\u00ae ( 7 tr\u1edf l\u00ean) v\u00e0 Mac OS\u00ae (10.7 tr\u1edf l\u00ean). \u0110\u1ec3 s\u1eed d\u1ee5ng tr\u00ean m\u00e1y t\u00ednh \u0111\u1ec3 b\u00e0n, ACR1255U-J1 r\u1ea5t d\u1ec5 c\u00e0i \u0111\u1eb7t tr\u00ean m\u00e1y t\u00ednh ch\u1ea1y Windows\u00ae nh\u1edd tu\u00e2n th\u1ee7 PC\/SC v\u00e0 CCID. H\u01a1n n\u1eefa, n\u00f3 t\u01b0\u01a1ng th\u00edch v\u1edbi tr\u00ecnh \u0111i\u1ec1u khi\u1ec3n Linux\u00ae v\u00e0 Mac OS\u00ae.<\/p>\n<ul>\n<li>\n<h2>Giao di\u1ec7n Bluetooth\u00ae<\/h2>\n<\/li>\n<li>\n<h2>Giao di\u1ec7n t\u1ed1c \u0111\u1ed9 \u0111\u1ea7y \u0111\u1ee7 USB 2.0<\/h2>\n<\/li>\n<li>\n<h2>Ngu\u1ed3n n\u0103ng l\u01b0\u1ee3ng:<\/h2>\n<ul>\n<li>\n<h3>Ch\u1ea1y b\u1eb1ng pin (k\u1ebft h\u1ee3p pin Litium-ion c\u00f3 th\u1ec3 s\u1ea1c l\u1ea1i qua c\u1ed5ng USB Mini-B)<\/h3>\n<\/li>\n<li>\n<h3>H\u1ed7 tr\u1ee3 USB (th\u00f4ng qua ch\u1ebf \u0111\u1ed9 li\u00ean k\u1ebft v\u1edbi PC)<\/h3>\n<\/li>\n<\/ul>\n<\/li>\n<li>\n<h2>Tu\u00e2n th\u1ee7 CCID<\/h2>\n<\/li>\n<li>\n<h2>\u0110\u1ea7u \u0111\u1ecdc th\u1ebb th\u00f4ng minh:<\/h2>\n<ul>\n<li>\n<h3>Giao di\u1ec7n kh\u00f4ng ti\u1ebfp x\u00fac:<\/h3>\n<ul>\n<li>\n<h4>T\u1ed1c \u0111\u1ed9 \u0111\u1ecdc\/ghi l\u00ean t\u1edbi 424 kbps<\/h4>\n<\/li>\n<li>\n<h4>\u0102ng-ten t\u00edch h\u1ee3p \u0111\u1ec3 truy c\u1eadp th\u1ebb kh\u00f4ng ti\u1ebfp x\u00fac, v\u1edbi kho\u1ea3ng c\u00e1ch \u0111\u1ecdc th\u1ebb l\u00ean t\u1edbi 60 mm (t\u00f9y thu\u1ed9c v\u00e0o lo\u1ea1i th\u1ebb)<\/h4>\n<\/li>\n<li>\n<h4>H\u1ed7 tr\u1ee3 th\u1ebb ISO 14443 Lo\u1ea1i A v\u00e0 B, MIFARE, FeliCa v\u00e0 t\u1ea5t c\u1ea3 4 lo\u1ea1i th\u1ebb NFC (ISO\/IEC 18092)<\/h4>\n<\/li>\n<li>\n<h4>T\u00edch h\u1ee3p t\u00ednh n\u0103ng ch\u1ed1ng va ch\u1ea1m (m\u1ed7i l\u1ea7n ch\u1ec9 truy c\u1eadp 1 th\u1ebb)<\/h4>\n<\/li>\n<li>\n<h4>H\u1ed7 tr\u1ee3 NFC<\/h4>\n<\/li>\n<li>\n<h4>Ch\u1ebf \u0111\u1ed9 \u0111\u1ecdc\/ghi th\u1ebb<\/h4>\n<\/li>\n<\/ul>\n<\/li>\n<\/ul>\n<\/li>\n<li>\n<h2>Thi\u1ebft b\u1ecb ngo\u1ea1i vi t\u00edch h\u1ee3p:<\/h2>\n<ul>\n<li>\n<h3>Hai \u0111\u00e8n LED hai m\u00e0u c\u00f3 th\u1ec3 \u0111i\u1ec1u khi\u1ec3n \u0111\u01b0\u1ee3c b\u1edfi ng\u01b0\u1eddi d\u00f9ng<\/h3>\n<\/li>\n<li>\n<h3>B\u1ed9 rung do ng\u01b0\u1eddi d\u00f9ng \u0111i\u1ec1u khi\u1ec3n<\/h3>\n<\/li>\n<\/ul>\n<\/li>\n<li>\n<h2>Giao di\u1ec7n l\u1eadp tr\u00ecnh \u1ee9ng d\u1ee5ng:<\/h2>\n<ul>\n<li>\n<h3>H\u1ed7 tr\u1ee3 PC\/SC<\/h3>\n<\/li>\n<li>\n<h3>H\u1ed7 tr\u1ee3 CT-API (th\u00f4ng qua tr\u00ecnh bao b\u1ecdc tr\u00ean PC\/SC)<\/h3>\n<\/li>\n<\/ul>\n<\/li>\n<li>\n<h2>Kh\u1ea3 n\u0103ng n\u00e2ng c\u1ea5p ch\u01b0\u01a1ng tr\u00ecnh c\u01a1 s\u1edf USB<\/h2>\n<\/li>\n<li>\n<h2>H\u1ed7 tr\u1ee3 Android\u2122 4.3 tr\u1edf l\u00ean<\/h2>\n<\/li>\n<li>\n<h2>H\u1ed7 tr\u1ee3 iOS 8.0 tr\u1edf l\u00ean<\/h2>\n<\/li>\n<li>\n<table width=\"719\">\n<tbody>\n<tr>\n<td colspan=\"2\" width=\"719\">T\u00ednh ch\u1ea5t v\u1eadt l\u00fd<\/td>\n<\/tr>\n<tr>\n<td width=\"326\">K\u00edch th\u01b0\u1edbc (mm)<\/td>\n<td width=\"393\">85 mm (L) x 54 mm (W) x 10 mm (H)<\/td>\n<\/tr>\n<tr>\n<td width=\"326\">Tr\u1ecdng l\u01b0\u1ee3ng (g)<\/td>\n<td width=\"393\">37,5 g (74,1 g v\u1edbi c\u00e1p \u00b1 5 g)<\/td>\n<\/tr>\n<tr>\n<td colspan=\"2\" width=\"719\">Giao di\u1ec7n Bluetooth<\/td>\n<\/tr>\n<tr>\n<td width=\"326\">Giao th\u1ee9c<\/td>\n<td width=\"393\">Bluetooth\u00ae(Bluetooth 4.0)<\/td>\n<\/tr>\n<tr>\n<td width=\"326\">Ngu\u1ed3n n\u0103ng l\u01b0\u1ee3ng<\/td>\n<td width=\"393\">Pin Lithium-ion c\u00f3 th\u1ec3 s\u1ea1c l\u1ea1i (s\u1ea1c qua USB)<\/td>\n<\/tr>\n<tr>\n<td width=\"326\">T\u1ed1c \u0111\u1ed9<\/td>\n<td width=\"393\">1 Mb\/gi\u00e2y<\/td>\n<\/tr>\n<tr>\n<td colspan=\"2\" width=\"719\">Giao di\u1ec7n USB<\/td>\n<\/tr>\n<tr>\n<td width=\"326\">Giao th\u1ee9c<\/td>\n<td width=\"393\">USB CID<\/td>\n<\/tr>\n<tr>\n<td width=\"326\">lo\u1ea1i tr\u00ecnh k\u1ebft n\u1ed1i<\/td>\n<td width=\"393\">USB Mini-B<\/td>\n<\/tr>\n<tr>\n<td width=\"326\">Ngu\u1ed3n n\u0103ng l\u01b0\u1ee3ng<\/td>\n<td width=\"393\">T\u1eeb c\u1ed5ng USB<\/td>\n<\/tr>\n<tr>\n<td width=\"326\">T\u1ed1c \u0111\u1ed9<\/td>\n<td width=\"393\">T\u1ed1c \u0111\u1ed9 t\u1ed1i \u0111a USB (12 Mb\/gi\u00e2y)<\/td>\n<\/tr>\n<tr>\n<td width=\"326\">Chi\u1ec1u d\u00e0i c\u00e1p<\/td>\n<td width=\"393\">1 m, c\u00f3 th\u1ec3 th\u00e1o r\u1eddi<\/td>\n<\/tr>\n<tr>\n<td colspan=\"2\" width=\"719\">Giao di\u1ec7n th\u1ebb th\u00f4ng minh kh\u00f4ng ti\u1ebfp x\u00fac<\/td>\n<\/tr>\n<tr>\n<td width=\"326\">Ti\u00eau chu\u1ea9n<\/td>\n<td width=\"393\">ISO\/IEC 18092 NFC, ISO 14443 Lo\u1ea1i A &amp; B, MIFARE, FeliCa<\/td>\n<\/tr>\n<tr>\n<td width=\"326\">Giao th\u1ee9c<\/td>\n<td width=\"393\">Th\u1ebb tu\u00e2n th\u1ee7 ISO 14443-4, T=CL<br \/>\nTh\u1ebb MIFARE c\u1ed5 \u0111i\u1ec3n, T=CL<br \/>\nISO 18092, Th\u1ebb NFC<br \/>\nFeliCa<\/td>\n<\/tr>\n<tr>\n<td colspan=\"2\" width=\"719\">Thi\u1ebft b\u1ecb ngo\u1ea1i vi t\u00edch h\u1ee3p<\/td>\n<\/tr>\n<tr>\n<td width=\"326\">D\u1eaaN \u0110\u1ebeN<\/td>\n<td width=\"393\">2 m\u00e0u: \u0110\u1ecf v\u00e0 Xanh lam, \u0110\u1ecf v\u00e0 Xanh l\u1ee5c<\/td>\n<\/tr>\n<tr>\n<td width=\"326\">C\u00f2i<\/td>\n<td width=\"393\">Gi\u1ecdng b\u1eb1ng b\u1eb1ng<\/td>\n<\/tr>\n<tr>\n<td colspan=\"2\" width=\"719\">C\u00e1c t\u00ednh n\u0103ng kh\u00e1c<\/td>\n<\/tr>\n<tr>\n<td width=\"326\">M\u00e3 h\u00f3a<\/td>\n<td width=\"393\">Thu\u1eadt to\u00e1n m\u00e3 h\u00f3a AES trong thi\u1ebft b\u1ecb<\/td>\n<\/tr>\n<tr>\n<td width=\"326\">N\u00e2ng c\u1ea5p ch\u01b0\u01a1ng tr\u00ecnh c\u01a1 s\u1edf<\/td>\n<td width=\"393\">\u0110\u01b0\u1ee3c h\u1ed7 tr\u1ee3<\/td>\n<\/tr>\n<tr>\n<td colspan=\"2\" width=\"719\">Ch\u1ee9ng nh\u1eadn\/Tu\u00e2n th\u1ee7<\/td>\n<\/tr>\n<tr>\n<td rowspan=\"14\" width=\"326\">Ch\u1ee9ng nh\u1eadn\/Tu\u00e2n th\u1ee7<\/td>\n<td>EN 60950\/IEC 60950<\/td>\n<\/tr>\n<tr>\n<td>ISO 18092<\/td>\n<\/tr>\n<tr>\n<td>ISO 14443<\/td>\n<\/tr>\n<tr>\n<td>T\u1ed1c \u0111\u1ed9 t\u1ed1i \u0111a USB<\/td>\n<\/tr>\n<tr>\n<td>Bluetooth\u00ae<\/td>\n<\/tr>\n<tr>\n<td>PC\/SC<\/td>\n<\/tr>\n<tr>\n<td>CCID<\/td>\n<\/tr>\n<tr>\n<td>CN<\/td>\n<\/tr>\n<tr>\n<td>FCC<\/td>\n<\/tr>\n<tr>\n<td>RoHS<\/td>\n<\/tr>\n<tr>\n<td>V\u1edaI T\u1edaI<\/td>\n<\/tr>\n<tr>\n<td>VCCI (Nh\u1eadt B\u1ea3n)<\/td>\n<\/tr>\n<tr>\n<td>BIS (\u1ea4n \u0110\u1ed9)<\/td>\n<\/tr>\n<tr>\n<td>Microsoft\u00ae WHQL<\/td>\n<\/tr>\n<tr>\n<td colspan=\"2\" width=\"719\">H\u1ed7 tr\u1ee3 h\u1ec7 \u0111i\u1ec1u h\u00e0nh tr\u00ecnh \u0111i\u1ec1u khi\u1ec3n thi\u1ebft b\u1ecb<\/td>\n<\/tr>\n<tr>\n<td rowspan=\"5\" width=\"326\">H\u1ed7 tr\u1ee3 h\u1ec7 \u0111i\u1ec1u h\u00e0nh tr\u00ecnh \u0111i\u1ec1u khi\u1ec3n thi\u1ebft b\u1ecb<\/td>\n<td width=\"393\">Windows\u00ae<\/td>\n<\/tr>\n<tr>\n<td width=\"393\">Linux\u00ae<\/td>\n<\/tr>\n<tr>\n<td width=\"393\">MAC OS\u00ae 10.7 tr\u1edf l\u00ean<\/td>\n<\/tr>\n<tr>\n<td width=\"393\">Android\u2122 4.3 tr\u1edf l\u00ean<\/td>\n<\/tr>\n<tr>\n<td width=\"393\">iOS 8.0 tr\u1edf l\u00ean<\/td>\n<\/tr>\n<\/tbody>\n<\/table>\n<\/li>\n<\/ul>","protected":false},"excerpt":{"rendered":"<p>ACR1255U-J1 l\u00e0 \u0110\u1ea7u \u0111\u1ecdc NFC Bluetooth\u00ae \u0111a n\u0103ng \u0111\u01b0\u1ee3c trang b\u1ecb c\u00f4ng ngh\u1ec7 RFID, cho ph\u00e9p t\u01b0\u01a1ng t\u00e1c li\u1ec1n m\u1ea1ch gi\u1eefa thi\u1ebft b\u1ecb di \u0111\u1ed9ng v\u00e0 m\u00e1y t\u00ednh \u0111\u1ec3 b\u00e0n v\u1edbi th\u1ebb th\u00f4ng minh v\u00e0 thi\u1ebft b\u1ecb NFC.<\/p>","protected":false},"featured_media":1496,"template":"","meta":[],"product_brand":[],"product_cat":[38,40],"product_tag":[],"class_list":{"0":"post-1493","1":"product","2":"type-product","3":"status-publish","4":"has-post-thumbnail","6":"product_cat-mobile-ble-nfc-reader","7":"product_cat-rfid-nfc-reader","9":"first","10":"instock","11":"shipping-taxable","12":"product-type-simple"},"_links":{"self":[{"href":"https:\/\/nfc-readers.com\/vi\/wp-json\/wp\/v2\/product\/1493","targetHints":{"allow":["GET"]}}],"collection":[{"href":"https:\/\/nfc-readers.com\/vi\/wp-json\/wp\/v2\/product"}],"about":[{"href":"https:\/\/nfc-readers.com\/vi\/wp-json\/wp\/v2\/types\/product"}],"wp:featuredmedia":[{"embeddable":true,"href":"https:\/\/nfc-readers.com\/vi\/wp-json\/wp\/v2\/media\/1496"}],"wp:attachment":[{"href":"https:\/\/nfc-readers.com\/vi\/wp-json\/wp\/v2\/media?parent=1493"}],"wp:term":[{"taxonomy":"product_brand","embeddable":true,"href":"https:\/\/nfc-readers.com\/vi\/wp-json\/wp\/v2\/product_brand?post=1493"},{"taxonomy":"product_cat","embeddable":true,"href":"https:\/\/nfc-readers.com\/vi\/wp-json\/wp\/v2\/product_cat?post=1493"},{"taxonomy":"product_tag","embeddable":true,"href":"https:\/\/nfc-readers.com\/vi\/wp-json\/wp\/v2\/product_tag?post=1493"}],"curies":[{"name":"wp","href":"https:\/\/api.w.org\/{rel}","templated":true}]}}