{"id":1512,"date":"2024-04-07T03:03:03","date_gmt":"2024-04-07T03:03:03","guid":{"rendered":"https:\/\/nfc-readers.com\/?post_type=product&#038;p=1512"},"modified":"2024-10-16T08:13:55","modified_gmt":"2024-10-16T08:13:55","slug":"acr35-nfc-mobilemate-card-reader","status":"publish","type":"product","link":"https:\/\/nfc-readers.com\/vi\/ic-reader\/acr35-nfc-mobilemate-card-reader\/","title":{"rendered":"\u0110\u1ea7u \u0111\u1ecdc th\u1ebb ACR35 NFC MobileMate"},"content":{"rendered":"<h1>\u0110\u1ea7u \u0111\u1ecdc th\u1ebb ACR35 NFC MobileMate<\/h1>\n<p>\u0110\u1ea7u \u0111\u1ecdc th\u1ebb ACR35 NFC MobileMate l\u00e0 \u0111\u1ea7u \u0111\u1ecdc NFC nh\u1ecf g\u1ecdn, th\u1eddi trang v\u00e0 di \u0111\u1ed9ng, mang l\u1ea1i tr\u1ea3i nghi\u1ec7m an to\u00e0n, th\u00e2n thi\u1ec7n v\u1edbi ng\u01b0\u1eddi d\u00f9ng. C\u00e1c t\u00ednh n\u0103ng m\u00e3 h\u00f3a ti\u00ean ti\u1ebfn v\u00e0 s\u1ef1 ti\u1ec7n l\u1ee3i c\u1ee7a ngu\u1ed3n \u0111i\u1ec7n c\u00f3 th\u1ec3 s\u1ea1c l\u1ea1i khi\u1ebfn n\u00f3 tr\u1edf th\u00e0nh t\u00e0i s\u1ea3n qu\u00fd gi\u00e1 cho c\u00e1c giao d\u1ecbch di \u0111\u1ed9ng an to\u00e0n, th\u1ec3 hi\u1ec7n s\u1ef1 k\u1ebft h\u1ee3p ho\u00e0n h\u1ea3o gi\u1eefa ch\u1ee9c n\u0103ng v\u00e0 t\u00ednh di \u0111\u1ed9ng cho ng\u01b0\u1eddi d\u00f9ng t\u00edch c\u1ef1c.<\/p>\n<p>&nbsp;<\/p>\n<p>Giao di\u1ec7n gi\u1eafc \u00e2m thanh 3,5mm<br \/>\n\u0110\u01b0\u1ee3c cung c\u1ea5p n\u0103ng l\u01b0\u1ee3ng b\u1edfi pin Lithium-ion (c\u00f3 th\u1ec3 s\u1ea1c l\u1ea1i th\u00f4ng qua ch\u1ebf \u0111\u1ed9 li\u00ean k\u1ebft v\u1edbi PC)<br \/>\n\u0110\u1ea7u \u0111\u1ecdc th\u1ebb th\u00f4ng minh:<br \/>\n\u0102ng-ten t\u00edch h\u1ee3p \u0111\u1ec3 truy c\u1eadp th\u1ebb kh\u00f4ng ti\u1ebfp x\u00fac, v\u1edbi kho\u1ea3ng c\u00e1ch \u0111\u1ecdc l\u00ean t\u1edbi 50mm (t\u00f9y thu\u1ed9c v\u00e0o lo\u1ea1i th\u1ebb)<br \/>\nH\u1ed7 tr\u1ee3 th\u1ebb ISO 14443 Ph\u1ea7n 4 Lo\u1ea1i A v\u00e0 B<br \/>\nH\u1ed7 tr\u1ee3 MIFARE<br \/>\nH\u1ed7 tr\u1ee3 FeliCa<br \/>\nH\u1ed7 tr\u1ee3 Th\u1ebb ISO 18092 (Th\u1ebb NFC)*<br \/>\nT\u00edch h\u1ee3p t\u00ednh n\u0103ng ch\u1ed1ng va ch\u1ea1m<br \/>\nH\u1ed7 tr\u1ee3 NFC:<br \/>\nCh\u1ebf \u0111\u1ed9 \u0111\u1ecdc\/ghi th\u1ebb<br \/>\n\u0110\u1ea7u \u0111\u1ecdc th\u1ebb s\u1ecdc t\u1eeb:<br \/>\n\u0110\u1ecdc t\u1ed1i \u0111a hai r\u00e3nh d\u1eef li\u1ec7u th\u1ebb (Track 1 \/ Track 2)<br \/>\nC\u00f3 kh\u1ea3 n\u0103ng \u0111\u1ecdc hai chi\u1ec1u<br \/>\nH\u1ed7 tr\u1ee3 thu\u1eadt to\u00e1n m\u00e3 h\u00f3a AES128<br \/>\nH\u1ed7 tr\u1ee3 h\u1ec7 th\u1ed1ng qu\u1ea3n l\u00fd kh\u00f3a DUKPT<br \/>\nH\u1ed7 tr\u1ee3 th\u1ebb t\u1eeb ISO 7810\/7811<br \/>\nH\u1ed7 tr\u1ee3 th\u1ebb t\u1eeb Hi-Coercivity v\u00e0 Low-Coercivity<br \/>\nH\u1ed7 tr\u1ee3 JIS1 v\u00e0 JIS2<\/p>\n<table width=\"769\">\n<tbody>\n<tr>\n<td colspan=\"2\" width=\"769\">T\u00ednh ch\u1ea5t v\u1eadt l\u00fd<\/td>\n<\/tr>\n<tr>\n<td width=\"376\">K\u00edch th\u01b0\u1edbc (mm)<\/td>\n<td width=\"393\">60,0 mm (L) x 45,0 mm (W) x 13,3 mm (H)<\/td>\n<\/tr>\n<tr>\n<td width=\"376\">Tr\u1ecdng l\u01b0\u1ee3ng (g)<\/td>\n<td width=\"393\">29,0 g (c\u00f3 pin)<\/td>\n<\/tr>\n<tr>\n<td colspan=\"2\" width=\"769\">Giao di\u1ec7n truy\u1ec1n th\u00f4ng jack \u00e2m thanh<\/td>\n<\/tr>\n<tr>\n<td width=\"376\">Giao th\u1ee9c<\/td>\n<td width=\"393\">Giao di\u1ec7n Jack \u00e2m thanh hai chi\u1ec1u<\/td>\n<\/tr>\n<tr>\n<td width=\"376\">lo\u1ea1i tr\u00ecnh k\u1ebft n\u1ed1i<\/td>\n<td width=\"393\">Gi\u1eafc \u00e2m thanh 4 c\u1ef1c 3,5 mm<\/td>\n<\/tr>\n<tr>\n<td width=\"376\">Ngu\u1ed3n n\u0103ng l\u01b0\u1ee3ng<\/td>\n<td width=\"393\">Ch\u1ea1y b\u1eb1ng pin<\/td>\n<\/tr>\n<tr>\n<td colspan=\"2\" width=\"769\">Giao di\u1ec7n USB<\/td>\n<\/tr>\n<tr>\n<td width=\"376\">lo\u1ea1i tr\u00ecnh k\u1ebft n\u1ed1i<\/td>\n<td width=\"393\">Micro USB<\/td>\n<\/tr>\n<tr>\n<td width=\"376\">Ngu\u1ed3n n\u0103ng l\u01b0\u1ee3ng<\/td>\n<td width=\"393\">T\u1eeb c\u1ed5ng USB<\/td>\n<\/tr>\n<tr>\n<td width=\"376\">Chi\u1ec1u d\u00e0i c\u00e1p<\/td>\n<td width=\"393\">1 m, c\u00f3 th\u1ec3 th\u00e1o r\u1eddi<\/td>\n<\/tr>\n<tr>\n<td colspan=\"2\" width=\"769\">Giao di\u1ec7n th\u1ebb th\u00f4ng minh kh\u00f4ng ti\u1ebfp x\u00fac<\/td>\n<\/tr>\n<tr>\n<td width=\"376\">Ti\u00eau chu\u1ea9n<\/td>\n<td width=\"393\">ISO\/IEC 18092 NFC, ISO 14443 Lo\u1ea1i A &amp; B, MIFARE, FeliCa<\/td>\n<\/tr>\n<tr>\n<td rowspan=\"4\" width=\"376\">Giao th\u1ee9c<\/td>\n<td width=\"393\">Th\u1ebb tu\u00e2n th\u1ee7 ISO 14443-4, T=CL<\/td>\n<\/tr>\n<tr>\n<td width=\"393\">Th\u1ebb MIFARE c\u1ed5 \u0111i\u1ec3n, T=CL<\/td>\n<\/tr>\n<tr>\n<td width=\"393\">ISO 18092, Th\u1ebb NFC<\/td>\n<\/tr>\n<tr>\n<td width=\"393\">FeliCa<\/td>\n<\/tr>\n<tr>\n<td colspan=\"2\" width=\"769\">Giao di\u1ec7n th\u1ebb t\u1eeb<\/td>\n<\/tr>\n<tr>\n<td rowspan=\"2\" width=\"376\">Ti\u00eau chu\u1ea9n<\/td>\n<td width=\"393\">Th\u1ebb t\u1eeb Hi-Co v\u00e0 Low-Co ISO 7810\/7811<\/td>\n<\/tr>\n<tr>\n<td width=\"393\">JIS 1 v\u00e0 JIS 2<\/td>\n<\/tr>\n<tr>\n<td colspan=\"2\" width=\"769\">C\u00e1c t\u00ednh n\u0103ng kh\u00e1c<\/td>\n<\/tr>\n<tr>\n<td rowspan=\"2\" width=\"376\">M\u00e3 h\u00f3a<\/td>\n<td width=\"393\">Thu\u1eadt to\u00e1n m\u00e3 h\u00f3a AES trong thi\u1ebft b\u1ecb<\/td>\n<\/tr>\n<tr>\n<td width=\"393\">H\u1ec7 th\u1ed1ng qu\u1ea3n l\u00fd kh\u00f3a DUKPT<\/td>\n<\/tr>\n<tr>\n<td colspan=\"2\" width=\"769\">Ch\u1ee9ng nh\u1eadn\/Tu\u00e2n th\u1ee7<\/td>\n<\/tr>\n<tr>\n<td rowspan=\"10\" width=\"376\">Ch\u1ee9ng nh\u1eadn\/Tu\u00e2n th\u1ee7<\/td>\n<td>EN 60950\/IEC 60950<\/td>\n<\/tr>\n<tr>\n<td>ISO 7811<\/td>\n<\/tr>\n<tr>\n<td>ISO 18092<\/td>\n<\/tr>\n<tr>\n<td>ISO 14443<\/td>\n<\/tr>\n<tr>\n<td>VCCI (Nh\u1eadt B\u1ea3n)<\/td>\n<\/tr>\n<tr>\n<td>KC (H\u00e0n Qu\u1ed1c)<\/td>\n<\/tr>\n<tr>\n<td>CN<\/td>\n<\/tr>\n<tr>\n<td>FCC<\/td>\n<\/tr>\n<tr>\n<td>RoHS 2<\/td>\n<\/tr>\n<tr>\n<td>V\u1edaI T\u1edaI<\/td>\n<\/tr>\n<tr>\n<td colspan=\"2\" width=\"769\">H\u1ed7 tr\u1ee3 h\u1ec7 \u0111i\u1ec1u h\u00e0nh tr\u00ecnh \u0111i\u1ec1u khi\u1ec3n thi\u1ebft b\u1ecb<\/td>\n<\/tr>\n<tr>\n<td rowspan=\"2\" width=\"376\">H\u1ed7 tr\u1ee3 h\u1ec7 \u0111i\u1ec1u h\u00e0nh tr\u00ecnh \u0111i\u1ec1u khi\u1ec3n thi\u1ebft b\u1ecb<\/td>\n<td>Android\u2122 2.0 tr\u1edf l\u00ean<\/td>\n<\/tr>\n<tr>\n<td>iOS 5.0 tr\u1edf l\u00ean<\/td>\n<\/tr>\n<\/tbody>\n<\/table>","protected":false},"excerpt":{"rendered":"<p>\u0110\u1ea7u \u0111\u1ecdc ACR35 NFC MobileMate l\u00e0 \u0111\u1ea7u \u0111\u1ecdc di \u0111\u1ed9ng kh\u00f4ng ti\u1ebfp x\u00fac gi\u00fap n\u00e2ng cao kh\u1ea3 n\u0103ng c\u1ee7a c\u00e1c thi\u1ebft b\u1ecb di \u0111\u1ed9ng, cung c\u1ea5p c\u00e1c giao d\u1ecbch NFC an to\u00e0n cho ng\u01b0\u1eddi d\u00f9ng khi \u0111ang di chuy\u1ec3n.<\/p>","protected":false},"featured_media":1499,"template":"","meta":[],"product_brand":[],"product_cat":[38],"product_tag":[],"class_list":{"0":"post-1512","1":"product","2":"type-product","3":"status-publish","4":"has-post-thumbnail","6":"product_cat-mobile-ble-nfc-reader","8":"first","9":"instock","10":"shipping-taxable","11":"product-type-simple"},"_links":{"self":[{"href":"https:\/\/nfc-readers.com\/vi\/wp-json\/wp\/v2\/product\/1512","targetHints":{"allow":["GET"]}}],"collection":[{"href":"https:\/\/nfc-readers.com\/vi\/wp-json\/wp\/v2\/product"}],"about":[{"href":"https:\/\/nfc-readers.com\/vi\/wp-json\/wp\/v2\/types\/product"}],"wp:featuredmedia":[{"embeddable":true,"href":"https:\/\/nfc-readers.com\/vi\/wp-json\/wp\/v2\/media\/1499"}],"wp:attachment":[{"href":"https:\/\/nfc-readers.com\/vi\/wp-json\/wp\/v2\/media?parent=1512"}],"wp:term":[{"taxonomy":"product_brand","embeddable":true,"href":"https:\/\/nfc-readers.com\/vi\/wp-json\/wp\/v2\/product_brand?post=1512"},{"taxonomy":"product_cat","embeddable":true,"href":"https:\/\/nfc-readers.com\/vi\/wp-json\/wp\/v2\/product_cat?post=1512"},{"taxonomy":"product_tag","embeddable":true,"href":"https:\/\/nfc-readers.com\/vi\/wp-json\/wp\/v2\/product_tag?post=1512"}],"curies":[{"name":"wp","href":"https:\/\/api.w.org\/{rel}","templated":true}]}}