{"id":1520,"date":"2024-04-07T03:57:14","date_gmt":"2024-04-07T03:57:14","guid":{"rendered":"https:\/\/nfc-readers.com\/?post_type=product&#038;p=1520"},"modified":"2024-10-16T08:07:41","modified_gmt":"2024-10-16T08:07:41","slug":"acr39u-uf-type-c-connector-smart-card-reader","status":"publish","type":"product","link":"https:\/\/nfc-readers.com\/vi\/ic-reader\/acr39u-uf-type-c-connector-smart-card-reader\/","title":{"rendered":"\u0110\u1ea7u \u0111\u1ecdc th\u1ebb th\u00f4ng minh ACR39U-UF-TYPE C"},"content":{"rendered":"<h1>\u0110\u1ea7u \u0111\u1ecdc th\u1ebb th\u00f4ng minh ACR39U-UF-TYPE C<\/h1>\n<p>\u0110\u1ea7u \u0111\u1ecdc th\u1ebb th\u00f4ng minh ACR39U-UF n\u1ed5i l\u00ean nh\u01b0 m\u1ed9t c\u00f4ng c\u1ee5 r\u1ea5t linh ho\u1ea1t v\u00e0 s\u00e1ng t\u1ea1o, k\u1ebft h\u1ee3p k\u1ebft n\u1ed1i USB Type C \u0111\u1ec3 s\u1eed d\u1ee5ng d\u1ec5 d\u00e0ng v\u00e0 linh ho\u1ea1t h\u01a1n. H\u1ed7 tr\u1ee3 c\u1ee7a n\u00f3 cho nhi\u1ec1u lo\u1ea1i th\u1ebb th\u00f4ng minh v\u00e0 tu\u00e2n th\u1ee7 c\u00e1c ti\u00eau chu\u1ea9n quan tr\u1ecdng c\u1ee7a ng\u00e0nh khi\u1ebfn n\u00f3 tr\u1edf th\u00e0nh \u0111\u1ea7u \u0111\u1ecdc NFC di \u0111\u1ed9ng c\u1ea7n thi\u1ebft cho v\u00f4 s\u1ed1 \u1ee9ng d\u1ee5ng an to\u00e0n tr\u00ean c\u1ea3 n\u1ec1n t\u1ea3ng m\u00e1y t\u00ednh \u0111\u1ec3 b\u00e0n v\u00e0 thi\u1ebft b\u1ecb di \u0111\u1ed9ng.<\/p>\n<ul>\n<li>\n<h2>Giao di\u1ec7n t\u1ed1c \u0111\u1ed9 \u0111\u1ea7y \u0111\u1ee7 USB 2.0<\/h2>\n<\/li>\n<li>\n<h2>\u0110\u1ea7u n\u1ed1i USB Type-C<\/h2>\n<\/li>\n<li>\n<h2>Plug and Play \u2013 H\u1ed7 tr\u1ee3 CCID mang l\u1ea1i t\u00ednh di \u0111\u1ed9ng t\u1ed1i \u0111a<\/h2>\n<\/li>\n<li>\n<h2>\u0110\u1ea7u \u0111\u1ecdc th\u1ebb th\u00f4ng minh:<\/h2>\n<ul>\n<li>\n<h3>H\u1ed7 tr\u1ee3 th\u1ebb ISO 7816 lo\u1ea1i A, B v\u00e0 C (5 V, 3 V, 1.8 V)<\/h3>\n<\/li>\n<li>\n<h3>H\u1ed7 tr\u1ee3 CAC<\/h3>\n<\/li>\n<li>\n<h3>H\u1ed7 tr\u1ee3 th\u1ebb SIPRNET<\/h3>\n<\/li>\n<li>\n<h3>H\u1ed7 tr\u1ee3 th\u1ebb J-LIS<\/h3>\n<\/li>\n<li>\n<h3>H\u1ed7 tr\u1ee3 th\u1ebb vi x\u1eed l\u00fd v\u1edbi giao th\u1ee9c T=0 ho\u1eb7c T=1<\/h3>\n<\/li>\n<li>\n<h3>H\u1ed7 tr\u1ee3 th\u1ebb nh\u1edb<\/h3>\n<\/li>\n<li>\n<h3>H\u1ed7 tr\u1ee3 th\u1ebb Mykad<\/h3>\n<\/li>\n<li>\n<h3>H\u1ed7 tr\u1ee3 PPS (L\u1ef1a ch\u1ecdn giao th\u1ee9c v\u00e0 tham s\u1ed1)<\/h3>\n<\/li>\n<li>\n<h3>T\u00ednh n\u0103ng b\u1ea3o v\u1ec7 ng\u1eafn m\u1ea1ch<\/h3>\n<\/li>\n<\/ul>\n<\/li>\n<li>\n<h2>Giao di\u1ec7n l\u1eadp tr\u00ecnh \u1ee9ng d\u1ee5ng:<\/h2>\n<ul>\n<li>\n<h3>H\u1ed7 tr\u1ee3 PC\/SC<\/h3>\n<\/li>\n<li>\n<h3>H\u1ed7 tr\u1ee3 CT-API CT-API (th\u00f4ng qua tr\u00ecnh bao b\u1ecdc tr\u00ean PC\/SC)<\/h3>\n<\/li>\n<\/ul>\n<\/li>\n<li>\n<h2>H\u1ed7 tr\u1ee3 Android\u2122 3.1 tr\u1edf l\u00ean<\/h2>\n<\/li>\n<li>\n<div>\n<table width=\"581\">\n<tbody>\n<tr>\n<td colspan=\"2\" width=\"581\">T\u00ednh ch\u1ea5t v\u1eadt l\u00fd<\/td>\n<\/tr>\n<tr>\n<td width=\"236\">K\u00edch th\u01b0\u1edbc (mm)<\/td>\n<td width=\"345\">72,2 mm (L) x 69,0 mm (W) x 14,5 mm (H)<\/td>\n<\/tr>\n<tr>\n<td width=\"236\">Tr\u1ecdng l\u01b0\u1ee3ng (g)<\/td>\n<td width=\"345\">65,0 g<\/td>\n<\/tr>\n<tr>\n<td colspan=\"2\" width=\"581\">Giao di\u1ec7n USB<\/td>\n<\/tr>\n<tr>\n<td width=\"236\">Giao th\u1ee9c<\/td>\n<td width=\"345\">USB CID<\/td>\n<\/tr>\n<tr>\n<td width=\"236\">lo\u1ea1i tr\u00ecnh k\u1ebft n\u1ed1i<\/td>\n<td width=\"345\">Lo\u1ea1i C ti\u00eau chu\u1ea9n<\/td>\n<\/tr>\n<tr>\n<td width=\"236\">Ngu\u1ed3n n\u0103ng l\u01b0\u1ee3ng<\/td>\n<td width=\"345\">T\u1eeb c\u1ed5ng USB<\/td>\n<\/tr>\n<tr>\n<td width=\"236\">T\u1ed1c \u0111\u1ed9<\/td>\n<td width=\"345\">USB 2.0 t\u1ed1c \u0111\u1ed9 t\u1ed1i \u0111a (12 Mb\/gi\u00e2y)<\/td>\n<\/tr>\n<tr>\n<td width=\"236\">Chi\u1ec1u d\u00e0i c\u00e1p<\/td>\n<td width=\"345\">1,5 m, C\u1ed1 \u0111\u1ecbnh<\/td>\n<\/tr>\n<tr>\n<td colspan=\"2\" width=\"581\">Giao di\u1ec7n th\u1ebb th\u00f4ng minh li\u00ean h\u1ec7<\/td>\n<\/tr>\n<tr>\n<td width=\"236\">S\u1ed1 l\u01b0\u1ee3ng khe<\/td>\n<td width=\"345\">1 Khe c\u1eafm th\u1ebb c\u1ee1 l\u1edbn<\/td>\n<\/tr>\n<tr>\n<td width=\"236\">Ti\u00eau chu\u1ea9n<\/td>\n<td width=\"345\">ISO 7816 Ph\u1ea7n 1-4, Lo\u1ea1i A, B, C (5 V, 3 V, 1.8 V)<\/td>\n<\/tr>\n<tr>\n<td width=\"236\">Giao th\u1ee9c<\/td>\n<td width=\"345\">T=0; T=1; H\u1ed7 tr\u1ee3 th\u1ebb nh\u1edb<\/td>\n<\/tr>\n<tr>\n<td width=\"236\">Ng\u01b0\u1eddi kh\u00e1c<\/td>\n<td width=\"345\">Th\u1ebb Mykad, CAC, PIV, SIPRNET, Th\u1ebb th\u00f4ng minh J-LIS<\/td>\n<\/tr>\n<tr>\n<td colspan=\"2\" width=\"581\">Ch\u1ee9ng nh\u1eadn\/Tu\u00e2n th\u1ee7<\/td>\n<\/tr>\n<tr>\n<td rowspan=\"18\" width=\"236\">Ch\u1ee9ng nh\u1eadn\/Tu\u00e2n th\u1ee7<\/td>\n<td width=\"345\">EN62368\/IEC 62368<\/td>\n<\/tr>\n<tr>\n<td width=\"345\">CN<\/td>\n<\/tr>\n<tr>\n<td width=\"345\">FCC<\/td>\n<\/tr>\n<tr>\n<td width=\"345\">RoHS<\/td>\n<\/tr>\n<tr>\n<td width=\"345\">V\u1edaI T\u1edaI<\/td>\n<\/tr>\n<tr>\n<td width=\"345\">EMV\u2122 C\u1ea5p 1 (Li\u00ean h\u1ec7)<\/td>\n<\/tr>\n<tr>\n<td width=\"345\">J-LIS<\/td>\n<\/tr>\n<tr>\n<td width=\"345\">KCC<\/td>\n<\/tr>\n<tr>\n<td width=\"345\">PBOC<\/td>\n<\/tr>\n<tr>\n<td width=\"345\">TAA (M\u1ef9)<\/td>\n<\/tr>\n<tr>\n<td width=\"345\">UKCA<\/td>\n<\/tr>\n<tr>\n<td width=\"345\">VCCI<\/td>\n<\/tr>\n<tr>\n<td width=\"345\">TU\u1ea6N<\/td>\n<\/tr>\n<tr>\n<td width=\"345\">ISO 7816<\/td>\n<\/tr>\n<tr>\n<td width=\"345\">USB 2.0 t\u1ed1c \u0111\u1ed9 t\u1ed1i \u0111a<\/td>\n<\/tr>\n<tr>\n<td width=\"345\">PC\/SC<\/td>\n<\/tr>\n<tr>\n<td width=\"345\">CCID<\/td>\n<\/tr>\n<tr>\n<td width=\"345\">Microsoft\u00ae WHQL<\/td>\n<\/tr>\n<tr>\n<td colspan=\"2\" width=\"581\">H\u1ed7 tr\u1ee3 h\u1ec7 \u0111i\u1ec1u h\u00e0nh tr\u00ecnh \u0111i\u1ec1u khi\u1ec3n thi\u1ebft b\u1ecb<\/td>\n<\/tr>\n<tr>\n<td rowspan=\"5\" width=\"236\">H\u1ed7 tr\u1ee3 h\u1ec7 \u0111i\u1ec1u h\u00e0nh tr\u00ecnh \u0111i\u1ec1u khi\u1ec3n thi\u1ebft b\u1ecb<\/td>\n<td width=\"345\">Windows\u00ae<\/td>\n<\/tr>\n<tr>\n<td width=\"345\">Linux\u00ae<\/td>\n<\/tr>\n<tr>\n<td width=\"345\">macOS\u00ae<\/td>\n<\/tr>\n<tr>\n<td width=\"345\">Solaris\u2122<\/td>\n<\/tr>\n<tr>\n<td width=\"345\">Android\u2122<\/td>\n<\/tr>\n<\/tbody>\n<\/table>\n<\/div>\n<\/li>\n<\/ul>","protected":false},"excerpt":{"rendered":"<p>ACR39U-UF l\u00e0 \u0110\u1ea7u \u0111\u1ecdc th\u1ebb an to\u00e0n USB Type C nh\u1ecf g\u1ecdn v\u00e0 ti\u1ebfp \u0111i\u1ec3m t\u1ed1c \u0111\u1ed9 cao, \u0111\u01b0\u1ee3c thi\u1ebft k\u1ebf \u0111\u1ec3 t\u00edch h\u1ee3p li\u1ec1n m\u1ea1ch v\u1edbi nhi\u1ec1u \u1ee9ng d\u1ee5ng th\u1ebb th\u00f4ng minh tr\u00ean nhi\u1ec1u thi\u1ebft b\u1ecb.<\/p>","protected":false},"featured_media":1524,"template":"","meta":[],"product_brand":[],"product_cat":[39],"product_tag":[],"class_list":{"0":"post-1520","1":"product","2":"type-product","3":"status-publish","4":"has-post-thumbnail","6":"product_cat-usb-ic-smartcard-reader","8":"first","9":"instock","10":"shipping-taxable","11":"product-type-simple"},"_links":{"self":[{"href":"https:\/\/nfc-readers.com\/vi\/wp-json\/wp\/v2\/product\/1520","targetHints":{"allow":["GET"]}}],"collection":[{"href":"https:\/\/nfc-readers.com\/vi\/wp-json\/wp\/v2\/product"}],"about":[{"href":"https:\/\/nfc-readers.com\/vi\/wp-json\/wp\/v2\/types\/product"}],"wp:featuredmedia":[{"embeddable":true,"href":"https:\/\/nfc-readers.com\/vi\/wp-json\/wp\/v2\/media\/1524"}],"wp:attachment":[{"href":"https:\/\/nfc-readers.com\/vi\/wp-json\/wp\/v2\/media?parent=1520"}],"wp:term":[{"taxonomy":"product_brand","embeddable":true,"href":"https:\/\/nfc-readers.com\/vi\/wp-json\/wp\/v2\/product_brand?post=1520"},{"taxonomy":"product_cat","embeddable":true,"href":"https:\/\/nfc-readers.com\/vi\/wp-json\/wp\/v2\/product_cat?post=1520"},{"taxonomy":"product_tag","embeddable":true,"href":"https:\/\/nfc-readers.com\/vi\/wp-json\/wp\/v2\/product_tag?post=1520"}],"curies":[{"name":"wp","href":"https:\/\/api.w.org\/{rel}","templated":true}]}}