{"id":1527,"date":"2024-04-07T04:11:14","date_gmt":"2024-04-07T04:11:14","guid":{"rendered":"https:\/\/nfc-readers.com\/?post_type=product&#038;p=1527"},"modified":"2024-10-16T08:04:40","modified_gmt":"2024-10-16T08:04:40","slug":"acr39u-nf-pocketmate-ii-usb-type-c-smart-card-reader","status":"publish","type":"product","link":"https:\/\/nfc-readers.com\/vi\/ic-reader\/acr39u-nf-pocketmate-ii-usb-type-c-smart-card-reader\/","title":{"rendered":"\u0110\u1ea7u \u0111\u1ecdc th\u1ebb th\u00f4ng minh ACR39U-NF PocketMate II (USB Type-C)"},"content":{"rendered":"<h1>\u0110\u1ea7u \u0111\u1ecdc th\u1ebb th\u00f4ng minh ACR39U-NF PocketMate II (USB Type-C)<\/h1>\n<p>ACR39 PocketMate II \u0111\u1ea1i di\u1ec7n cho gi\u1ea3i ph\u00e1p \u0111\u1ea7u \u0111\u1ecdc th\u1ebb th\u00f4ng minh v\u00e0 \u0111\u1ea7u \u0111\u1ecdc NFC di \u0111\u1ed9ng nh\u1ecf g\u1ecdn nh\u01b0ng m\u1ea1nh m\u1ebd, ph\u1ee5c v\u1ee5 cho nhi\u1ec1u \u1ee9ng d\u1ee5ng b\u1ea3o m\u1eadt. Kh\u1ea3 n\u0103ng k\u1ebft n\u1ed1i USB Type C ti\u00ean ti\u1ebfn, h\u1ed7 tr\u1ee3 th\u1ebb r\u1ed9ng v\u00e0 t\u00edch h\u1ee3p \u0111a n\u1ec1n t\u1ea3ng khi\u1ebfn n\u00f3 tr\u1edf th\u00e0nh c\u00f4ng c\u1ee5 kh\u00f4ng th\u1ec3 thi\u1ebfu \u0111\u1ec3 v\u1eadn h\u00e0nh an to\u00e0n v\u00e0 linh ho\u1ea1t tr\u00ean c\u1ea3 m\u00e1y t\u00ednh v\u00e0 mi\u1ec1n di \u0111\u1ed9ng.<\/p>\n<ul>\n<li>\n<h2>Giao di\u1ec7n t\u1ed1c \u0111\u1ed9 \u0111\u1ea7y \u0111\u1ee7 USB 2.0<\/h2>\n<\/li>\n<li>\n<h2>\u0110\u1ea7u n\u1ed1i USB Type-C<\/h2>\n<\/li>\n<li>\n<h2>Plug and Play \u2013 H\u1ed7 tr\u1ee3 CCID mang l\u1ea1i t\u00ednh di \u0111\u1ed9ng t\u1ed1i \u0111a<\/h2>\n<\/li>\n<li>\n<h2>Thi\u1ebft k\u1ebf chuy\u1ec3n \u0111\u1ed9ng xoay<\/h2>\n<\/li>\n<li>\n<h2>\u0110\u1ea7u \u0111\u1ecdc th\u1ebb th\u00f4ng minh:<\/h2>\n<ul>\n<li>\n<h3>H\u1ed7 tr\u1ee3 th\u1ebb ISO 7816 lo\u1ea1i A, B v\u00e0 C (5 V, 3 V, 1.8 V)<\/h3>\n<\/li>\n<li>\n<h3>H\u1ed7 tr\u1ee3 CAC<\/h3>\n<\/li>\n<li>\n<h3>H\u1ed7 tr\u1ee3 th\u1ebb SIPRNET<\/h3>\n<\/li>\n<li>\n<h3>H\u1ed7 tr\u1ee3 th\u1ebb J-LIS<\/h3>\n<\/li>\n<li>\n<h3>H\u1ed7 tr\u1ee3 th\u1ebb Mykad<\/h3>\n<\/li>\n<li>\n<h3>H\u1ed7 tr\u1ee3 th\u1ebb vi x\u1eed l\u00fd v\u1edbi giao th\u1ee9c T=0 ho\u1eb7c T=1<\/h3>\n<\/li>\n<li>\n<h3>H\u1ed7 tr\u1ee3 th\u1ebb nh\u1edb<\/h3>\n<\/li>\n<li>\n<h3>H\u1ed7 tr\u1ee3 PPS (L\u1ef1a ch\u1ecdn giao th\u1ee9c v\u00e0 tham s\u1ed1)<\/h3>\n<\/li>\n<li>\n<h3>T\u00ednh n\u0103ng b\u1ea3o v\u1ec7 ng\u1eafn m\u1ea1ch<\/h3>\n<\/li>\n<\/ul>\n<\/li>\n<li>\n<h2>Giao di\u1ec7n l\u1eadp tr\u00ecnh \u1ee9ng d\u1ee5ng:<\/h2>\n<ul>\n<li>\n<h3>H\u1ed7 tr\u1ee3 PC\/SC<\/h3>\n<\/li>\n<li>\n<h3>H\u1ed7 tr\u1ee3 CT-API CT-API (th\u00f4ng qua tr\u00ecnh bao b\u1ecdc tr\u00ean PC\/SC)<\/h3>\n<\/li>\n<\/ul>\n<\/li>\n<li>\n<h2>H\u1ed7 tr\u1ee3 Android\u2122 3.1 tr\u1edf l\u00ean<\/h2>\n<\/li>\n<li>\n<div>\n<table width=\"719\">\n<tbody>\n<tr>\n<td colspan=\"2\" width=\"719\">T\u00ednh ch\u1ea5t v\u1eadt l\u00fd<\/td>\n<\/tr>\n<tr>\n<td width=\"326\">K\u00edch th\u01b0\u1edbc (mm)<\/td>\n<td width=\"393\">58,0 mm (L) x 20,0 mm (W) x13,9 mm (H)<\/td>\n<\/tr>\n<tr>\n<td width=\"326\">Tr\u1ecdng l\u01b0\u1ee3ng (g)<\/td>\n<td width=\"393\">10 g<\/td>\n<\/tr>\n<tr>\n<td colspan=\"2\" width=\"719\">Giao di\u1ec7n USB<\/td>\n<\/tr>\n<tr>\n<td width=\"326\">Giao th\u1ee9c<\/td>\n<td width=\"393\">USB CID<\/td>\n<\/tr>\n<tr>\n<td width=\"326\">lo\u1ea1i tr\u00ecnh k\u1ebft n\u1ed1i<\/td>\n<td width=\"393\">Lo\u1ea1i ti\u00eau chu\u1ea9n C<\/td>\n<\/tr>\n<tr>\n<td width=\"326\">Ngu\u1ed3n n\u0103ng l\u01b0\u1ee3ng<\/td>\n<td width=\"393\">T\u1eeb c\u1ed5ng USB<\/td>\n<\/tr>\n<tr>\n<td width=\"326\">T\u1ed1c \u0111\u1ed9<\/td>\n<td width=\"393\">T\u1ed1c \u0111\u1ed9 t\u1ed1i \u0111a USB (12 Mb\/gi\u00e2y)<\/td>\n<\/tr>\n<tr>\n<td colspan=\"2\" width=\"719\">Giao di\u1ec7n th\u1ebb th\u00f4ng minh li\u00ean h\u1ec7<\/td>\n<\/tr>\n<tr>\n<td width=\"326\">S\u1ed1 l\u01b0\u1ee3ng khe<\/td>\n<td width=\"393\">1 Khe c\u1eafm th\u1ebb c\u1ee1 l\u1edbn<\/td>\n<\/tr>\n<tr>\n<td width=\"326\">Ti\u00eau chu\u1ea9n<\/td>\n<td width=\"393\">ISO 7816 Ph\u1ea7n 1-3, Lo\u1ea1i A, B, C (5 V, 3 V, 1.8 V)<\/td>\n<\/tr>\n<tr>\n<td width=\"326\">Giao th\u1ee9c<\/td>\n<td width=\"393\">T=0; T=1; H\u1ed7 tr\u1ee3 th\u1ebb nh\u1edb<\/td>\n<\/tr>\n<tr>\n<td width=\"326\">Ng\u01b0\u1eddi kh\u00e1c<\/td>\n<td width=\"393\">Th\u1ebb th\u00f4ng minh CAC, PIV, SIPRNET, J-LIS<\/td>\n<\/tr>\n<tr>\n<td colspan=\"2\" width=\"719\">Ch\u1ee9ng nh\u1eadn\/Tu\u00e2n th\u1ee7<\/td>\n<\/tr>\n<tr>\n<td rowspan=\"16\" width=\"326\">Ch\u1ee9ng nh\u1eadn\/Tu\u00e2n th\u1ee7<\/td>\n<td>EN 60950\/IEC 60950<\/td>\n<\/tr>\n<tr>\n<td>ISO 7816<\/td>\n<\/tr>\n<tr>\n<td>T\u1ed1c \u0111\u1ed9 t\u1ed1i \u0111a USB<\/td>\n<\/tr>\n<tr>\n<td>EMV\u2122 C\u1ea5p 1 (Li\u00ean h\u1ec7)<\/td>\n<\/tr>\n<tr>\n<td>PC\/SC<\/td>\n<\/tr>\n<tr>\n<td>CCID<\/td>\n<\/tr>\n<tr>\n<td>TAA (M\u1ef9)<\/td>\n<\/tr>\n<tr>\n<td>VCCI (Nh\u1eadt B\u1ea3n)<\/td>\n<\/tr>\n<tr>\n<td>J-LIS (Nh\u1eadt B\u1ea3n)<\/td>\n<\/tr>\n<tr>\n<td>PBOC (Trung Qu\u1ed1c)<\/td>\n<\/tr>\n<tr>\n<td>CN<\/td>\n<\/tr>\n<tr>\n<td>FCC<\/td>\n<\/tr>\n<tr>\n<td>TU\u1ea6N<\/td>\n<\/tr>\n<tr>\n<td>RoHS 2<\/td>\n<\/tr>\n<tr>\n<td>V\u1edaI T\u1edaI<\/td>\n<\/tr>\n<tr>\n<td>Microsoft\u00ae WHQL<\/td>\n<\/tr>\n<tr>\n<td colspan=\"2\" width=\"719\">H\u1ed7 tr\u1ee3 h\u1ec7 \u0111i\u1ec1u h\u00e0nh tr\u00ecnh \u0111i\u1ec1u khi\u1ec3n thi\u1ebft b\u1ecb<\/td>\n<\/tr>\n<tr>\n<td rowspan=\"5\" width=\"326\">H\u1ed7 tr\u1ee3 h\u1ec7 \u0111i\u1ec1u h\u00e0nh tr\u00ecnh \u0111i\u1ec1u khi\u1ec3n thi\u1ebft b\u1ecb<\/td>\n<td>Windows\u00ae<\/td>\n<\/tr>\n<tr>\n<td>Linux\u00ae<\/td>\n<\/tr>\n<tr>\n<td>MAC OS\u00ae<\/td>\n<\/tr>\n<tr>\n<td>Solaris<\/td>\n<\/tr>\n<tr>\n<td>Android\u2122 3.1 tr\u1edf l\u00ean<\/td>\n<\/tr>\n<\/tbody>\n<\/table>\n<\/div>\n<\/li>\n<\/ul>","protected":false},"excerpt":{"rendered":"<p>ACR39U PocketMate II l\u00e0 \u0110\u1ea7u \u0111\u1ecdc th\u1ebb USB Type C an to\u00e0n nh\u1ecf g\u1ecdn, cung c\u1ea5p hi\u1ec7u su\u1ea5t t\u1ed1c \u0111\u1ed9 cao cho c\u00e1c \u1ee9ng d\u1ee5ng th\u1ebb th\u00f4ng minh, bao g\u1ed3m ch\u1eef k\u00fd s\u1ed1 v\u00e0 giao d\u1ecbch ng\u00e2n h\u00e0ng an to\u00e0n.<\/p>","protected":false},"featured_media":1530,"template":"","meta":[],"product_brand":[],"product_cat":[39],"product_tag":[],"class_list":{"0":"post-1527","1":"product","2":"type-product","3":"status-publish","4":"has-post-thumbnail","6":"product_cat-usb-ic-smartcard-reader","8":"first","9":"instock","10":"shipping-taxable","11":"product-type-simple"},"_links":{"self":[{"href":"https:\/\/nfc-readers.com\/vi\/wp-json\/wp\/v2\/product\/1527","targetHints":{"allow":["GET"]}}],"collection":[{"href":"https:\/\/nfc-readers.com\/vi\/wp-json\/wp\/v2\/product"}],"about":[{"href":"https:\/\/nfc-readers.com\/vi\/wp-json\/wp\/v2\/types\/product"}],"wp:featuredmedia":[{"embeddable":true,"href":"https:\/\/nfc-readers.com\/vi\/wp-json\/wp\/v2\/media\/1530"}],"wp:attachment":[{"href":"https:\/\/nfc-readers.com\/vi\/wp-json\/wp\/v2\/media?parent=1527"}],"wp:term":[{"taxonomy":"product_brand","embeddable":true,"href":"https:\/\/nfc-readers.com\/vi\/wp-json\/wp\/v2\/product_brand?post=1527"},{"taxonomy":"product_cat","embeddable":true,"href":"https:\/\/nfc-readers.com\/vi\/wp-json\/wp\/v2\/product_cat?post=1527"},{"taxonomy":"product_tag","embeddable":true,"href":"https:\/\/nfc-readers.com\/vi\/wp-json\/wp\/v2\/product_tag?post=1527"}],"curies":[{"name":"wp","href":"https:\/\/api.w.org\/{rel}","templated":true}]}}