{"id":1537,"date":"2024-04-07T06:01:23","date_gmt":"2024-04-07T06:01:23","guid":{"rendered":"https:\/\/nfc-readers.com\/?post_type=product&#038;p=1537"},"modified":"2024-10-16T07:57:49","modified_gmt":"2024-10-16T07:57:49","slug":"acr3901u-s1-bluetooth-smart-card-reader-writer","status":"publish","type":"product","link":"https:\/\/nfc-readers.com\/vi\/ic-reader\/acr3901u-s1-bluetooth-smart-card-reader-writer\/","title":{"rendered":"\u0110\u1ea7u \u0111\u1ecdc th\u1ebb th\u00f4ng minh Bluetooth\u00ae ACR3901U-S1 \u2013 \u0110\u1ea7u ghi"},"content":{"rendered":"<h1>\u0110\u1ea7u \u0111\u1ecdc th\u1ebb th\u00f4ng minh Bluetooth\u00ae ACR3901U-S1 \u2013 \u0110\u1ea7u ghi<\/h1>\n<p>ACR3901U-S1 th\u1ec3 hi\u1ec7n m\u00ecnh l\u00e0 m\u1ed9t thi\u1ebft b\u1ecb bluetooth c\u00f3 \u0111\u1ea7u \u0111\u1ecdc nfc c\u00f4ng ngh\u1ec7 cao, r\u1ea5t ph\u00f9 h\u1ee3p cho nh\u1eefng c\u00e1 nh\u00e2n am hi\u1ec3u c\u00f4ng ngh\u1ec7 hi\u1ec7n \u0111\u1ea1i. N\u00f3 \u0111\u1ea3m b\u1ea3o kh\u1ea3 n\u0103ng t\u01b0\u01a1ng th\u00edch r\u1ed9ng r\u00e3i v\u1edbi th\u1ebb th\u00f4ng minh v\u00e0 thi\u1ebft b\u1ecb c\u00e1 nh\u00e2n, k\u1ebft h\u1ee3p t\u1ed1c \u0111\u1ed9 truy\u1ec1n d\u1eef li\u1ec7u nhanh v\u1edbi t\u00ednh di \u0111\u1ed9ng, \u0111\u01b0\u1ee3c n\u00e2ng cao nh\u1edd kh\u1ea3 n\u0103ng Bluetooth kh\u00f4ng d\u00e2y, khi\u1ebfn n\u00f3 tr\u1edf th\u00e0nh c\u00f4ng c\u1ee5 kh\u00f4ng th\u1ec3 thi\u1ebfu cho nh\u1eefng ng\u01b0\u1eddi y\u00eau c\u1ea7u giao d\u1ecbch th\u1ebb th\u00f4ng minh an to\u00e0n v\u00e0 linh ho\u1ea1t.<\/p>\n<ul>\n<li>\n<h2>Giao di\u1ec7n Bluetooth\u00ae<\/h2>\n<\/li>\n<li>\n<h2>Giao di\u1ec7n t\u1ed1c \u0111\u1ed9 \u0111\u1ea7y \u0111\u1ee7 USB 2.0<\/h2>\n<\/li>\n<li>\n<h2>Ngu\u1ed3n n\u0103ng l\u01b0\u1ee3ng<\/h2>\n<ul>\n<li>\n<h3>Ch\u1ea1y b\u1eb1ng pin (k\u1ebft h\u1ee3p pin Litium-ion c\u00f3 th\u1ec3 s\u1ea1c l\u1ea1i qua c\u1ed5ng Micro-USB)<\/h3>\n<\/li>\n<li>\n<h3>H\u1ed7 tr\u1ee3 USB (th\u00f4ng qua ch\u1ebf \u0111\u1ed9 li\u00ean k\u1ebft v\u1edbi PC)<\/h3>\n<\/li>\n<\/ul>\n<\/li>\n<li>\n<h2>Tu\u00e2n th\u1ee7 CCID<\/h2>\n<\/li>\n<li>\n<h2>\u0110\u1ea7u \u0111\u1ecdc th\u1ebb th\u00f4ng minh:<\/h2>\n<ul>\n<li>\n<h3>Giao di\u1ec7n li\u00ean h\u1ec7:<\/h3>\n<ul>\n<li>\n<h4>H\u1ed7 tr\u1ee3 th\u1ebb ISO 7816 lo\u1ea1i A, B v\u00e0 C (5 V, 3 V, 1.8 V)<\/h4>\n<\/li>\n<li>\n<h4>H\u1ed7 tr\u1ee3 th\u1ebb vi x\u1eed l\u00fd v\u1edbi giao th\u1ee9c T=0 ho\u1eb7c T=1<\/h4>\n<\/li>\n<li>\n<h4>H\u1ed7 tr\u1ee3 th\u1ebb nh\u1edb<\/h4>\n<\/li>\n<li>\n<h4>H\u1ed7 tr\u1ee3 PPS (L\u1ef1a ch\u1ecdn giao th\u1ee9c v\u00e0 tham s\u1ed1)<\/h4>\n<\/li>\n<li>\n<h4>T\u00ednh n\u0103ng b\u1ea3o v\u1ec7 ng\u1eafn m\u1ea1ch<\/h4>\n<\/li>\n<li>\n<h4>H\u1ed7 tr\u1ee3 thu\u1eadt to\u00e1n m\u00e3 h\u00f3a AES-128<\/h4>\n<\/li>\n<\/ul>\n<\/li>\n<\/ul>\n<\/li>\n<li>\n<h2>Thi\u1ebft b\u1ecb ngo\u1ea1i vi t\u00edch h\u1ee3p:<\/h2>\n<ul>\n<li>\n<h3>Ba \u0111\u00e8n LED \u0111\u01a1n m\u00e0u<\/h3>\n<\/li>\n<\/ul>\n<\/li>\n<li>\n<h2>Giao di\u1ec7n l\u1eadp tr\u00ecnh \u1ee9ng d\u1ee5ng:<\/h2>\n<ul>\n<li>\n<h3>H\u1ed7 tr\u1ee3 PC\/SC<\/h3>\n<\/li>\n<li>\n<h3>H\u1ed7 tr\u1ee3 CT-API (th\u00f4ng qua tr\u00ecnh bao b\u1ecdc tr\u00ean PC\/SC)<\/h3>\n<\/li>\n<\/ul>\n<\/li>\n<li>\n<h2>Kh\u1ea3 n\u0103ng n\u00e2ng c\u1ea5p ch\u01b0\u01a1ng tr\u00ecnh c\u01a1 s\u1edf USB<\/h2>\n<\/li>\n<li>\n<h2>H\u1ed7 tr\u1ee3 Android\u2122 4.3 tr\u1edf l\u00ean<\/h2>\n<\/li>\n<li>\n<h2>H\u1ed7 tr\u1ee3 iOS 8.0 tr\u1edf l\u00ean<\/h2>\n<\/li>\n<li>\n<div>\n<table width=\"556\">\n<tbody>\n<tr>\n<td colspan=\"2\" width=\"556\">T\u00ednh ch\u1ea5t v\u1eadt l\u00fd<\/td>\n<\/tr>\n<tr>\n<td width=\"190\">K\u00edch th\u01b0\u1edbc (mm)<\/td>\n<td width=\"366\">94 mm (L) \u00d7 60 mm (W) \u00d7 12 mm (H)<\/td>\n<\/tr>\n<tr>\n<td width=\"190\">Tr\u1ecdng l\u01b0\u1ee3ng (g)<\/td>\n<td width=\"366\">30,8 g (59,7 g v\u1edbi c\u00e1p \u00b1 5 g)<\/td>\n<\/tr>\n<tr>\n<td colspan=\"2\" width=\"556\">Giao di\u1ec7n Bluetooth<\/td>\n<\/tr>\n<tr>\n<td width=\"190\">Giao th\u1ee9c<\/td>\n<td width=\"366\">Bluetooth\u00ae (Bluetooth n\u0103ng l\u01b0\u1ee3ng th\u1ea5p \/ Bluetooth 4.0)<\/td>\n<\/tr>\n<tr>\n<td width=\"190\">Ngu\u1ed3n n\u0103ng l\u01b0\u1ee3ng<\/td>\n<td width=\"366\">Pin Lithium-ion c\u00f3 th\u1ec3 s\u1ea1c l\u1ea1i (s\u1ea1c qua USB)<\/td>\n<\/tr>\n<tr>\n<td width=\"190\">T\u1ed1c \u0111\u1ed9<\/td>\n<td width=\"366\">1 Mb\/gi\u00e2y<\/td>\n<\/tr>\n<tr>\n<td colspan=\"2\" width=\"556\">Giao di\u1ec7n USB<\/td>\n<\/tr>\n<tr>\n<td width=\"190\">Giao th\u1ee9c<\/td>\n<td width=\"366\">USB CID<\/td>\n<\/tr>\n<tr>\n<td width=\"190\">lo\u1ea1i tr\u00ecnh k\u1ebft n\u1ed1i<\/td>\n<td width=\"366\">Micro USB<\/td>\n<\/tr>\n<tr>\n<td width=\"190\">Ngu\u1ed3n n\u0103ng l\u01b0\u1ee3ng<\/td>\n<td width=\"366\">T\u1eeb c\u1ed5ng USB<\/td>\n<\/tr>\n<tr>\n<td width=\"190\">T\u1ed1c \u0111\u1ed9<\/td>\n<td width=\"366\">T\u1ed1c \u0111\u1ed9 t\u1ed1i \u0111a USB (12 Mb\/gi\u00e2y)<\/td>\n<\/tr>\n<tr>\n<td width=\"190\">Chi\u1ec1u d\u00e0i c\u00e1p<\/td>\n<td width=\"366\">1 m, c\u00f3 th\u1ec3 th\u00e1o r\u1eddi<\/td>\n<\/tr>\n<tr>\n<td colspan=\"2\" width=\"556\">Giao di\u1ec7n th\u1ebb th\u00f4ng minh li\u00ean h\u1ec7<\/td>\n<\/tr>\n<tr>\n<td width=\"190\">S\u1ed1 l\u01b0\u1ee3ng khe<\/td>\n<td width=\"366\">1 Khe c\u1eafm th\u1ebb c\u1ee1 l\u1edbn<\/td>\n<\/tr>\n<tr>\n<td width=\"190\">Ti\u00eau chu\u1ea9n<\/td>\n<td width=\"366\">ISO 7816 Ph\u1ea7n 1-4, Lo\u1ea1i A, B, C (5 V, 3 V, 1.8 V)<\/td>\n<\/tr>\n<tr>\n<td width=\"190\">Giao th\u1ee9c<\/td>\n<td width=\"366\">T=0; T=1; H\u1ed7 tr\u1ee3 th\u1ebb nh\u1edb<\/td>\n<\/tr>\n<tr>\n<td colspan=\"2\" width=\"556\">Thi\u1ebft b\u1ecb ngo\u1ea1i vi t\u00edch h\u1ee3p<\/td>\n<\/tr>\n<tr>\n<td width=\"190\">D\u1eaaN \u0110\u1ebeN<\/td>\n<td width=\"366\">3 m\u00e0u \u0111\u01a1n: \u0110\u1ecf, Xanh lam v\u00e0 Xanh l\u1ee5c<\/td>\n<\/tr>\n<tr>\n<td colspan=\"2\" width=\"556\">C\u00e1c t\u00ednh n\u0103ng kh\u00e1c<\/td>\n<\/tr>\n<tr>\n<td width=\"190\">M\u00e3 h\u00f3a<\/td>\n<td width=\"366\">Thu\u1eadt to\u00e1n m\u00e3 h\u00f3a AES trong thi\u1ebft b\u1ecb<\/td>\n<\/tr>\n<tr>\n<td width=\"190\">N\u00e2ng c\u1ea5p ch\u01b0\u01a1ng tr\u00ecnh c\u01a1 s\u1edf<\/td>\n<td width=\"366\">\u0110\u01b0\u1ee3c h\u1ed7 tr\u1ee3<\/td>\n<\/tr>\n<tr>\n<td colspan=\"2\" width=\"556\">Ch\u1ee9ng nh\u1eadn\/Tu\u00e2n th\u1ee7<\/td>\n<\/tr>\n<tr>\n<td rowspan=\"14\" width=\"190\">Ch\u1ee9ng nh\u1eadn\/Tu\u00e2n th\u1ee7<\/td>\n<td width=\"366\">EN 60950\/IEC 60950<\/td>\n<\/tr>\n<tr>\n<td width=\"366\">ISO 7816<\/td>\n<\/tr>\n<tr>\n<td width=\"366\">T\u1ed1c \u0111\u1ed9 t\u1ed1i \u0111a USB<\/td>\n<\/tr>\n<tr>\n<td width=\"366\">Bluetooth\u00ae<\/td>\n<\/tr>\n<tr>\n<td width=\"366\">EMV\u2122 C\u1ea5p 1 (Li\u00ean h\u1ec7)<\/td>\n<\/tr>\n<tr>\n<td width=\"366\">PC\/SC<\/td>\n<\/tr>\n<tr>\n<td width=\"366\">CCID<\/td>\n<\/tr>\n<tr>\n<td width=\"366\">CN<\/td>\n<\/tr>\n<tr>\n<td width=\"366\">FCC<\/td>\n<\/tr>\n<tr>\n<td width=\"366\">RoHS<\/td>\n<\/tr>\n<tr>\n<td width=\"366\">V\u1edaI T\u1edaI<\/td>\n<\/tr>\n<tr>\n<td width=\"366\">VCCI (Nh\u1eadt B\u1ea3n)<\/td>\n<\/tr>\n<tr>\n<td width=\"366\">MIC (Nh\u1eadt B\u1ea3n)<\/td>\n<\/tr>\n<tr>\n<td width=\"366\">Microsoft\u00ae WHQL<\/td>\n<\/tr>\n<tr>\n<td colspan=\"2\" width=\"556\">H\u1ed7 tr\u1ee3 h\u1ec7 \u0111i\u1ec1u h\u00e0nh tr\u00ecnh \u0111i\u1ec1u khi\u1ec3n thi\u1ebft b\u1ecb<\/td>\n<\/tr>\n<tr>\n<td rowspan=\"5\" width=\"190\">H\u1ed7 tr\u1ee3 h\u1ec7 \u0111i\u1ec1u h\u00e0nh tr\u00ecnh \u0111i\u1ec1u khi\u1ec3n thi\u1ebft b\u1ecb<\/td>\n<td width=\"366\">Windows\u00ae<\/td>\n<\/tr>\n<tr>\n<td width=\"366\">Linux\u00ae<\/td>\n<\/tr>\n<tr>\n<td width=\"366\">MAC OS\u00ae 10.7 tr\u1edf l\u00ean<\/td>\n<\/tr>\n<tr>\n<td width=\"366\">Android\u2122 4.3 tr\u1edf l\u00ean<\/td>\n<\/tr>\n<tr>\n<td width=\"366\">iOS 8.0 tr\u1edf l\u00ean<\/td>\n<\/tr>\n<\/tbody>\n<\/table>\n<\/div>\n<\/li>\n<\/ul>","protected":false},"excerpt":{"rendered":"<p>ACR3901U-S1 l\u00e0 \u0110\u1ea7u \u0111\u1ecdc th\u1ebb USB an to\u00e0n di \u0111\u1ed9ng v\u00e0 \u0110\u1ea7u \u0111\u1ecdc th\u1ebb ti\u1ebfp x\u00fac Bluetooth\u00ae, mang l\u1ea1i hi\u1ec7u su\u1ea5t t\u1ed1c \u0111\u1ed9 cao cho c\u00e1c \u1ee9ng d\u1ee5ng th\u1ebb th\u00f4ng minh khi di chuy\u1ec3n.<\/p>","protected":false},"featured_media":1538,"template":"","meta":[],"product_brand":[],"product_cat":[39],"product_tag":[],"class_list":{"0":"post-1537","1":"product","2":"type-product","3":"status-publish","4":"has-post-thumbnail","6":"product_cat-usb-ic-smartcard-reader","8":"first","9":"instock","10":"shipping-taxable","11":"product-type-simple"},"_links":{"self":[{"href":"https:\/\/nfc-readers.com\/vi\/wp-json\/wp\/v2\/product\/1537","targetHints":{"allow":["GET"]}}],"collection":[{"href":"https:\/\/nfc-readers.com\/vi\/wp-json\/wp\/v2\/product"}],"about":[{"href":"https:\/\/nfc-readers.com\/vi\/wp-json\/wp\/v2\/types\/product"}],"wp:featuredmedia":[{"embeddable":true,"href":"https:\/\/nfc-readers.com\/vi\/wp-json\/wp\/v2\/media\/1538"}],"wp:attachment":[{"href":"https:\/\/nfc-readers.com\/vi\/wp-json\/wp\/v2\/media?parent=1537"}],"wp:term":[{"taxonomy":"product_brand","embeddable":true,"href":"https:\/\/nfc-readers.com\/vi\/wp-json\/wp\/v2\/product_brand?post=1537"},{"taxonomy":"product_cat","embeddable":true,"href":"https:\/\/nfc-readers.com\/vi\/wp-json\/wp\/v2\/product_cat?post=1537"},{"taxonomy":"product_tag","embeddable":true,"href":"https:\/\/nfc-readers.com\/vi\/wp-json\/wp\/v2\/product_tag?post=1537"}],"curies":[{"name":"wp","href":"https:\/\/api.w.org\/{rel}","templated":true}]}}