{"id":1550,"date":"2024-04-07T06:15:08","date_gmt":"2024-04-07T06:15:08","guid":{"rendered":"https:\/\/nfc-readers.com\/?post_type=product&#038;p=1550"},"modified":"2024-10-16T06:43:39","modified_gmt":"2024-10-16T06:43:39","slug":"acr1281u-c1-usb-dual-interface-reader","status":"publish","type":"product","link":"https:\/\/nfc-readers.com\/vi\/ic-reader\/acr1281u-c1-usb-dual-interface-reader\/","title":{"rendered":"\u0110\u1ea7u \u0111\u1ecdc giao di\u1ec7n k\u00e9p usb ACR1281U-C1"},"content":{"rendered":"<h1>\u0110\u1ea7u \u0111\u1ecdc giao di\u1ec7n k\u00e9p usb ACR1281U-C1<\/h1>\n<p>ACR1281U-C1 DualBoost II l\u00e0 phi\u00ean b\u1ea3n n\u00e2ng c\u1ea5p c\u1ee7a ACR128 DualBoost Reader. Ho\u1ea1t \u0111\u1ed9ng nh\u01b0 m\u1ed9t \u0110\u1ea7u \u0111\u1ecdc th\u1ebb th\u00f4ng minh, n\u00f3 cung c\u1ea5p giao di\u1ec7n k\u00e9p hi\u1ec7u qu\u1ea3 c\u00f3 kh\u1ea3 n\u0103ng giao ti\u1ebfp v\u1edbi b\u1ea5t k\u1ef3 th\u1ebb th\u00f4ng minh n\u00e0o tu\u00e2n th\u1ee7 c\u00e1c ti\u00eau chu\u1ea9n ISO 7816 v\u00e0 ISO 14443. DualBoost II th\u1ebf h\u1ec7 th\u1ee9 hai n\u00e0y k\u1ebft h\u1ee3p c\u00e1c ho\u1ea1t \u0111\u1ed9ng c\u1ee7a th\u1ebb th\u00f4ng minh ti\u1ebfp x\u00fac v\u00e0 kh\u00f4ng ti\u1ebfp x\u00fac ri\u00eang bi\u1ec7t truy\u1ec1n th\u1ed1ng th\u00e0nh m\u1ed9t \u0111\u01a1n v\u1ecb g\u1eafn k\u1ebft duy nh\u1ea5t, cho ph\u00e9p s\u1eed d\u1ee5ng m\u1ed9t th\u1ebb cho nhi\u1ec1u \u1ee9ng d\u1ee5ng kh\u00e1c nhau. Ti\u1ec7n \u00edch c\u1ee7a n\u00f3 t\u1ecfa s\u00e1ng trong th\u01b0\u01a1ng m\u1ea1i \u0111i\u1ec7n t\u1eed, cho ph\u00e9p x\u1eed l\u00fd thanh to\u00e1n tr\u1ef1c tuy\u1ebfn th\u00f4ng qua th\u1ebb t\u00edn d\u1ee5ng m\u1ed9t c\u00e1ch an to\u00e0n v\u00e0 n\u00f3 \u0111\u00f3ng vai tr\u00f2 quan tr\u1ecdng trong giao th\u00f4ng c\u00f4ng c\u1ed9ng, h\u1ed7 tr\u1ee3 n\u1ea1p ti\u1ec1n th\u1ebb kh\u00f4ng ti\u1ebfp x\u00fac trong h\u1ec7 th\u1ed1ng gi\u00e1 v\u00e9 t\u1ef1 \u0111\u1ed9ng. N\u00f3 th\u1ec3 hi\u1ec7n t\u1ea7m nh\u00ecn v\u1ec1 gi\u1ea3i ph\u00e1p m\u1ed9t th\u1ebb trong \u0111\u00f3 v\u00f4 s\u1ed1 ch\u1ee9c n\u0103ng c\u1ee7a th\u1ebb th\u00f4ng minh \u0111\u01b0\u1ee3c h\u1ee3p nh\u1ea5t th\u00e0nh m\u1ed9t th\u1ebb. D\u00f2ng DualBoost n\u00e2ng c\u1ea5p ho\u00e0n to\u00e0n tu\u00e2n th\u1ee7 PC\/SC \u0111\u1ec3 t\u01b0\u01a1ng t\u00e1c li\u1ec1n m\u1ea1ch v\u1edbi c\u1ea3 giao di\u1ec7n ti\u1ebfp x\u00fac v\u00e0 kh\u00f4ng ti\u1ebfp x\u00fac. L\u00e0 m\u1ed9t \u0111\u1ea7u \u0111\u1ecdc NFC di \u0111\u1ed9ng, n\u00f3 t\u0103ng c\u01b0\u1eddng kh\u1ea3 n\u0103ng giao ti\u1ebfp cho th\u1ebb kh\u00f4ng ti\u1ebfp x\u00fac v\u1edbi t\u1ed1c \u0111\u1ed9 l\u00ean t\u1edbi 848 kbps, ph\u1ee5c v\u1ee5 c\u00e1c \u1ee9ng d\u1ee5ng n\u00e2ng cao y\u00eau c\u1ea7u hi\u1ec7u su\u1ea5t cao. \u0110\u1ea7u \u0111\u1ecdc c\u00f2n \u0111\u01b0\u1ee3c trang b\u1ecb c\u01a1 ch\u1ebf th\u00f4ng minh \u0111\u1ec3 x\u1eed l\u00fd th\u1ebb lai v\u00e0 th\u1ebb combi, mang \u0111\u1ebfn kh\u1ea3 n\u0103ng x\u00e1c \u0111\u1ecbnh th\u1ebb kh\u00f4ng ti\u1ebfp x\u00fac \u0111\u01b0\u1ee3c nh\u1eadp sai v\u00e0o khe c\u1eafm th\u1ebb li\u00ean h\u1ec7. T\u00edch h\u1ee3p v\u1edbi thi\u1ebft k\u1ebf c\u1ee7a n\u00f3 l\u00e0 khe c\u1eafm SAM gi\u00fap t\u0103ng c\u01b0\u1eddng b\u1ea3o m\u1eadt tr\u00ean c\u1ea3 hai giao di\u1ec7n. C\u00e1c t\u00ednh n\u0103ng n\u00e2ng cao nh\u01b0 kh\u1ea3 n\u0103ng n\u00e2ng c\u1ea5p ch\u01b0\u01a1ng tr\u00ecnh c\u01a1 s\u1edf qua USB, kh\u1ea3 n\u0103ng t\u01b0\u01a1ng th\u00edch v\u1edbi th\u1ebb nh\u1edb li\u00ean h\u1ec7 v\u00e0 h\u1ed7 tr\u1ee3 c\u00e1c l\u1ec7nh APDU m\u1edf r\u1ed9ng gi\u00fap ACR1281U-C1 DualBoost II tr\u1edf th\u00e0nh m\u1ed9t s\u1ea3n ph\u1ea9m ti\u1ebft ki\u1ec7m chi ph\u00ed- c\u00f4ng c\u1ee5 to\u00e0n di\u1ec7n hi\u1ec7u qu\u1ea3 v\u00e0 m\u1ea1nh m\u1ebd gi\u00fap n\u00e2ng cao s\u1ef1 thu\u1eadn ti\u1ec7n v\u00e0 linh ho\u1ea1t trong nhi\u1ec1u h\u1ec7 th\u1ed1ng th\u1ebb th\u00f4ng minh.<\/p>\n<p><iframe loading=\"lazy\" title=\"\u0110\u1ea7u \u0111\u1ecdc th\u1ebb th\u00f4ng minh ti\u1ebfp x\u00fac v\u00e0 kh\u00f4ng ti\u1ebfp x\u00fac ACR1281U C1\" width=\"1020\" height=\"574\" src=\"https:\/\/www.youtube.com\/embed\/dABTVMG9dvI?feature=oembed\" frameborder=\"0\" allow=\"accelerometer; autoplay; clipboard-write; encrypted-media; gyroscope; picture-in-picture; web-share\" referrerpolicy=\"strict-origin-when-cross-origin\" allowfullscreen><\/iframe><\/p>\n<ul>\n<li>\n<h2>Giao di\u1ec7n t\u1ed1c \u0111\u1ed9 \u0111\u1ea7y \u0111\u1ee7 USB 2.0<\/h2>\n<\/li>\n<li>\n<h2>Tu\u00e2n th\u1ee7 CCID<\/h2>\n<\/li>\n<li>\n<h2>\u0110\u1ea7u \u0111\u1ecdc th\u1ebb th\u00f4ng minh kh\u00f4ng ti\u1ebfp x\u00fac:<\/h2>\n<ul>\n<li>\n<h3>T\u1ed1c \u0111\u1ed9 \u0111\u1ecdc\/ghi l\u00ean t\u1edbi 848 kbps<\/h3>\n<\/li>\n<li>\n<h3>\u0102ng-ten t\u00edch h\u1ee3p \u0111\u1ec3 truy c\u1eadp th\u1ebb kh\u00f4ng ti\u1ebfp x\u00fac, v\u1edbi kho\u1ea3ng c\u00e1ch \u0111\u1ecdc th\u1ebb l\u00ean t\u1edbi 50 mm (t\u00f9y thu\u1ed9c v\u00e0o lo\u1ea1i th\u1ebb)<\/h3>\n<\/li>\n<li>\n<h3>H\u1ed7 tr\u1ee3 th\u1ebb ISO 14443 Ph\u1ea7n 4 Lo\u1ea1i A v\u00e0 B v\u00e0 d\u00f2ng MIFARE\u00ae<\/h3>\n<\/li>\n<li>\n<h3>T\u00ednh n\u0103ng ch\u1ed1ng va ch\u1ea1m t\u00edch h\u1ee3p (ch\u1ec9 c\u00f3 m\u1ed9t th\u1ebb \u0111\u01b0\u1ee3c truy c\u1eadp b\u1ea5t c\u1ee9 l\u00fac n\u00e0o)<\/h3>\n<\/li>\n<li>\n<h3>H\u1ed7 tr\u1ee3 APDU m\u1edf r\u1ed9ng (t\u1ed1i \u0111a 64 kbyte)<\/h3>\n<\/li>\n<\/ul>\n<\/li>\n<li>\n<h2>Li\u00ean h\u1ec7 \u0111\u1ea7u \u0111\u1ecdc th\u1ebb th\u00f4ng minh:<\/h2>\n<ul>\n<li>\n<h3>H\u1ed7 tr\u1ee3 ISO 7816 Lo\u1ea1i A, B v\u00e0 C (5 V, 3V v\u00e0 1.8 V)<\/h3>\n<\/li>\n<li>\n<h3>H\u1ed7 tr\u1ee3 CAC (Th\u1ebb truy c\u1eadp chung)<\/h3>\n<\/li>\n<li>\n<h3>H\u1ed7 tr\u1ee3 PIV (Th\u1ebb x\u00e1c minh danh t\u00ednh c\u00e1 nh\u00e2n)<\/h3>\n<\/li>\n<li>\n<h3>H\u1ed7 tr\u1ee3 th\u1ebb vi x\u1eed l\u00fd v\u1edbi giao th\u1ee9c T=0 ho\u1eb7c T=1<\/h3>\n<\/li>\n<li>\n<h3>H\u1ed7 tr\u1ee3 th\u1ebb nh\u1edb<\/h3>\n<\/li>\n<li>\n<h3>Khe c\u1eafm SAM tu\u00e2n th\u1ee7 ISO 7816<\/h3>\n<\/li>\n<\/ul>\n<\/li>\n<li>\n<h2>Giao di\u1ec7n l\u1eadp tr\u00ecnh \u1ee9ng d\u1ee5ng:<\/h2>\n<ul>\n<li>\n<h3>H\u1ed7 tr\u1ee3 PC\/SC<\/h3>\n<\/li>\n<li>\n<h3>H\u1ed7 tr\u1ee3 CT-API (th\u00f4ng qua tr\u00ecnh bao b\u1ecdc tr\u00ean PC\/SC)<\/h3>\n<\/li>\n<\/ul>\n<\/li>\n<li>\n<h2>Thi\u1ebft b\u1ecb ngo\u1ea1i vi t\u00edch h\u1ee3p:<\/h2>\n<ul>\n<li>\n<h3>Hai \u0111\u00e8n LED do ng\u01b0\u1eddi d\u00f9ng \u0111i\u1ec1u khi\u1ec3n<\/h3>\n<\/li>\n<li>\n<h3>B\u1ed9 rung do ng\u01b0\u1eddi d\u00f9ng \u0111i\u1ec1u khi\u1ec3n<\/h3>\n<\/li>\n<\/ul>\n<\/li>\n<li>\n<h2>Kh\u1ea3 n\u0103ng n\u00e2ng c\u1ea5p ch\u01b0\u01a1ng tr\u00ecnh c\u01a1 s\u1edf USB<\/h2>\n<\/li>\n<li>\n<div>\n<table width=\"551\">\n<tbody>\n<tr>\n<td colspan=\"2\" width=\"551\">T\u00ednh ch\u1ea5t v\u1eadt l\u00fd<\/td>\n<\/tr>\n<tr>\n<td width=\"230\">K\u00edch th\u01b0\u1edbc (mm)<\/td>\n<td width=\"321\">120,5 mm (L) x 72,0 mm (W) x 20,4 mm (H)<\/td>\n<\/tr>\n<tr>\n<td width=\"230\">Tr\u1ecdng l\u01b0\u1ee3ng (g)<\/td>\n<td width=\"321\">140 g<\/td>\n<\/tr>\n<tr>\n<td colspan=\"2\" width=\"551\">Giao di\u1ec7n USB<\/td>\n<\/tr>\n<tr>\n<td width=\"230\">Giao th\u1ee9c<\/td>\n<td width=\"321\">USB CID<\/td>\n<\/tr>\n<tr>\n<td width=\"230\">lo\u1ea1i tr\u00ecnh k\u1ebft n\u1ed1i<\/td>\n<td width=\"321\">Lo\u1ea1i ti\u00eau chu\u1ea9n A<\/td>\n<\/tr>\n<tr>\n<td width=\"230\">Ngu\u1ed3n n\u0103ng l\u01b0\u1ee3ng<\/td>\n<td width=\"321\">T\u1eeb c\u1ed5ng USB<\/td>\n<\/tr>\n<tr>\n<td width=\"230\">T\u1ed1c \u0111\u1ed9<\/td>\n<td width=\"321\">T\u1ed1c \u0111\u1ed9 t\u1ed1i \u0111a USB (12 Mb\/gi\u00e2y)<\/td>\n<\/tr>\n<tr>\n<td width=\"230\">Chi\u1ec1u d\u00e0i c\u00e1p<\/td>\n<td width=\"321\">2,0 m, C\u1ed1 \u0111\u1ecbnh<\/td>\n<\/tr>\n<tr>\n<td colspan=\"2\" width=\"551\">Giao di\u1ec7n th\u1ebb th\u00f4ng minh li\u00ean h\u1ec7<\/td>\n<\/tr>\n<tr>\n<td width=\"230\">S\u1ed1 l\u01b0\u1ee3ng khe<\/td>\n<td width=\"321\">1 Khe c\u1eafm th\u1ebb c\u1ee1 l\u1edbn<\/td>\n<\/tr>\n<tr>\n<td width=\"230\">Ti\u00eau chu\u1ea9n<\/td>\n<td width=\"321\">ISO 7816 Lo\u1ea1i A, B, C (5V, 3V, 1.8V)<\/td>\n<\/tr>\n<tr>\n<td width=\"230\">Giao th\u1ee9c<\/td>\n<td width=\"321\">T=0; T=1<\/td>\n<\/tr>\n<tr>\n<td colspan=\"2\" width=\"551\">Giao di\u1ec7n th\u1ebb th\u00f4ng minh kh\u00f4ng ti\u1ebfp x\u00fac<\/td>\n<\/tr>\n<tr>\n<td width=\"230\">Ti\u00eau chu\u1ea9n<\/td>\n<td width=\"321\">ISO 14443 A &amp; B Ph\u1ea7n 1-4<\/td>\n<\/tr>\n<tr>\n<td rowspan=\"2\" width=\"230\">Giao th\u1ee9c<\/td>\n<td width=\"321\">Th\u1ebb tu\u00e2n th\u1ee7 ISO 14443-4, T=CL<\/td>\n<\/tr>\n<tr>\n<td width=\"321\">Th\u1ebb MIFARE\u00ae C\u1ed5 \u0111i\u1ec3n, T=CL<\/td>\n<\/tr>\n<tr>\n<td colspan=\"2\" width=\"551\">Giao di\u1ec7n th\u1ebb SAM<\/td>\n<\/tr>\n<tr>\n<td width=\"230\">S\u1ed1 l\u01b0\u1ee3ng khe<\/td>\n<td width=\"321\">1 Khe c\u1eafm th\u1ebb SIM ti\u00eau chu\u1ea9n<\/td>\n<\/tr>\n<tr>\n<td width=\"230\">Ti\u00eau chu\u1ea9n<\/td>\n<td width=\"321\">ISO 7816 Lo\u1ea1i A (5 V)<\/td>\n<\/tr>\n<tr>\n<td width=\"230\">Giao th\u1ee9c<\/td>\n<td width=\"321\">T=0; T=1<\/td>\n<\/tr>\n<tr>\n<td colspan=\"2\" width=\"551\">Thi\u1ebft b\u1ecb ngo\u1ea1i vi t\u00edch h\u1ee3p<\/td>\n<\/tr>\n<tr>\n<td width=\"230\">D\u1eaaN \u0110\u1ebeN<\/td>\n<td width=\"321\">2 m\u00e0u \u0111\u01a1n: \u0110\u1ecf v\u00e0 Xanh<\/td>\n<\/tr>\n<tr>\n<td width=\"230\">C\u00f2i<\/td>\n<td width=\"321\">Gi\u1ecdng b\u1eb1ng b\u1eb1ng<\/td>\n<\/tr>\n<tr>\n<td colspan=\"2\" width=\"551\">C\u00e1c t\u00ednh n\u0103ng kh\u00e1c<\/td>\n<\/tr>\n<tr>\n<td width=\"230\">N\u00e2ng c\u1ea5p ch\u01b0\u01a1ng tr\u00ecnh c\u01a1 s\u1edf<\/td>\n<td width=\"321\">\u0110\u01b0\u1ee3c h\u1ed7 tr\u1ee3<\/td>\n<\/tr>\n<tr>\n<td colspan=\"2\" width=\"551\">Ch\u1ee9ng nh\u1eadn\/Tu\u00e2n th\u1ee7<\/td>\n<\/tr>\n<tr>\n<td rowspan=\"10\" width=\"230\">Ch\u1ee9ng nh\u1eadn\/Tu\u00e2n th\u1ee7<\/td>\n<td width=\"321\">ISO 14443<\/td>\n<\/tr>\n<tr>\n<td width=\"321\">ISO 7816<\/td>\n<\/tr>\n<tr>\n<td width=\"321\">T\u1ed1c \u0111\u1ed9 t\u1ed1i \u0111a USB<\/td>\n<\/tr>\n<tr>\n<td width=\"321\">PC\/SC<\/td>\n<\/tr>\n<tr>\n<td width=\"321\">CCID<\/td>\n<\/tr>\n<tr>\n<td width=\"321\">Microsoft\u00ae WHQL<\/td>\n<\/tr>\n<tr>\n<td width=\"321\">CN<\/td>\n<\/tr>\n<tr>\n<td width=\"321\">FCC<\/td>\n<\/tr>\n<tr>\n<td width=\"321\">RoHS<\/td>\n<\/tr>\n<tr>\n<td width=\"321\">V\u1edaI T\u1edaI<\/td>\n<\/tr>\n<tr>\n<td colspan=\"2\" width=\"551\">H\u1ed7 tr\u1ee3 h\u1ec7 \u0111i\u1ec1u h\u00e0nh tr\u00ecnh \u0111i\u1ec1u khi\u1ec3n thi\u1ebft b\u1ecb<\/td>\n<\/tr>\n<tr>\n<td rowspan=\"5\" width=\"230\">H\u1ed7 tr\u1ee3 h\u1ec7 \u0111i\u1ec1u h\u00e0nh tr\u00ecnh \u0111i\u1ec1u khi\u1ec3n thi\u1ebft b\u1ecb<\/td>\n<td width=\"321\">Windows\u00ae<\/td>\n<\/tr>\n<tr>\n<td width=\"321\">Linux\u00ae<\/td>\n<\/tr>\n<tr>\n<td width=\"321\">MAC OS\u00ae<\/td>\n<\/tr>\n<tr>\n<td width=\"321\">Solaris<\/td>\n<\/tr>\n<tr>\n<td width=\"321\">Android\u2122<\/td>\n<\/tr>\n<\/tbody>\n<\/table>\n<\/div>\n<\/li>\n<\/ul>","protected":false},"excerpt":{"rendered":"<p>ACR1281U-C1 l\u00e0 \u0111\u1ea7u \u0111\u1ecdc th\u1ebb USB ti\u1ebfp x\u00fac v\u00e0 kh\u00f4ng ti\u1ebfp x\u00fac \u0111a n\u0103ng, c\u00f3 khe c\u1eafm SAM v\u00e0 kh\u1ea3 n\u0103ng NFC di \u0111\u1ed9ng gi\u00fap n\u00e2ng cao hi\u1ec7u su\u1ea5t trong c\u00e1c \u1ee9ng d\u1ee5ng th\u1ebb th\u00f4ng minh.<\/p>","protected":false},"featured_media":1557,"template":"","meta":[],"product_brand":[],"product_cat":[45],"product_tag":[],"class_list":{"0":"post-1550","1":"product","2":"type-product","3":"status-publish","4":"has-post-thumbnail","6":"product_cat-contactless-nfc-reader","8":"first","9":"instock","10":"shipping-taxable","11":"product-type-simple"},"_links":{"self":[{"href":"https:\/\/nfc-readers.com\/vi\/wp-json\/wp\/v2\/product\/1550","targetHints":{"allow":["GET"]}}],"collection":[{"href":"https:\/\/nfc-readers.com\/vi\/wp-json\/wp\/v2\/product"}],"about":[{"href":"https:\/\/nfc-readers.com\/vi\/wp-json\/wp\/v2\/types\/product"}],"wp:featuredmedia":[{"embeddable":true,"href":"https:\/\/nfc-readers.com\/vi\/wp-json\/wp\/v2\/media\/1557"}],"wp:attachment":[{"href":"https:\/\/nfc-readers.com\/vi\/wp-json\/wp\/v2\/media?parent=1550"}],"wp:term":[{"taxonomy":"product_brand","embeddable":true,"href":"https:\/\/nfc-readers.com\/vi\/wp-json\/wp\/v2\/product_brand?post=1550"},{"taxonomy":"product_cat","embeddable":true,"href":"https:\/\/nfc-readers.com\/vi\/wp-json\/wp\/v2\/product_cat?post=1550"},{"taxonomy":"product_tag","embeddable":true,"href":"https:\/\/nfc-readers.com\/vi\/wp-json\/wp\/v2\/product_tag?post=1550"}],"curies":[{"name":"wp","href":"https:\/\/api.w.org\/{rel}","templated":true}]}}