{"id":1555,"date":"2024-04-07T06:18:18","date_gmt":"2024-04-07T06:18:18","guid":{"rendered":"https:\/\/nfc-readers.com\/?post_type=product&#038;p=1555"},"modified":"2024-10-16T06:39:36","modified_gmt":"2024-10-16T06:39:36","slug":"acr1281s-c1-dualboost-ii-serial-reader","status":"publish","type":"product","link":"https:\/\/nfc-readers.com\/vi\/ic-reader\/acr1281s-c1-dualboost-ii-serial-reader\/","title":{"rendered":"\u0110\u1ea7u \u0111\u1ecdc n\u1ed1i ti\u1ebfp ACR1281S-C1 DualBoost II"},"content":{"rendered":"<h1>\u0110\u1ea7u \u0111\u1ecdc n\u1ed1i ti\u1ebfp ACR1281S-C1 DualBoost II<\/h1>\n<p>ACR1281S-C1 DualBoost II l\u00e0 \u0111\u1ea7u \u0111\u1ecdc nhi\u1ec1u m\u1eb7t h\u1ed7 tr\u1ee3 t\u01b0\u01a1ng t\u00e1c v\u1edbi c\u1ea3 th\u1ebb th\u00f4ng minh ti\u1ebfp x\u00fac v\u00e0 kh\u00f4ng ti\u1ebfp x\u00fac tu\u00e2n th\u1ee7 c\u00e1c ti\u00eau chu\u1ea9n ISO 7816 v\u00e0 ISO 14443 t\u01b0\u01a1ng \u1ee9ng. \u0110\u1ea7u \u0111\u1ecdc giao di\u1ec7n k\u00e9p n\u00e0y k\u1ebft h\u1ee3p li\u1ec1n m\u1ea1ch c\u00e1c ch\u1ee9c n\u0103ng th\u01b0\u1eddng th\u1ea5y trong c\u00e1c h\u1ec7 th\u1ed1ng ri\u00eang bi\u1ec7t th\u00e0nh m\u1ed9t thi\u1ebft b\u1ecb duy nh\u1ea5t ch\u1ee9a c\u1ea3 th\u1ebb ti\u1ebfp x\u00fac v\u00e0 kh\u00f4ng ti\u1ebfp x\u00fac. N\u00f3 h\u1ee3p l\u00fd h\u00f3a c\u00e1c giao d\u1ecbch kh\u00e1c nhau, cho d\u00f9 \u0111\u00f3 l\u00e0 thanh to\u00e1n trong l\u0129nh v\u1ef1c th\u01b0\u01a1ng m\u1ea1i \u0111i\u1ec7n t\u1eed v\u00e0 ng\u00e2n h\u00e0ng b\u1eb1ng th\u1ebb t\u00edn d\u1ee5ng hay x\u00e1c th\u1ef1c th\u1ebb kh\u00f4ng ti\u1ebfp x\u00fac \u0111\u1ec3 truy c\u1eadp an to\u00e0n v\u00e0o c\u00e1c khu v\u1ef1c ho\u1eb7c h\u1ec7 th\u1ed1ng \u0111\u01b0\u1ee3c ch\u1ec9 \u0111\u1ecbnh. \u0110i\u1ec1u n\u00e0y t\u00edch h\u1ee3p t\u1ed1t v\u1edbi kh\u00e1i ni\u1ec7m th\u1ebb th\u00f4ng minh ph\u1ed5 qu\u00e1t k\u1ebft h\u1ee3p nhi\u1ec1u ch\u1ee9c n\u0103ng c\u1ee7a th\u1ebb th\u00f4ng minh th\u00e0nh m\u1ed9t th\u1ef1c th\u1ec3 v\u1eadt l\u00fd duy nh\u1ea5t. \u0110\u1eb7c \u0111i\u1ec3m c\u1ee7a thi\u1ebft b\u1ecb c\u1eafm v\u00e0 ch\u1ea1y, ACR1281S-C1 kh\u00f4ng c\u1ea7n c\u00e0i \u0111\u1eb7t tr\u00ecnh \u0111i\u1ec1u khi\u1ec3n ph\u1ee9c t\u1ea1p. N\u00f3 k\u1ebft h\u1ee3p khe c\u1eafm SAM (M\u00f4-\u0111un truy c\u1eadp an to\u00e0n), t\u0103ng c\u01b0\u1eddng b\u1ea3o m\u1eadt tr\u00ean c\u1ea3 t\u01b0\u01a1ng t\u00e1c ti\u1ebfp x\u00fac v\u00e0 kh\u00f4ng ti\u1ebfp x\u00fac. Kh\u1ea3 n\u0103ng li\u00ean l\u1ea1c nhanh ch\u00f3ng c\u1ee7a thi\u1ebft b\u1ecb \u0111\u1ea1t t\u1edbi 848 kbps khi x\u1eed l\u00fd th\u1ebb kh\u00f4ng ti\u1ebfp x\u00fac, \u0111\u1ea3m b\u1ea3o kh\u1ea3 n\u0103ng th\u00edch \u1ee9ng c\u1ee7a thi\u1ebft b\u1ecb cho c\u00e1c \u1ee9ng d\u1ee5ng chuy\u00ean s\u00e2u v\u00e0 hi\u1ec7u su\u1ea5t cao. C\u00e1c kh\u1ea3 n\u0103ng n\u1ed5i b\u1eadt nh\u01b0 kh\u1ea3 n\u0103ng n\u00e2ng c\u1ea5p ch\u01b0\u01a1ng tr\u00ecnh c\u01a1 s\u1edf USB, h\u1ed7 tr\u1ee3 th\u1ebb nh\u1edb li\u00ean l\u1ea1c v\u00e0 kh\u1ea3 n\u0103ng x\u1eed l\u00fd APDU m\u1edf r\u1ed9ng, ACR1281S-C1 Serial DualBoost II \u0111\u1ea1i di\u1ec7n cho m\u1ed9t gi\u1ea3i ph\u00e1p kinh t\u1ebf v\u00e0 m\u1ea1nh m\u1ebd. N\u00f3 mang l\u1ea1i l\u1ee3i th\u1ebf k\u00e9p v\u1ec1 s\u1ef1 ti\u1ec7n l\u1ee3i v\u00e0 kh\u1ea3 n\u0103ng th\u00edch \u1ee9ng tr\u00ean nhi\u1ec1u \u1ee9ng d\u1ee5ng th\u1ebb th\u00f4ng minh.<\/p>\n<ul>\n<li>\n<h2>Giao di\u1ec7n n\u1ed1i ti\u1ebfp RS232<\/h2>\n<\/li>\n<li>\n<h2>Giao di\u1ec7n USB \u0111\u1ec3 cung c\u1ea5p \u0111i\u1ec7n<\/h2>\n<\/li>\n<li>\n<h2>\u0110\u1ecbnh d\u1ea1ng khung gi\u1ed1ng CCID (\u0111\u1ecbnh d\u1ea1ng nh\u1ecb ph\u00e2n)<\/h2>\n<\/li>\n<li>\n<h2>\u0110\u1ea7u \u0111\u1ecdc th\u1ebb th\u00f4ng minh kh\u00f4ng ti\u1ebfp x\u00fac:<\/h2>\n<ul>\n<li>\n<h3>T\u1ed1c \u0111\u1ed9 \u0111\u1ecdc\/ghi l\u00ean t\u1edbi 848 kbps<\/h3>\n<\/li>\n<li>\n<h3>\u0102ng-ten t\u00edch h\u1ee3p \u0111\u1ec3 truy c\u1eadp th\u1ebb kh\u00f4ng ti\u1ebfp x\u00fac, v\u1edbi kho\u1ea3ng c\u00e1ch \u0111\u1ecdc th\u1ebb l\u00ean t\u1edbi 50 mm (t\u00f9y thu\u1ed9c v\u00e0o lo\u1ea1i th\u1ebb)<\/h3>\n<\/li>\n<li>\n<h3>H\u1ed7 tr\u1ee3 th\u1ebb ISO 14443 Ph\u1ea7n 4 Lo\u1ea1i A v\u00e0 B v\u00e0 d\u00f2ng MIFARE\u00ae<\/h3>\n<\/li>\n<li>\n<h3>T\u00ednh n\u0103ng ch\u1ed1ng va ch\u1ea1m t\u00edch h\u1ee3p (ch\u1ec9 c\u00f3 m\u1ed9t th\u1ebb \u0111\u01b0\u1ee3c truy c\u1eadp b\u1ea5t c\u1ee9 l\u00fac n\u00e0o)<\/h3>\n<\/li>\n<li>\n<h3>H\u1ed7 tr\u1ee3 APDU m\u1edf r\u1ed9ng (t\u1ed1i \u0111a 64 kbyte)<\/h3>\n<\/li>\n<\/ul>\n<\/li>\n<li>\n<h2>Li\u00ean h\u1ec7 \u0111\u1ea7u \u0111\u1ecdc th\u1ebb th\u00f4ng minh:<\/h2>\n<ul>\n<li>\n<h3>H\u1ed7 tr\u1ee3 ISO 7816 Lo\u1ea1i A, B v\u00e0 C (5 V, 3V v\u00e0 1.8 V)<\/h3>\n<\/li>\n<li>\n<h3>H\u1ed7 tr\u1ee3 th\u1ebb vi x\u1eed l\u00fd v\u1edbi giao th\u1ee9c T=0 ho\u1eb7c T=1<\/h3>\n<\/li>\n<li>\n<h3>H\u1ed7 tr\u1ee3 th\u1ebb nh\u1edb<\/h3>\n<\/li>\n<li>\n<h3>Khe c\u1eafm SAM tu\u00e2n th\u1ee7 ISO 7816<\/h3>\n<\/li>\n<\/ul>\n<\/li>\n<li>\n<h2>Thi\u1ebft b\u1ecb ngo\u1ea1i vi t\u00edch h\u1ee3p:<\/h2>\n<ul>\n<li>\n<h3>Hai \u0111\u00e8n LED do ng\u01b0\u1eddi d\u00f9ng \u0111i\u1ec1u khi\u1ec3n<\/h3>\n<\/li>\n<li>\n<h3>B\u1ed9 rung do ng\u01b0\u1eddi d\u00f9ng \u0111i\u1ec1u khi\u1ec3n<\/h3>\n<\/li>\n<\/ul>\n<\/li>\n<li>\n<h2>Kh\u1ea3 n\u0103ng n\u00e2ng c\u1ea5p ch\u01b0\u01a1ng tr\u00ecnh c\u01a1 s\u1edf USB<\/h2>\n<\/li>\n<li>\n<div>\n<table width=\"500\">\n<tbody>\n<tr>\n<td colspan=\"2\" width=\"500\">T\u00ednh ch\u1ea5t v\u1eadt l\u00fd<\/td>\n<\/tr>\n<tr>\n<td width=\"181\">K\u00edch th\u01b0\u1edbc (mm)<\/td>\n<td width=\"319\">120,5 mm (L) x 72,0 mm (W) x 20,4 mm (H)<\/td>\n<\/tr>\n<tr>\n<td width=\"181\">Tr\u1ecdng l\u01b0\u1ee3ng (g)<\/td>\n<td width=\"319\">150 g<\/td>\n<\/tr>\n<tr>\n<td colspan=\"2\" width=\"500\">Giao di\u1ec7n n\u1ed1i ti\u1ebfp<\/td>\n<\/tr>\n<tr>\n<td width=\"181\">Giao th\u1ee9c<\/td>\n<td width=\"319\">RS-232<\/td>\n<\/tr>\n<tr>\n<td width=\"181\">lo\u1ea1i tr\u00ecnh k\u1ebft n\u1ed1i<\/td>\n<td width=\"319\">\u0110\u1ea7u n\u1ed1i DB-9<\/td>\n<\/tr>\n<tr>\n<td width=\"181\">Ngu\u1ed3n n\u0103ng l\u01b0\u1ee3ng<\/td>\n<td width=\"319\">T\u1eeb c\u1ed5ng USB<\/td>\n<\/tr>\n<tr>\n<td width=\"181\">Chi\u1ec1u d\u00e0i c\u00e1p<\/td>\n<td width=\"319\">1,5 m, \u0110\u00e3 s\u1eeda (DB9 + USB)<\/td>\n<\/tr>\n<tr>\n<td colspan=\"2\" width=\"500\">Giao di\u1ec7n th\u1ebb th\u00f4ng minh li\u00ean h\u1ec7<\/td>\n<\/tr>\n<tr>\n<td width=\"181\">S\u1ed1 l\u01b0\u1ee3ng khe<\/td>\n<td width=\"319\">1 Khe c\u1eafm th\u1ebb c\u1ee1 l\u1edbn<\/td>\n<\/tr>\n<tr>\n<td width=\"181\">Ti\u00eau chu\u1ea9n<\/td>\n<td width=\"319\">ISO 7816 Lo\u1ea1i A, B, C (5V, 3V, 1.8V)<\/td>\n<\/tr>\n<tr>\n<td width=\"181\">Giao th\u1ee9c<\/td>\n<td width=\"319\">T=0; T=1<\/td>\n<\/tr>\n<tr>\n<td colspan=\"2\" width=\"500\">Giao di\u1ec7n th\u1ebb th\u00f4ng minh kh\u00f4ng ti\u1ebfp x\u00fac<\/td>\n<\/tr>\n<tr>\n<td width=\"181\">Ti\u00eau chu\u1ea9n<\/td>\n<td width=\"319\">ISO 14443 A &amp; B Ph\u1ea7n 1-4<\/td>\n<\/tr>\n<tr>\n<td rowspan=\"2\" width=\"181\">Giao th\u1ee9c<\/td>\n<td width=\"319\">Th\u1ebb tu\u00e2n th\u1ee7 ISO 14443-4, T=CL<\/td>\n<\/tr>\n<tr>\n<td width=\"319\">Th\u1ebb MIFARE\u00ae C\u1ed5 \u0111i\u1ec3n, T=CL<\/td>\n<\/tr>\n<tr>\n<td colspan=\"2\" width=\"500\">Giao di\u1ec7n th\u1ebb SAM<\/td>\n<\/tr>\n<tr>\n<td width=\"181\">S\u1ed1 l\u01b0\u1ee3ng khe<\/td>\n<td width=\"319\">1 Khe c\u1eafm th\u1ebb SIM ti\u00eau chu\u1ea9n<\/td>\n<\/tr>\n<tr>\n<td width=\"181\">Ti\u00eau chu\u1ea9n<\/td>\n<td width=\"319\">ISO 7816 Lo\u1ea1i A (5 V)<\/td>\n<\/tr>\n<tr>\n<td width=\"181\">Giao th\u1ee9c<\/td>\n<td width=\"319\">T=0; T=1<\/td>\n<\/tr>\n<tr>\n<td colspan=\"2\" width=\"500\">Thi\u1ebft b\u1ecb ngo\u1ea1i vi t\u00edch h\u1ee3p<\/td>\n<\/tr>\n<tr>\n<td width=\"181\">D\u1eaaN \u0110\u1ebeN<\/td>\n<td width=\"319\">2 m\u00e0u \u0111\u01a1n: \u0110\u1ecf v\u00e0 Xanh<\/td>\n<\/tr>\n<tr>\n<td width=\"181\">C\u00f2i<\/td>\n<td width=\"319\">Gi\u1ecdng b\u1eb1ng b\u1eb1ng<\/td>\n<\/tr>\n<tr>\n<td colspan=\"2\" width=\"500\">C\u00e1c t\u00ednh n\u0103ng kh\u00e1c<\/td>\n<\/tr>\n<tr>\n<td width=\"181\">N\u00e2ng c\u1ea5p ch\u01b0\u01a1ng tr\u00ecnh c\u01a1 s\u1edf<\/td>\n<td width=\"319\">\u0110\u01b0\u1ee3c h\u1ed7 tr\u1ee3<\/td>\n<\/tr>\n<tr>\n<td colspan=\"2\" width=\"500\">Ch\u1ee9ng nh\u1eadn\/Tu\u00e2n th\u1ee7<\/td>\n<\/tr>\n<tr>\n<td rowspan=\"5\" width=\"181\">Ch\u1ee9ng nh\u1eadn\/Tu\u00e2n th\u1ee7<\/td>\n<td width=\"319\">ISO 14443<\/td>\n<\/tr>\n<tr>\n<td width=\"319\">ISO 7816<\/td>\n<\/tr>\n<tr>\n<td width=\"319\">CN<\/td>\n<\/tr>\n<tr>\n<td width=\"319\">FCC<\/td>\n<\/tr>\n<tr>\n<td width=\"319\">RoHS<\/td>\n<\/tr>\n<tr>\n<td colspan=\"2\" width=\"500\">H\u1ed7 tr\u1ee3 h\u1ec7 \u0111i\u1ec1u h\u00e0nh tr\u00ecnh \u0111i\u1ec1u khi\u1ec3n thi\u1ebft b\u1ecb<\/td>\n<\/tr>\n<tr>\n<td rowspan=\"2\" width=\"181\">H\u1ed7 tr\u1ee3 h\u1ec7 \u0111i\u1ec1u h\u00e0nh tr\u00ecnh \u0111i\u1ec1u khi\u1ec3n thi\u1ebft b\u1ecb<\/td>\n<td width=\"319\">Windows\u00ae<\/td>\n<\/tr>\n<tr>\n<td width=\"319\">Linux\u00ae<\/td>\n<\/tr>\n<\/tbody>\n<\/table>\n<\/div>\n<\/li>\n<\/ul>","protected":false},"excerpt":{"rendered":"<p>ACR1281S-C1 l\u00e0 \u0111\u1ea7u \u0111\u1ecdc ti\u1ebfp x\u00fac v\u00e0 kh\u00f4ng ti\u1ebfp x\u00fac c\u00f3 ch\u1ee9c n\u0103ng k\u00e9p, c\u00f3 khe c\u1eafm SAM \u0111\u1ec3 t\u0103ng c\u01b0\u1eddng b\u1ea3o m\u1eadt v\u00e0 hi\u1ec7u su\u1ea5t t\u1ed1c \u0111\u1ed9 cao trong c\u00e1c \u1ee9ng d\u1ee5ng th\u1ebb th\u00f4ng minh.<\/p>","protected":false},"featured_media":1556,"template":"","meta":[],"product_brand":[],"product_cat":[45],"product_tag":[],"class_list":{"0":"post-1555","1":"product","2":"type-product","3":"status-publish","4":"has-post-thumbnail","6":"product_cat-contactless-nfc-reader","8":"first","9":"instock","10":"shipping-taxable","11":"product-type-simple"},"_links":{"self":[{"href":"https:\/\/nfc-readers.com\/vi\/wp-json\/wp\/v2\/product\/1555","targetHints":{"allow":["GET"]}}],"collection":[{"href":"https:\/\/nfc-readers.com\/vi\/wp-json\/wp\/v2\/product"}],"about":[{"href":"https:\/\/nfc-readers.com\/vi\/wp-json\/wp\/v2\/types\/product"}],"wp:featuredmedia":[{"embeddable":true,"href":"https:\/\/nfc-readers.com\/vi\/wp-json\/wp\/v2\/media\/1556"}],"wp:attachment":[{"href":"https:\/\/nfc-readers.com\/vi\/wp-json\/wp\/v2\/media?parent=1555"}],"wp:term":[{"taxonomy":"product_brand","embeddable":true,"href":"https:\/\/nfc-readers.com\/vi\/wp-json\/wp\/v2\/product_brand?post=1555"},{"taxonomy":"product_cat","embeddable":true,"href":"https:\/\/nfc-readers.com\/vi\/wp-json\/wp\/v2\/product_cat?post=1555"},{"taxonomy":"product_tag","embeddable":true,"href":"https:\/\/nfc-readers.com\/vi\/wp-json\/wp\/v2\/product_tag?post=1555"}],"curies":[{"name":"wp","href":"https:\/\/api.w.org\/{rel}","templated":true}]}}