{"id":1558,"date":"2024-04-07T06:20:55","date_gmt":"2024-04-07T06:20:55","guid":{"rendered":"https:\/\/nfc-readers.com\/?post_type=product&#038;p=1558"},"modified":"2024-10-16T06:35:34","modified_gmt":"2024-10-16T06:35:34","slug":"nfc-reader-with-lcd-acr1222l","status":"publish","type":"product","link":"https:\/\/nfc-readers.com\/vi\/ic-reader\/nfc-reader-with-lcd-acr1222l\/","title":{"rendered":"\u0110\u1ea7u \u0111\u1ecdc\/ghi NFC c\u00f3 m\u00e0n h\u00ecnh LCD | ACR1222L"},"content":{"rendered":"<h1>\u0110\u1ea7u \u0111\u1ecdc\/ghi NFC c\u00f3 m\u00e0n h\u00ecnh LCD | ACR1222L<\/h1>\n<p>ACR1222L n\u1ed5i b\u1eadt l\u00e0 \u0110\u1ea7u \u0111\u1ecdc th\u1ebb th\u00f4ng minh NFC linh ho\u1ea1t v\u00e0 th\u00e2n thi\u1ec7n v\u1edbi ng\u01b0\u1eddi d\u00f9ng, l\u00fd t\u01b0\u1edfng cho c\u00e1c \u1ee9ng d\u1ee5ng bao g\u1ed3m thanh to\u00e1n \u0111i\u1ec7n t\u1eed, ch\u01b0\u01a1ng tr\u00ecnh kh\u00e1ch h\u00e0ng th\u00e2n thi\u1ebft v\u00e0 ki\u1ec3m so\u00e1t truy c\u1eadp. H\u1ed7 tr\u1ee3 m\u00e0n h\u00ecnh LCD v\u00e0 \u0111a ng\u00f4n ng\u1eef, c\u00f9ng v\u1edbi c\u00e1c t\u00ednh n\u0103ng b\u1ea3o m\u1eadt m\u1ea1nh m\u1ebd v\u1edbi ba khe c\u1eafm SAM, \u0111\u1ecbnh v\u1ecb n\u00f3 l\u00e0 m\u1ed9t \u0111\u1ec1 xu\u1ea5t c\u00f3 gi\u00e1 tr\u1ecb cao khi x\u00e9t \u0111\u1ebfn s\u1ef1 c\u00e2n b\u1eb1ng gi\u1eefa c\u00e1c t\u00ednh n\u0103ng v\u00e0 gi\u00e1 \u0111\u1ea7u \u0111\u1ecdc nfc.<\/p>\n<p><iframe loading=\"lazy\" title=\"\u0110\u1ea7u \u0111\u1ecdc NFC ACR1222L\" width=\"1020\" height=\"765\" src=\"https:\/\/www.youtube.com\/embed\/i-7zrKP8WJo?feature=oembed\" frameborder=\"0\" allow=\"accelerometer; autoplay; clipboard-write; encrypted-media; gyroscope; picture-in-picture; web-share\" referrerpolicy=\"strict-origin-when-cross-origin\" allowfullscreen><\/iframe><\/p>\n<h2>\u0110\u1ea7u \u0111\u1ecdc NFC c\u00f3 m\u00e0n h\u00ecnh LCD | ACR1222L<\/h2>\n<ul>\n<li data-sider-select-id=\"cbe5159f-0e15-4e91-8597-4873bf6b4e88\">\n<h2>Giao di\u1ec7n t\u1ed1c \u0111\u1ed9 \u0111\u1ea7y \u0111\u1ee7 USB 2.0<\/h2>\n<\/li>\n<li>\n<h2>Tu\u00e2n th\u1ee7 CCID<\/h2>\n<\/li>\n<li>\n<h2>\u0110\u1ea7u \u0111\u1ecdc th\u1ebb th\u00f4ng minh:<\/h2>\n<ul>\n<li>\n<h3>T\u1ed1c \u0111\u1ed9 \u0111\u1ecdc\/ghi l\u00ean t\u1edbi 424 kbps<\/h3>\n<\/li>\n<li>\n<h3>\u0102ng-ten t\u00edch h\u1ee3p \u0111\u1ec3 truy c\u1eadp th\u1ebb kh\u00f4ng ti\u1ebfp x\u00fac, v\u1edbi kho\u1ea3ng c\u00e1ch \u0111\u1ecdc th\u1ebb l\u00ean t\u1edbi 50 mm (t\u00f9y thu\u1ed9c v\u00e0o lo\u1ea1i th\u1ebb)<\/h3>\n<\/li>\n<li>\n<h3>H\u1ed7 tr\u1ee3 th\u1ebb ISO 14443 Lo\u1ea1i A v\u00e0 B, MIFARE\u00ae, FeliCa v\u00e0 t\u1ea5t c\u1ea3 4 lo\u1ea1i th\u1ebb NFC (ISO\/IEC 18092)<\/h3>\n<\/li>\n<li>\n<h3>T\u00ednh n\u0103ng ch\u1ed1ng va ch\u1ea1m t\u00edch h\u1ee3p (ch\u1ec9 c\u00f3 m\u1ed9t th\u1ebb \u0111\u01b0\u1ee3c truy c\u1eadp b\u1ea5t c\u1ee9 l\u00fac n\u00e0o)<\/h3>\n<\/li>\n<li>\n<h3>Ba khe c\u1eafm SAM tu\u00e2n th\u1ee7 ISO 7816<\/h3>\n<\/li>\n<\/ul>\n<\/li>\n<li>\n<h2>Thi\u1ebft b\u1ecb ngo\u1ea1i vi t\u00edch h\u1ee3p:<\/h2>\n<ul>\n<li>\n<h3>M\u00e0n h\u00ecnh LCD \u0111\u1ed3 h\u1ecda hai d\u00f2ng c\u00f3 kh\u1ea3 n\u0103ng ho\u1ea1t \u0111\u1ed9ng t\u01b0\u01a1ng t\u00e1c (t\u1ee9c l\u00e0 cu\u1ed9n l\u00ean v\u00e0 xu\u1ed1ng, sang tr\u00e1i v\u00e0 ph\u1ea3i, v.v.) v\u00e0 h\u1ed7 tr\u1ee3 \u0111a ng\u00f4n ng\u1eef (v\u00ed d\u1ee5: ti\u1ebfng Trung, ti\u1ebfng Anh, ti\u1ebfng Nh\u1eadt v\u00e0 m\u1ed9t s\u1ed1 ng\u00f4n ng\u1eef Ch\u00e2u \u00c2u)<\/h3>\n<\/li>\n<li>\n<h3>B\u1ed1n \u0111\u00e8n LED do ng\u01b0\u1eddi d\u00f9ng \u0111i\u1ec1u khi\u1ec3n<\/h3>\n<\/li>\n<li>\n<h3>B\u1ed9 rung do ng\u01b0\u1eddi d\u00f9ng \u0111i\u1ec1u khi\u1ec3n<\/h3>\n<\/li>\n<\/ul>\n<\/li>\n<li>\n<h2>Kh\u1ea3 n\u0103ng n\u00e2ng c\u1ea5p ch\u01b0\u01a1ng tr\u00ecnh c\u01a1 s\u1edf USB<\/h2>\n<\/li>\n<\/ul>\n<div>\n<h2 data-sider-select-id=\"d4706cbf-1e8e-448d-9503-dfee41ca8b25\"><strong>C\u00e1c t\u00ednh n\u0103ng v\u00e0 ch\u1ee9c n\u0103ng c\u1ee7a \u0110\u1ea7u \u0111\u1ecdc kh\u00f4ng ti\u1ebfp x\u00fac NFC ACR1222L NFC:<\/strong><\/h2>\n<ul>\n<li>\n<h3><strong>T\u00edch h\u1ee3p c\u00f4ng ngh\u1ec7 \u0111\u1ed5i m\u1edbi<\/strong><\/h3>\n<p>ACR1222L t\u00edch h\u1ee3p li\u1ec1n m\u1ea1ch c\u00f4ng ngh\u1ec7 LCD v\u1edbi kh\u1ea3 n\u0103ng k\u1ebft n\u1ed1i NFC c\u1ee7a PC-Link, mang \u0111\u1ebfn giao di\u1ec7n th\u00e2n thi\u1ec7n v\u1edbi ng\u01b0\u1eddi d\u00f9ng \u0111\u1ec3 t\u01b0\u01a1ng t\u00e1c d\u1ec5 d\u00e0ng.<\/li>\n<li>\n<h3><strong>Kh\u1ea3 n\u0103ng t\u01b0\u01a1ng th\u00edch to\u00e0n di\u1ec7n<\/strong><\/h3>\n<p>\u0110\u01b0\u1ee3c x\u00e2y d\u1ef1ng tr\u00ean n\u1ec1n t\u1ea3ng c\u00f4ng ngh\u1ec7 RFID 13,56 MHz v\u00e0 ti\u00eau chu\u1ea9n ISO\/IEC 18092, ACR1222L c\u00f3 kh\u1ea3 n\u0103ng t\u01b0\u01a1ng th\u00edch r\u1ed9ng r\u00e3i v\u1edbi th\u1ebb ISO14443 lo\u1ea1i A v\u00e0 B, MIFARE, FeliCa v\u00e0 c\u1ea3 b\u1ed1n lo\u1ea1i th\u1ebb NFC.<\/li>\n<li>\n<h3><strong>Tr\u1ea3i nghi\u1ec7m ng\u01b0\u1eddi d\u00f9ng n\u00e2ng cao<\/strong><\/h3>\n<\/li>\n<\/ul>\n<p style=\"text-align: left; padding-left: 40px;\"><span style=\"color: #555555; font-size: 14.4px;\">V\u1edbi kh\u1ea3 n\u0103ng t\u01b0\u01a1ng th\u00edch PC\/SC, ACR1222L gi\u00fap n\u00e2ng c\u1ea5p d\u1ec5 d\u00e0ng c\u00e1c \u1ee9ng d\u1ee5ng th\u1ebb th\u00f4ng minh, \u0111\u1ea3m b\u1ea3o qu\u00e1 tr\u00ecnh chuy\u1ec3n \u0111\u1ed5i li\u1ec1n m\u1ea1ch cho ng\u01b0\u1eddi d\u00f9ng \u0111ang t\u00ecm ki\u1ebfm c\u00e1c ch\u1ee9c n\u0103ng v\u00e0 t\u01b0\u01a1ng t\u00e1c n\u00e2ng cao.<\/span><\/p>\n<ul>\n<li>\n<h3><strong>Giao di\u1ec7n tr\u1ef1c quan<\/strong><\/h3>\n<\/li>\n<\/ul>\n<p style=\"text-align: left; padding-left: 40px;\">\u00a0\u0110\u01b0\u1ee3c trang b\u1ecb 4 \u0111\u00e8n LED, c\u00f2i b\u00e1o \u0111\u1ed9ng v\u00e0 m\u00e0n h\u00ecnh LCD \u0111a ng\u00f4n ng\u1eef, ACR1222L cung c\u1ea5p ch\u1ec9 b\u00e1o r\u00f5 r\u00e0ng v\u1ec1 tr\u1ea1ng th\u00e1i c\u1ee7a \u0111\u1ea7u \u0111\u1ecdc v\u00e0 \u1ee9ng d\u1ee5ng, gi\u00fap ng\u01b0\u1eddi d\u00f9ng d\u1ec5 hi\u1ec3u v\u00e0 t\u01b0\u01a1ng t\u00e1c h\u01a1n.<\/p>\n<ul>\n<li>\n<h3><strong>H\u1ed7 tr\u1ee3 \u0111a ng\u00f4n ng\u1eef<\/strong><\/h3>\n<p>M\u00e0n h\u00ecnh LCD \u0111\u1ed3 h\u1ecda 2 d\u00f2ng h\u1ed7 tr\u1ee3 nhi\u1ec1u ng\u00f4n ng\u1eef, bao g\u1ed3m ti\u1ebfng Trung, ti\u1ebfng Anh, ti\u1ebfng Nh\u1eadt v\u00e0 m\u1ed9t s\u1ed1 ng\u00f4n ng\u1eef ch\u00e2u \u00c2u, cho ph\u00e9p nhi\u1ec1u ng\u01b0\u1eddi d\u00f9ng t\u01b0\u01a1ng t\u00e1c d\u1ec5 d\u00e0ng v\u1edbi thi\u1ebft b\u1ecb.<\/li>\n<li>\n<h3><strong>Ho\u1ea1t \u0111\u1ed9ng t\u01b0\u01a1ng t\u00e1c<\/strong><\/h3>\n<p>M\u00e0n h\u00ecnh LCD cho ph\u00e9p th\u1ef1c hi\u1ec7n c\u00e1c thao t\u00e1c t\u01b0\u01a1ng t\u00e1c nh\u01b0 cu\u1ed9n, gi\u00fap n\u00e2ng cao h\u01a1n n\u1eefa s\u1ef1 ti\u1ec7n l\u1ee3i v\u00e0 kh\u1ea3 n\u0103ng truy c\u1eadp cho ng\u01b0\u1eddi d\u00f9ng.<\/li>\n<li>\n<h3><strong>T\u00ednh n\u0103ng b\u1ea3o m\u1eadt n\u00e2ng cao<\/strong><\/h3>\n<p>\u0110\u01b0\u1ee3c trang b\u1ecb ba khe c\u1eafm SAM t\u00edch h\u1ee3p, ACR1222L \u0111\u1ea3m b\u1ea3o t\u0103ng c\u01b0\u1eddng b\u1ea3o m\u1eadt trong c\u00e1c ho\u1ea1t \u0111\u1ed9ng kh\u00f4ng ti\u1ebfp x\u00fac, b\u1ea3o v\u1ec7 d\u1eef li\u1ec7u v\u00e0 giao d\u1ecbch nh\u1ea1y c\u1ea3m.<\/li>\n<\/ul>\n<\/div>\n<div><\/div>\n<div>\n<table width=\"702\">\n<tbody>\n<tr>\n<td colspan=\"2\" width=\"702\">T\u00ednh ch\u1ea5t v\u1eadt l\u00fd<\/td>\n<\/tr>\n<tr>\n<td rowspan=\"2\" width=\"250\">K\u00edch th\u01b0\u1edbc (mm)<\/td>\n<td width=\"452\">Th\u00e2n ch\u00ednh: 133,5 mm (L) x 88,5 mm (W) x 21,0 mm (H)<\/td>\n<\/tr>\n<tr>\n<td width=\"452\">C\u00f3 ch\u00e2n \u0111\u1ebf: 158,0 mm (L) x 95,0 mm (W) x 95,0 mm (H)<\/td>\n<\/tr>\n<tr>\n<td rowspan=\"2\" width=\"250\">Tr\u1ecdng l\u01b0\u1ee3ng (g)<\/td>\n<td width=\"452\">Th\u00e2n ch\u00ednh: 173 g<\/td>\n<\/tr>\n<tr>\n<td width=\"452\">C\u00f3 ch\u00e2n \u0111\u1ebf: 415 g<\/td>\n<\/tr>\n<tr>\n<td colspan=\"2\" width=\"702\">Giao di\u1ec7n USB<\/td>\n<\/tr>\n<tr>\n<td width=\"250\">Giao th\u1ee9c<\/td>\n<td width=\"452\">USB CID<\/td>\n<\/tr>\n<tr>\n<td width=\"250\">lo\u1ea1i tr\u00ecnh k\u1ebft n\u1ed1i<\/td>\n<td width=\"452\">Lo\u1ea1i ti\u00eau chu\u1ea9n A<\/td>\n<\/tr>\n<tr>\n<td width=\"250\">Ngu\u1ed3n n\u0103ng l\u01b0\u1ee3ng<\/td>\n<td width=\"452\">T\u1eeb c\u1ed5ng USB<\/td>\n<\/tr>\n<tr>\n<td width=\"250\">T\u1ed1c \u0111\u1ed9<\/td>\n<td width=\"452\">T\u1ed1c \u0111\u1ed9 t\u1ed1i \u0111a USB (12 Mb\/gi\u00e2y)<\/td>\n<\/tr>\n<tr>\n<td width=\"250\">Chi\u1ec1u d\u00e0i c\u00e1p<\/td>\n<td width=\"452\">1,5 m, C\u1ed1 \u0111\u1ecbnh<\/td>\n<\/tr>\n<tr>\n<td colspan=\"2\" width=\"702\">Giao di\u1ec7n th\u1ebb th\u00f4ng minh kh\u00f4ng ti\u1ebfp x\u00fac<\/td>\n<\/tr>\n<tr>\n<td width=\"250\">Ti\u00eau chu\u1ea9n<\/td>\n<td width=\"452\">ISO\/IEC 18092 NFC, ISO 14443 Lo\u1ea1i A &amp; B, MIFARE\u00ae, FeliCa<\/td>\n<\/tr>\n<tr>\n<td rowspan=\"4\" width=\"250\">Giao th\u1ee9c<\/td>\n<td width=\"452\">Th\u1ebb tu\u00e2n th\u1ee7 ISO 14443-4, T=CL<\/td>\n<\/tr>\n<tr>\n<td width=\"452\">Th\u1ebb MIFARE\u00ae C\u1ed5 \u0111i\u1ec3n, T=CL<\/td>\n<\/tr>\n<tr>\n<td width=\"452\">ISO18092, Th\u1ebb NFC<\/td>\n<\/tr>\n<tr>\n<td width=\"452\">FeliCa<\/td>\n<\/tr>\n<tr>\n<td colspan=\"2\" width=\"702\">Giao di\u1ec7n th\u1ebb SAM<\/td>\n<\/tr>\n<tr>\n<td width=\"250\">S\u1ed1 l\u01b0\u1ee3ng khe<\/td>\n<td width=\"452\">3 khe c\u1eafm th\u1ebb SIM ti\u00eau chu\u1ea9n<\/td>\n<\/tr>\n<tr>\n<td width=\"250\">Ti\u00eau chu\u1ea9n<\/td>\n<td width=\"452\">ISO 7816 Lo\u1ea1i A (5 V)<\/td>\n<\/tr>\n<tr>\n<td width=\"250\">Giao th\u1ee9c<\/td>\n<td width=\"452\">T=0; T=1<\/td>\n<\/tr>\n<tr>\n<td colspan=\"2\" width=\"702\">Thi\u1ebft b\u1ecb ngo\u1ea1i vi t\u00edch h\u1ee3p<\/td>\n<\/tr>\n<tr>\n<td rowspan=\"3\" width=\"250\">LCD<\/td>\n<td width=\"452\">M\u00e0n h\u00ecnh LCD \u0111\u1ed3 h\u1ecda c\u00f3 \u0111\u00e8n n\u1ec1n m\u00e0u v\u00e0ng-xanh<\/td>\n<\/tr>\n<tr>\n<td width=\"452\">\u0110\u1ed9 ph\u00e2n gi\u1ea3i: 128 x 32 pixel<\/td>\n<\/tr>\n<tr>\n<td width=\"452\">S\u1ed1 k\u00fd t\u1ef1: 16 k\u00fd t\u1ef1 x 2 d\u00f2ng<\/td>\n<\/tr>\n<tr>\n<td width=\"250\">D\u1eaaN \u0110\u1ebeN<\/td>\n<td width=\"452\">4 m\u00e0u \u0111\u01a1n: Xanh l\u00e1, Xanh lam, Cam v\u00e0 \u0110\u1ecf<\/td>\n<\/tr>\n<tr>\n<td width=\"250\">C\u00f2i<\/td>\n<td width=\"452\">Gi\u1ecdng b\u1eb1ng b\u1eb1ng<\/td>\n<\/tr>\n<tr>\n<td colspan=\"2\" width=\"702\">C\u00e1c t\u00ednh n\u0103ng kh\u00e1c<\/td>\n<\/tr>\n<tr>\n<td width=\"250\">N\u00e2ng c\u1ea5p ch\u01b0\u01a1ng tr\u00ecnh c\u01a1 s\u1edf<\/td>\n<td width=\"452\">\u0110\u01b0\u1ee3c h\u1ed7 tr\u1ee3<\/td>\n<\/tr>\n<tr>\n<td colspan=\"2\" width=\"702\">Ch\u1ee9ng nh\u1eadn\/Tu\u00e2n th\u1ee7<\/td>\n<\/tr>\n<tr>\n<td rowspan=\"13\" width=\"250\">Ch\u1ee9ng nh\u1eadn\/Tu\u00e2n th\u1ee7<\/td>\n<td width=\"452\">ISO 18092<\/td>\n<\/tr>\n<tr>\n<td width=\"452\">ISO 14443<\/td>\n<\/tr>\n<tr>\n<td width=\"452\">ISO 7816 (Khe c\u1eafm SAM)<\/td>\n<\/tr>\n<tr>\n<td width=\"452\">T\u1ed1c \u0111\u1ed9 t\u1ed1i \u0111a USB<\/td>\n<\/tr>\n<tr>\n<td width=\"452\">PC\/SC<\/td>\n<\/tr>\n<tr>\n<td width=\"452\">CCID<\/td>\n<\/tr>\n<tr>\n<td width=\"452\">VCCI (Nh\u1eadt B\u1ea3n)<\/td>\n<\/tr>\n<tr>\n<td width=\"452\">KC (H\u00e0n Qu\u1ed1c)<\/td>\n<\/tr>\n<tr>\n<td width=\"452\">Microsoft\u00ae WHQL<\/td>\n<\/tr>\n<tr>\n<td width=\"452\">CN<\/td>\n<\/tr>\n<tr>\n<td width=\"452\">FCC<\/td>\n<\/tr>\n<tr>\n<td width=\"452\">RoHS<\/td>\n<\/tr>\n<tr>\n<td width=\"452\">V\u1edaI T\u1edaI<\/td>\n<\/tr>\n<tr>\n<td colspan=\"2\" width=\"702\">H\u1ed7 tr\u1ee3 h\u1ec7 \u0111i\u1ec1u h\u00e0nh tr\u00ecnh \u0111i\u1ec1u khi\u1ec3n thi\u1ebft b\u1ecb<\/td>\n<\/tr>\n<tr>\n<td rowspan=\"5\" width=\"250\">H\u1ed7 tr\u1ee3 h\u1ec7 \u0111i\u1ec1u h\u00e0nh tr\u00ecnh \u0111i\u1ec1u khi\u1ec3n thi\u1ebft b\u1ecb<\/td>\n<td width=\"452\">Windows\u00ae<\/td>\n<\/tr>\n<tr>\n<td width=\"452\">Linux\u00ae<\/td>\n<\/tr>\n<tr>\n<td width=\"452\">MAC OS\u00ae<\/td>\n<\/tr>\n<tr>\n<td width=\"452\">Solaris<\/td>\n<\/tr>\n<tr>\n<td width=\"452\">Android\u2122<\/td>\n<\/tr>\n<\/tbody>\n<\/table>\n<\/div>\n<div><\/div>\n<div><\/div>\n<div><\/div>\n<div><\/div>","protected":false},"excerpt":{"rendered":"<p>ACR1222L l\u00e0 \u0110\u1ea7u \u0111\u1ecdc kh\u00f4ng ti\u1ebfp x\u00fac USB \u0111a n\u0103ng c\u00f3 m\u00e0n h\u00ecnh LCD, h\u1ed7 tr\u1ee3 c\u00f4ng ngh\u1ec7 RFID NFC v\u00e0 cung c\u1ea5p kh\u1ea3 n\u0103ng b\u1ea3o m\u1eadt n\u00e2ng cao cho c\u00e1c \u1ee9ng d\u1ee5ng th\u1ebb th\u00f4ng minh.<\/p>","protected":false},"featured_media":1563,"template":"","meta":[],"product_brand":[],"product_cat":[45,40],"product_tag":[],"class_list":{"0":"post-1558","1":"product","2":"type-product","3":"status-publish","4":"has-post-thumbnail","6":"product_cat-contactless-nfc-reader","7":"product_cat-rfid-nfc-reader","9":"first","10":"instock","11":"shipping-taxable","12":"product-type-simple"},"_links":{"self":[{"href":"https:\/\/nfc-readers.com\/vi\/wp-json\/wp\/v2\/product\/1558","targetHints":{"allow":["GET"]}}],"collection":[{"href":"https:\/\/nfc-readers.com\/vi\/wp-json\/wp\/v2\/product"}],"about":[{"href":"https:\/\/nfc-readers.com\/vi\/wp-json\/wp\/v2\/types\/product"}],"wp:featuredmedia":[{"embeddable":true,"href":"https:\/\/nfc-readers.com\/vi\/wp-json\/wp\/v2\/media\/1563"}],"wp:attachment":[{"href":"https:\/\/nfc-readers.com\/vi\/wp-json\/wp\/v2\/media?parent=1558"}],"wp:term":[{"taxonomy":"product_brand","embeddable":true,"href":"https:\/\/nfc-readers.com\/vi\/wp-json\/wp\/v2\/product_brand?post=1558"},{"taxonomy":"product_cat","embeddable":true,"href":"https:\/\/nfc-readers.com\/vi\/wp-json\/wp\/v2\/product_cat?post=1558"},{"taxonomy":"product_tag","embeddable":true,"href":"https:\/\/nfc-readers.com\/vi\/wp-json\/wp\/v2\/product_tag?post=1558"}],"curies":[{"name":"wp","href":"https:\/\/api.w.org\/{rel}","templated":true}]}}