{"id":1566,"date":"2024-04-07T06:26:05","date_gmt":"2024-04-07T06:26:05","guid":{"rendered":"https:\/\/nfc-readers.com\/?post_type=product&#038;p=1566"},"modified":"2024-10-16T06:20:36","modified_gmt":"2024-10-16T06:20:36","slug":"acm1281s-c7-serial-contactless-reader-module-with-sam-slot","status":"publish","type":"product","link":"https:\/\/nfc-readers.com\/vi\/ic-reader\/acm1281s-c7-serial-contactless-reader-module-with-sam-slot\/","title":{"rendered":"M\u00f4-\u0111un \u0111\u1ea7u \u0111\u1ecdc kh\u00f4ng ti\u1ebfp x\u00fac n\u1ed1i ti\u1ebfp ACM1281S-C7 c\u00f3 khe c\u1eafm SAM"},"content":{"rendered":"<h1>M\u00f4-\u0111un \u0111\u1ea7u \u0111\u1ecdc kh\u00f4ng ti\u1ebfp x\u00fac n\u1ed1i ti\u1ebfp ACM1281S-C7 c\u00f3 khe c\u1eafm SAM<\/h1>\n<p>ACM1281S-C7 \u0111\u1ea1i di\u1ec7n cho \u0110\u1ea7u \u0111\u1ecdc th\u1ebb th\u00f4ng minh kh\u00f4ng ti\u1ebfp x\u00fac n\u1ed1i ti\u1ebfp ti\u00ean ti\u1ebfn v\u1edbi c\u00e1c thu\u1ed9c t\u00ednh di \u0111\u1ed9ng v\u00e0 t\u1ed1c \u0111\u1ed9 cao, ph\u00f9 h\u1ee3p v\u1edbi nhi\u1ec1u \u1ee9ng d\u1ee5ng \u0111\u00f2i h\u1ecfi t\u01b0\u01a1ng t\u00e1c nhanh ch\u00f3ng, \u0111\u00e1ng tin c\u1eady v\u00e0 an to\u00e0n. Kh\u1ea3 n\u0103ng h\u1ed7 tr\u1ee3 APDU m\u1edf r\u1ed9ng, c\u00f9ng v\u1edbi t\u00ednh d\u1ec5 s\u1eed d\u1ee5ng, khi\u1ebfn \u0111\u1ea7u \u0111\u1ecdc n\u00e0y tr\u1edf th\u00e0nh m\u1ed9t gi\u1ea3i ph\u00e1p m\u1ea1nh m\u1ebd cho c\u1ea3 m\u00f4i tr\u01b0\u1eddng di \u0111\u1ed9ng v\u00e0 c\u1ed1 \u0111\u1ecbnh.<\/p>\n<ul>\n<li>\n<h2>Giao di\u1ec7n n\u1ed1i ti\u1ebfp RS232<\/h2>\n<\/li>\n<li>\n<h2>Giao di\u1ec7n USB \u0111\u1ec3 cung c\u1ea5p \u0111i\u1ec7n<\/h2>\n<\/li>\n<li>\n<h2>\u0110\u1ecbnh d\u1ea1ng khung gi\u1ed1ng CCID (\u0111\u1ecbnh d\u1ea1ng nh\u1ecb ph\u00e2n)<\/h2>\n<\/li>\n<li>\n<h2>Kh\u1ea3 n\u0103ng n\u00e2ng c\u1ea5p ch\u01b0\u01a1ng tr\u00ecnh c\u01a1 s\u1edf USB<\/h2>\n<\/li>\n<li>\n<h2>\u0110\u1ea7u \u0111\u1ecdc th\u1ebb th\u00f4ng minh:<\/h2>\n<ul>\n<li>\n<h3>Giao di\u1ec7n kh\u00f4ng ti\u1ebfp x\u00fac:<\/h3>\n<ul>\n<li>\n<h4>T\u1ed1c \u0111\u1ed9 \u0111\u1ecdc\/ghi l\u00ean t\u1edbi 848 kbps<\/h4>\n<\/li>\n<li>\n<h4>\u0102ng-ten t\u00edch h\u1ee3p \u0111\u1ec3 truy c\u1eadp th\u1ebb kh\u00f4ng ti\u1ebfp x\u00fac, v\u1edbi kho\u1ea3ng c\u00e1ch \u0111\u1ecdc th\u1ebb l\u00ean t\u1edbi 50 mm (t\u00f9y thu\u1ed9c v\u00e0o lo\u1ea1i th\u1ebb)<\/h4>\n<\/li>\n<li>\n<h4>H\u1ed7 tr\u1ee3 th\u1ebb ISO 14443 Ph\u1ea7n 4 Lo\u1ea1i A v\u00e0 B v\u00e0 d\u00f2ng MIFARE\u00ae Classic<\/h4>\n<\/li>\n<li>\n<h4>T\u00edch h\u1ee3p t\u00ednh n\u0103ng ch\u1ed1ng va ch\u1ea1m (m\u1ed7i l\u1ea7n ch\u1ec9 truy c\u1eadp 1 th\u1ebb)<\/h4>\n<\/li>\n<li>\n<h4>H\u1ed7 tr\u1ee3 APDU m\u1edf r\u1ed9ng (t\u1ed1i \u0111a 64 kbyte)<\/h4>\n<\/li>\n<\/ul>\n<\/li>\n<li>\n<h3>Giao di\u1ec7n SAM:<\/h3>\n<ul>\n<li>\n<h4>Khe c\u1eafm SAM tu\u00e2n th\u1ee7 ISO 7816, Lo\u1ea1i A (5V)<\/h4>\n<\/li>\n<\/ul>\n<\/li>\n<\/ul>\n<\/li>\n<li>\n<h2>Thi\u1ebft b\u1ecb ngo\u1ea1i vi:<\/h2>\n<ul>\n<li>\n<h3>\u0110\u00e8n LED hai m\u00e0u do ng\u01b0\u1eddi d\u00f9ng \u0111i\u1ec1u khi\u1ec3n<\/h3>\n<\/li>\n<li>\n<h3>B\u1ed9 rung do ng\u01b0\u1eddi d\u00f9ng \u0111i\u1ec1u khi\u1ec3n<\/h3>\n<\/li>\n<li>\n<div>\n<table width=\"551\">\n<tbody>\n<tr>\n<td colspan=\"2\" width=\"551\">T\u00ednh ch\u1ea5t v\u1eadt l\u00fd<\/td>\n<\/tr>\n<tr>\n<td width=\"226\">K\u00edch th\u01b0\u1edbc (mm)<\/td>\n<td width=\"325\">106,6 mm (L) x 67,0 g (W) x 16,0 g (H)<\/td>\n<\/tr>\n<tr>\n<td width=\"226\">Tr\u1ecdng l\u01b0\u1ee3ng (g)<\/td>\n<td width=\"325\">20,8 g<\/td>\n<\/tr>\n<tr>\n<td colspan=\"2\" width=\"551\">Giao di\u1ec7n n\u1ed1i ti\u1ebfp<\/td>\n<\/tr>\n<tr>\n<td width=\"226\">Giao th\u1ee9c<\/td>\n<td width=\"325\">RS-232<\/td>\n<\/tr>\n<tr>\n<td width=\"226\">lo\u1ea1i tr\u00ecnh k\u1ebft n\u1ed1i<\/td>\n<td width=\"325\">\u0110\u1ea7u n\u1ed1i DB-9<\/td>\n<\/tr>\n<tr>\n<td width=\"226\">Ngu\u1ed3n n\u0103ng l\u01b0\u1ee3ng<\/td>\n<td width=\"325\">Qua c\u00e1p USB<\/td>\n<\/tr>\n<tr>\n<td width=\"226\">Chi\u1ec1u d\u00e0i c\u00e1p<\/td>\n<td width=\"325\">1,5 m, C\u00f3 th\u1ec3 th\u00e1o r\u1eddi (T\u00f9y ch\u1ecdn)<\/td>\n<\/tr>\n<tr>\n<td colspan=\"2\" width=\"551\">Giao di\u1ec7n th\u1ebb th\u00f4ng minh kh\u00f4ng ti\u1ebfp x\u00fac<\/td>\n<\/tr>\n<tr>\n<td width=\"226\">Ti\u00eau chu\u1ea9n<\/td>\n<td width=\"325\">ISO 14443 A v\u00e0 B Ph\u1ea7n 1-4<\/td>\n<\/tr>\n<tr>\n<td rowspan=\"2\" width=\"226\">Giao th\u1ee9c<\/td>\n<td width=\"325\">Th\u1ebb tu\u00e2n th\u1ee7 ISO14443-4, T=CL<\/td>\n<\/tr>\n<tr>\n<td width=\"325\">Giao th\u1ee9c th\u1ebb c\u1ed5 \u0111i\u1ec3n MIFARE\u00ae, T=CL<\/td>\n<\/tr>\n<tr>\n<td width=\"226\">Anten<\/td>\n<td width=\"325\">65 mm x 60 mm<\/td>\n<\/tr>\n<tr>\n<td colspan=\"2\" width=\"551\">Giao di\u1ec7n th\u1ebb SAM<\/td>\n<\/tr>\n<tr>\n<td width=\"226\">S\u1ed1 l\u01b0\u1ee3ng khe<\/td>\n<td width=\"325\">1<\/td>\n<\/tr>\n<tr>\n<td width=\"226\">Ti\u00eau chu\u1ea9n<\/td>\n<td width=\"325\">ISO 7816 Ph\u1ea7n 1-3, Lo\u1ea1i A (5 V)<\/td>\n<\/tr>\n<tr>\n<td width=\"226\">Giao th\u1ee9c<\/td>\n<td width=\"325\">T=0; T=1<\/td>\n<\/tr>\n<tr>\n<td colspan=\"2\" width=\"551\">Thi\u1ebft b\u1ecb ngo\u1ea1i vi t\u00edch h\u1ee3p<\/td>\n<\/tr>\n<tr>\n<td width=\"226\">D\u1eaaN \u0110\u1ebeN<\/td>\n<td width=\"325\">2 m\u00e0u \u0111\u01a1n: \u0110\u1ecf v\u00e0 Xanh<\/td>\n<\/tr>\n<tr>\n<td width=\"226\">C\u00f2i<\/td>\n<td width=\"325\">Gi\u1ecdng b\u1eb1ng b\u1eb1ng<\/td>\n<\/tr>\n<tr>\n<td colspan=\"2\" width=\"551\">C\u00e1c t\u00ednh n\u0103ng kh\u00e1c<\/td>\n<\/tr>\n<tr>\n<td width=\"226\">N\u00e2ng c\u1ea5p ch\u01b0\u01a1ng tr\u00ecnh c\u01a1 s\u1edf<\/td>\n<td width=\"325\">\u0110\u01b0\u1ee3c h\u1ed7 tr\u1ee3<\/td>\n<\/tr>\n<tr>\n<td colspan=\"2\" width=\"551\">Ch\u1ee9ng nh\u1eadn\/Tu\u00e2n th\u1ee7<\/td>\n<\/tr>\n<tr>\n<td rowspan=\"6\" width=\"226\">Ch\u1ee9ng nh\u1eadn\/Tu\u00e2n th\u1ee7<\/td>\n<td width=\"325\">ISO 7816 (Khe c\u1eafm SAM)<\/td>\n<\/tr>\n<tr>\n<td width=\"325\">ISO 14443<\/td>\n<\/tr>\n<tr>\n<td width=\"325\">CN<\/td>\n<\/tr>\n<tr>\n<td width=\"325\">FCC<\/td>\n<\/tr>\n<tr>\n<td width=\"325\">RoHS<\/td>\n<\/tr>\n<tr>\n<td width=\"325\">V\u1edaI T\u1edaI<\/td>\n<\/tr>\n<tr>\n<td colspan=\"2\" width=\"551\">H\u1ed7 tr\u1ee3 h\u1ec7 \u0111i\u1ec1u h\u00e0nh tr\u00ecnh \u0111i\u1ec1u khi\u1ec3n thi\u1ebft b\u1ecb<\/td>\n<\/tr>\n<tr>\n<td rowspan=\"2\" width=\"226\">H\u1ed7 tr\u1ee3 h\u1ec7 \u0111i\u1ec1u h\u00e0nh tr\u00ecnh \u0111i\u1ec1u khi\u1ec3n thi\u1ebft b\u1ecb<\/td>\n<td width=\"325\">Windows\u00ae<\/td>\n<\/tr>\n<tr>\n<td width=\"325\">Linux\u00ae<\/td>\n<\/tr>\n<\/tbody>\n<\/table>\n<\/div>\n<\/li>\n<\/ul>\n<\/li>\n<\/ul>","protected":false},"excerpt":{"rendered":"<p>ACM1281S-C7 l\u00e0 \u0110\u1ea7u \u0111\u1ecdc kh\u00f4ng ti\u1ebfp x\u00fac n\u1ed1i ti\u1ebfp nh\u1ecf g\u1ecdn v\u1edbi m\u00f4-\u0111un SAM, mang l\u1ea1i hi\u1ec7u su\u1ea5t t\u1ed1c \u0111\u1ed9 cao v\u00e0 d\u1ec5 d\u00e0ng t\u00edch h\u1ee3p cho nhi\u1ec1u \u1ee9ng d\u1ee5ng nh\u00fang kh\u00e1c nhau.<\/p>","protected":false},"featured_media":1567,"template":"","meta":[],"product_brand":[],"product_cat":[45,41],"product_tag":[],"class_list":{"0":"post-1566","1":"product","2":"type-product","3":"status-publish","4":"has-post-thumbnail","6":"product_cat-contactless-nfc-reader","7":"product_cat-module-ic-reader","9":"first","10":"instock","11":"shipping-taxable","12":"product-type-simple"},"_links":{"self":[{"href":"https:\/\/nfc-readers.com\/vi\/wp-json\/wp\/v2\/product\/1566","targetHints":{"allow":["GET"]}}],"collection":[{"href":"https:\/\/nfc-readers.com\/vi\/wp-json\/wp\/v2\/product"}],"about":[{"href":"https:\/\/nfc-readers.com\/vi\/wp-json\/wp\/v2\/types\/product"}],"wp:featuredmedia":[{"embeddable":true,"href":"https:\/\/nfc-readers.com\/vi\/wp-json\/wp\/v2\/media\/1567"}],"wp:attachment":[{"href":"https:\/\/nfc-readers.com\/vi\/wp-json\/wp\/v2\/media?parent=1566"}],"wp:term":[{"taxonomy":"product_brand","embeddable":true,"href":"https:\/\/nfc-readers.com\/vi\/wp-json\/wp\/v2\/product_brand?post=1566"},{"taxonomy":"product_cat","embeddable":true,"href":"https:\/\/nfc-readers.com\/vi\/wp-json\/wp\/v2\/product_cat?post=1566"},{"taxonomy":"product_tag","embeddable":true,"href":"https:\/\/nfc-readers.com\/vi\/wp-json\/wp\/v2\/product_tag?post=1566"}],"curies":[{"name":"wp","href":"https:\/\/api.w.org\/{rel}","templated":true}]}}