{"id":1568,"date":"2024-04-07T06:30:24","date_gmt":"2024-04-07T06:30:24","guid":{"rendered":"https:\/\/nfc-readers.com\/?post_type=product&#038;p=1568"},"modified":"2024-10-16T06:16:19","modified_gmt":"2024-10-16T06:16:19","slug":"acm1252u-y3-usb-nfc-reader-module-with-detachable-antenna-board","status":"publish","type":"product","link":"https:\/\/nfc-readers.com\/vi\/ic-reader\/acm1252u-y3-usb-nfc-reader-module-with-detachable-antenna-board\/","title":{"rendered":"M\u00f4-\u0111un \u0111\u1ea7u \u0111\u1ecdc NFC USB ACM1252U-Y3 v\u1edbi b\u1ea3ng \u0103ng-ten c\u00f3 th\u1ec3 th\u00e1o r\u1eddi"},"content":{"rendered":"<h1>M\u00f4-\u0111un \u0111\u1ea7u \u0111\u1ecdc NFC USB ACM1252U-Y3 v\u1edbi b\u1ea3ng \u0103ng-ten c\u00f3 th\u1ec3 th\u00e1o r\u1eddi<\/h1>\n<p>ACM1252U-Y3 l\u00e0 M\u00f4-\u0111un \u0111\u1ea7u \u0111\u1ecdc USB th\u1ebb th\u00f4ng minh NFC ti\u00ean ti\u1ebfn nh\u1ea5t, d\u00e0nh cho c\u00e1c \u1ee9ng d\u1ee5ng \u0111a d\u1ea1ng y\u00eau c\u1ea7u c\u00f4ng ngh\u1ec7 NFC nh\u00fang. V\u1edbi kh\u1ea3 n\u0103ng m\u1edf r\u1ed9ng ph\u1ea1m vi, truy\u1ec1n d\u1eef li\u1ec7u t\u1ed1c \u0111\u1ed9 cao v\u00e0 c\u00e1c t\u00ednh n\u0103ng b\u1ed5 sung n\u00e2ng cao kh\u1ea3 n\u0103ng th\u00edch \u1ee9ng v\u00e0 th\u00e2n thi\u1ec7n v\u1edbi ng\u01b0\u1eddi d\u00f9ng, m\u00f4-\u0111un n\u00e0y l\u00e0 l\u1ef1a ch\u1ecdn cao c\u1ea5p \u0111\u1ec3 cho ph\u00e9p giao d\u1ecbch NFC trong c\u00e1c \u1ee9ng d\u1ee5ng h\u1ec7 th\u1ed1ng t\u00edch h\u1ee3p.<\/p>\n<ul>\n<li>\n<h2>Giao di\u1ec7n t\u1ed1c \u0111\u1ed9 \u0111\u1ea7y \u0111\u1ee7 USB 2.0<\/h2>\n<\/li>\n<li>\n<h2>Tu\u00e2n th\u1ee7 CCID<\/h2>\n<\/li>\n<li>\n<h2>Kh\u1ea3 n\u0103ng n\u00e2ng c\u1ea5p ch\u01b0\u01a1ng tr\u00ecnh c\u01a1 s\u1edf USB<\/h2>\n<\/li>\n<li>\n<h2>\u0110\u1ea7u \u0111\u1ecdc th\u1ebb th\u00f4ng minh:<\/h2>\n<ul>\n<li>\n<h3>Giao di\u1ec7n kh\u00f4ng ti\u1ebfp x\u00fac:<\/h3>\n<ul>\n<li>\n<h4>T\u1ed1c \u0111\u1ed9 \u0111\u1ecdc\/ghi l\u00ean t\u1edbi 424 kbps<\/h4>\n<\/li>\n<li>\n<h4>\u0102ng-ten t\u00edch h\u1ee3p \u0111\u1ec3 truy c\u1eadp th\u1ebb kh\u00f4ng ti\u1ebfp x\u00fac, v\u1edbi kho\u1ea3ng c\u00e1ch \u0111\u1ecdc th\u1ebb l\u00ean t\u1edbi 50 mm (t\u00f9y thu\u1ed9c v\u00e0o lo\u1ea1i th\u1ebb)<\/h4>\n<\/li>\n<li>\n<h4>H\u1ed7 tr\u1ee3 th\u1ebb ISO 14443 Lo\u1ea1i A v\u00e0 B, MIFARE\u00ae v\u00e0 FeliCa c\u0169ng nh\u01b0 t\u1ea5t c\u1ea3 4 lo\u1ea1i th\u1ebb NFC (ISO\/IEC 18092)<\/h4>\n<\/li>\n<li>\n<h4>H\u1ed7 tr\u1ee3 UID 7 byte MIFARE\u00ae, MIFARE\u00ae Plus v\u00e0 MIFARE\u00ae DESfire<\/h4>\n<\/li>\n<li>\n<h4>T\u00edch h\u1ee3p t\u00ednh n\u0103ng ch\u1ed1ng va ch\u1ea1m (m\u1ed7i l\u1ea7n ch\u1ec9 truy c\u1eadp 1 th\u1ebb)<\/h4>\n<\/li>\n<li>\n<h4>H\u1ed7 tr\u1ee3 NFC:<\/h4>\n<ul>\n<li>Ch\u1ebf \u0111\u1ed9 \u0111\u1ecdc\/ghi NFC<\/li>\n<li>Ch\u1ebf \u0111\u1ed9 ngang h\u00e0ng<\/li>\n<li>Ch\u1ebf \u0111\u1ed9 thi \u0111ua th\u1ebb<\/li>\n<\/ul>\n<\/li>\n<\/ul>\n<\/li>\n<\/ul>\n<\/li>\n<li>\n<h2>Giao di\u1ec7n l\u1eadp tr\u00ecnh \u1ee9ng d\u1ee5ng:<\/h2>\n<ul>\n<li>\n<h3>H\u1ed7 tr\u1ee3 PC\/SC<\/h3>\n<\/li>\n<li>\n<h3>H\u1ed7 tr\u1ee3 CT-API (th\u00f4ng qua tr\u00ecnh bao b\u1ecdc tr\u00ean PC\/SC)<\/h3>\n<\/li>\n<\/ul>\n<\/li>\n<li>\n<h2>Thi\u1ebft b\u1ecb ngo\u1ea1i vi:<\/h2>\n<ul>\n<li>\n<h3>\u0110\u00e8n LED hai m\u00e0u do ng\u01b0\u1eddi d\u00f9ng \u0111i\u1ec1u khi\u1ec3n<\/h3>\n<\/li>\n<li>\n<h3>B\u1ed9 rung do ng\u01b0\u1eddi d\u00f9ng \u0111i\u1ec1u khi\u1ec3n<\/h3>\n<\/li>\n<li>\n<div>\n<table width=\"495\">\n<tbody>\n<tr>\n<td colspan=\"2\" width=\"495\">T\u00ednh ch\u1ea5t v\u1eadt l\u00fd<\/td>\n<\/tr>\n<tr>\n<td rowspan=\"2\" width=\"187\">K\u00edch th\u01b0\u1edbc (mm)<\/td>\n<td width=\"308\">Bo m\u1ea1ch ch\u00ednh: 55,0 mm (L) x 45,0 mm (W) x 5,1 mm (H)<\/td>\n<\/tr>\n<tr>\n<td width=\"308\">B\u1ea3ng \u0102ng-ten: 91,0 mm (L) x 49,5 mm (W) x 5,1 mm (H)<\/td>\n<\/tr>\n<tr>\n<td width=\"187\">Tr\u1ecdng l\u01b0\u1ee3ng (g)<\/td>\n<td width=\"308\">26,6 gam<\/td>\n<\/tr>\n<tr>\n<td colspan=\"2\" width=\"495\">Giao di\u1ec7n USB<\/td>\n<\/tr>\n<tr>\n<td width=\"187\">Giao th\u1ee9c<\/td>\n<td width=\"308\">USB CID<\/td>\n<\/tr>\n<tr>\n<td width=\"187\">lo\u1ea1i tr\u00ecnh k\u1ebft n\u1ed1i<\/td>\n<td width=\"308\">Lo\u1ea1i ti\u00eau chu\u1ea9n A<\/td>\n<\/tr>\n<tr>\n<td width=\"187\">Ngu\u1ed3n n\u0103ng l\u01b0\u1ee3ng<\/td>\n<td width=\"308\">T\u1eeb c\u1ed5ng USB<\/td>\n<\/tr>\n<tr>\n<td width=\"187\">T\u1ed1c \u0111\u1ed9<\/td>\n<td width=\"308\">T\u1ed1c \u0111\u1ed9 t\u1ed1i \u0111a USB (12 Mb\/gi\u00e2y)<\/td>\n<\/tr>\n<tr>\n<td width=\"187\">Chi\u1ec1u d\u00e0i c\u00e1p<\/td>\n<td width=\"308\">1,0 m, C\u00f3 th\u1ec3 th\u00e1o r\u1eddi (T\u00f9y ch\u1ecdn)<\/td>\n<\/tr>\n<tr>\n<td colspan=\"2\" width=\"495\">Giao di\u1ec7n th\u1ebb th\u00f4ng minh kh\u00f4ng ti\u1ebfp x\u00fac<\/td>\n<\/tr>\n<tr>\n<td width=\"187\">Ti\u00eau chu\u1ea9n<\/td>\n<td width=\"308\">ISO\/IEC 18092 NFC, ISO 14443 Lo\u1ea1i A &amp; B, MIFARE\u00ae, FeliCa<\/td>\n<\/tr>\n<tr>\n<td rowspan=\"4\" width=\"187\">Giao th\u1ee9c<\/td>\n<td width=\"308\">Th\u1ebb tu\u00e2n th\u1ee7 ISO 14443-4, T=CL<\/td>\n<\/tr>\n<tr>\n<td width=\"308\">Th\u1ebb MIFARE\u00ae C\u1ed5 \u0111i\u1ec3n, T=CL<\/td>\n<\/tr>\n<tr>\n<td width=\"308\">ISO18092, Th\u1ebb NFC<\/td>\n<\/tr>\n<tr>\n<td width=\"308\">FeliCa<\/td>\n<\/tr>\n<tr>\n<td width=\"187\">Anten<\/td>\n<td width=\"308\">77 mm x 49,5 mm<\/td>\n<\/tr>\n<tr>\n<td colspan=\"2\" width=\"495\">Giao di\u1ec7n th\u1ebb SAM<\/td>\n<\/tr>\n<tr>\n<td width=\"187\">S\u1ed1 l\u01b0\u1ee3ng khe<\/td>\n<td width=\"308\">1 (T\u00f9y ch\u1ecdn)<\/td>\n<\/tr>\n<tr>\n<td colspan=\"2\" width=\"495\">Thi\u1ebft b\u1ecb ngo\u1ea1i vi t\u00edch h\u1ee3p<\/td>\n<\/tr>\n<tr>\n<td width=\"187\">D\u1eaaN \u0110\u1ebeN<\/td>\n<td width=\"308\">1 hai m\u00e0u: \u0110\u1ecf v\u00e0 Xanh<\/td>\n<\/tr>\n<tr>\n<td width=\"187\">C\u00f2i<\/td>\n<td width=\"308\">Gi\u1ecdng b\u1eb1ng b\u1eb1ng<\/td>\n<\/tr>\n<tr>\n<td colspan=\"2\" width=\"495\">C\u00e1c t\u00ednh n\u0103ng kh\u00e1c<\/td>\n<\/tr>\n<tr>\n<td width=\"187\">N\u00e2ng c\u1ea5p ch\u01b0\u01a1ng tr\u00ecnh c\u01a1 s\u1edf<\/td>\n<td width=\"308\">\u0110\u01b0\u1ee3c h\u1ed7 tr\u1ee3<\/td>\n<\/tr>\n<tr>\n<td colspan=\"2\" width=\"495\">Ch\u1ee9ng nh\u1eadn\/Tu\u00e2n th\u1ee7<\/td>\n<\/tr>\n<tr>\n<td rowspan=\"13\" width=\"187\">Ch\u1ee9ng nh\u1eadn\/Tu\u00e2n th\u1ee7<\/td>\n<td width=\"308\">EN 60950\/IEC 60950<\/td>\n<\/tr>\n<tr>\n<td width=\"308\">ISO 7816 (Khe c\u1eafm SAM)<\/td>\n<\/tr>\n<tr>\n<td width=\"308\">ISO 14443<\/td>\n<\/tr>\n<tr>\n<td width=\"308\">ISO 18092<\/td>\n<\/tr>\n<tr>\n<td width=\"308\">T\u1ed1c \u0111\u1ed9 t\u1ed1i \u0111a USB<\/td>\n<\/tr>\n<tr>\n<td width=\"308\">PC\/SC<\/td>\n<\/tr>\n<tr>\n<td width=\"308\">CCID<\/td>\n<\/tr>\n<tr>\n<td width=\"308\">VCCI (Nh\u1eadt B\u1ea3n)<\/td>\n<\/tr>\n<tr>\n<td width=\"308\">CN<\/td>\n<\/tr>\n<tr>\n<td width=\"308\">FCC<\/td>\n<\/tr>\n<tr>\n<td width=\"308\">RoHS<\/td>\n<\/tr>\n<tr>\n<td width=\"308\">V\u1edaI T\u1edaI<\/td>\n<\/tr>\n<tr>\n<td width=\"308\">Microsoft\u00ae WHQL<\/td>\n<\/tr>\n<tr>\n<td colspan=\"2\" width=\"495\">H\u1ed7 tr\u1ee3 h\u1ec7 \u0111i\u1ec1u h\u00e0nh tr\u00ecnh \u0111i\u1ec1u khi\u1ec3n thi\u1ebft b\u1ecb<\/td>\n<\/tr>\n<tr>\n<td rowspan=\"5\" width=\"187\">H\u1ed7 tr\u1ee3 h\u1ec7 \u0111i\u1ec1u h\u00e0nh tr\u00ecnh \u0111i\u1ec1u khi\u1ec3n thi\u1ebft b\u1ecb<\/td>\n<td width=\"308\">Windows\u00ae<\/td>\n<\/tr>\n<tr>\n<td width=\"308\">Linux\u00ae<\/td>\n<\/tr>\n<tr>\n<td width=\"308\">MAC OS\u00ae<\/td>\n<\/tr>\n<tr>\n<td width=\"308\">Solaris<\/td>\n<\/tr>\n<tr>\n<td width=\"308\">Android\u2122<\/td>\n<\/tr>\n<\/tbody>\n<\/table>\n<\/div>\n<\/li>\n<\/ul>\n<\/li>\n<\/ul>","protected":false},"excerpt":{"rendered":"<p>ACM1252U-Y3 l\u00e0 m\u00f4-\u0111un USB NFC \u0111a n\u0103ng s\u1eed d\u1ee5ng c\u00f4ng ngh\u1ec7 13,56M, h\u1ed7 tr\u1ee3 trao \u0111\u1ed5i d\u1eef li\u1ec7u t\u1ed1c \u0111\u1ed9 cao v\u00e0 l\u00fd t\u01b0\u1edfng cho nhi\u1ec1u \u1ee9ng d\u1ee5ng nh\u00fang kh\u00e1c nhau.<\/p>","protected":false},"featured_media":1570,"template":"","meta":[],"product_brand":[],"product_cat":[45,41,40],"product_tag":[],"class_list":{"0":"post-1568","1":"product","2":"type-product","3":"status-publish","4":"has-post-thumbnail","6":"product_cat-contactless-nfc-reader","7":"product_cat-module-ic-reader","8":"product_cat-rfid-nfc-reader","10":"first","11":"instock","12":"shipping-taxable","13":"product-type-simple"},"_links":{"self":[{"href":"https:\/\/nfc-readers.com\/vi\/wp-json\/wp\/v2\/product\/1568","targetHints":{"allow":["GET"]}}],"collection":[{"href":"https:\/\/nfc-readers.com\/vi\/wp-json\/wp\/v2\/product"}],"about":[{"href":"https:\/\/nfc-readers.com\/vi\/wp-json\/wp\/v2\/types\/product"}],"wp:featuredmedia":[{"embeddable":true,"href":"https:\/\/nfc-readers.com\/vi\/wp-json\/wp\/v2\/media\/1570"}],"wp:attachment":[{"href":"https:\/\/nfc-readers.com\/vi\/wp-json\/wp\/v2\/media?parent=1568"}],"wp:term":[{"taxonomy":"product_brand","embeddable":true,"href":"https:\/\/nfc-readers.com\/vi\/wp-json\/wp\/v2\/product_brand?post=1568"},{"taxonomy":"product_cat","embeddable":true,"href":"https:\/\/nfc-readers.com\/vi\/wp-json\/wp\/v2\/product_cat?post=1568"},{"taxonomy":"product_tag","embeddable":true,"href":"https:\/\/nfc-readers.com\/vi\/wp-json\/wp\/v2\/product_tag?post=1568"}],"curies":[{"name":"wp","href":"https:\/\/api.w.org\/{rel}","templated":true}]}}