{"id":1572,"date":"2024-04-07T06:32:56","date_gmt":"2024-04-07T06:32:56","guid":{"rendered":"https:\/\/nfc-readers.com\/?post_type=product&#038;p=1572"},"modified":"2024-10-16T06:13:06","modified_gmt":"2024-10-16T06:13:06","slug":"acm1252u-z2-small-nfc-reader-module","status":"publish","type":"product","link":"https:\/\/nfc-readers.com\/vi\/ic-reader\/acm1252u-z2-small-nfc-reader-module\/","title":{"rendered":"M\u00f4-\u0111un \u0111\u1ea7u \u0111\u1ecdc NFC nh\u1ecf ACM1252U-Z2"},"content":{"rendered":"<h1>M\u00f4-\u0111un \u0111\u1ea7u \u0111\u1ecdc NFC nh\u1ecf ACM1252U-Z2<\/h1>\n<p>ACM1252U-Z2 l\u00e0 m\u00f4-\u0111un \u0111\u1ea7u \u0111\u1ecdc NFC linh ho\u1ea1t v\u00e0 m\u1ea1nh m\u1ebd \u0111\u01b0\u1ee3c ch\u1ebf t\u1ea1o \u0111\u1ec3 t\u00edch h\u1ee3p h\u1ec7 th\u1ed1ng nh\u00fang, th\u1ec3 hi\u1ec7n s\u1ef1 k\u1ebft h\u1ee3p c\u00f3 gi\u00e1 tr\u1ecb gi\u1eefa h\u1ed7 tr\u1ee3 giao th\u1ee9c r\u1ed9ng r\u00e3i v\u00e0 ch\u1ee9c n\u0103ng hi\u1ec7u qu\u1ea3. T\u00ednh n\u0103ng ch\u1ed1ng va ch\u1ea1m c\u1ee7a n\u00f3 b\u1ed5 sung th\u00eam ti\u1ec7n \u00edch trong c\u00e1c t\u00ecnh hu\u1ed1ng s\u1eed d\u1ee5ng nhi\u1ec1u th\u1ebb, c\u1ee7ng c\u1ed1 vai tr\u00f2 c\u1ee7a n\u00f3 nh\u01b0 m\u1ed9t gi\u1ea3i ph\u00e1p ti\u1ebft ki\u1ec7m chi ph\u00ed trong b\u1ed1i c\u1ea3nh c\u00f4ng ngh\u1ec7 NFC.<\/p>\n<ul>\n<li>\n<h2>Giao di\u1ec7n t\u1ed1c \u0111\u1ed9 \u0111\u1ea7y \u0111\u1ee7 USB 2.0<\/h2>\n<\/li>\n<li>\n<h2>Tu\u00e2n th\u1ee7 CCID<\/h2>\n<\/li>\n<li>\n<h2>H\u1ed7 tr\u1ee3 th\u1ebb kh\u00f4ng ti\u1ebfp x\u00fac:<\/h2>\n<ul>\n<li>\n<h3>T\u1ed1c \u0111\u1ed9 \u0111\u1ecdc\/ghi l\u00ean t\u1edbi 424 kbps<\/h3>\n<\/li>\n<li>\n<h3>\u0102ng-ten t\u00edch h\u1ee3p \u0111\u1ec3 truy c\u1eadp th\u1ebb kh\u00f4ng ti\u1ebfp x\u00fac, v\u1edbi kho\u1ea3ng c\u00e1ch \u0111\u1ecdc th\u1ebb l\u00ean t\u1edbi 30 mm (t\u00f9y thu\u1ed9c v\u00e0o lo\u1ea1i th\u1ebb)<\/h3>\n<\/li>\n<li>\n<h3>H\u1ed7 tr\u1ee3 th\u1ebb ISO 14443 Ph\u1ea7n 4 Lo\u1ea1i A v\u00e0 B, MIFARE\u00ae, FeliCa v\u00e0 t\u1ea5t c\u1ea3 b\u1ed1n lo\u1ea1i NFC (th\u1ebb ISO 18092)<\/h3>\n<\/li>\n<li>\n<h3>T\u00ednh n\u0103ng ch\u1ed1ng va ch\u1ea1m t\u00edch h\u1ee3p (ch\u1ec9 c\u00f3 m\u1ed9t th\u1ebb \u0111\u01b0\u1ee3c truy c\u1eadp b\u1ea5t c\u1ee9 l\u00fac n\u00e0o)<\/h3>\n<\/li>\n<\/ul>\n<\/li>\n<li>\n<h2>Giao di\u1ec7n l\u1eadp tr\u00ecnh \u1ee9ng d\u1ee5ng<\/h2>\n<ul>\n<li>\n<h3>H\u1ed7 tr\u1ee3 PC\/SC<\/h3>\n<\/li>\n<\/ul>\n<\/li>\n<li>\n<h2>Kh\u1ea3 n\u0103ng n\u00e2ng c\u1ea5p ch\u01b0\u01a1ng tr\u00ecnh c\u01a1 s\u1edf USB<\/h2>\n<\/li>\n<li>\n<div>\n<table width=\"574\">\n<tbody>\n<tr>\n<td colspan=\"2\" width=\"574\">T\u00ednh ch\u1ea5t v\u1eadt l\u00fd<\/td>\n<\/tr>\n<tr>\n<td width=\"204\">K\u00edch th\u01b0\u1edbc (mm)<\/td>\n<td width=\"370\">52,0 mm (L) x 20,0 mm (W) x 6,0 mm (H)<\/td>\n<\/tr>\n<tr>\n<td width=\"204\">Tr\u1ecdng l\u01b0\u1ee3ng (g)<\/td>\n<td width=\"370\">3,65 gam<\/td>\n<\/tr>\n<tr>\n<td colspan=\"2\" width=\"574\">Giao di\u1ec7n USB<\/td>\n<\/tr>\n<tr>\n<td width=\"204\">Giao th\u1ee9c<\/td>\n<td width=\"370\">USB CID<\/td>\n<\/tr>\n<tr>\n<td width=\"204\">lo\u1ea1i tr\u00ecnh k\u1ebft n\u1ed1i<\/td>\n<td width=\"370\">Micro USB<\/td>\n<\/tr>\n<tr>\n<td width=\"204\">Ngu\u1ed3n n\u0103ng l\u01b0\u1ee3ng<\/td>\n<td width=\"370\">T\u1eeb c\u1ed5ng USB<\/td>\n<\/tr>\n<tr>\n<td width=\"204\">T\u1ed1c \u0111\u1ed9<\/td>\n<td width=\"370\">T\u1ed1c \u0111\u1ed9 t\u1ed1i \u0111a USB (12 Mb\/gi\u00e2y)<\/td>\n<\/tr>\n<tr>\n<td width=\"204\">Chi\u1ec1u d\u00e0i c\u00e1p<\/td>\n<td width=\"370\">1,0 m, C\u00f3 th\u1ec3 th\u00e1o r\u1eddi (T\u00f9y ch\u1ecdn)<\/td>\n<\/tr>\n<tr>\n<td colspan=\"2\" width=\"574\">Giao di\u1ec7n th\u1ebb th\u00f4ng minh kh\u00f4ng ti\u1ebfp x\u00fac<\/td>\n<\/tr>\n<tr>\n<td width=\"204\">Ti\u00eau chu\u1ea9n<\/td>\n<td width=\"370\">ISO\/IEC 18092 NFC, ISO 14443 Lo\u1ea1i A &amp; B, MIFARE\u00ae, FeliCa<\/td>\n<\/tr>\n<tr>\n<td rowspan=\"4\" width=\"204\">Giao th\u1ee9c<\/td>\n<td width=\"370\">Th\u1ebb tu\u00e2n th\u1ee7 ISO14443-4, T=CL<\/td>\n<\/tr>\n<tr>\n<td width=\"370\">Giao th\u1ee9c th\u1ebb c\u1ed5 \u0111i\u1ec3n MIFARE\u00ae, T=CL<\/td>\n<\/tr>\n<tr>\n<td width=\"370\">ISO 18092, Th\u1ebb NFC<\/td>\n<\/tr>\n<tr>\n<td width=\"370\">FeliCa<\/td>\n<\/tr>\n<tr>\n<td width=\"204\">Anten<\/td>\n<td width=\"370\">20 mm x 22 mm<\/td>\n<\/tr>\n<tr>\n<td colspan=\"2\" width=\"574\">Thi\u1ebft b\u1ecb ngo\u1ea1i vi t\u00edch h\u1ee3p<\/td>\n<\/tr>\n<tr>\n<td width=\"204\">D\u1eaaN \u0110\u1ebeN<\/td>\n<td width=\"370\">1 hai m\u00e0u: \u0110\u1ecf v\u00e0 Xanh<\/td>\n<\/tr>\n<tr>\n<td colspan=\"2\" width=\"574\">C\u00e1c t\u00ednh n\u0103ng kh\u00e1c<\/td>\n<\/tr>\n<tr>\n<td width=\"204\">N\u00e2ng c\u1ea5p ch\u01b0\u01a1ng tr\u00ecnh c\u01a1 s\u1edf<\/td>\n<td width=\"370\">\u0110\u01b0\u1ee3c h\u1ed7 tr\u1ee3<\/td>\n<\/tr>\n<tr>\n<td colspan=\"2\" width=\"574\">Ch\u1ee9ng nh\u1eadn\/Tu\u00e2n th\u1ee7<\/td>\n<\/tr>\n<tr>\n<td rowspan=\"10\" width=\"204\">Ch\u1ee9ng nh\u1eadn\/Tu\u00e2n th\u1ee7<\/td>\n<td width=\"370\">ISO 14443<\/td>\n<\/tr>\n<tr>\n<td width=\"370\">ISO 18092<\/td>\n<\/tr>\n<tr>\n<td width=\"370\">T\u1ed1c \u0111\u1ed9 t\u1ed1i \u0111a USB<\/td>\n<\/tr>\n<tr>\n<td width=\"370\">PC\/SC<\/td>\n<\/tr>\n<tr>\n<td width=\"370\">CCID<\/td>\n<\/tr>\n<tr>\n<td width=\"370\">CN<\/td>\n<\/tr>\n<tr>\n<td width=\"370\">FCC<\/td>\n<\/tr>\n<tr>\n<td width=\"370\">RoHS<\/td>\n<\/tr>\n<tr>\n<td width=\"370\">V\u1edaI T\u1edaI<\/td>\n<\/tr>\n<tr>\n<td width=\"370\">Microsoft\u00ae WHQL<\/td>\n<\/tr>\n<tr>\n<td colspan=\"2\" width=\"574\">H\u1ed7 tr\u1ee3 h\u1ec7 \u0111i\u1ec1u h\u00e0nh tr\u00ecnh \u0111i\u1ec1u khi\u1ec3n thi\u1ebft b\u1ecb<\/td>\n<\/tr>\n<tr>\n<td rowspan=\"5\" width=\"204\">H\u1ed7 tr\u1ee3 h\u1ec7 \u0111i\u1ec1u h\u00e0nh tr\u00ecnh \u0111i\u1ec1u khi\u1ec3n thi\u1ebft b\u1ecb<\/td>\n<td width=\"370\">Windows\u00ae<\/td>\n<\/tr>\n<tr>\n<td width=\"370\">Linux\u00ae<\/td>\n<\/tr>\n<tr>\n<td width=\"370\">MAC OS\u00ae<\/td>\n<\/tr>\n<tr>\n<td width=\"370\">Solaris<\/td>\n<\/tr>\n<tr>\n<td width=\"370\">Android\u2122<\/td>\n<\/tr>\n<\/tbody>\n<\/table>\n<\/div>\n<\/li>\n<\/ul>","protected":false},"excerpt":{"rendered":"<p>ACM1252U-Z2 l\u00e0 m\u00f4-\u0111un USB NFC hi\u1ec7u su\u1ea5t cao ho\u1ea1t \u0111\u1ed9ng \u1edf t\u1ed1c \u0111\u1ed9 13,56M, h\u1ed7 tr\u1ee3 ISO 14443 v\u00e0 18092, l\u00fd t\u01b0\u1edfng cho c\u00e1c \u1ee9ng d\u1ee5ng NFC nh\u00fang.<\/p>","protected":false},"featured_media":1573,"template":"","meta":[],"product_brand":[],"product_cat":[45,41,40],"product_tag":[],"class_list":{"0":"post-1572","1":"product","2":"type-product","3":"status-publish","4":"has-post-thumbnail","6":"product_cat-contactless-nfc-reader","7":"product_cat-module-ic-reader","8":"product_cat-rfid-nfc-reader","10":"first","11":"instock","12":"shipping-taxable","13":"product-type-simple"},"_links":{"self":[{"href":"https:\/\/nfc-readers.com\/vi\/wp-json\/wp\/v2\/product\/1572","targetHints":{"allow":["GET"]}}],"collection":[{"href":"https:\/\/nfc-readers.com\/vi\/wp-json\/wp\/v2\/product"}],"about":[{"href":"https:\/\/nfc-readers.com\/vi\/wp-json\/wp\/v2\/types\/product"}],"wp:featuredmedia":[{"embeddable":true,"href":"https:\/\/nfc-readers.com\/vi\/wp-json\/wp\/v2\/media\/1573"}],"wp:attachment":[{"href":"https:\/\/nfc-readers.com\/vi\/wp-json\/wp\/v2\/media?parent=1572"}],"wp:term":[{"taxonomy":"product_brand","embeddable":true,"href":"https:\/\/nfc-readers.com\/vi\/wp-json\/wp\/v2\/product_brand?post=1572"},{"taxonomy":"product_cat","embeddable":true,"href":"https:\/\/nfc-readers.com\/vi\/wp-json\/wp\/v2\/product_cat?post=1572"},{"taxonomy":"product_tag","embeddable":true,"href":"https:\/\/nfc-readers.com\/vi\/wp-json\/wp\/v2\/product_tag?post=1572"}],"curies":[{"name":"wp","href":"https:\/\/api.w.org\/{rel}","templated":true}]}}