{"id":1579,"date":"2024-04-07T06:47:40","date_gmt":"2024-04-07T06:47:40","guid":{"rendered":"https:\/\/nfc-readers.com\/?post_type=product&#038;p=1579"},"modified":"2024-10-16T03:17:58","modified_gmt":"2024-10-16T03:17:58","slug":"acm1252u-z6-small-nfc-reader-module","status":"publish","type":"product","link":"https:\/\/nfc-readers.com\/vi\/ic-reader\/acm1252u-z6-small-nfc-reader-module\/","title":{"rendered":"M\u00f4-\u0111un \u0111\u1ea7u \u0111\u1ecdc NFC nh\u1ecf ACM1252U-Z6"},"content":{"rendered":"<h1>M\u00f4-\u0111un \u0111\u1ea7u \u0111\u1ecdc NFC nh\u1ecf ACM1252U-Z6<\/h1>\n<p>M\u00f4-\u0111un ACM1252U-Z6 l\u00e0 h\u00ecnh \u1ea3nh thu nh\u1ecf c\u1ee7a c\u00f4ng ngh\u1ec7 \u0111\u1ecdc th\u1ebb NFC nh\u1ecf g\u1ecdn v\u00e0 hi\u1ec7u qu\u1ea3, ph\u00f9 h\u1ee3p \u0111\u1ec3 t\u00edch h\u1ee3p li\u1ec1n m\u1ea1ch v\u00e0o c\u00e1c h\u1ec7 th\u1ed1ng nh\u00fang, \u0111\u1ed3ng th\u1eddi cung c\u1ea5p gi\u1ea3i ph\u00e1p tinh vi cho nhu c\u1ea7u li\u00ean l\u1ea1c kh\u00f4ng ti\u1ebfp x\u00fac. N\u00f3 \u0111\u1ea3m b\u1ea3o kh\u1ea3 n\u0103ng t\u01b0\u01a1ng th\u00edch v\u1edbi nhi\u1ec1u thi\u1ebft b\u1ecb h\u1ed7 tr\u1ee3 NFC k\u1ebft h\u1ee3p v\u1edbi t\u00ednh th\u1ef1c t\u1ebf v\u00e0 t\u00ednh linh ho\u1ea1t \u0111\u01b0\u1ee3c y\u00eau c\u1ea7u b\u1edfi c\u00e1c \u1ee9ng d\u1ee5ng nh\u1ea1y c\u1ea3m v\u1edbi kh\u00f4ng gian.<\/p>\n<ul>\n<li>\n<h2><span class=\"s1\">Giao di\u1ec7n USB t\u1ed1c \u0111\u1ed9 t\u1ed1i \u0111a th\u00f4ng qua \u0111\u1ea7u n\u1ed1i FFC 6 ch\u00e2n<\/span><\/h2>\n<\/li>\n<li>\n<h2><span class=\"s1\">Tu\u00e2n th\u1ee7 CCID<\/span><\/h2>\n<\/li>\n<li>\n<h2><span class=\"s1\">Kh\u1ea3 n\u0103ng n\u00e2ng c\u1ea5p ch\u01b0\u01a1ng tr\u00ecnh c\u01a1 s\u1edf USB<\/span><\/h2>\n<\/li>\n<li>\n<h2><span class=\"s1\">\u0110\u1ea7u \u0111\u1ecdc th\u1ebb th\u00f4ng minh:<\/span><\/h2>\n<ul>\n<li>\n<h3>Giao di\u1ec7n kh\u00f4ng ti\u1ebfp x\u00fac:<\/h3>\n<ul>\n<li>\n<h4>T\u1ed1c \u0111\u1ed9 \u0111\u1ecdc\/ghi l\u00ean t\u1edbi 424 kbps<\/h4>\n<\/li>\n<li>\n<h4>\u0102ng-ten t\u00edch h\u1ee3p \u0111\u1ec3 truy c\u1eadp th\u1ebb kh\u00f4ng ti\u1ebfp x\u00fac, v\u1edbi kho\u1ea3ng c\u00e1ch \u0111\u1ecdc th\u1ebb l\u00ean t\u1edbi 30 mm (t\u00f9y thu\u1ed9c v\u00e0o lo\u1ea1i th\u1ebb)<\/h4>\n<\/li>\n<li>\n<h4>H\u1ed7 tr\u1ee3 th\u1ebb ISO 14443 Ph\u1ea7n 4 Lo\u1ea1i A v\u00e0 B, MIFARE\u00ae, FeliCa v\u00e0 t\u1ea5t c\u1ea3 b\u1ed1n lo\u1ea1i NFC (th\u1ebb ISO 18092)<\/h4>\n<\/li>\n<li>\n<h4>T\u00edch h\u1ee3p t\u00ednh n\u0103ng ch\u1ed1ng va ch\u1ea1m (m\u1ed7i l\u1ea7n ch\u1ec9 truy c\u1eadp 1 th\u1ebb)<\/h4>\n<\/li>\n<li>\n<h4>H\u1ed7 tr\u1ee3 NFC:<\/h4>\n<ul>\n<li>\n<h5>Ch\u1ebf \u0111\u1ed9 \u0111\u1ecdc\/ghi th\u1ebb<\/h5>\n<\/li>\n<li>\n<h5>Ch\u1ebf \u0111\u1ed9 ngang h\u00e0ng<\/h5>\n<\/li>\n<li>\n<h5>Ch\u1ebf \u0111\u1ed9 thi \u0111ua th\u1ebb<\/h5>\n<\/li>\n<\/ul>\n<\/li>\n<\/ul>\n<\/li>\n<\/ul>\n<\/li>\n<li>\n<h2>Thi\u1ebft b\u1ecb ngo\u1ea1i vi t\u00edch h\u1ee3p:<\/h2>\n<ul>\n<li>\n<h3><span class=\"s1\">\u0110\u00e8n LED hai m\u00e0u do ng\u01b0\u1eddi d\u00f9ng \u0111i\u1ec1u khi\u1ec3n<\/span><\/h3>\n<\/li>\n<\/ul>\n<\/li>\n<li>\n<h2>Giao di\u1ec7n l\u1eadp tr\u00ecnh \u1ee9ng d\u1ee5ng:<\/h2>\n<ul>\n<li>\n<h3><span class=\"s1\">H\u1ed7 tr\u1ee3 PC\/SC<\/span><\/h3>\n<\/li>\n<li>\n<h3><span class=\"s1\">H\u1ed7 tr\u1ee3 CT-API (th\u00f4ng qua tr\u00ecnh bao b\u1ecdc tr\u00ean PC\/SC)<\/span><\/h3>\n<\/li>\n<\/ul>\n<\/li>\n<li>\n<h2>H\u1ed7 tr\u1ee3 Android\u2122 3.1 tr\u1edf l\u00ean<\/h2>\n<\/li>\n<li>\n<div>\n<table width=\"536\">\n<tbody>\n<tr>\n<td colspan=\"2\" width=\"536\">T\u00ednh ch\u1ea5t v\u1eadt l\u00fd<\/td>\n<\/tr>\n<tr>\n<td width=\"182\">K\u00edch th\u01b0\u1edbc (mm)<\/td>\n<td width=\"354\">52,0 mm (L) x 20,0 mm (W) x 6,0 mm (H)<\/td>\n<\/tr>\n<tr>\n<td width=\"182\">Tr\u1ecdng l\u01b0\u1ee3ng (g)<\/td>\n<td width=\"354\">3,45 g<\/td>\n<\/tr>\n<tr>\n<td colspan=\"2\" width=\"536\">Giao di\u1ec7n USB<\/td>\n<\/tr>\n<tr>\n<td width=\"182\">Giao th\u1ee9c<\/td>\n<td width=\"354\">USB CID<\/td>\n<\/tr>\n<tr>\n<td width=\"182\">lo\u1ea1i tr\u00ecnh k\u1ebft n\u1ed1i<\/td>\n<td width=\"354\">FFC 6 ch\u00e2n<\/td>\n<\/tr>\n<tr>\n<td width=\"182\">Ngu\u1ed3n n\u0103ng l\u01b0\u1ee3ng<\/td>\n<td width=\"354\">T\u1eeb \u0111\u1ea7u n\u1ed1i FFC<\/td>\n<\/tr>\n<tr>\n<td width=\"182\">T\u1ed1c \u0111\u1ed9<\/td>\n<td width=\"354\">T\u1ed1c \u0111\u1ed9 t\u1ed1i \u0111a USB (12 Mb\/gi\u00e2y)<\/td>\n<\/tr>\n<tr>\n<td colspan=\"2\" width=\"536\">Giao di\u1ec7n th\u1ebb th\u00f4ng minh kh\u00f4ng ti\u1ebfp x\u00fac<\/td>\n<\/tr>\n<tr>\n<td width=\"182\">Ti\u00eau chu\u1ea9n<\/td>\n<td width=\"354\">ISO\/IEC 18092 NFC, ISO 14443 Lo\u1ea1i A &amp; B, MIFARE\u00ae, FeliCa<\/td>\n<\/tr>\n<tr>\n<td rowspan=\"4\" width=\"182\">Giao th\u1ee9c<\/td>\n<td width=\"354\">Th\u1ebb tu\u00e2n th\u1ee7 ISO14443-4, T=CL<\/td>\n<\/tr>\n<tr>\n<td width=\"354\">Giao th\u1ee9c th\u1ebb c\u1ed5 \u0111i\u1ec3n MIFARE\u00ae, T=CL<\/td>\n<\/tr>\n<tr>\n<td width=\"354\">ISO 18092, Th\u1ebb NFC<\/td>\n<\/tr>\n<tr>\n<td width=\"354\">FeliCa<\/td>\n<\/tr>\n<tr>\n<td width=\"182\">Anten<\/td>\n<td width=\"354\">20 mm x 22 mm<\/td>\n<\/tr>\n<tr>\n<td colspan=\"2\" width=\"536\">Thi\u1ebft b\u1ecb ngo\u1ea1i vi t\u00edch h\u1ee3p<\/td>\n<\/tr>\n<tr>\n<td width=\"182\">D\u1eaaN \u0110\u1ebeN<\/td>\n<td width=\"354\">1 hai m\u00e0u: \u0110\u1ecf v\u00e0 Xanh<\/td>\n<\/tr>\n<tr>\n<td colspan=\"2\" width=\"536\">C\u00e1c t\u00ednh n\u0103ng kh\u00e1c<\/td>\n<\/tr>\n<tr>\n<td width=\"182\">N\u00e2ng c\u1ea5p ch\u01b0\u01a1ng tr\u00ecnh c\u01a1 s\u1edf<\/td>\n<td width=\"354\">\u0110\u01b0\u1ee3c h\u1ed7 tr\u1ee3<\/td>\n<\/tr>\n<tr>\n<td colspan=\"2\" width=\"536\">Ch\u1ee9ng nh\u1eadn\/Tu\u00e2n th\u1ee7<\/td>\n<\/tr>\n<tr>\n<td rowspan=\"10\" width=\"182\">Ch\u1ee9ng nh\u1eadn\/Tu\u00e2n th\u1ee7<\/td>\n<td width=\"354\">ISO 18092<\/td>\n<\/tr>\n<tr>\n<td width=\"354\">ISO 14443<\/td>\n<\/tr>\n<tr>\n<td width=\"354\">T\u1ed1c \u0111\u1ed9 t\u1ed1i \u0111a USB<\/td>\n<\/tr>\n<tr>\n<td width=\"354\">PC\/SC<\/td>\n<\/tr>\n<tr>\n<td width=\"354\">CCID<\/td>\n<\/tr>\n<tr>\n<td width=\"354\">CN<\/td>\n<\/tr>\n<tr>\n<td width=\"354\">FCC<\/td>\n<\/tr>\n<tr>\n<td width=\"354\">RoHS<\/td>\n<\/tr>\n<tr>\n<td width=\"354\">V\u1edaI T\u1edaI<\/td>\n<\/tr>\n<tr>\n<td width=\"354\">Microsoft\u00ae WHQL<\/td>\n<\/tr>\n<tr>\n<td colspan=\"2\" width=\"536\">H\u1ed7 tr\u1ee3 h\u1ec7 \u0111i\u1ec1u h\u00e0nh tr\u00ecnh \u0111i\u1ec1u khi\u1ec3n thi\u1ebft b\u1ecb<\/td>\n<\/tr>\n<tr>\n<td rowspan=\"5\" width=\"182\">H\u1ed7 tr\u1ee3 h\u1ec7 \u0111i\u1ec1u h\u00e0nh tr\u00ecnh \u0111i\u1ec1u khi\u1ec3n thi\u1ebft b\u1ecb<\/td>\n<td width=\"354\">Windows\u00ae<\/td>\n<\/tr>\n<tr>\n<td width=\"354\">Linux\u00ae<\/td>\n<\/tr>\n<tr>\n<td width=\"354\">MAC OS\u00ae<\/td>\n<\/tr>\n<tr>\n<td width=\"354\">Solaris<\/td>\n<\/tr>\n<tr>\n<td width=\"354\">Android\u2122<\/td>\n<\/tr>\n<\/tbody>\n<\/table>\n<\/div>\n<\/li>\n<\/ul>","protected":false},"excerpt":{"rendered":"<p>ACM1252U-Z6 l\u00e0 \u0111\u1ea7u \u0111\u1ecdc USB NFC v\u00e0 m\u00f4-\u0111un RFID \u0111a n\u0103ng, tu\u00e2n th\u1ee7 CCID v\u00e0 PC\/SC, h\u1ed7 tr\u1ee3 ISO 14443 v\u00e0 18092 \u0111\u1ec3 v\u1eadn h\u00e0nh th\u1ebb th\u00f4ng minh hi\u1ec7u qu\u1ea3.<\/p>","protected":false},"featured_media":1580,"template":"","meta":[],"product_brand":[],"product_cat":[41,40],"product_tag":[],"class_list":{"0":"post-1579","1":"product","2":"type-product","3":"status-publish","4":"has-post-thumbnail","6":"product_cat-module-ic-reader","7":"product_cat-rfid-nfc-reader","9":"first","10":"instock","11":"shipping-taxable","12":"product-type-simple"},"_links":{"self":[{"href":"https:\/\/nfc-readers.com\/vi\/wp-json\/wp\/v2\/product\/1579","targetHints":{"allow":["GET"]}}],"collection":[{"href":"https:\/\/nfc-readers.com\/vi\/wp-json\/wp\/v2\/product"}],"about":[{"href":"https:\/\/nfc-readers.com\/vi\/wp-json\/wp\/v2\/types\/product"}],"wp:featuredmedia":[{"embeddable":true,"href":"https:\/\/nfc-readers.com\/vi\/wp-json\/wp\/v2\/media\/1580"}],"wp:attachment":[{"href":"https:\/\/nfc-readers.com\/vi\/wp-json\/wp\/v2\/media?parent=1579"}],"wp:term":[{"taxonomy":"product_brand","embeddable":true,"href":"https:\/\/nfc-readers.com\/vi\/wp-json\/wp\/v2\/product_brand?post=1579"},{"taxonomy":"product_cat","embeddable":true,"href":"https:\/\/nfc-readers.com\/vi\/wp-json\/wp\/v2\/product_cat?post=1579"},{"taxonomy":"product_tag","embeddable":true,"href":"https:\/\/nfc-readers.com\/vi\/wp-json\/wp\/v2\/product_tag?post=1579"}],"curies":[{"name":"wp","href":"https:\/\/api.w.org\/{rel}","templated":true}]}}