{"id":1598,"date":"2024-04-07T07:36:03","date_gmt":"2024-04-07T07:36:03","guid":{"rendered":"https:\/\/nfc-readers.com\/?post_type=product&#038;p=1598"},"modified":"2024-10-16T03:12:59","modified_gmt":"2024-10-16T03:12:59","slug":"acr1552u-m1-nfc-rfid-reader-writer","status":"publish","type":"product","link":"https:\/\/nfc-readers.com\/vi\/ic-reader\/acr1552u-m1-nfc-rfid-reader-writer\/","title":{"rendered":"\u0110\u1ea7u \u0111\u1ecdc\/ghi NFC ACR1552U-M1 NFC"},"content":{"rendered":"<h1>\u0110\u1ea7u \u0111\u1ecdc\/ghi NFC ACR1552U-M1 NFC<\/h1>\n<p>\u0110\u1ea7u \u0111\u1ecdc NFC USB-C ACR1552U-M1 \u0111\u00f3ng g\u00f3i m\u1ed9t thi\u1ebft b\u1ecb m\u1ea1nh m\u1ebd, \u0111a n\u0103ng \u0111\u00e1p \u1ee9ng nhi\u1ec1u ch\u1ee9c n\u0103ng c\u1ee7a th\u1ebb th\u00f4ng minh. N\u00f3 \u0111\u1ea3m b\u1ea3o cho ng\u01b0\u1eddi d\u00f9ng v\u1edbi c\u00e1c t\u00ednh n\u0103ng ti\u00ean ti\u1ebfn nh\u1ea5n m\u1ea1nh v\u00e0o t\u00ednh b\u1ea3o m\u1eadt, kh\u1ea3 n\u0103ng th\u00edch \u1ee9ng v\u00e0 kh\u1ea3 n\u0103ng t\u01b0\u01a1ng th\u00edch to\u00e0n di\u1ec7n v\u1edbi th\u1ebb th\u00f4ng minh, khi\u1ebfn n\u00f3 tr\u1edf th\u00e0nh m\u1ed9t c\u00f4ng c\u1ee5 kh\u00f4ng th\u1ec3 thi\u1ebfu trong nhi\u1ec1u ng\u00e0nh c\u00f4ng nghi\u1ec7p.<\/p>\n<ul>\n<li>\n<h2>Giao di\u1ec7n t\u1ed1c \u0111\u1ed9 \u0111\u1ea7y \u0111\u1ee7 USB 2.0<\/h2>\n<\/li>\n<li>\n<h2>Tu\u00e2n th\u1ee7 CCID<\/h2>\n<\/li>\n<li>\n<h2>\u0110\u1ea7u \u0111\u1ecdc th\u1ebb th\u00f4ng minh kh\u00f4ng ti\u1ebfp x\u00fac:<\/h2>\n<ul>\n<li>\n<h3>T\u1ed1c \u0111\u1ed9 \u0111\u1ecdc\/ghi l\u00ean t\u1edbi 848 kbps<\/h3>\n<\/li>\n<li>\n<h3>\u0102ng-ten t\u00edch h\u1ee3p \u0111\u1ec3 truy c\u1eadp th\u1ebb kh\u00f4ng ti\u1ebfp x\u00fac, v\u1edbi kho\u1ea3ng c\u00e1ch \u0111\u1ecdc th\u1ebb l\u00ean t\u1edbi 70 mm (t\u00f9y thu\u1ed9c v\u00e0o lo\u1ea1i th\u1ebb)<\/h3>\n<\/li>\n<li>\n<h3>H\u1ed7 tr\u1ee3 th\u1ebb ISO 14443 Lo\u1ea1i A v\u00e0 B, Th\u1ebb ISO 15693 v\u00e0 NFC ISO18092<\/h3>\n<\/li>\n<li>\n<h3>H\u1ed7 tr\u1ee3 MIFARE\u00ae (T=CL), FeliCa, th\u1ebb NFC, SRI\/SRIX, CTS, Innovatron, Picopass, Topaz Card<\/h3>\n<\/li>\n<li>\n<h3>T\u00edch h\u1ee3p t\u00ednh n\u0103ng ch\u1ed1ng va ch\u1ea1m<\/h3>\n<\/li>\n<li>\n<h3>H\u1ed7 tr\u1ee3 APDU m\u1edf r\u1ed9ng (t\u1ed1i \u0111a 64 kbyte)<\/h3>\n<\/li>\n<li>\n<h3>M\u1ed9t khe c\u1eafm SAM tu\u00e2n th\u1ee7 ISO7816 (Lo\u1ea1i A)<\/h3>\n<\/li>\n<li>\n<h3>H\u1ed7 tr\u1ee3 NFC<\/h3>\n<ul>\n<li>\n<h4>\u00a0 \u00a0Ch\u1ebf \u0111\u1ed9 \u0111\u1ea7u \u0111\u1ecdc\/ghi th\u1ebb th\u00f4ng minh<\/h4>\n<\/li>\n<li>\n<h4>\u00a0 \u00a0Ch\u1ebf \u0111\u1ed9 thi \u0111ua th\u1ebb<\/h4>\n<\/li>\n<li>\n<h4>\u00a0 \u00a0Ch\u1ebf \u0111\u1ed9 m\u00f4 ph\u1ecfng b\u00e0n ph\u00edm<\/h4>\n<\/li>\n<\/ul>\n<\/li>\n<\/ul>\n<\/li>\n<li>\n<h2>Giao di\u1ec7n l\u1eadp tr\u00ecnh \u1ee9ng d\u1ee5ng:<\/h2>\n<ul>\n<li>\n<h3>H\u1ed7 tr\u1ee3 PC\/SC<\/h3>\n<\/li>\n<li>\n<h3>H\u1ed7 tr\u1ee3 CT-API (th\u00f4ng qua tr\u00ecnh bao b\u1ecdc tr\u00ean PC\/SC)<\/h3>\n<\/li>\n<\/ul>\n<\/li>\n<li>\n<h2>Thi\u1ebft b\u1ecb ngo\u1ea1i vi:<\/h2>\n<ul>\n<li>\n<h3>\u0110\u00e8n LED hai m\u00e0u do ng\u01b0\u1eddi d\u00f9ng \u0111i\u1ec1u khi\u1ec3n (Xanh lam &amp; Xanh l\u1ee5c)<\/h3>\n<\/li>\n<li>\n<h3>B\u1ed9 rung do ng\u01b0\u1eddi d\u00f9ng \u0111i\u1ec1u khi\u1ec3n (Monotone)<\/h3>\n<\/li>\n<li>\n<h3>M\u1ed9t khe c\u1eafm SAM<\/h3>\n<\/li>\n<\/ul>\n<\/li>\n<li>\n<h2>Kh\u1ea3 n\u0103ng n\u00e2ng c\u1ea5p ch\u01b0\u01a1ng tr\u00ecnh c\u01a1 s\u1edf USB<\/h2>\n<\/li>\n<li>\n<div>\n<table width=\"528\">\n<tbody>\n<tr>\n<td colspan=\"2\" width=\"528\">T\u00ednh ch\u1ea5t v\u1eadt l\u00fd<\/td>\n<\/tr>\n<tr>\n<td rowspan=\"2\" width=\"215\">K\u00edch th\u01b0\u1edbc (mm)<\/td>\n<td width=\"313\">Th\u00e2n ch\u00ednh: 98 x 65 x 12,8 mm<\/td>\n<\/tr>\n<tr>\n<td width=\"313\">K\u00edch th\u01b0\u1edbc \u0103ng-ten: 50x40mm<\/td>\n<\/tr>\n<tr>\n<td width=\"215\">Tr\u1ecdng l\u01b0\u1ee3ng (g)<\/td>\n<td width=\"313\">89 gam<\/td>\n<\/tr>\n<tr>\n<td colspan=\"2\" width=\"528\">Giao di\u1ec7n USB<\/td>\n<\/tr>\n<tr>\n<td width=\"215\">Giao th\u1ee9c<\/td>\n<td width=\"313\">USB CID<\/td>\n<\/tr>\n<tr>\n<td width=\"215\">lo\u1ea1i tr\u00ecnh k\u1ebft n\u1ed1i<\/td>\n<td width=\"313\">USB Lo\u1ea1i A (ACR1552U-M1), USB Lo\u1ea1i C (ACR1552U-MF)<\/td>\n<\/tr>\n<tr>\n<td width=\"215\">Ngu\u1ed3n n\u0103ng l\u01b0\u1ee3ng<\/td>\n<td width=\"313\">T\u1eeb c\u1ed5ng USB<\/td>\n<\/tr>\n<tr>\n<td width=\"215\">T\u1ed1c \u0111\u1ed9<\/td>\n<td width=\"313\">T\u1ed1c \u0111\u1ed9 t\u1ed1i \u0111a USB (12 Mb\/gi\u00e2y)<\/td>\n<\/tr>\n<tr>\n<td width=\"215\">Chi\u1ec1u d\u00e0i c\u00e1p<\/td>\n<td width=\"313\">1m, kh\u00f4ng th\u1ec3 th\u00e1o r\u1eddi<\/td>\n<\/tr>\n<tr>\n<td colspan=\"2\" width=\"528\">Giao di\u1ec7n th\u1ebb th\u00f4ng minh kh\u00f4ng ti\u1ebfp x\u00fac<\/td>\n<\/tr>\n<tr>\n<td width=\"215\">Ti\u00eau chu\u1ea9n<\/td>\n<td width=\"313\">ISO\/IEC 18092 NFC, ISO 14443 Lo\u1ea1i A &amp; B, ISO 15693, MIFARE\u00ae, FeliCa<\/td>\n<\/tr>\n<tr>\n<td rowspan=\"5\" width=\"215\">Giao th\u1ee9c<\/td>\n<td width=\"313\">Th\u1ebb tu\u00e2n th\u1ee7 ISO 14443-4, T=CL<\/td>\n<\/tr>\n<tr>\n<td width=\"313\">Th\u1ebb MIFARE\u00ae C\u1ed5 \u0111i\u1ec3n, T=CL<\/td>\n<\/tr>\n<tr>\n<td width=\"313\">ISO 15693<\/td>\n<\/tr>\n<tr>\n<td width=\"313\">Th\u1ebb NFC ISO 18092<\/td>\n<\/tr>\n<tr>\n<td width=\"313\">FeliCa<\/td>\n<\/tr>\n<tr>\n<td colspan=\"2\" width=\"528\">Giao di\u1ec7n th\u1ebb SAM<\/td>\n<\/tr>\n<tr>\n<td width=\"215\">S\u1ed1 l\u01b0\u1ee3ng khe<\/td>\n<td width=\"313\">1 Khe c\u1eafm th\u1ebb SIM ti\u00eau chu\u1ea9n<\/td>\n<\/tr>\n<tr>\n<td width=\"215\">Ti\u00eau chu\u1ea9n<\/td>\n<td width=\"313\">ISO 7816 Lo\u1ea1i A (5V)<\/td>\n<\/tr>\n<tr>\n<td width=\"215\">Giao th\u1ee9c<\/td>\n<td width=\"313\">T=0; T=1<\/td>\n<\/tr>\n<tr>\n<td colspan=\"2\" width=\"528\">Thi\u1ebft b\u1ecb ngo\u1ea1i vi t\u00edch h\u1ee3p<\/td>\n<\/tr>\n<tr>\n<td width=\"215\">D\u1eaaN \u0110\u1ebeN<\/td>\n<td width=\"313\">1 hai m\u00e0u: Xanh d\u01b0\u01a1ng v\u00e0 Xanh l\u1ee5c<\/td>\n<\/tr>\n<tr>\n<td width=\"215\">C\u00f2i<\/td>\n<td width=\"313\">\u0110\u00fang<\/td>\n<\/tr>\n<tr>\n<td colspan=\"2\" width=\"528\">C\u00e1c t\u00ednh n\u0103ng kh\u00e1c<\/td>\n<\/tr>\n<tr>\n<td rowspan=\"4\" width=\"215\">C\u00e1c t\u00ednh n\u0103ng kh\u00e1c<\/td>\n<td width=\"313\">C\u00e1c lo\u1ea1i th\u1ebb \u0111\u01b0\u1ee3c h\u1ed7 tr\u1ee3:<\/td>\n<\/tr>\n<tr>\n<td width=\"313\">ISO 14443 Lo\u1ea1i A &amp; B Ph\u1ea7n 1-4, ISO 15693, ISO 18092 NFC, MIFARE\u00ae, FeliCa, SRI\/SRIX, CTS, Innovatron, Picopass, Topaz Card<\/td>\n<\/tr>\n<tr>\n<td width=\"313\">\u00a0 T\u00ednh n\u0103ng NFC:<\/td>\n<\/tr>\n<tr>\n<td width=\"313\">\u0110\u1ea7u \u0111\u1ecdc\/ghi th\u1ebb th\u00f4ng minh, m\u00f4 ph\u1ecfng b\u00e0n ph\u00edm, m\u00f4 ph\u1ecfng th\u1ebb<\/td>\n<\/tr>\n<tr>\n<td width=\"215\">N\u00e2ng c\u1ea5p ch\u01b0\u01a1ng tr\u00ecnh c\u01a1 s\u1edf<\/td>\n<td width=\"313\">\u0110\u01b0\u1ee3c h\u1ed7 tr\u1ee3<\/td>\n<\/tr>\n<tr>\n<td colspan=\"2\" width=\"528\">Ch\u1ee9ng nh\u1eadn\/Tu\u00e2n th\u1ee7<\/td>\n<\/tr>\n<tr>\n<td rowspan=\"4\" width=\"215\">Ch\u1ee9ng nh\u1eadn\/Tu\u00e2n th\u1ee7<\/td>\n<td width=\"313\">Ch\u1ee9ng nh\u1eadn:<\/td>\n<\/tr>\n<tr>\n<td width=\"313\">IEC\/EN 62368, CE, UKCA, FCC, VCCI, KC, J-LIS, RoHS, REACH, WEEE, Microsoft\u00ae WHQL<\/td>\n<\/tr>\n<tr>\n<td width=\"313\">S\u1ef1 tu\u00e2n th\u1ee7:<\/td>\n<\/tr>\n<tr>\n<td width=\"313\">USB CCID, PC\/SC<\/td>\n<\/tr>\n<tr>\n<td colspan=\"2\" width=\"528\">H\u1ed7 tr\u1ee3 h\u1ec7 \u0111i\u1ec1u h\u00e0nh tr\u00ecnh \u0111i\u1ec1u khi\u1ec3n thi\u1ebft b\u1ecb<\/td>\n<\/tr>\n<tr>\n<td width=\"215\">H\u1ed7 tr\u1ee3 h\u1ec7 \u0111i\u1ec1u h\u00e0nh tr\u00ecnh \u0111i\u1ec1u khi\u1ec3n thi\u1ebft b\u1ecb<\/td>\n<td width=\"313\">Windows\u00ae, Linux\u00ae, macOS, Android\u2122, iOS\/iPadOS (16 tr\u1edf l\u00ean)<\/td>\n<\/tr>\n<\/tbody>\n<\/table>\n<\/div>\n<\/li>\n<\/ul>","protected":false},"excerpt":{"rendered":"<p>ACR1552U l\u00e0 \u0111\u1ea7u \u0111\u1ecdc USB NFC t\u1ed1c \u0111\u1ed9 cao t\u01b0\u01a1ng th\u00edch v\u1edbi CCID v\u00e0 PC\/SC, h\u1ed7 tr\u1ee3 ISO 14443 v\u00e0 15693, l\u00fd t\u01b0\u1edfng cho nhi\u1ec1u \u1ee9ng d\u1ee5ng th\u1ebb th\u00f4ng minh kh\u00e1c nhau.<\/p>","protected":false},"featured_media":1599,"template":"","meta":[],"product_brand":[],"product_cat":[45,40],"product_tag":[],"class_list":{"0":"post-1598","1":"product","2":"type-product","3":"status-publish","4":"has-post-thumbnail","6":"product_cat-contactless-nfc-reader","7":"product_cat-rfid-nfc-reader","9":"first","10":"instock","11":"shipping-taxable","12":"product-type-simple"},"_links":{"self":[{"href":"https:\/\/nfc-readers.com\/vi\/wp-json\/wp\/v2\/product\/1598","targetHints":{"allow":["GET"]}}],"collection":[{"href":"https:\/\/nfc-readers.com\/vi\/wp-json\/wp\/v2\/product"}],"about":[{"href":"https:\/\/nfc-readers.com\/vi\/wp-json\/wp\/v2\/types\/product"}],"wp:featuredmedia":[{"embeddable":true,"href":"https:\/\/nfc-readers.com\/vi\/wp-json\/wp\/v2\/media\/1599"}],"wp:attachment":[{"href":"https:\/\/nfc-readers.com\/vi\/wp-json\/wp\/v2\/media?parent=1598"}],"wp:term":[{"taxonomy":"product_brand","embeddable":true,"href":"https:\/\/nfc-readers.com\/vi\/wp-json\/wp\/v2\/product_brand?post=1598"},{"taxonomy":"product_cat","embeddable":true,"href":"https:\/\/nfc-readers.com\/vi\/wp-json\/wp\/v2\/product_cat?post=1598"},{"taxonomy":"product_tag","embeddable":true,"href":"https:\/\/nfc-readers.com\/vi\/wp-json\/wp\/v2\/product_tag?post=1598"}],"curies":[{"name":"wp","href":"https:\/\/api.w.org\/{rel}","templated":true}]}}