{"id":1603,"date":"2024-04-07T07:42:37","date_gmt":"2024-04-07T07:42:37","guid":{"rendered":"https:\/\/nfc-readers.com\/?post_type=product&#038;p=1603"},"modified":"2024-10-16T02:49:08","modified_gmt":"2024-10-16T02:49:08","slug":"acr1581u-c1-15693-dualboost-iii-dual-interface-nfc-reader-writer","status":"publish","type":"product","link":"https:\/\/nfc-readers.com\/vi\/ic-reader\/acr1581u-c1-15693-dualboost-iii-dual-interface-nfc-reader-writer\/","title":{"rendered":"ACR1581U-C1 15693 DualBoost III \u0110\u1ea7u \u0111\u1ecdc NFC giao di\u1ec7n k\u00e9p"},"content":{"rendered":"<h1>ACR1581U-C1 15693 DualBoost III \u0110\u1ea7u \u0111\u1ecdc NFC giao di\u1ec7n k\u00e9p<\/h1>\n<p>ACR1581U DualBoost III l\u00e0 hi\u1ec7n th\u00e2n c\u1ee7a t\u00ednh linh ho\u1ea1t v\u00e0 b\u1ea3o m\u1eadt ti\u00ean ti\u1ebfn, k\u1ebft h\u1ee3p hi\u1ec7u qu\u1ea3 c\u00e1c c\u00f4ng ngh\u1ec7 ti\u1ebfp x\u00fac v\u00e0 kh\u00f4ng ti\u1ebfp x\u00fac d\u01b0\u1edbi m\u1ed9t m\u00e1i nh\u00e0 v\u1edbi s\u1ef1 h\u1ed7 tr\u1ee3 r\u1ed9ng r\u00e3i cho nhi\u1ec1u \u0111\u1ecbnh d\u1ea1ng th\u1ebb th\u00f4ng minh kh\u00e1c nhau. Cho d\u00f9 tham v\u1ecdng c\u1ee7a b\u1ea1n n\u1eb1m \u1edf ti\u1ebfn b\u1ed9 c\u00f4ng ngh\u1ec7 hay kh\u1ea3 n\u0103ng b\u1ea3o m\u1eadt m\u1ea1nh m\u1ebd cho c\u00e1c ch\u1ee9c n\u0103ng th\u1ebb th\u00f4ng minh, ACR1581U l\u00e0 s\u1ef1 \u1ee7ng h\u1ed9 v\u00f4 song cho \u0111\u1ed9 tin c\u1eady trong l\u0129nh v\u1ef1c \u0111\u1ea7u \u0111\u1ecdc th\u1ebb th\u00f4ng minh.<\/p>\n<ul>\n<li>\n<h2>Giao di\u1ec7n t\u1ed1c \u0111\u1ed9 \u0111\u1ea7y \u0111\u1ee7 USB 2.0<\/h2>\n<\/li>\n<li>\n<h2>Tu\u00e2n th\u1ee7 CCID<\/h2>\n<\/li>\n<li>\n<h2>\u0110\u1ea7u \u0111\u1ecdc th\u1ebb th\u00f4ng minh kh\u00f4ng ti\u1ebfp x\u00fac:<\/h2>\n<ul>\n<li>\n<h3>T\u1ed1c \u0111\u1ed9 \u0111\u1ecdc\/ghi ISO 14443A\/B l\u00ean t\u1edbi 848 kbps<\/h3>\n<\/li>\n<li>\n<h3>T\u1ea7n s\u1ed1 xung nh\u1ecbp l\u00ean t\u1edbi 13,56 MHz<\/h3>\n<\/li>\n<li>\n<h3>\u0102ng-ten t\u00edch h\u1ee3p \u0111\u1ec3 truy c\u1eadp th\u1ebb kh\u00f4ng ti\u1ebfp x\u00fac, v\u1edbi kho\u1ea3ng c\u00e1ch \u0111\u1ecdc th\u1ebb l\u00ean t\u1edbi 70 mm (t\u00f9y thu\u1ed9c v\u00e0o lo\u1ea1i th\u1ebb)<\/h3>\n<\/li>\n<li>\n<h3>H\u1ed7 tr\u1ee3 th\u1ebb ISO 14443 Lo\u1ea1i A v\u00e0 B, Th\u1ebb ISO 15693<\/h3>\n<\/li>\n<li>\n<h3>H\u1ed7 tr\u1ee3 th\u1ebb MIFARE\u00ae, FeliCa, th\u1ebb NFC, SRI\/SRIX, CTS, Innovatron, Picopass, Th\u1ebb Topaz<\/h3>\n<\/li>\n<\/ul>\n<\/li>\n<li>\n<h2>H\u1ed7 tr\u1ee3 APDU m\u1edf r\u1ed9ng (t\u1ed1i \u0111a 64 kbyte)<\/h2>\n<\/li>\n<li>\n<h2><strong>Li\u00ean h\u1ec7 \u0111\u1ea7u \u0111\u1ecdc th\u1ebb th\u00f4ng minh<\/strong><\/h2>\n<ul>\n<li>\n<h3>H\u1ed7 tr\u1ee3 t\u1ed1c \u0111\u1ed9 ISO 7816 Class A, B v\u00e0 C (5 V, 3V v\u00e0 1.8 V) l\u00ean t\u1edbi 1.250 kbps<\/h3>\n<\/li>\n<li>\n<h3>H\u1ed7 tr\u1ee3 CAC (Th\u1ebb truy c\u1eadp chung)<\/h3>\n<\/li>\n<li>\n<h3>H\u1ed7 tr\u1ee3 PIV (Th\u1ebb x\u00e1c minh danh t\u00ednh c\u00e1 nh\u00e2n)<\/h3>\n<\/li>\n<li>\n<h3>H\u1ed7 tr\u1ee3 th\u1ebb vi x\u1eed l\u00fd v\u1edbi giao th\u1ee9c T=0 ho\u1eb7c T=1<\/h3>\n<\/li>\n<li>\n<h3>H\u1ed7 tr\u1ee3 th\u1ebb nh\u1edb<\/h3>\n<\/li>\n<li>\n<h3>Khe c\u1eafm SAM tu\u00e2n th\u1ee7 ISO 7816 (Lo\u1ea1i A)<\/h3>\n<\/li>\n<\/ul>\n<\/li>\n<li>\n<h2>Giao di\u1ec7n l\u1eadp tr\u00ecnh \u1ee9ng d\u1ee5ng:<\/h2>\n<ul>\n<li>\n<h3>H\u1ed7 tr\u1ee3 PC\/SC<\/h3>\n<\/li>\n<\/ul>\n<\/li>\n<li>\n<h2>Thi\u1ebft b\u1ecb ngo\u1ea1i vi:<\/h2>\n<ul>\n<li>\n<h3>\u0110\u00e8n LED hai m\u00e0u do ng\u01b0\u1eddi d\u00f9ng \u0111i\u1ec1u khi\u1ec3n (Xanh lam &amp; Xanh l\u1ee5c)<\/h3>\n<\/li>\n<li>\n<h3>B\u1ed9 rung do ng\u01b0\u1eddi d\u00f9ng \u0111i\u1ec1u khi\u1ec3n<\/h3>\n<\/li>\n<\/ul>\n<\/li>\n<li>\n<h2>Kh\u1ea3 n\u0103ng n\u00e2ng c\u1ea5p ch\u01b0\u01a1ng tr\u00ecnh c\u01a1 s\u1edf USB<\/h2>\n<\/li>\n<li>\n<div>\n<table width=\"483\">\n<tbody>\n<tr>\n<td colspan=\"2\" width=\"483\">T\u00ednh ch\u1ea5t v\u1eadt l\u00fd<\/td>\n<\/tr>\n<tr>\n<td width=\"188\">K\u00edch th\u01b0\u1edbc (mm)<\/td>\n<td width=\"295\">120,5 mm (L) x 72,0 mm (W) x 20,4 mm (H)<\/td>\n<\/tr>\n<tr>\n<td width=\"188\">Tr\u1ecdng l\u01b0\u1ee3ng (g)<\/td>\n<td width=\"295\">143g<\/td>\n<\/tr>\n<tr>\n<td colspan=\"2\" width=\"483\">Giao di\u1ec7n USB<\/td>\n<\/tr>\n<tr>\n<td width=\"188\">Giao th\u1ee9c<\/td>\n<td width=\"295\">USB CID<\/td>\n<\/tr>\n<tr>\n<td width=\"188\">lo\u1ea1i tr\u00ecnh k\u1ebft n\u1ed1i<\/td>\n<td width=\"295\">USB Lo\u1ea1i A (ACR1581U-C1), USB Lo\u1ea1i C (ACR1581U-CF)<\/td>\n<\/tr>\n<tr>\n<td width=\"188\">Ngu\u1ed3n n\u0103ng l\u01b0\u1ee3ng<\/td>\n<td width=\"295\">T\u1eeb c\u1ed5ng USB<\/td>\n<\/tr>\n<tr>\n<td width=\"188\">T\u1ed1c \u0111\u1ed9<\/td>\n<td width=\"295\">T\u1ed1c \u0111\u1ed9 t\u1ed1i \u0111a USB (12 Mb\/gi\u00e2y)<\/td>\n<\/tr>\n<tr>\n<td width=\"188\">Chi\u1ec1u d\u00e0i c\u00e1p<\/td>\n<td width=\"295\">2m, kh\u00f4ng th\u1ec3 th\u00e1o r\u1eddi<\/td>\n<\/tr>\n<tr>\n<td colspan=\"2\" width=\"483\">Giao di\u1ec7n th\u1ebb th\u00f4ng minh li\u00ean h\u1ec7<\/td>\n<\/tr>\n<tr>\n<td width=\"188\">S\u1ed1 l\u01b0\u1ee3ng khe<\/td>\n<td width=\"295\">1 Khe c\u1eafm th\u1ebb c\u1ee1 l\u1edbn<\/td>\n<\/tr>\n<tr>\n<td width=\"188\">Ti\u00eau chu\u1ea9n<\/td>\n<td width=\"295\">ISO 7816 Lo\u1ea1i A, B, C (5V, 3V, 1.8V)<\/td>\n<\/tr>\n<tr>\n<td width=\"188\">Giao th\u1ee9c<\/td>\n<td width=\"295\">T=0; T=1<\/td>\n<\/tr>\n<tr>\n<td colspan=\"2\" width=\"483\">Giao di\u1ec7n th\u1ebb th\u00f4ng minh kh\u00f4ng ti\u1ebfp x\u00fac<\/td>\n<\/tr>\n<tr>\n<td width=\"188\">Ti\u00eau chu\u1ea9n<\/td>\n<td width=\"295\">ISO 14443 Lo\u1ea1i A &amp; B, ISO 15693, MIFARE\u00ae, FeliCa<\/td>\n<\/tr>\n<tr>\n<td rowspan=\"4\" width=\"188\">Giao th\u1ee9c<\/td>\n<td width=\"295\">Th\u1ebb tu\u00e2n th\u1ee7 ISO 14443-4, T=CL<\/td>\n<\/tr>\n<tr>\n<td width=\"295\">ISO 15693<\/td>\n<\/tr>\n<tr>\n<td width=\"295\">Th\u1ebb MIFARE\u00ae C\u1ed5 \u0111i\u1ec3n, T=CL<\/td>\n<\/tr>\n<tr>\n<td width=\"295\">FeliCa<\/td>\n<\/tr>\n<tr>\n<td colspan=\"2\" width=\"483\">Giao di\u1ec7n th\u1ebb SAM<\/td>\n<\/tr>\n<tr>\n<td width=\"188\">S\u1ed1 l\u01b0\u1ee3ng khe<\/td>\n<td width=\"295\">1 Khe c\u1eafm th\u1ebb SIM ti\u00eau chu\u1ea9n<\/td>\n<\/tr>\n<tr>\n<td width=\"188\">Ti\u00eau chu\u1ea9n<\/td>\n<td width=\"295\">ISO 7816 Lo\u1ea1i A (5V)<\/td>\n<\/tr>\n<tr>\n<td width=\"188\">Giao th\u1ee9c<\/td>\n<td width=\"295\">T=0; T=1<\/td>\n<\/tr>\n<tr>\n<td colspan=\"2\" width=\"483\">Thi\u1ebft b\u1ecb ngo\u1ea1i vi t\u00edch h\u1ee3p<\/td>\n<\/tr>\n<tr>\n<td width=\"188\">D\u1eaaN \u0110\u1ebeN<\/td>\n<td width=\"295\">2 m\u00e0u \u0111\u01a1n: Xanh d\u01b0\u01a1ng v\u00e0 Xanh l\u1ee5c<\/td>\n<\/tr>\n<tr>\n<td width=\"188\">C\u00f2i<\/td>\n<td width=\"295\">Gi\u1ecdng b\u1eb1ng b\u1eb1ng<\/td>\n<\/tr>\n<tr>\n<td colspan=\"2\" width=\"483\">C\u00e1c t\u00ednh n\u0103ng kh\u00e1c<\/td>\n<\/tr>\n<tr>\n<td rowspan=\"5\" width=\"188\">C\u00e1c t\u00ednh n\u0103ng kh\u00e1c<\/td>\n<td width=\"295\">C\u00e1c lo\u1ea1i th\u1ebb \u0111\u01b0\u1ee3c h\u1ed7 tr\u1ee3:<\/td>\n<\/tr>\n<tr>\n<td width=\"295\">ISO 14443 Lo\u1ea1i A &amp; B Ph\u1ea7n 1-4,<\/td>\n<\/tr>\n<tr>\n<td width=\"295\">ISO 15693, MIFARE\u00ae, FeliCa, Th\u1ebb NFC, SRI\/SRIX, CTS, Innovatron, Picopass, Th\u1ebb Topaz<\/td>\n<\/tr>\n<tr>\n<td width=\"295\">C\u00e1c t\u00ednh n\u0103ng NFC kh\u00e1c:<\/td>\n<\/tr>\n<tr>\n<td width=\"295\">\u0110\u1ea7u \u0111\u1ecdc\/ghi th\u1ebb th\u00f4ng minh, m\u00f4 ph\u1ecfng b\u00e0n ph\u00edm, m\u00f4 ph\u1ecfng th\u1ebb<\/td>\n<\/tr>\n<tr>\n<td width=\"188\">N\u00e2ng c\u1ea5p ch\u01b0\u01a1ng tr\u00ecnh c\u01a1 s\u1edf<\/td>\n<td width=\"295\">\u0110\u01b0\u1ee3c h\u1ed7 tr\u1ee3<\/td>\n<\/tr>\n<tr>\n<td colspan=\"2\" width=\"483\">Ch\u1ee9ng nh\u1eadn\/Tu\u00e2n th\u1ee7<\/td>\n<\/tr>\n<tr>\n<td rowspan=\"4\" width=\"188\">Ch\u1ee9ng nh\u1eadn\/Tu\u00e2n th\u1ee7<\/td>\n<td width=\"295\">Ch\u1ee9ng nh\u1eadn:<\/td>\n<\/tr>\n<tr>\n<td width=\"295\">IEC\/EN 62368, CE, FCC, UKCA, VCCI, RoHS, REACH, WEEE<\/td>\n<\/tr>\n<tr>\n<td width=\"295\">Tu\u00e2n th\u1ee7:<\/td>\n<\/tr>\n<tr>\n<td width=\"295\">USB CCID, PC\/SC<\/td>\n<\/tr>\n<tr>\n<td colspan=\"2\" width=\"483\">H\u1ed7 tr\u1ee3 h\u1ec7 \u0111i\u1ec1u h\u00e0nh tr\u00ecnh \u0111i\u1ec1u khi\u1ec3n thi\u1ebft b\u1ecb<\/td>\n<\/tr>\n<tr>\n<td width=\"188\">H\u1ed7 tr\u1ee3 h\u1ec7 \u0111i\u1ec1u h\u00e0nh tr\u00ecnh \u0111i\u1ec1u khi\u1ec3n thi\u1ebft b\u1ecb<\/td>\n<td width=\"295\">Windows\u00ae, Linux\u00ae, macOS, Android\u2122, iOS\/iPadOS (16 tr\u1edf l\u00ean)<\/td>\n<\/tr>\n<\/tbody>\n<\/table>\n<\/div>\n<\/li>\n<\/ul>","protected":false},"excerpt":{"rendered":"<p>ACR1581U l\u00e0 \u0110\u1ea7u \u0111\u1ecdc th\u1ebb th\u00f4ng minh NFC t\u1ed1c \u0111\u1ed9 cao, h\u1ed7 tr\u1ee3 NFC &amp; ISO\/IEC 15693\uff0c14443.<\/p>","protected":false},"featured_media":1605,"template":"","meta":[],"product_brand":[],"product_cat":[45,40],"product_tag":[],"class_list":{"0":"post-1603","1":"product","2":"type-product","3":"status-publish","4":"has-post-thumbnail","6":"product_cat-contactless-nfc-reader","7":"product_cat-rfid-nfc-reader","9":"first","10":"instock","11":"shipping-taxable","12":"product-type-simple"},"_links":{"self":[{"href":"https:\/\/nfc-readers.com\/vi\/wp-json\/wp\/v2\/product\/1603","targetHints":{"allow":["GET"]}}],"collection":[{"href":"https:\/\/nfc-readers.com\/vi\/wp-json\/wp\/v2\/product"}],"about":[{"href":"https:\/\/nfc-readers.com\/vi\/wp-json\/wp\/v2\/types\/product"}],"wp:featuredmedia":[{"embeddable":true,"href":"https:\/\/nfc-readers.com\/vi\/wp-json\/wp\/v2\/media\/1605"}],"wp:attachment":[{"href":"https:\/\/nfc-readers.com\/vi\/wp-json\/wp\/v2\/media?parent=1603"}],"wp:term":[{"taxonomy":"product_brand","embeddable":true,"href":"https:\/\/nfc-readers.com\/vi\/wp-json\/wp\/v2\/product_brand?post=1603"},{"taxonomy":"product_cat","embeddable":true,"href":"https:\/\/nfc-readers.com\/vi\/wp-json\/wp\/v2\/product_cat?post=1603"},{"taxonomy":"product_tag","embeddable":true,"href":"https:\/\/nfc-readers.com\/vi\/wp-json\/wp\/v2\/product_tag?post=1603"}],"curies":[{"name":"wp","href":"https:\/\/api.w.org\/{rel}","templated":true}]}}