{"id":1608,"date":"2024-04-07T07:46:35","date_gmt":"2024-04-07T07:46:35","guid":{"rendered":"https:\/\/nfc-readers.com\/?post_type=product&#038;p=1608"},"modified":"2024-10-16T02:43:39","modified_gmt":"2024-10-16T02:43:39","slug":"acr1251t-usb-token-nfc-reader-ii","status":"publish","type":"product","link":"https:\/\/nfc-readers.com\/vi\/ic-reader\/acr1251t-usb-token-nfc-reader-ii\/","title":{"rendered":"\u0110\u1ea7u \u0111\u1ecdc NFC USB Token ACR1251T II"},"content":{"rendered":"<h1>\u0110\u1ea7u \u0111\u1ecdc NFC USB Token ACR1251T II<\/h1>\n<p>ACR1251T l\u00e0 \u0110\u1ea7u \u0111\u1ecdc th\u1ebb th\u00f4ng minh NFC t\u1ed1c \u0111\u1ed9 cao v\u00e0 ti\u00ean ti\u1ebfn, l\u00fd t\u01b0\u1edfng cho c\u00e1c doanh nghi\u1ec7p \u0111ang t\u00ecm ki\u1ebfm gi\u1ea3i ph\u00e1p di \u0111\u1ed9ng v\u00e0 hi\u1ec7u qu\u1ea3. V\u1edbi ch\u1ee9c n\u0103ng ch\u1ed1ng va ch\u1ea1m, kh\u1ea3 n\u0103ng t\u01b0\u01a1ng th\u00edch r\u1ed9ng v\u00e0 c\u00e1c t\u00ednh n\u0103ng b\u1ed5 sung th\u00e2n thi\u1ec7n v\u1edbi ng\u01b0\u1eddi d\u00f9ng, \u0111\u00e2y l\u00e0 m\u1ed9t l\u1ef1a ch\u1ecdn m\u1ea1nh m\u1ebd \u0111\u1ec3 giao d\u1ecbch NFC an to\u00e0n v\u00e0 nhanh ch\u00f3ng trong c\u00e1c m\u00f4i tr\u01b0\u1eddng l\u00e0m vi\u1ec7c \u0111a d\u1ea1ng.<\/p>\n<ul>\n<li>\n<h2>Giao di\u1ec7n t\u1ed1c \u0111\u1ed9 \u0111\u1ea7y \u0111\u1ee7 USB<\/h2>\n<\/li>\n<li>\n<h2>Tu\u00e2n th\u1ee7 CCID<\/h2>\n<\/li>\n<li>\n<h2>\u0110\u1ea7u \u0111\u1ecdc th\u1ebb th\u00f4ng minh:<\/h2>\n<ul>\n<li>\n<h3>Giao di\u1ec7n kh\u00f4ng ti\u1ebfp x\u00fac:<\/h3>\n<ul>\n<li>T\u1ed1c \u0111\u1ed9 \u0111\u1ecdc\/ghi l\u00ean t\u1edbi 424 kbps<\/li>\n<li>\u0102ng-ten t\u00edch h\u1ee3p \u0111\u1ec3 truy c\u1eadp th\u1ebb kh\u00f4ng ti\u1ebfp x\u00fac, v\u1edbi kho\u1ea3ng c\u00e1ch \u0111\u1ecdc th\u1ebb l\u00ean t\u1edbi 30 mm (t\u00f9y thu\u1ed9c v\u00e0o lo\u1ea1i th\u1ebb)<\/li>\n<li>H\u1ed7 tr\u1ee3 th\u1ebb ISO 14443 Lo\u1ea1i A v\u00e0 B, MIFARE\u00ae, FeliCa v\u00e0 t\u1ea5t c\u1ea3 4 lo\u1ea1i th\u1ebb NFC (ISO\/IEC 18092)<\/li>\n<li>T\u00edch h\u1ee3p t\u00ednh n\u0103ng ch\u1ed1ng va ch\u1ea1m (m\u1ed7i l\u1ea7n ch\u1ec9 truy c\u1eadp 1 th\u1ebb)<\/li>\n<li>H\u1ed7 tr\u1ee3 NFC<\/li>\n<li>Ch\u1ebf \u0111\u1ed9 \u0111\u1ecdc\/ghi th\u1ebb<\/li>\n<\/ul>\n<\/li>\n<\/ul>\n<\/li>\n<li>\n<h2>Thi\u1ebft b\u1ecb ngo\u1ea1i vi t\u00edch h\u1ee3p:<\/h2>\n<ul>\n<li>\n<h3>\u0111\u00e8n LED:<\/h3>\n<ul>\n<li>\u0110\u00e8n LED hai m\u00e0u do ng\u01b0\u1eddi d\u00f9ng \u0111i\u1ec1u khi\u1ec3n<\/li>\n<\/ul>\n<\/li>\n<\/ul>\n<\/li>\n<li>\n<h2>Giao di\u1ec7n l\u1eadp tr\u00ecnh \u1ee9ng d\u1ee5ng:<\/h2>\n<ul>\n<li>\n<h3>H\u1ed7 tr\u1ee3 PC\/SC<\/h3>\n<\/li>\n<li>\n<h3>H\u1ed7 tr\u1ee3 CT-API (th\u00f4ng qua tr\u00ecnh bao b\u1ecdc tr\u00ean PC\/SC)<\/h3>\n<\/li>\n<\/ul>\n<\/li>\n<li>\n<h2>Kh\u1ea3 n\u0103ng n\u00e2ng c\u1ea5p ch\u01b0\u01a1ng tr\u00ecnh c\u01a1 s\u1edf USB<\/h2>\n<\/li>\n<li>\n<h2>H\u1ed7 tr\u1ee3 Android\u2122 3.1 tr\u1edf l\u00ean<\/h2>\n<\/li>\n<li>\n<div>\n<table width=\"582\">\n<tbody>\n<tr>\n<td colspan=\"2\" width=\"582\">T\u00ednh ch\u1ea5t v\u1eadt l\u00fd<\/td>\n<\/tr>\n<tr>\n<td width=\"215\">K\u00edch th\u01b0\u1edbc (mm)<\/td>\n<td width=\"367\">75,0 mm (L) x 30,0 mm (W) x 12,7 mm (H)<\/td>\n<\/tr>\n<tr>\n<td width=\"215\">Tr\u1ecdng l\u01b0\u1ee3ng (g)<\/td>\n<td width=\"367\">15,8 g<\/td>\n<\/tr>\n<tr>\n<td colspan=\"2\" width=\"582\">Giao di\u1ec7n USB<\/td>\n<\/tr>\n<tr>\n<td width=\"215\">Giao th\u1ee9c<\/td>\n<td width=\"367\">USB CID<\/td>\n<\/tr>\n<tr>\n<td width=\"215\">lo\u1ea1i tr\u00ecnh k\u1ebft n\u1ed1i<\/td>\n<td width=\"367\">Lo\u1ea1i ti\u00eau chu\u1ea9n A<\/td>\n<\/tr>\n<tr>\n<td width=\"215\">Ngu\u1ed3n n\u0103ng l\u01b0\u1ee3ng<\/td>\n<td width=\"367\">T\u1eeb c\u1ed5ng USB<\/td>\n<\/tr>\n<tr>\n<td width=\"215\">T\u1ed1c \u0111\u1ed9<\/td>\n<td width=\"367\">T\u1ed1c \u0111\u1ed9 t\u1ed1i \u0111a USB (12 Mb\/gi\u00e2y)<\/td>\n<\/tr>\n<tr>\n<td colspan=\"2\" width=\"582\">Giao di\u1ec7n th\u1ebb th\u00f4ng minh kh\u00f4ng ti\u1ebfp x\u00fac<\/td>\n<\/tr>\n<tr>\n<td width=\"215\">Ti\u00eau chu\u1ea9n<\/td>\n<td width=\"367\">ISO\/IEC 18092 NFC, ISO 14443 Lo\u1ea1i A &amp; B, MIFARE\u00ae, FeliCa<\/td>\n<\/tr>\n<tr>\n<td rowspan=\"4\" width=\"215\">Giao th\u1ee9c<\/td>\n<td width=\"367\">Th\u1ebb tu\u00e2n th\u1ee7 ISO14443-4, T=CL<\/td>\n<\/tr>\n<tr>\n<td width=\"367\">Giao th\u1ee9c th\u1ebb c\u1ed5 \u0111i\u1ec3n MIFARE\u00ae, T=CL<\/td>\n<\/tr>\n<tr>\n<td width=\"367\">ISO 18092, Th\u1ebb NFC<\/td>\n<\/tr>\n<tr>\n<td width=\"367\">FeliCa<\/td>\n<\/tr>\n<tr>\n<td colspan=\"2\" width=\"582\">Thi\u1ebft b\u1ecb ngo\u1ea1i vi t\u00edch h\u1ee3p<\/td>\n<\/tr>\n<tr>\n<td width=\"215\">D\u1eaaN \u0110\u1ebeN<\/td>\n<td width=\"367\">1 Hai m\u00e0u: Xanh v\u00e0 \u0110\u1ecf<\/td>\n<\/tr>\n<tr>\n<td colspan=\"2\" width=\"582\">C\u00e1c t\u00ednh n\u0103ng kh\u00e1c<\/td>\n<\/tr>\n<tr>\n<td width=\"215\">N\u00e2ng c\u1ea5p ch\u01b0\u01a1ng tr\u00ecnh c\u01a1 s\u1edf<\/td>\n<td width=\"367\">\u0110\u01b0\u1ee3c h\u1ed7 tr\u1ee3<\/td>\n<\/tr>\n<tr>\n<td colspan=\"2\" width=\"582\">Ch\u1ee9ng nh\u1eadn\/Tu\u00e2n th\u1ee7<\/td>\n<\/tr>\n<tr>\n<td rowspan=\"13\" width=\"215\">Ch\u1ee9ng nh\u1eadn\/Tu\u00e2n th\u1ee7<\/td>\n<td width=\"367\">EN 60950\/IEC 60950<\/td>\n<\/tr>\n<tr>\n<td width=\"367\">ISO 18092<\/td>\n<\/tr>\n<tr>\n<td width=\"367\">ISO 14443<\/td>\n<\/tr>\n<tr>\n<td width=\"367\">T\u1ed1c \u0111\u1ed9 t\u1ed1i \u0111a USB<\/td>\n<\/tr>\n<tr>\n<td width=\"367\">PC\/SC<\/td>\n<\/tr>\n<tr>\n<td width=\"367\">CCID<\/td>\n<\/tr>\n<tr>\n<td width=\"367\">VCCI (Nh\u1eadt B\u1ea3n)<\/td>\n<\/tr>\n<tr>\n<td width=\"367\">MIC (Nh\u1eadt B\u1ea3n)<\/td>\n<\/tr>\n<tr>\n<td width=\"367\">Microsoft\u00ae WHQL<\/td>\n<\/tr>\n<tr>\n<td width=\"367\">CN<\/td>\n<\/tr>\n<tr>\n<td width=\"367\">FCC<\/td>\n<\/tr>\n<tr>\n<td width=\"367\">RoHS<\/td>\n<\/tr>\n<tr>\n<td width=\"367\">V\u1edaI T\u1edaI<\/td>\n<\/tr>\n<tr>\n<td colspan=\"2\" width=\"582\">H\u1ed7 tr\u1ee3 h\u1ec7 \u0111i\u1ec1u h\u00e0nh tr\u00ecnh \u0111i\u1ec1u khi\u1ec3n thi\u1ebft b\u1ecb<\/td>\n<\/tr>\n<tr>\n<td rowspan=\"6\" width=\"215\">H\u1ed7 tr\u1ee3 h\u1ec7 \u0111i\u1ec1u h\u00e0nh tr\u00ecnh \u0111i\u1ec1u khi\u1ec3n thi\u1ebft b\u1ecb<\/td>\n<td width=\"367\">Windows\u00ae CE<\/td>\n<\/tr>\n<tr>\n<td width=\"367\">Windows\u00ae<\/td>\n<\/tr>\n<tr>\n<td width=\"367\">Linux\u00ae<\/td>\n<\/tr>\n<tr>\n<td width=\"367\">MAC OS\u00ae 10.7 tr\u1edf l\u00ean<\/td>\n<\/tr>\n<tr>\n<td width=\"367\">Solaris<\/td>\n<\/tr>\n<tr>\n<td width=\"367\">Android\u2122 3.1 tr\u1edf l\u00ean<\/td>\n<\/tr>\n<\/tbody>\n<\/table>\n<\/div>\n<\/li>\n<\/ul>","protected":false},"excerpt":{"rendered":"<p>ACR1251T l\u00e0 \u0110\u1ea7u \u0111\u1ecdc th\u1ebb th\u00f4ng minh NFC di \u0111\u1ed9ng t\u1ed1c \u0111\u1ed9 cao, t\u01b0\u01a1ng th\u00edch v\u1edbi NFC &amp; ISO\/IEC 18092, \u0111\u1ea3m b\u1ea3o \u0111\u1ecdc th\u1ebb hi\u1ec7u qu\u1ea3 tr\u00ean nhi\u1ec1u h\u1ec7 th\u1ed1ng kh\u00e1c nhau.<\/p>","protected":false},"featured_media":1609,"template":"","meta":[],"product_brand":[],"product_cat":[45,40],"product_tag":[],"class_list":{"0":"post-1608","1":"product","2":"type-product","3":"status-publish","4":"has-post-thumbnail","6":"product_cat-contactless-nfc-reader","7":"product_cat-rfid-nfc-reader","9":"first","10":"instock","11":"shipping-taxable","12":"product-type-simple"},"_links":{"self":[{"href":"https:\/\/nfc-readers.com\/vi\/wp-json\/wp\/v2\/product\/1608","targetHints":{"allow":["GET"]}}],"collection":[{"href":"https:\/\/nfc-readers.com\/vi\/wp-json\/wp\/v2\/product"}],"about":[{"href":"https:\/\/nfc-readers.com\/vi\/wp-json\/wp\/v2\/types\/product"}],"wp:featuredmedia":[{"embeddable":true,"href":"https:\/\/nfc-readers.com\/vi\/wp-json\/wp\/v2\/media\/1609"}],"wp:attachment":[{"href":"https:\/\/nfc-readers.com\/vi\/wp-json\/wp\/v2\/media?parent=1608"}],"wp:term":[{"taxonomy":"product_brand","embeddable":true,"href":"https:\/\/nfc-readers.com\/vi\/wp-json\/wp\/v2\/product_brand?post=1608"},{"taxonomy":"product_cat","embeddable":true,"href":"https:\/\/nfc-readers.com\/vi\/wp-json\/wp\/v2\/product_cat?post=1608"},{"taxonomy":"product_tag","embeddable":true,"href":"https:\/\/nfc-readers.com\/vi\/wp-json\/wp\/v2\/product_tag?post=1608"}],"curies":[{"name":"wp","href":"https:\/\/api.w.org\/{rel}","templated":true}]}}