{"id":1615,"date":"2024-04-07T07:52:08","date_gmt":"2024-04-07T07:52:08","guid":{"rendered":"https:\/\/nfc-readers.com\/?post_type=product&#038;p=1615"},"modified":"2024-10-16T02:36:24","modified_gmt":"2024-10-16T02:36:24","slug":"acm1552u-z2-small-multi-iso-nfc-module-reader-writer","status":"publish","type":"product","link":"https:\/\/nfc-readers.com\/vi\/ic-reader\/acm1552u-z2-small-multi-iso-nfc-module-reader-writer\/","title":{"rendered":"ACM1552U-Z2 \u2013 \u0110\u1ea7u \u0111\u1ecdc\/ghi m\u00f4-\u0111un NFC \u0111a ISO nh\u1ecf"},"content":{"rendered":"<h1>ACM1552U-Z2 \u2013 \u0110\u1ea7u \u0111\u1ecdc\/ghi m\u00f4-\u0111un NFC \u0111a ISO nh\u1ecf<\/h1>\n<p>ACM1552U-Z2 n\u1ed5i b\u1eadt l\u00e0 m\u1ed9t m\u00f4-\u0111un nh\u1ecf g\u1ecdn v\u00e0 linh ho\u1ea1t, cung c\u1ea5p kh\u1ea3 n\u0103ng NFC t\u1ed1c \u0111\u1ed9 cao v\u00e0 kh\u1ea3 n\u0103ng t\u01b0\u01a1ng th\u00edch v\u1edbi nhi\u1ec1u ti\u00eau chu\u1ea9n. V\u1edbi c\u00e1c t\u00ednh n\u0103ng b\u1ea3o m\u1eadt v\u00e0 ti\u1ebft ki\u1ec7m n\u0103ng l\u01b0\u1ee3ng b\u1ed5 sung, c\u00f9ng v\u1edbi giao di\u1ec7n th\u00e2n thi\u1ec7n v\u1edbi ng\u01b0\u1eddi d\u00f9ng, n\u00f3 \u0111\u1ea1i di\u1ec7n cho m\u1ed9t gi\u1ea3i ph\u00e1p tinh vi \u0111\u1ec3 li\u00ean l\u1ea1c kh\u00f4ng ti\u1ebfp x\u00fac trong c\u00e1c thi\u1ebft b\u1ecb nh\u1ecf g\u1ecdn.<\/p>\n<ul>\n<li>\n<h2>Giao di\u1ec7n t\u1ed1c \u0111\u1ed9 \u0111\u1ea7y \u0111\u1ee7 USB 2.0<\/h2>\n<\/li>\n<li>\n<h2>Tu\u00e2n th\u1ee7 CCID<\/h2>\n<\/li>\n<li>\n<h2>H\u1ed7 tr\u1ee3 th\u1ebb th\u00f4ng minh kh\u00f4ng ti\u1ebfp x\u00fac:<\/h2>\n<ul>\n<li>\n<h3>T\u1ed1c \u0111\u1ed9 \u0111\u1ecdc\/ghi l\u00ean t\u1edbi 848 kbps<\/h3>\n<\/li>\n<li>\n<h3>\u0102ng-ten t\u00edch h\u1ee3p \u0111\u1ec3 truy c\u1eadp th\u1ebb kh\u00f4ng ti\u1ebfp x\u00fac, v\u1edbi kho\u1ea3ng c\u00e1ch \u0111\u1ecdc th\u1ebb l\u00ean t\u1edbi 70 mm (t\u00f9y thu\u1ed9c v\u00e0o lo\u1ea1i th\u1ebb)<\/h3>\n<\/li>\n<li>\n<h3>H\u1ed7 tr\u1ee3 th\u1ebb ISO 14443 Lo\u1ea1i A v\u00e0 B, Th\u1ebb ISO 15693 v\u00e0 NFC ISO18092<\/h3>\n<\/li>\n<li>\n<h3>H\u1ed7 tr\u1ee3 MIFARE Classic\u00ae, MIFARE\u00ae, DESFire\u00ae, MIFARE Ultralight\u00ae, MIFARE Plus\u00ae, FeliCa v\u00e0 Topaz<\/h3>\n<\/li>\n<li>\n<h3>T\u00edch h\u1ee3p t\u00ednh n\u0103ng ch\u1ed1ng va ch\u1ea1m<\/h3>\n<\/li>\n<li>\n<h3>H\u1ed7 tr\u1ee3 APDU m\u1edf r\u1ed9ng (t\u1ed1i \u0111a 64 kbyte)<\/h3>\n<\/li>\n<\/ul>\n<\/li>\n<li>\n<h2>H\u1ed7 tr\u1ee3 NFC:<\/h2>\n<ul>\n<li>\n<h3>Ch\u1ebf \u0111\u1ed9 \u0111\u1ea7u \u0111\u1ecdc\/ghi th\u1ebb th\u00f4ng minh<\/h3>\n<\/li>\n<li>\n<h3>Ch\u1ebf \u0111\u1ed9 thi \u0111ua th\u1ebb<\/h3>\n<\/li>\n<li>\n<h3>Ch\u1ebf \u0111\u1ed9 m\u00f4 ph\u1ecfng b\u00e0n ph\u00edm<\/h3>\n<\/li>\n<\/ul>\n<\/li>\n<li>\n<h2>Giao di\u1ec7n l\u1eadp tr\u00ecnh \u1ee9ng d\u1ee5ng:<\/h2>\n<ul>\n<li>\n<h3>H\u1ed7 tr\u1ee3 PC\/SC<\/h3>\n<\/li>\n<li>\n<h3>H\u1ed7 tr\u1ee3 CT-API (th\u00f4ng qua tr\u00ecnh bao b\u1ecdc tr\u00ean PC\/SC)<\/h3>\n<\/li>\n<\/ul>\n<\/li>\n<li>\n<h2>Thi\u1ebft b\u1ecb ngo\u1ea1i vi:<\/h2>\n<ul>\n<li>\n<h3>\u0110\u00e8n LED hai m\u00e0u do ng\u01b0\u1eddi d\u00f9ng \u0111i\u1ec1u khi\u1ec3n (Xanh lam &amp; Xanh l\u1ee5c)<\/h3>\n<\/li>\n<\/ul>\n<\/li>\n<li>\n<h2>K\u00edch th\u01b0\u1edbc nh\u1ecf g\u1ecdn<\/h2>\n<\/li>\n<li>\n<h2>Kh\u1ea3 n\u0103ng n\u00e2ng c\u1ea5p ch\u01b0\u01a1ng tr\u00ecnh c\u01a1 s\u1edf USB<\/h2>\n<\/li>\n<li>\n<div>\n<table width=\"545\">\n<tbody>\n<tr>\n<td colspan=\"2\" width=\"545\">T\u00ednh ch\u1ea5t v\u1eadt l\u00fd<\/td>\n<\/tr>\n<tr>\n<td width=\"228\">K\u00edch th\u01b0\u1edbc (mm)<\/td>\n<td width=\"317\">52,0 x 20,0 x 5,7<\/td>\n<\/tr>\n<tr>\n<td width=\"228\">Tr\u1ecdng l\u01b0\u1ee3ng (g)<\/td>\n<td width=\"317\">3.4<\/td>\n<\/tr>\n<tr>\n<td colspan=\"2\" width=\"545\">Giao di\u1ec7n USB<\/td>\n<\/tr>\n<tr>\n<td width=\"228\">Giao th\u1ee9c<\/td>\n<td width=\"317\">USB CID<\/td>\n<\/tr>\n<tr>\n<td width=\"228\">lo\u1ea1i tr\u00ecnh k\u1ebft n\u1ed1i<\/td>\n<td width=\"317\">5pin, kho\u1ea3ng c\u00e1ch 1mm, t\u01b0\u01a1ng th\u00edch d\u00f2ng JST SH<\/td>\n<\/tr>\n<tr>\n<td width=\"228\">Ngu\u1ed3n n\u0103ng l\u01b0\u1ee3ng<\/td>\n<td width=\"317\">T\u1eeb c\u1ed5ng USB<\/td>\n<\/tr>\n<tr>\n<td width=\"228\">T\u1ed1c \u0111\u1ed9<\/td>\n<td width=\"317\">USB 2.0 T\u1ed1c \u0111\u1ed9 t\u1ed1i \u0111a (12 Mb\/gi\u00e2y) t\u01b0\u01a1ng th\u00edch v\u1edbi USB 3.0<\/td>\n<\/tr>\n<tr>\n<td width=\"228\">Chi\u1ec1u d\u00e0i c\u00e1p<\/td>\n<td width=\"317\">1m, c\u00f3 th\u1ec3 th\u00e1o r\u1eddi (Theo y\u00eau c\u1ea7u)<\/td>\n<\/tr>\n<tr>\n<td colspan=\"2\" width=\"545\">Giao di\u1ec7n th\u1ebb th\u00f4ng minh kh\u00f4ng ti\u1ebfp x\u00fac<\/td>\n<\/tr>\n<tr>\n<td width=\"228\">Ti\u00eau chu\u1ea9n<\/td>\n<td width=\"317\">ISO 18092 NFC, ISO 14443 Lo\u1ea1i A &amp; B, ISO 15693, MIFARE\u00ae, FeliCa<\/td>\n<\/tr>\n<tr>\n<td rowspan=\"5\" width=\"228\">Giao th\u1ee9c<\/td>\n<td width=\"317\">Th\u1ebb tu\u00e2n th\u1ee7 ISO 14443-4, T=CL<\/td>\n<\/tr>\n<tr>\n<td width=\"317\">Th\u1ebb MIFARE\u00ae C\u1ed5 \u0111i\u1ec3n, T=CL<\/td>\n<\/tr>\n<tr>\n<td width=\"317\">ISO 15693<\/td>\n<\/tr>\n<tr>\n<td width=\"317\">Th\u1ebb NFC ISO 18092<\/td>\n<\/tr>\n<tr>\n<td width=\"317\">FeliCa<\/td>\n<\/tr>\n<tr>\n<td colspan=\"2\" width=\"545\">Thi\u1ebft b\u1ecb ngo\u1ea1i vi t\u00edch h\u1ee3p<\/td>\n<\/tr>\n<tr>\n<td width=\"228\">D\u1eaaN \u0110\u1ebeN<\/td>\n<td width=\"317\">1 hai m\u00e0u: Xanh d\u01b0\u01a1ng v\u00e0 Xanh l\u1ee5c<\/td>\n<\/tr>\n<tr>\n<td colspan=\"2\" width=\"545\">C\u00e1c t\u00ednh n\u0103ng kh\u00e1c<\/td>\n<\/tr>\n<tr>\n<td rowspan=\"6\" width=\"228\">C\u00e1c t\u00ednh n\u0103ng kh\u00e1c<\/td>\n<td width=\"317\">C\u00e1c lo\u1ea1i th\u1ebb \u0111\u01b0\u1ee3c h\u1ed7 tr\u1ee3:<\/td>\n<\/tr>\n<tr>\n<td width=\"317\">ISO 14443 Lo\u1ea1i A &amp; B Ph\u1ea7n 1-4,<\/td>\n<\/tr>\n<tr>\n<td width=\"317\">ISO 15693, ISO 18092 NFC,<\/td>\n<\/tr>\n<tr>\n<td width=\"317\">MIFARE Classic\u00ae, MIFARE DESFire\u00ae, MIFARE Ultralight\u00ae, MIFARE Plus\u00ae, FeliCa v\u00e0 Topaz<\/td>\n<\/tr>\n<tr>\n<td width=\"317\">C\u00e1c t\u00ednh n\u0103ng NFC kh\u00e1c:<\/td>\n<\/tr>\n<tr>\n<td width=\"317\">\u0110\u1ea7u \u0111\u1ecdc\/ghi th\u1ebb th\u00f4ng minh, m\u00f4 ph\u1ecfng b\u00e0n ph\u00edm, m\u00f4 ph\u1ecfng th\u1ebb<\/td>\n<\/tr>\n<tr>\n<td width=\"228\">N\u00e2ng c\u1ea5p ch\u01b0\u01a1ng tr\u00ecnh c\u01a1 s\u1edf<\/td>\n<td width=\"317\">\u0110\u01b0\u1ee3c h\u1ed7 tr\u1ee3<\/td>\n<\/tr>\n<tr>\n<td colspan=\"2\" width=\"545\">Ch\u1ee9ng nh\u1eadn\/Tu\u00e2n th\u1ee7<\/td>\n<\/tr>\n<tr>\n<td rowspan=\"4\" width=\"228\">Ch\u1ee9ng nh\u1eadn\/Tu\u00e2n th\u1ee7<\/td>\n<td width=\"317\">Ch\u1ee9ng nh\u1eadn:<\/td>\n<\/tr>\n<tr>\n<td width=\"317\">IEC\/EN 62368, CE, UKCA, FCC, VCCI, RoHS, REACH, WEEE, Microsoft\u00ae WHQL<\/td>\n<\/tr>\n<tr>\n<td width=\"317\">\u00a0 S\u1ef1 tu\u00e2n th\u1ee7:<\/td>\n<\/tr>\n<tr>\n<td width=\"317\">USB CCID, PC\/SC<\/td>\n<\/tr>\n<tr>\n<td colspan=\"2\" width=\"545\">H\u1ed7 tr\u1ee3 h\u1ec7 \u0111i\u1ec1u h\u00e0nh tr\u00ecnh \u0111i\u1ec1u khi\u1ec3n thi\u1ebft b\u1ecb<\/td>\n<\/tr>\n<tr>\n<td width=\"228\">H\u1ed7 tr\u1ee3 h\u1ec7 \u0111i\u1ec1u h\u00e0nh tr\u00ecnh \u0111i\u1ec1u khi\u1ec3n thi\u1ebft b\u1ecb<\/td>\n<td width=\"317\">Windows\u00ae, Linux\u00ae, macOS, Android\u2122<\/td>\n<\/tr>\n<\/tbody>\n<\/table>\n<\/div>\n<\/li>\n<\/ul>","protected":false},"excerpt":{"rendered":"<p>ACM1552U-Z2 l\u00e0 m\u00f4-\u0111un USB NFC t\u1ed1c \u0111\u1ed9 cao h\u1ed7 tr\u1ee3 \u0110\u1ea7u \u0111\u1ecdc\/Ghi th\u1ebb th\u00f4ng minh v\u00e0 M\u00f4 ph\u1ecfng th\u1ebb, \u0111\u01b0\u1ee3c thi\u1ebft k\u1ebf \u0111\u1ec3 v\u1eadn h\u00e0nh kh\u00f4ng ti\u1ebfp x\u00fac hi\u1ec7u qu\u1ea3 v\u00e0 an to\u00e0n.<\/p>","protected":false},"featured_media":1616,"template":"","meta":[],"product_brand":[],"product_cat":[41,40],"product_tag":[],"class_list":{"0":"post-1615","1":"product","2":"type-product","3":"status-publish","4":"has-post-thumbnail","6":"product_cat-module-ic-reader","7":"product_cat-rfid-nfc-reader","9":"first","10":"instock","11":"shipping-taxable","12":"product-type-simple"},"_links":{"self":[{"href":"https:\/\/nfc-readers.com\/vi\/wp-json\/wp\/v2\/product\/1615","targetHints":{"allow":["GET"]}}],"collection":[{"href":"https:\/\/nfc-readers.com\/vi\/wp-json\/wp\/v2\/product"}],"about":[{"href":"https:\/\/nfc-readers.com\/vi\/wp-json\/wp\/v2\/types\/product"}],"wp:featuredmedia":[{"embeddable":true,"href":"https:\/\/nfc-readers.com\/vi\/wp-json\/wp\/v2\/media\/1616"}],"wp:attachment":[{"href":"https:\/\/nfc-readers.com\/vi\/wp-json\/wp\/v2\/media?parent=1615"}],"wp:term":[{"taxonomy":"product_brand","embeddable":true,"href":"https:\/\/nfc-readers.com\/vi\/wp-json\/wp\/v2\/product_brand?post=1615"},{"taxonomy":"product_cat","embeddable":true,"href":"https:\/\/nfc-readers.com\/vi\/wp-json\/wp\/v2\/product_cat?post=1615"},{"taxonomy":"product_tag","embeddable":true,"href":"https:\/\/nfc-readers.com\/vi\/wp-json\/wp\/v2\/product_tag?post=1615"}],"curies":[{"name":"wp","href":"https:\/\/api.w.org\/{rel}","templated":true}]}}