{"id":1619,"date":"2024-04-07T07:56:40","date_gmt":"2024-04-07T07:56:40","guid":{"rendered":"https:\/\/nfc-readers.com\/?post_type=product&#038;p=1619"},"modified":"2024-10-16T02:33:14","modified_gmt":"2024-10-16T02:33:14","slug":"acm39u-y3-smart-card-reader-module","status":"publish","type":"product","link":"https:\/\/nfc-readers.com\/vi\/ic-reader\/acm39u-y3-smart-card-reader-module\/","title":{"rendered":"M\u00f4-\u0111un \u0111\u1ea7u \u0111\u1ecdc th\u1ebb th\u00f4ng minh ACM39U-Y3"},"content":{"rendered":"<h1>M\u00f4-\u0111un \u0111\u1ea7u \u0111\u1ecdc th\u1ebb th\u00f4ng minh ACM39U-Y3<\/h1>\n<p>ACM39U-Y3 l\u00e0 m\u00f4-\u0111un linh ho\u1ea1t, d\u1ec5 c\u00e0i \u0111\u1eb7t, h\u1ed7 tr\u1ee3 nhi\u1ec1u n\u1ec1n t\u1ea3ng v\u00e0 giao di\u1ec7n, l\u00fd t\u01b0\u1edfng cho c\u00e1c gi\u1ea3i ph\u00e1p th\u1ebb th\u00f4ng minh nh\u00fang. N\u00f3 c\u0169ng cung c\u1ea5p t\u00f9y ch\u1ecdn t\u00edch h\u1ee3p M\u00f4-\u0111un truy c\u1eadp an to\u00e0n (SAM) \u0111\u1ec3 t\u0103ng c\u01b0\u1eddng b\u1ea3o m\u1eadt.<\/p>\n<ul>\n<li>\n<h2>Giao di\u1ec7n t\u1ed1c \u0111\u1ed9 \u0111\u1ea7y \u0111\u1ee7 USB 2.0<\/h2>\n<\/li>\n<li>\n<h2>Plug and Play \u2013 H\u1ed7 tr\u1ee3 CCID mang l\u1ea1i t\u00ednh di \u0111\u1ed9ng t\u1ed1i \u0111a<\/h2>\n<\/li>\n<li>\n<h2>\u0110\u1ea7u \u0111\u1ecdc th\u1ebb th\u00f4ng minh:<\/h2>\n<ul>\n<li>\n<h3>H\u1ed7 tr\u1ee3 th\u1ebb ISO 7816 lo\u1ea1i A, B v\u00e0 C (5 V, 3 V, 1.8 V)<\/h3>\n<\/li>\n<li>\n<h3>H\u1ed7 tr\u1ee3 CAC (Th\u1ebb truy c\u1eadp chung)<\/h3>\n<\/li>\n<li>\n<h3>H\u1ed7 tr\u1ee3 th\u1ebb SIPRNET<\/h3>\n<\/li>\n<li>\n<h3>H\u1ed7 tr\u1ee3 th\u1ebb J-LIS<\/h3>\n<\/li>\n<li>\n<h3>H\u1ed7 tr\u1ee3 th\u1ebb vi x\u1eed l\u00fd v\u1edbi giao th\u1ee9c T=0 ho\u1eb7c T=1<\/h3>\n<\/li>\n<li>\n<h3>H\u1ed7 tr\u1ee3 th\u1ebb nh\u1edb<\/h3>\n<\/li>\n<li>\n<h3>H\u1ed7 tr\u1ee3 PPS (L\u1ef1a ch\u1ecdn giao th\u1ee9c v\u00e0 tham s\u1ed1)<\/h3>\n<\/li>\n<li>\n<h3>T\u00ednh n\u0103ng B\u1ea3o v\u1ec7 ng\u1eafn m\u1ea1ch<\/h3>\n<\/li>\n<\/ul>\n<\/li>\n<li>\n<h2>Giao di\u1ec7n l\u1eadp tr\u00ecnh \u1ee9ng d\u1ee5ng:<\/h2>\n<ul>\n<li>\n<h3>H\u1ed7 tr\u1ee3 PC\/SC<\/h3>\n<\/li>\n<li>\n<h3>H\u1ed7 tr\u1ee3 CT-API (th\u00f4ng qua tr\u00ecnh bao b\u1ecdc tr\u00ean PC\/SC)<\/h3>\n<\/li>\n<\/ul>\n<\/li>\n<li>\n<h2>H\u1ed7 tr\u1ee3 Android\u2122 3.1 tr\u1edf l\u00ean<\/h2>\n<\/li>\n<li>\n<div>\n<table width=\"491\">\n<tbody>\n<tr>\n<td colspan=\"2\" width=\"491\">T\u00ednh ch\u1ea5t v\u1eadt l\u00fd<\/td>\n<\/tr>\n<tr>\n<td width=\"172\">K\u00edch th\u01b0\u1edbc (mm)<\/td>\n<td width=\"319\">70,0 mm (L) \u00d7 82,0 mm (W) \u00d7 10,0 mm (H)<\/td>\n<\/tr>\n<tr>\n<td width=\"172\">Tr\u1ecdng l\u01b0\u1ee3ng (g)<\/td>\n<td width=\"319\">32 gam<\/td>\n<\/tr>\n<tr>\n<td colspan=\"2\" width=\"491\">Giao di\u1ec7n USB<\/td>\n<\/tr>\n<tr>\n<td width=\"172\">Giao th\u1ee9c<\/td>\n<td width=\"319\">USB CID<\/td>\n<\/tr>\n<tr>\n<td rowspan=\"2\" width=\"172\">lo\u1ea1i tr\u00ecnh k\u1ebft n\u1ed1i<\/td>\n<td width=\"319\">\u0110\u1ea7u n\u1ed1i ti\u00eau \u0111\u1ec1 1 x 5 ch\u00e2n;<\/td>\n<\/tr>\n<tr>\n<td width=\"319\">\u0110\u1ea7u n\u1ed1i ti\u00eau \u0111\u1ec1 2 x 3 ch\u00e2n<\/td>\n<\/tr>\n<tr>\n<td width=\"172\">Ngu\u1ed3n n\u0103ng l\u01b0\u1ee3ng<\/td>\n<td width=\"319\">T\u1eeb c\u1ed5ng USB<\/td>\n<\/tr>\n<tr>\n<td width=\"172\">T\u1ed1c \u0111\u1ed9<\/td>\n<td width=\"319\">T\u1ed1c \u0111\u1ed9 t\u1ed1i \u0111a USB (12 Mb\/gi\u00e2y)<\/td>\n<\/tr>\n<tr>\n<td colspan=\"2\" width=\"491\">Giao di\u1ec7n th\u1ebb th\u00f4ng minh li\u00ean h\u1ec7<\/td>\n<\/tr>\n<tr>\n<td width=\"172\">S\u1ed1 l\u01b0\u1ee3ng khe<\/td>\n<td width=\"319\">1 Khe c\u1eafm th\u1ebb c\u1ee1 l\u1edbn<\/td>\n<\/tr>\n<tr>\n<td width=\"172\">Ti\u00eau chu\u1ea9n<\/td>\n<td width=\"319\">ISO 7816 Ph\u1ea7n 1-4, Lo\u1ea1i A, B, C (5 V, 3 V, 1.8 V)<\/td>\n<\/tr>\n<tr>\n<td width=\"172\">Giao th\u1ee9c<\/td>\n<td width=\"319\">T=0; T=1; H\u1ed7 tr\u1ee3 th\u1ebb nh\u1edb<\/td>\n<\/tr>\n<tr>\n<td width=\"172\">Ng\u01b0\u1eddi kh\u00e1c<\/td>\n<td width=\"319\">Th\u1ebb th\u00f4ng minh CAC, PIV, SIPRNET, J-LIS<\/td>\n<\/tr>\n<tr>\n<td colspan=\"2\" width=\"491\">Ch\u1ee9ng nh\u1eadn\/Tu\u00e2n th\u1ee7<\/td>\n<\/tr>\n<tr>\n<td rowspan=\"12\" width=\"172\">Ch\u1ee9ng nh\u1eadn\/Tu\u00e2n th\u1ee7<\/td>\n<td width=\"319\">EN60950\/IEC 60950<\/td>\n<\/tr>\n<tr>\n<td width=\"319\">ISO 7816<\/td>\n<\/tr>\n<tr>\n<td width=\"319\">T\u1ed1c \u0111\u1ed9 t\u1ed1i \u0111a USB<\/td>\n<\/tr>\n<tr>\n<td width=\"319\">EMV\u2122 C\u1ea5p 1 (Li\u00ean h\u1ec7)<\/td>\n<\/tr>\n<tr>\n<td width=\"319\">PC\/SC<\/td>\n<\/tr>\n<tr>\n<td width=\"319\">CCID<\/td>\n<\/tr>\n<tr>\n<td width=\"319\">CN<\/td>\n<\/tr>\n<tr>\n<td width=\"319\">FCC<\/td>\n<\/tr>\n<tr>\n<td width=\"319\">TU\u1ea6N<\/td>\n<\/tr>\n<tr>\n<td width=\"319\">RoHS<\/td>\n<\/tr>\n<tr>\n<td width=\"319\">V\u1edaI T\u1edaI<\/td>\n<\/tr>\n<tr>\n<td width=\"319\">Microsoft\u00ae WHQL<\/td>\n<\/tr>\n<tr>\n<td colspan=\"2\" width=\"491\">H\u1ed7 tr\u1ee3 h\u1ec7 \u0111i\u1ec1u h\u00e0nh tr\u00ecnh \u0111i\u1ec1u khi\u1ec3n thi\u1ebft b\u1ecb<\/td>\n<\/tr>\n<tr>\n<td rowspan=\"5\" width=\"172\">H\u1ed7 tr\u1ee3 h\u1ec7 \u0111i\u1ec1u h\u00e0nh tr\u00ecnh \u0111i\u1ec1u khi\u1ec3n thi\u1ebft b\u1ecb<\/td>\n<td width=\"319\">Windows\u00ae<\/td>\n<\/tr>\n<tr>\n<td width=\"319\">Linux\u00ae<\/td>\n<\/tr>\n<tr>\n<td width=\"319\">MAC OS\u00ae<\/td>\n<\/tr>\n<tr>\n<td width=\"319\">Android\u2122<\/td>\n<\/tr>\n<tr>\n<td width=\"319\">Solaris<\/td>\n<\/tr>\n<\/tbody>\n<\/table>\n<\/div>\n<\/li>\n<\/ul>","protected":false},"excerpt":{"rendered":"<p>ACM39U-Y3 l\u00e0 m\u00f4-\u0111un \u0111\u1ea7u \u0111\u1ecdc ti\u1ebfp x\u00fac USB t\u1ed1c \u0111\u1ed9 cao d\u00e0nh cho c\u00e1c \u1ee9ng d\u1ee5ng th\u1ebb th\u00f4ng minh, h\u1ed7 tr\u1ee3 nhi\u1ec1u h\u1ec7 \u0111i\u1ec1u h\u00e0nh kh\u00e1c nhau v\u00e0 \u0111\u1ea7u \u0111\u1ecdc th\u1ebb SAM t\u00f9y ch\u1ecdn.<\/p>","protected":false},"featured_media":1620,"template":"","meta":[],"product_brand":[],"product_cat":[41],"product_tag":[],"class_list":{"0":"post-1619","1":"product","2":"type-product","3":"status-publish","4":"has-post-thumbnail","6":"product_cat-module-ic-reader","8":"first","9":"instock","10":"shipping-taxable","11":"product-type-simple"},"_links":{"self":[{"href":"https:\/\/nfc-readers.com\/vi\/wp-json\/wp\/v2\/product\/1619","targetHints":{"allow":["GET"]}}],"collection":[{"href":"https:\/\/nfc-readers.com\/vi\/wp-json\/wp\/v2\/product"}],"about":[{"href":"https:\/\/nfc-readers.com\/vi\/wp-json\/wp\/v2\/types\/product"}],"wp:featuredmedia":[{"embeddable":true,"href":"https:\/\/nfc-readers.com\/vi\/wp-json\/wp\/v2\/media\/1620"}],"wp:attachment":[{"href":"https:\/\/nfc-readers.com\/vi\/wp-json\/wp\/v2\/media?parent=1619"}],"wp:term":[{"taxonomy":"product_brand","embeddable":true,"href":"https:\/\/nfc-readers.com\/vi\/wp-json\/wp\/v2\/product_brand?post=1619"},{"taxonomy":"product_cat","embeddable":true,"href":"https:\/\/nfc-readers.com\/vi\/wp-json\/wp\/v2\/product_cat?post=1619"},{"taxonomy":"product_tag","embeddable":true,"href":"https:\/\/nfc-readers.com\/vi\/wp-json\/wp\/v2\/product_tag?post=1619"}],"curies":[{"name":"wp","href":"https:\/\/api.w.org\/{rel}","templated":true}]}}