{"id":1623,"date":"2024-04-07T07:59:43","date_gmt":"2024-04-07T07:59:43","guid":{"rendered":"https:\/\/nfc-readers.com\/?post_type=product&#038;p=1623"},"modified":"2024-09-29T07:34:42","modified_gmt":"2024-09-29T07:34:42","slug":"acr40t-type-a-usb-sim-sized-smart-card-reader","status":"publish","type":"product","link":"https:\/\/nfc-readers.com\/vi\/ic-reader\/acr40t-type-a-usb-sim-sized-smart-card-reader\/","title":{"rendered":"\u0110\u1ea7u \u0111\u1ecdc th\u1ebb th\u00f4ng minh c\u1ee1 USB ACR40T lo\u1ea1i A USB (C\u00f3 n\u00fat t\u00edch h\u1ee3p v\u00e0 chu\u1ed7i v\u00f2ng l\u1eb7p)"},"content":{"rendered":"<h1>\u0110\u1ea7u \u0111\u1ecdc th\u1ebb th\u00f4ng minh c\u1ee1 USB ACR40T lo\u1ea1i A USB (C\u00f3 n\u00fat t\u00edch h\u1ee3p v\u00e0 chu\u1ed7i v\u00f2ng l\u1eb7p)<\/h1>\n<p>ACR40T l\u00e0 \u0111\u1ea7u \u0111\u1ecdc th\u1ebb th\u00f4ng minh c\u00f3 hi\u1ec7u su\u1ea5t cao v\u00e0 c\u00f3 th\u1ec3 c\u1eadp nh\u1eadt, cung c\u1ea5p kh\u1ea3 n\u0103ng t\u01b0\u01a1ng th\u00edch r\u1ed9ng r\u00e3i v\u1edbi th\u1ebb th\u00f4ng minh ISO 7816 v\u00e0 nhi\u1ec1u lo\u1ea1i th\u1ebb nh\u1edb kh\u00e1c nhau, c\u00f3 khe c\u1eafm th\u1ebb th\u00f4ng minh th\u00e2n thi\u1ec7n v\u1edbi ng\u01b0\u1eddi d\u00f9ng trong m\u1ed9t thi\u1ebft k\u1ebf nh\u1ecf \u0111\u00e1ng ch\u00fa \u00fd.<\/p>\n<ul>\n<li>\n<h2><strong>H\u1ed7 tr\u1ee3 nhi\u1ec1u lo\u1ea1i th\u1ebb li\u00ean l\u1ea1c<\/strong><\/h2>\n<ul>\n<li>\n<h3>ISO 7816 Lo\u1ea1i A, B v\u00e0 C (5 V, 3 V v\u00e0 1.8 V)<\/h3>\n<\/li>\n<li>\n<h3>Th\u1ebb vi x\u1eed l\u00fd (T=0, T=1)<\/h3>\n<\/li>\n<li>\n<h3>Th\u1ebb nh\u1edb<\/h3>\n<\/li>\n<li>\n<h3>T\u00ednh n\u0103ng B\u1ea3o v\u1ec7 ng\u1eafn m\u1ea1ch<\/h3>\n<\/li>\n<\/ul>\n<\/li>\n<li>\n<h2><strong>Giao di\u1ec7n l\u1eadp tr\u00ecnh \u1ee9ng d\u1ee5ng:<\/strong><\/h2>\n<ul>\n<li>\n<h3>H\u1ed7 tr\u1ee3 PC\/SC<\/h3>\n<\/li>\n<\/ul>\n<\/li>\n<li>\n<h2><strong>Thi\u1ebft b\u1ecb ngo\u1ea1i vi t\u00edch h\u1ee3p<\/strong><\/h2>\n<ul>\n<li>\n<h3>1 x \u0110\u00e8n LED l\u1eadp tr\u00ecnh (Xanh l\u1ee5c)<\/h3>\n<\/li>\n<li>\n<table width=\"591\">\n<tbody>\n<tr>\n<td colspan=\"2\" width=\"591\">T\u00ednh ch\u1ea5t v\u1eadt l\u00fd<\/td>\n<\/tr>\n<tr>\n<td rowspan=\"2\" width=\"266\">K\u00edch th\u01b0\u1edbc (mm)<\/td>\n<td width=\"325\">ACR40T-A1: 48,9mm (D\u00e0i) \u00d7 17,7mm (R\u1ed9ng) \u00d7 8,0mm (Cao)<\/td>\n<\/tr>\n<tr>\n<td width=\"325\">ACR40T-A5: 44,7mm (L) \u00d7 17,7mm (W) \u00d7 8,0mm (H)<\/td>\n<\/tr>\n<tr>\n<td rowspan=\"2\" width=\"266\">Tr\u1ecdng l\u01b0\u1ee3ng (g)<\/td>\n<td width=\"325\">ACR40T-A1: 6,8 g \u00b1 1,0 g<\/td>\n<\/tr>\n<tr>\n<td width=\"325\">ACR40T-A5: 5,3 g \u00b1 1,0 g<\/td>\n<\/tr>\n<tr>\n<td colspan=\"2\" width=\"591\">Giao di\u1ec7n USB<\/td>\n<\/tr>\n<tr>\n<td width=\"266\">Giao th\u1ee9c<\/td>\n<td width=\"325\">USB CID<\/td>\n<\/tr>\n<tr>\n<td rowspan=\"2\" width=\"266\">lo\u1ea1i tr\u00ecnh k\u1ebft n\u1ed1i<\/td>\n<td width=\"325\">USB Lo\u1ea1i A<\/td>\n<\/tr>\n<tr>\n<td width=\"325\">USB Lo\u1ea1i C<\/td>\n<\/tr>\n<tr>\n<td width=\"266\">Ngu\u1ed3n n\u0103ng l\u01b0\u1ee3ng<\/td>\n<td width=\"325\">T\u1eeb c\u1ed5ng USB<\/td>\n<\/tr>\n<tr>\n<td width=\"266\">T\u1ed1c \u0111\u1ed9<\/td>\n<td width=\"325\">T\u1ed1c \u0111\u1ed9 t\u1ed1i \u0111a USB (12Mbps)<\/td>\n<\/tr>\n<tr>\n<td colspan=\"2\" width=\"591\">Giao di\u1ec7n th\u1ebb th\u00f4ng minh li\u00ean h\u1ec7<\/td>\n<\/tr>\n<tr>\n<td width=\"266\">S\u1ed1 l\u01b0\u1ee3ng khe<\/td>\n<td width=\"325\">1 Khe c\u1eafm th\u1ebb c\u1ee1 SIM (2FF)<\/td>\n<\/tr>\n<tr>\n<td width=\"266\">Giao th\u1ee9c<\/td>\n<td width=\"325\">T=0; T=1<\/td>\n<\/tr>\n<tr>\n<td colspan=\"2\" width=\"591\">Thi\u1ebft b\u1ecb ngo\u1ea1i vi t\u00edch h\u1ee3p<\/td>\n<\/tr>\n<tr>\n<td width=\"266\">D\u1eaaN \u0110\u1ebeN<\/td>\n<td width=\"325\">M\u00e0u xanh l\u00e1<\/td>\n<\/tr>\n<tr>\n<td colspan=\"2\" width=\"591\">C\u00e1c t\u00ednh n\u0103ng kh\u00e1c<\/td>\n<\/tr>\n<tr>\n<td width=\"266\">C\u00e1c t\u00ednh n\u0103ng kh\u00e1c<\/td>\n<td width=\"325\">H\u1ed7 tr\u1ee3 n\u00e2ng c\u1ea5p Firmware<\/td>\n<\/tr>\n<tr>\n<td colspan=\"2\" width=\"591\">Ch\u1ee9ng nh\u1eadn\/Tu\u00e2n th\u1ee7<\/td>\n<\/tr>\n<tr>\n<td rowspan=\"12\" width=\"266\">Ch\u1ee9ng nh\u1eadn\/Tu\u00e2n th\u1ee7<\/td>\n<td width=\"325\">Ch\u1ee9ng nh\u1eadn:<\/td>\n<\/tr>\n<tr>\n<td width=\"325\">UL 62368<\/td>\n<\/tr>\n<tr>\n<td width=\"325\">CN<\/td>\n<\/tr>\n<tr>\n<td width=\"325\">UKCA<\/td>\n<\/tr>\n<tr>\n<td width=\"325\">FCC<\/td>\n<\/tr>\n<tr>\n<td width=\"325\">RoHS<\/td>\n<\/tr>\n<tr>\n<td width=\"325\">V\u1edaI T\u1edaI<\/td>\n<\/tr>\n<tr>\n<td width=\"325\">VCCI<\/td>\n<\/tr>\n<tr>\n<td width=\"325\">Microsoft\u00ae WHQL<\/td>\n<\/tr>\n<tr>\n<td width=\"325\">Tu\u00e2n th\u1ee7:<\/td>\n<\/tr>\n<tr>\n<td width=\"325\">USB CID<\/td>\n<\/tr>\n<tr>\n<td width=\"325\">PC\/SC<\/td>\n<\/tr>\n<tr>\n<td colspan=\"2\" width=\"591\">H\u1ed7 tr\u1ee3 h\u1ec7 \u0111i\u1ec1u h\u00e0nh tr\u00ecnh \u0111i\u1ec1u khi\u1ec3n thi\u1ebft b\u1ecb<\/td>\n<\/tr>\n<tr>\n<td rowspan=\"4\" width=\"266\">H\u1ed7 tr\u1ee3 h\u1ec7 \u0111i\u1ec1u h\u00e0nh tr\u00ecnh \u0111i\u1ec1u khi\u1ec3n thi\u1ebft b\u1ecb<\/td>\n<td width=\"325\">Windows\u00ae<\/td>\n<\/tr>\n<tr>\n<td width=\"325\">Linux\u00ae<\/td>\n<\/tr>\n<tr>\n<td width=\"325\">h\u1ec7 \u0111i\u1ec1u h\u00e0nh Mac<\/td>\n<\/tr>\n<tr>\n<td width=\"325\">Android\u2122<\/td>\n<\/tr>\n<\/tbody>\n<\/table>\n<\/li>\n<\/ul>\n<\/li>\n<\/ul>","protected":false},"excerpt":{"rendered":"<p>ACR40T l\u00e0 \u0111\u1ea7u \u0111\u1ecdc th\u1ebb USB t\u1ed1c \u0111\u1ed9 cao \u0111\u01b0\u1ee3c thi\u1ebft k\u1ebf ri\u00eang cho th\u1ebb SIM, cung c\u1ea5p kh\u1ea3 n\u0103ng c\u1eadp nh\u1eadt ch\u01b0\u01a1ng tr\u00ecnh c\u01a1 s\u1edf v\u00e0 t\u01b0\u01a1ng th\u00edch v\u1edbi nhi\u1ec1u lo\u1ea1i th\u1ebb th\u00f4ng minh v\u00e0 th\u1ebb nh\u1edb.<\/p>","protected":false},"featured_media":1624,"template":"","meta":[],"product_brand":[],"product_cat":[39],"product_tag":[],"class_list":{"0":"post-1623","1":"product","2":"type-product","3":"status-publish","4":"has-post-thumbnail","6":"product_cat-usb-ic-smartcard-reader","8":"first","9":"instock","10":"shipping-taxable","11":"product-type-simple"},"_links":{"self":[{"href":"https:\/\/nfc-readers.com\/vi\/wp-json\/wp\/v2\/product\/1623","targetHints":{"allow":["GET"]}}],"collection":[{"href":"https:\/\/nfc-readers.com\/vi\/wp-json\/wp\/v2\/product"}],"about":[{"href":"https:\/\/nfc-readers.com\/vi\/wp-json\/wp\/v2\/types\/product"}],"wp:featuredmedia":[{"embeddable":true,"href":"https:\/\/nfc-readers.com\/vi\/wp-json\/wp\/v2\/media\/1624"}],"wp:attachment":[{"href":"https:\/\/nfc-readers.com\/vi\/wp-json\/wp\/v2\/media?parent=1623"}],"wp:term":[{"taxonomy":"product_brand","embeddable":true,"href":"https:\/\/nfc-readers.com\/vi\/wp-json\/wp\/v2\/product_brand?post=1623"},{"taxonomy":"product_cat","embeddable":true,"href":"https:\/\/nfc-readers.com\/vi\/wp-json\/wp\/v2\/product_cat?post=1623"},{"taxonomy":"product_tag","embeddable":true,"href":"https:\/\/nfc-readers.com\/vi\/wp-json\/wp\/v2\/product_tag?post=1623"}],"curies":[{"name":"wp","href":"https:\/\/api.w.org\/{rel}","templated":true}]}}