{"id":1909,"date":"2024-10-15T13:42:27","date_gmt":"2024-10-15T13:42:27","guid":{"rendered":"https:\/\/nfc-readers.com\/?post_type=product&#038;p=1909"},"modified":"2024-10-28T15:36:29","modified_gmt":"2024-10-28T15:36:29","slug":"acr1222l-contactless-rfid-nfc-reader-writer","status":"publish","type":"product","link":"https:\/\/nfc-readers.com\/vi\/ic-reader\/acr1222l-contactless-rfid-nfc-reader-writer\/","title":{"rendered":"\u0110\u1ea7u \u0111\u1ecdc RFID NFC kh\u00f4ng ti\u1ebfp x\u00fac ACR1222L"},"content":{"rendered":"<p><iframe loading=\"lazy\" title=\"\u0110\u1ea7u \u0111\u1ecdc NFC ACR1222L\" width=\"1020\" height=\"765\" src=\"https:\/\/www.youtube.com\/embed\/i-7zrKP8WJo?feature=oembed\" frameborder=\"0\" allow=\"accelerometer; autoplay; clipboard-write; encrypted-media; gyroscope; picture-in-picture; web-share\" referrerpolicy=\"strict-origin-when-cross-origin\" allowfullscreen><\/iframe><\/p>\n<div>\n<h1><strong>\u0110\u1ea7u \u0111\u1ecdc RFID NFC kh\u00f4ng ti\u1ebfp x\u00fac ACR1222L<\/strong><\/h1>\n<p>C\u00e1c\u00a0<strong>\u0110\u1ea7u \u0111\u1ecdc RFID NFC kh\u00f4ng ti\u1ebfp x\u00fac ACR1222L<\/strong>\u00a0l\u00e0 m\u1ed9t thi\u1ebft b\u1ecb cao c\u1ea5p \u0111\u01b0\u1ee3c thi\u1ebft k\u1ebf \u0111\u1ec3 t\u1ea1o \u0111i\u1ec1u ki\u1ec7n t\u01b0\u01a1ng t\u00e1c li\u1ec1n m\u1ea1ch v\u1edbi nhi\u1ec1u lo\u1ea1i th\u1ebb th\u00f4ng minh kh\u00f4ng ti\u1ebfp x\u00fac v\u00e0 th\u1ebb NFC. V\u1edbi t\u00edch h\u1ee3p c\u00f4ng ngh\u1ec7 ti\u00ean ti\u1ebfn v\u00e0 c\u00e1c t\u00ednh n\u0103ng th\u00e2n thi\u1ec7n v\u1edbi ng\u01b0\u1eddi d\u00f9ng,\u00a0<strong>\u0111\u1ea7u \u0111\u1ecdc NFC<\/strong>\u00a0l\u00fd t\u01b0\u1edfng cho nhi\u1ec1u \u1ee9ng d\u1ee5ng kh\u00e1c nhau, bao g\u1ed3m ki\u1ec3m so\u00e1t truy c\u1eadp an to\u00e0n, thanh to\u00e1n kh\u00f4ng ti\u1ebfp x\u00fac v\u00e0 thu th\u1eadp d\u1eef li\u1ec7u. N\u1ebfu b\u1ea1n \u0111ang mu\u1ed1n n\u00e2ng cao ho\u1ea1t \u0111\u1ed9ng c\u1ee7a m\u00ecnh b\u1eb1ng m\u1ed9t h\u1ec7 th\u1ed1ng \u0111\u00e1ng tin c\u1eady v\u00e0 hi\u1ec7u qu\u1ea3\u00a0<strong>\u0111\u1ea7u \u0111\u1ecdc th\u1ebb<\/strong>, ACR1222L r\u1ea5t \u0111\u00e1ng \u0111\u1ec3 c\u00e2n nh\u1eafc.<\/p>\n<p>Thi\u1ebft b\u1ecb n\u00e0y cung c\u1ea5p kh\u1ea3 n\u0103ng t\u01b0\u01a1ng th\u00edch \u0111\u1eb7c bi\u1ec7t v\u1edbi nhi\u1ec1u th\u1ebb NFC v\u00e0 th\u1ebb th\u00f4ng minh, h\u1ed7 tr\u1ee3 c\u00e1c doanh nghi\u1ec7p \u0111\u1ea1t \u0111\u01b0\u1ee3c c\u00e1c giao d\u1ecbch h\u1ee3p l\u00fd v\u00e0 c\u1ea3i thi\u1ec7n s\u1ef1 t\u01b0\u01a1ng t\u00e1c c\u1ee7a ng\u01b0\u1eddi d\u00f9ng. Nh\u1eefng l\u1ee3i \u00edch khi \u0111\u1ea7u t\u01b0 v\u00e0o ACR1222L bao g\u1ed3m c\u00e1c t\u00ednh n\u0103ng b\u1ea3o m\u1eadt ti\u00ean ti\u1ebfn, giao di\u1ec7n t\u01b0\u01a1ng t\u00e1c v\u1edbi m\u00e0n h\u00ecnh LCD t\u00edch h\u1ee3p v\u00e0 h\u1ed7 tr\u1ee3 r\u1ed9ng r\u00e3i cho nhi\u1ec1u lo\u1ea1i th\u1ebb kh\u00e1c nhau. T\u00ecm hi\u1ec3u th\u00eam v\u1ec1 l\u00fd do t\u1ea1i sao thi\u1ebft b\u1ecb n\u00e0y l\u00e0 thi\u1ebft b\u1ecb b\u1eaft bu\u1ed9c ph\u1ea3i c\u00f3 \u0111\u1ed1i v\u1edbi c\u00e1c doanh nghi\u1ec7p mu\u1ed1n khai th\u00e1c s\u1ee9c m\u1ea1nh c\u1ee7a\u00a0<strong>RFID<\/strong>\u00a0c\u00f4ng ngh\u1ec7.<\/p>\n<h3>1. Kh\u1ea3 n\u0103ng t\u01b0\u01a1ng th\u00edch to\u00e0n di\u1ec7n v\u1edbi nhi\u1ec1u c\u00f4ng ngh\u1ec7 NFC<\/h3>\n<p>ACR1222L \u0111\u01b0\u1ee3c x\u00e2y d\u1ef1ng tr\u00ean n\u1ec1n t\u1ea3ng ti\u00ean ti\u1ebfn\u00a0<strong>C\u00f4ng ngh\u1ec7 RFID 13,56 MHz<\/strong>, \u0111\u1ea3m b\u1ea3o kh\u1ea3 n\u0103ng t\u01b0\u01a1ng th\u00edch v\u1edbi nhi\u1ec1u lo\u1ea1i th\u1ebb kh\u00f4ng ti\u1ebfp x\u00fac v\u00e0\u00a0<strong>NFC<\/strong>\u00a0th\u1ebb. \u0110i\u1ec1u n\u00e0y bao g\u1ed3m\u00a0<strong>Th\u1ebb ISO 14443 Lo\u1ea1i A v\u00e0 B, MIFARE<\/strong>, FeliCa v\u00e0 c\u1ea3 b\u1ed1n lo\u1ea1i th\u1ebb NFC. T\u00ednh linh ho\u1ea1t nh\u01b0 v\u1eady khi\u1ebfn ACR1222L tr\u1edf th\u00e0nh c\u00f4ng c\u1ee5 thi\u1ebft y\u1ebfu cho c\u00e1c doanh nghi\u1ec7p mu\u1ed1n t\u00edch h\u1ee3p c\u00f4ng ngh\u1ec7 kh\u00f4ng ti\u1ebfp x\u00fac v\u00e0o ho\u1ea1t \u0111\u1ed9ng c\u1ee7a m\u00ecnh.<\/p>\n<p>H\u01a1n n\u1eefa,\u00a0<strong>ACR1222L<\/strong>\u00a0h\u1ed7 tr\u1ee3\u00a0<strong>Ch\u1ee9c n\u0103ng NFC<\/strong>\u00a0cho ph\u00e9p n\u00f3 \u0111\u1ecdc v\u00e0 ghi th\u1ebb NFC m\u1ed9t c\u00e1ch hi\u1ec7u qu\u1ea3. Kh\u1ea3 n\u0103ng n\u00e0y c\u00f3 th\u1ec3 \u0111\u1eb7c bi\u1ec7t c\u00f3 l\u1ee3i cho c\u00e1c doanh nghi\u1ec7p s\u1eed d\u1ee5ng\u00a0<strong>\u0111i\u1ec7n tho\u1ea1i th\u00f4ng minh<\/strong>\u00a0c\u00e1c giao d\u1ecbch, ch\u1eb3ng h\u1ea1n nh\u01b0\u00a0<strong>Thanh to\u00e1n Google<\/strong>, cho ph\u00e9p x\u1eed l\u00fd thanh to\u00e1n tr\u01a1n tru th\u00f4ng qua c\u00e1c thi\u1ebft b\u1ecb h\u1ed7 tr\u1ee3 NFC. Cho d\u00f9 b\u1ea1n \u0111ang l\u00e0m vi\u1ec7c v\u1edbi th\u1ebb RFID truy\u1ec1n th\u1ed1ng hay th\u1ebb m\u1edbi nh\u1ea5t\u00a0<strong>Chip NFC<\/strong>, thi\u1ebft b\u1ecb n\u00e0y n\u1ed5i b\u1eadt l\u00e0 s\u1ef1 l\u1ef1a ch\u1ecdn h\u00e0ng \u0111\u1ea7u tr\u00ean th\u1ecb tr\u01b0\u1eddng.<\/p>\n<h3>2. C\u00e1c t\u00ednh n\u0103ng b\u1ea3o m\u1eadt n\u00e2ng cao cho giao d\u1ecbch an to\u00e0n<\/h3>\n<p>B\u1ea3o m\u1eadt l\u00e0 m\u1ed1i quan t\u00e2m h\u00e0ng \u0111\u1ea7u \u0111\u1ed1i v\u1edbi b\u1ea5t k\u1ef3 t\u1ed5 ch\u1ee9c n\u00e0o x\u1eed l\u00fd d\u1eef li\u1ec7u nh\u1ea1y c\u1ea3m. ACR1222L c\u00f3 c\u00e1c t\u00ednh n\u0103ng\u00a0<strong>ba M\u00f4-\u0111un truy c\u1eadp an to\u00e0n (SAM) tu\u00e2n th\u1ee7 theo ti\u00eau chu\u1ea9n ISO 7816<\/strong>\u00a0khe c\u1eafm, cung c\u1ea5p b\u1ea3o m\u1eadt n\u00e2ng cao cho c\u00e1c ho\u1ea1t \u0111\u1ed9ng kh\u00f4ng ti\u1ebfp x\u00fac. C\u00e1c khe c\u1eafm SAM n\u00e0y cho ph\u00e9p qu\u1ea3n l\u00fd an to\u00e0n c\u00e1c kh\u00f3a m\u1eadt m\u00e3 v\u00e0 \u0111\u1ea3m b\u1ea3o ch\u1ec9 c\u00e1c giao d\u1ecbch \u0111\u01b0\u1ee3c \u1ee7y quy\u1ec1n m\u1edbi \u0111\u01b0\u1ee3c x\u1eed l\u00fd.<\/p>\n<p>V\u1edbi c\u00f4ng ngh\u1ec7 ch\u1ed1ng va ch\u1ea1m t\u00edch h\u1ee3p, ACR1222L c\u00f3 th\u1ec3 x\u1eed l\u00fd nhi\u1ec1u th\u1ebb NFC c\u00f9ng l\u00fac, \u0111\u1ea3m b\u1ea3o ch\u1ec9 c\u00f3 m\u1ed9t th\u1ebb \u0111\u01b0\u1ee3c truy c\u1eadp t\u1ea1i m\u1ed7i th\u1eddi \u0111i\u1ec3m. T\u00ednh n\u0103ng n\u00e0y t\u0103ng c\u01b0\u1eddng t\u00ednh to\u00e0n v\u1eb9n c\u1ee7a d\u1eef li\u1ec7u v\u00e0 gi\u1ea3m nguy c\u01a1 truy c\u1eadp tr\u00e1i ph\u00e9p, m\u1ed9t c\u00e2n nh\u1eafc quan tr\u1ecdng \u0111\u1ed1i v\u1edbi h\u1ec7 th\u1ed1ng ki\u1ec3m so\u00e1t truy c\u1eadp v\u00e0 giao d\u1ecbch t\u00e0i ch\u00ednh. Do \u0111\u00f3,\u00a0<strong>\u0111\u1ea7u \u0111\u1ecdc NFC<\/strong>\u00a0kh\u00f4ng ch\u1ec9 \u0111\u00e1p \u1ee9ng m\u00e0 c\u00f2n v\u01b0\u1ee3t qu\u00e1 c\u00e1c ti\u00eau chu\u1ea9n c\u1ee7a ng\u00e0nh v\u1ec1 b\u1ea3o m\u1eadt.<\/p>\n<h3>3. Giao di\u1ec7n ng\u01b0\u1eddi d\u00f9ng tr\u1ef1c quan cho t\u01b0\u01a1ng t\u00e1c li\u1ec1n m\u1ea1ch<\/h3>\n<p>ACR1222L \u0111\u01b0\u1ee3c trang b\u1ecb m\u1ed9t\u00a0<strong>LCD \u0111\u1ed3 h\u1ecda hai d\u00f2ng<\/strong>\u00a0h\u1ed7 tr\u1ee3 nhi\u1ec1u ng\u00f4n ng\u1eef, bao g\u1ed3m ti\u1ebfng Trung, ti\u1ebfng Anh, ti\u1ebfng Nh\u1eadt v\u00e0 m\u1ed9t s\u1ed1 ng\u00f4n ng\u1eef ch\u00e2u \u00c2u. H\u1ed7 tr\u1ee3 nhi\u1ec1u ng\u00f4n ng\u1eef n\u00e0y t\u1ea1o \u0111i\u1ec1u ki\u1ec7n thu\u1eadn l\u1ee3i cho t\u01b0\u01a1ng t\u00e1c gi\u1eefa nhi\u1ec1u nh\u00f3m ng\u01b0\u1eddi d\u00f9ng kh\u00e1c nhau, \u0111\u1ea3m b\u1ea3o r\u1eb1ng t\u1ea5t c\u1ea3 ng\u01b0\u1eddi d\u00f9ng \u0111\u1ec1u c\u00f3 th\u1ec3 hi\u1ec3u \u0111\u01b0\u1ee3c thi\u1ebft b\u1ecb v\u00e0 c\u00e1c ch\u1ee9c n\u0103ng c\u1ee7a thi\u1ebft b\u1ecb.<\/p>\n<p>Ngo\u00e0i ra, m\u00e0n h\u00ecnh LCD t\u01b0\u01a1ng t\u00e1c cho ph\u00e9p ng\u01b0\u1eddi d\u00f9ng cu\u1ed9n qua c\u00e1c t\u00f9y ch\u1ecdn v\u00e0 truy c\u1eadp nhi\u1ec1u c\u00e0i \u0111\u1eb7t kh\u00e1c nhau m\u1ed9t c\u00e1ch d\u1ec5 d\u00e0ng. K\u1ebft h\u1ee3p v\u1edbi\u00a0<strong>b\u1ed1n \u0111\u00e8n LED c\u00f3 th\u1ec3 \u0111i\u1ec1u khi\u1ec3n b\u1edfi ng\u01b0\u1eddi d\u00f9ng<\/strong>\u00a0v\u00e0 m\u1ed9t c\u00f2i b\u00e1o \u0111\u1ed9ng \u0111\u1ec3 th\u00f4ng b\u00e1o tr\u1ea1ng th\u00e1i, ACR1222L \u0111\u1ea3m b\u1ea3o tr\u1ea3i nghi\u1ec7m ng\u01b0\u1eddi d\u00f9ng r\u00f5 r\u00e0ng v\u00e0 h\u1ea5p d\u1eabn. Giao di\u1ec7n tr\u1ef1c quan n\u00e0y \u0111\u01b0\u1ee3c thi\u1ebft k\u1ebf \u0111\u1ec3 n\u00e2ng cao kh\u1ea3 n\u0103ng hi\u1ec3u c\u1ee7a ng\u01b0\u1eddi d\u00f9ng v\u00e0 h\u1ee3p l\u00fd h\u00f3a quy tr\u00ecnh l\u00e0m vi\u1ec7c, khi\u1ebfn n\u00f3 tr\u1edf th\u00e0nh m\u1ed9t s\u1ef1 b\u1ed5 sung tuy\u1ec7t v\u1eddi cho b\u1ea5t k\u1ef3 ng\u0103n x\u1ebfp c\u00f4ng ngh\u1ec7 n\u00e0o.<\/p>\n<h3>4. \u1ee8ng d\u1ee5ng \u0111a d\u1ea1ng trong nhi\u1ec1u ng\u00e0nh c\u00f4ng nghi\u1ec7p<\/h3>\n<p>\u0110\u1ea7u \u0111\u1ecdc RFID NFC kh\u00f4ng ti\u1ebfp x\u00fac ACR1222L c\u00f3 th\u1ec3 \u0111\u01b0\u1ee3c s\u1eed d\u1ee5ng trong nhi\u1ec1u ng\u00e0nh c\u00f4ng nghi\u1ec7p kh\u00e1c nhau, bao g\u1ed3m b\u00e1n l\u1ebb, ch\u0103m s\u00f3c s\u1ee9c kh\u1ecfe v\u00e0 v\u1eadn t\u1ea3i. Trong b\u00e1n l\u1ebb, kh\u1ea3 n\u0103ng \u0111\u1ecdc v\u00e0 ghi th\u1ebb NFC cho ph\u00e9p c\u00e1c doanh nghi\u1ec7p h\u1ee3p l\u00fd h\u00f3a c\u00e1c giao d\u1ecbch v\u00e0 t\u0103ng c\u01b0\u1eddng s\u1ef1 t\u01b0\u01a1ng t\u00e1c v\u1edbi kh\u00e1ch h\u00e0ng.\u00a0<strong>C\u00f4ng c\u1ee5 NFC<\/strong>\u00a0c\u00f3 th\u1ec3 \u0111\u01b0\u1ee3c t\u00edch h\u1ee3p \u0111\u1ec3 qu\u1ea3n l\u00fd c\u00e1c ch\u01b0\u01a1ng tr\u00ecnh kh\u00e1ch h\u00e0ng th\u00e2n thi\u1ebft ho\u1eb7c t\u1ea1o \u0111i\u1ec1u ki\u1ec7n cho thanh to\u00e1n kh\u00f4ng ti\u1ebfp x\u00fac, c\u1ea3i thi\u1ec7n s\u1ef1 h\u00e0i l\u00f2ng chung c\u1ee7a kh\u00e1ch h\u00e0ng.<\/p>\n<p>Trong ch\u0103m s\u00f3c s\u1ee9c kh\u1ecfe, ACR1222L c\u00f3 th\u1ec3 gi\u00fap h\u1ee3p l\u00fd h\u00f3a vi\u1ec7c \u0111\u0103ng k\u00fd b\u1ec7nh nh\u00e2n, duy tr\u00ec quy\u1ec1n truy c\u1eadp an to\u00e0n v\u00e0o th\u00f4ng tin nh\u1ea1y c\u1ea3m v\u00e0 \u0111\u1ea3m b\u1ea3o nh\u00e2n vi\u00ean y t\u1ebf c\u00f3 th\u1ec3 truy c\u1eadp nhanh v\u00e0o d\u1eef li\u1ec7u. Ngo\u00e0i ra, kh\u1ea3 n\u0103ng t\u01b0\u01a1ng th\u00edch v\u1edbi th\u1ebb RFID gi\u00fap thi\u1ebft b\u1ecb l\u00fd t\u01b0\u1edfng \u0111\u1ec3 ki\u1ec3m so\u00e1t quy\u1ec1n truy c\u1eadp v\u00e0o c\u00e1c khu v\u1ef1c h\u1ea1n ch\u1ebf, t\u0103ng c\u01b0\u1eddng an ninh trong c\u00e1c trung t\u00e2m giao th\u00f4ng.<\/p>\n<h3>5. Th\u00f4ng s\u1ed1 k\u1ef9 thu\u1eadt v\u00e0 s\u1ed1 li\u1ec7u hi\u1ec7u su\u1ea5t<\/h3>\n<p>S\u1ee9c m\u1ea1nh k\u1ef9 thu\u1eadt c\u1ee7a ACR1222L \u0111\u01b0\u1ee3c ch\u1ee9ng minh qua c\u00e1c th\u00f4ng s\u1ed1 k\u1ef9 thu\u1eadt \u1ea5n t\u01b0\u1ee3ng c\u1ee7a n\u00f3:<\/p>\n<\/div>\n<div>\n<table width=\"702\">\n<tbody>\n<tr>\n<td colspan=\"2\" width=\"702\">T\u00ednh ch\u1ea5t v\u1eadt l\u00fd<\/td>\n<\/tr>\n<tr>\n<td rowspan=\"2\" width=\"250\">K\u00edch th\u01b0\u1edbc (mm)<\/td>\n<td width=\"452\">Th\u00e2n ch\u00ednh: 133,5 mm (L) x 88,5 mm (W) x 21,0 mm (H)<\/td>\n<\/tr>\n<tr>\n<td width=\"452\">C\u00f3 ch\u00e2n \u0111\u1ebf: 158,0 mm (L) x 95,0 mm (W) x 95,0 mm (H)<\/td>\n<\/tr>\n<tr>\n<td rowspan=\"2\" width=\"250\">Tr\u1ecdng l\u01b0\u1ee3ng (g)<\/td>\n<td width=\"452\">Th\u00e2n ch\u00ednh: 173 g<\/td>\n<\/tr>\n<tr>\n<td width=\"452\">C\u00f3 ch\u00e2n \u0111\u1ebf: 415 g<\/td>\n<\/tr>\n<tr>\n<td colspan=\"2\" width=\"702\">Giao di\u1ec7n USB<\/td>\n<\/tr>\n<tr>\n<td width=\"250\">Giao th\u1ee9c<\/td>\n<td width=\"452\">USB CID<\/td>\n<\/tr>\n<tr>\n<td width=\"250\">lo\u1ea1i tr\u00ecnh k\u1ebft n\u1ed1i<\/td>\n<td width=\"452\">Lo\u1ea1i ti\u00eau chu\u1ea9n A<\/td>\n<\/tr>\n<tr>\n<td width=\"250\">Ngu\u1ed3n n\u0103ng l\u01b0\u1ee3ng<\/td>\n<td width=\"452\">T\u1eeb c\u1ed5ng USB<\/td>\n<\/tr>\n<tr>\n<td width=\"250\">T\u1ed1c \u0111\u1ed9<\/td>\n<td width=\"452\">T\u1ed1c \u0111\u1ed9 t\u1ed1i \u0111a USB (12 Mb\/gi\u00e2y)<\/td>\n<\/tr>\n<tr>\n<td width=\"250\">Chi\u1ec1u d\u00e0i c\u00e1p<\/td>\n<td width=\"452\">1,5 m, C\u1ed1 \u0111\u1ecbnh<\/td>\n<\/tr>\n<tr>\n<td colspan=\"2\" width=\"702\">Giao di\u1ec7n th\u1ebb th\u00f4ng minh kh\u00f4ng ti\u1ebfp x\u00fac<\/td>\n<\/tr>\n<tr>\n<td width=\"250\">Ti\u00eau chu\u1ea9n<\/td>\n<td width=\"452\">ISO\/IEC 18092 NFC, ISO 14443 Lo\u1ea1i A &amp; B, MIFARE\u00ae, FeliCa<\/td>\n<\/tr>\n<tr>\n<td rowspan=\"4\" width=\"250\">Giao th\u1ee9c<\/td>\n<td width=\"452\">Th\u1ebb tu\u00e2n th\u1ee7 ISO 14443-4, T=CL<\/td>\n<\/tr>\n<tr>\n<td width=\"452\">Th\u1ebb MIFARE\u00ae C\u1ed5 \u0111i\u1ec3n, T=CL<\/td>\n<\/tr>\n<tr>\n<td width=\"452\">ISO18092, Th\u1ebb NFC<\/td>\n<\/tr>\n<tr>\n<td width=\"452\">FeliCa<\/td>\n<\/tr>\n<tr>\n<td colspan=\"2\" width=\"702\">Giao di\u1ec7n th\u1ebb SAM<\/td>\n<\/tr>\n<tr>\n<td width=\"250\">S\u1ed1 l\u01b0\u1ee3ng khe<\/td>\n<td width=\"452\">3 khe c\u1eafm th\u1ebb SIM ti\u00eau chu\u1ea9n<\/td>\n<\/tr>\n<tr>\n<td width=\"250\">Ti\u00eau chu\u1ea9n<\/td>\n<td width=\"452\">ISO 7816 Lo\u1ea1i A (5 V)<\/td>\n<\/tr>\n<tr>\n<td width=\"250\">Giao th\u1ee9c<\/td>\n<td width=\"452\">T=0; T=1<\/td>\n<\/tr>\n<tr>\n<td colspan=\"2\" width=\"702\">Thi\u1ebft b\u1ecb ngo\u1ea1i vi t\u00edch h\u1ee3p<\/td>\n<\/tr>\n<tr>\n<td rowspan=\"3\" width=\"250\">LCD<\/td>\n<td width=\"452\">M\u00e0n h\u00ecnh LCD \u0111\u1ed3 h\u1ecda c\u00f3 \u0111\u00e8n n\u1ec1n m\u00e0u v\u00e0ng-xanh<\/td>\n<\/tr>\n<tr>\n<td width=\"452\">\u0110\u1ed9 ph\u00e2n gi\u1ea3i: 128 x 32 pixel<\/td>\n<\/tr>\n<tr>\n<td width=\"452\">S\u1ed1 k\u00fd t\u1ef1: 16 k\u00fd t\u1ef1 x 2 d\u00f2ng<\/td>\n<\/tr>\n<tr>\n<td width=\"250\">D\u1eaaN \u0110\u1ebeN<\/td>\n<td width=\"452\">4 m\u00e0u \u0111\u01a1n: Xanh l\u00e1, Xanh lam, Cam v\u00e0 \u0110\u1ecf<\/td>\n<\/tr>\n<tr>\n<td width=\"250\">C\u00f2i<\/td>\n<td width=\"452\">Gi\u1ecdng b\u1eb1ng b\u1eb1ng<\/td>\n<\/tr>\n<tr>\n<td colspan=\"2\" width=\"702\">C\u00e1c t\u00ednh n\u0103ng kh\u00e1c<\/td>\n<\/tr>\n<tr>\n<td width=\"250\">N\u00e2ng c\u1ea5p ch\u01b0\u01a1ng tr\u00ecnh c\u01a1 s\u1edf<\/td>\n<td width=\"452\">\u0110\u01b0\u1ee3c h\u1ed7 tr\u1ee3<\/td>\n<\/tr>\n<tr>\n<td colspan=\"2\" width=\"702\">Ch\u1ee9ng nh\u1eadn\/Tu\u00e2n th\u1ee7<\/td>\n<\/tr>\n<tr>\n<td rowspan=\"13\" width=\"250\">Ch\u1ee9ng nh\u1eadn\/Tu\u00e2n th\u1ee7<\/td>\n<td width=\"452\">ISO 18092<\/td>\n<\/tr>\n<tr>\n<td width=\"452\">ISO 14443<\/td>\n<\/tr>\n<tr>\n<td width=\"452\">ISO 7816 (Khe c\u1eafm SAM)<\/td>\n<\/tr>\n<tr>\n<td width=\"452\">T\u1ed1c \u0111\u1ed9 t\u1ed1i \u0111a USB<\/td>\n<\/tr>\n<tr>\n<td width=\"452\">PC\/SC<\/td>\n<\/tr>\n<tr>\n<td width=\"452\">CCID<\/td>\n<\/tr>\n<tr>\n<td width=\"452\">VCCI (Nh\u1eadt B\u1ea3n)<\/td>\n<\/tr>\n<tr>\n<td width=\"452\">KC (H\u00e0n Qu\u1ed1c)<\/td>\n<\/tr>\n<tr>\n<td width=\"452\">Microsoft\u00ae WHQL<\/td>\n<\/tr>\n<tr>\n<td width=\"452\">CN<\/td>\n<\/tr>\n<tr>\n<td width=\"452\">FCC<\/td>\n<\/tr>\n<tr>\n<td width=\"452\">RoHS<\/td>\n<\/tr>\n<tr>\n<td width=\"452\">V\u1edaI T\u1edaI<\/td>\n<\/tr>\n<tr>\n<td colspan=\"2\" width=\"702\">H\u1ed7 tr\u1ee3 h\u1ec7 \u0111i\u1ec1u h\u00e0nh tr\u00ecnh \u0111i\u1ec1u khi\u1ec3n thi\u1ebft b\u1ecb<\/td>\n<\/tr>\n<tr>\n<td rowspan=\"5\" width=\"250\">H\u1ed7 tr\u1ee3 h\u1ec7 \u0111i\u1ec1u h\u00e0nh tr\u00ecnh \u0111i\u1ec1u khi\u1ec3n thi\u1ebft b\u1ecb<\/td>\n<td width=\"452\">Windows\u00ae<\/td>\n<\/tr>\n<tr>\n<td width=\"452\">Linux\u00ae<\/td>\n<\/tr>\n<tr>\n<td width=\"452\">MAC OS\u00ae<\/td>\n<\/tr>\n<tr>\n<td width=\"452\">Solaris<\/td>\n<\/tr>\n<tr>\n<td width=\"452\">Android\u2122<\/td>\n<\/tr>\n<\/tbody>\n<\/table>\n<\/div>\n<div><\/div>\n<div>\n<p>V\u1edbi kh\u1ea3 n\u0103ng \u0111\u1ecdc t\u1ed1c \u0111\u1ed9 cao v\u00e0 t\u00ednh linh ho\u1ea1t trong vi\u1ec7c qu\u1ea3n l\u00fd nhi\u1ec1u lo\u1ea1i th\u1ebb kh\u00e1c nhau, ACR1222L n\u1ed5i b\u1eadt l\u00e0 m\u1ed9t s\u1ea3n ph\u1ea9m m\u1ea1nh m\u1ebd\u00a0<strong>\u0111\u1ea7u \u0111\u1ecdc th\u1ebb th\u00f4ng minh<\/strong>.<\/p>\n<h3>6. Thi\u1ebft l\u1eadp v\u00e0 t\u00edch h\u1ee3p th\u00e2n thi\u1ec7n v\u1edbi ng\u01b0\u1eddi d\u00f9ng<\/h3>\n<p>Vi\u1ec7c thi\u1ebft l\u1eadp ACR1222L r\u1ea5t \u0111\u01a1n gi\u1ea3n, gi\u00fap ng\u01b0\u1eddi d\u00f9ng c\u00f3 th\u1ec3 s\u1eed d\u1ee5ng \u0111\u01b0\u1ee3c c\u1ea3 ng\u01b0\u1eddi d\u00f9ng c\u00f3 chuy\u00ean m\u00f4n v\u00e0 kh\u00f4ng c\u00f3 chuy\u00ean m\u00f4n. Thi\u1ebft b\u1ecb c\u00f3 th\u1ec3 d\u1ec5 d\u00e0ng t\u00edch h\u1ee3p v\u00e0o c\u00e1c h\u1ec7 th\u1ed1ng hi\u1ec7n c\u00f3 th\u00f4ng qua\u00a0<strong>USB<\/strong>, \u0111\u1ea3m b\u1ea3o kh\u1ea3 n\u0103ng t\u01b0\u01a1ng th\u00edch v\u1edbi c\u00e1c h\u1ec7 \u0111i\u1ec1u h\u00e0nh ph\u1ed5 bi\u1ebfn bao g\u1ed3m Windows, Linux v\u00e0 macOS. H\u01a1n n\u1eefa,\u00a0<strong>Kh\u1ea3 n\u0103ng n\u00e2ng c\u1ea5p ch\u01b0\u01a1ng tr\u00ecnh c\u01a1 s\u1edf USB<\/strong>\u00a0T\u00ednh n\u0103ng n\u00e0y cho ph\u00e9p ng\u01b0\u1eddi d\u00f9ng c\u1eadp nh\u1eadt thi\u1ebft b\u1ecb c\u1ee7a m\u00ecnh v\u1edbi nh\u1eefng c\u1ea3i ti\u1ebfn v\u00e0 t\u00ednh n\u0103ng b\u1ea3o m\u1eadt m\u1edbi nh\u1ea5t.<\/p>\n<p>S\u1ef1 d\u1ec5 d\u00e0ng thi\u1ebft l\u1eadp n\u00e0y \u0111\u1eb7c bi\u1ec7t c\u00f3 l\u1ee3i cho c\u00e1c doanh nghi\u1ec7p mu\u1ed1n tri\u1ec3n khai nhanh ch\u00f3ng\u00a0<strong>gi\u1ea3i ph\u00e1p kh\u00f4ng ti\u1ebfp x\u00fac<\/strong>\u00a0kh\u00f4ng c\u1ea7n th\u1eddi gian ch\u1ebft l\u00e2u ho\u1eb7c c\u00e0i \u0111\u1eb7t ph\u1ee9c t\u1ea1p.<\/p>\n<h3>7. T\u00e1c \u0111\u1ed9ng m\u00f4i tr\u01b0\u1eddng v\u00e0 s\u1eed d\u1ee5ng b\u1ec1n v\u1eefng<\/h3>\n<p>Khi c\u00e1c doanh nghi\u1ec7p ng\u00e0y c\u00e0ng \u00fd th\u1ee9c h\u01a1n v\u1ec1 t\u00e1c \u0111\u1ed9ng c\u1ee7a m\u00ecnh \u0111\u1ebfn m\u00f4i tr\u01b0\u1eddng, ACR1222L tu\u00e2n th\u1ee7 c\u00e1c nguy\u00ean t\u1eafc s\u1eed d\u1ee5ng b\u1ec1n v\u1eefng. V\u1edbi m\u1ee9c ti\u00eau th\u1ee5 \u0111i\u1ec7n n\u0103ng th\u1ea5p, thi\u1ebft b\u1ecb kh\u00f4ng ch\u1ec9 gi\u1ea3m chi ph\u00ed n\u0103ng l\u01b0\u1ee3ng m\u00e0 c\u00f2n g\u00f3p ph\u1ea7n gi\u1ea3m l\u01b0\u1ee3ng kh\u00ed th\u1ea3i carbon.<\/p>\n<p>Ngo\u00e0i ra, thi\u1ebft b\u1ecb \u0111\u01b0\u1ee3c thi\u1ebft k\u1ebf \u0111\u1ec3 c\u00f3 hi\u1ec7u su\u1ea5t b\u1ec1n b\u1ec9, gi\u1ea3m thi\u1ec3u nhu c\u1ea7u thay th\u1ebf th\u01b0\u1eddng xuy\u00ean v\u00e0 gi\u1ea3m thi\u1ec3u r\u00e1c th\u1ea3i \u0111i\u1ec7n t\u1eed theo th\u1eddi gian. L\u1eddi k\u00eau g\u1ecdi v\u1ec1 t\u00ednh b\u1ec1n v\u1eefng n\u00e0y l\u00e0 y\u1ebfu t\u1ed1 thi\u1ebft y\u1ebfu \u0111\u1ed1i v\u1edbi c\u00e1c t\u1ed5 ch\u1ee9c mu\u1ed1n th\u00fac \u0111\u1ea9y c\u00e1c s\u00e1ng ki\u1ebfn xanh trong ho\u1ea1t \u0111\u1ed9ng c\u1ee7a m\u00ecnh.<\/p>\n<h3>8. \u0110\u00e1nh gi\u00e1 v\u00e0 ph\u1ea3n h\u1ed3i c\u1ee7a kh\u00e1ch h\u00e0ng<\/h3>\n<p>Ph\u1ea3n h\u1ed3i c\u1ee7a kh\u00e1ch h\u00e0ng v\u1ec1 ACR1222L nh\u1ea5n m\u1ea1nh \u0111\u1ed9 tin c\u1eady, d\u1ec5 s\u1eed d\u1ee5ng v\u00e0 c\u00e1c ch\u1ee9c n\u0103ng to\u00e0n di\u1ec7n c\u1ee7a n\u00f3. Ng\u01b0\u1eddi d\u00f9ng \u0111\u00e1nh gi\u00e1 cao hi\u1ec7u su\u1ea5t li\u1ec1n m\u1ea1ch khi \u0111\u1ecdc v\u00e0 ghi th\u1ebb NFC, c\u00f9ng v\u1edbi c\u00e1c t\u00ednh n\u0103ng b\u1ea3o m\u1eadt m\u1ea1nh m\u1ebd c\u1ee7a n\u00f3.<\/p>\n<p>M\u1ed9t ng\u01b0\u1eddi d\u00f9ng cho bi\u1ebft, \u201cACR1222L \u0111\u00e3 bi\u1ebfn \u0111\u1ed5i quy tr\u00ecnh giao d\u1ecbch c\u1ee7a ch\u00fang t\u00f4i. N\u00f3 nhanh ch\u00f3ng, an to\u00e0n v\u00e0 m\u00e0n h\u00ecnh t\u00edch h\u1ee3p c\u1ef1c k\u1ef3 h\u1eefu \u00edch \u0111\u1ec3 gi\u1eef cho kh\u00e1ch h\u00e0ng c\u1ee7a ch\u00fang t\u00f4i \u0111\u01b0\u1ee3c c\u1eadp nh\u1eadt th\u00f4ng tin.\u201d<\/p>\n<\/div>\n<div><\/div>\n<div><\/div>","protected":false},"excerpt":{"rendered":"<p>ACR1222L \u0110\u1ea7u \u0111\u1ecdc RFID NFC kh\u00f4ng ti\u1ebfp x\u00fac c\u00f3 th\u1ec3 \u0111\u01b0\u1ee3c s\u1eed d\u1ee5ng trong nhi\u1ec1u ng\u00e0nh c\u00f4ng nghi\u1ec7p kh\u00e1c nhau, bao g\u1ed3m b\u00e1n l\u1ebb, ch\u0103m s\u00f3c s\u1ee9c kh\u1ecfe v\u00e0 v\u1eadn t\u1ea3i. Trong b\u00e1n l\u1ebb, kh\u1ea3 n\u0103ng \u0111\u1ecdc v\u00e0 ghi th\u1ebb NFC cho ph\u00e9p c\u00e1c doanh nghi\u1ec7p h\u1ee3p l\u00fd h\u00f3a c\u00e1c giao d\u1ecbch v\u00e0 t\u0103ng c\u01b0\u1eddng s\u1ef1 t\u01b0\u01a1ng t\u00e1c v\u1edbi kh\u00e1ch h\u00e0ng. <strong>C\u00f4ng c\u1ee5 NFC<\/strong>\u00a0c\u00f3 th\u1ec3 \u0111\u01b0\u1ee3c t\u00edch h\u1ee3p \u0111\u1ec3 qu\u1ea3n l\u00fd c\u00e1c ch\u01b0\u01a1ng tr\u00ecnh kh\u00e1ch h\u00e0ng th\u00e2n thi\u1ebft ho\u1eb7c t\u1ea1o \u0111i\u1ec1u ki\u1ec7n cho thanh to\u00e1n kh\u00f4ng ti\u1ebfp x\u00fac, c\u1ea3i thi\u1ec7n s\u1ef1 h\u00e0i l\u00f2ng chung c\u1ee7a kh\u00e1ch h\u00e0ng.<\/p>","protected":false},"featured_media":1563,"template":"","meta":[],"product_brand":[],"product_cat":[45,40],"product_tag":[],"class_list":{"0":"post-1909","1":"product","2":"type-product","3":"status-publish","4":"has-post-thumbnail","6":"product_cat-contactless-nfc-reader","7":"product_cat-rfid-nfc-reader","9":"first","10":"instock","11":"shipping-taxable","12":"product-type-simple"},"_links":{"self":[{"href":"https:\/\/nfc-readers.com\/vi\/wp-json\/wp\/v2\/product\/1909","targetHints":{"allow":["GET"]}}],"collection":[{"href":"https:\/\/nfc-readers.com\/vi\/wp-json\/wp\/v2\/product"}],"about":[{"href":"https:\/\/nfc-readers.com\/vi\/wp-json\/wp\/v2\/types\/product"}],"wp:featuredmedia":[{"embeddable":true,"href":"https:\/\/nfc-readers.com\/vi\/wp-json\/wp\/v2\/media\/1563"}],"wp:attachment":[{"href":"https:\/\/nfc-readers.com\/vi\/wp-json\/wp\/v2\/media?parent=1909"}],"wp:term":[{"taxonomy":"product_brand","embeddable":true,"href":"https:\/\/nfc-readers.com\/vi\/wp-json\/wp\/v2\/product_brand?post=1909"},{"taxonomy":"product_cat","embeddable":true,"href":"https:\/\/nfc-readers.com\/vi\/wp-json\/wp\/v2\/product_cat?post=1909"},{"taxonomy":"product_tag","embeddable":true,"href":"https:\/\/nfc-readers.com\/vi\/wp-json\/wp\/v2\/product_tag?post=1909"}],"curies":[{"name":"wp","href":"https:\/\/api.w.org\/{rel}","templated":true}]}}